{"id":73475,"date":"2026-03-19T13:23:46","date_gmt":"2026-03-19T13:23:46","guid":{"rendered":"https:\/\/soydeaqui.ddns.net\/pachuca\/index.php\/producto\/modem-4glte-para-sim-con-wi-fi-2-4-ghz-para-uso-en-casa-y-o-vehiculos-c-puerto-fast-ethernet-bandas12378203840\/"},"modified":"2026-03-19T13:23:49","modified_gmt":"2026-03-19T13:23:49","slug":"modem-4glte-para-sim-con-wi-fi-2-4-ghz-para-uso-en-casa-y-o-vehiculos-c-puerto-fast-ethernet-bandas12378203840","status":"publish","type":"product","link":"https:\/\/soydeaqui.ddns.net\/pachuca\/index.php\/producto\/modem-4glte-para-sim-con-wi-fi-2-4-ghz-para-uso-en-casa-y-o-vehiculos-c-puerto-fast-ethernet-bandas12378203840\/","title":{"rendered":"Modem 4G(LTE) para SIM, con Wi-Fi 2.4 GHz, Para uso en casa y\/o veh\u00edculos, c\/puerto fast ethernet, Bandas(1,2,3,7,8,20,38,40)"},"content":{"rendered":"<div style='width: 100%; max-width: 1200px; margin: 0 auto; font-family: sans-serif; line-height: 1.6; color: inherit; background-color: transparent;'>\n<div style='display: flex; flex-direction: column; gap: 30px;'>\n<div style='display: flex; flex-direction: column; gap: 15px;'>\n<h1 style='font-size: 28px; margin: 0; color: inherit; font-weight: bold;'>wAP LTE kit<\/h1>\n<h2 style='font-size: 20px; margin: 0; color: inherit; font-weight: 500;'>Equipo para uso en Mexico para cobertura en 3G solamente<\/h2>\n<\/p><\/div>\n<div style='display: flex; flex-direction: column; gap: 20px;'>\n<p style='font-size: 15px; margin: 0; color: inherit;'> El wAP LTE es un peque\u00f1o punto de acceso inal\u00e1mbrico a prueba de intemperie con un m\u00f3dem celular incorporado que admite conectividad 2G&comma; 3G. Con\u00e9ctese a la red inal\u00e1mbrica 802.11b\/g\/n integrada de wAP y acceda a la red LTE desde su tel\u00e9fono o desde cualquier otro dispositivo inal\u00e1mbrico. El wAP LTE tambi\u00e9n tiene un puerto LAN Ethernet 10\/100 para sus dispositivos con cable. <\/p>\n<p style='font-size: 15px; margin: 0; color: inherit;'> La unidad tiene varias opciones de alimentaci\u00f3n: 9-30v PoE-in por puerto Ethernet&comma; conector DC y conector automotriz&comma; muy \u00fatil en dispositivos m\u00f3viles como autom\u00f3viles&comma; autobuses o trenes. <\/p>\n<p style='font-size: 15px; margin: 0; color: inherit;'> El wAP LTE kit contiene un m\u00f3dem LTE que admite bandas Internacionales LTE 1&comma;2&comma;3&comma;7&comma;8&comma;20&comma;38 y 40. <\/p>\n<p> <img style='width: 100%; height: auto; border: 1px solid rgba(150&comma;150&comma;150&comma;0.3); border-radius: 8px;' src='https:\/\/ftp3.syscom.mx\/usuarios\/fotos\/WAPLTEKIT\/137059-bandas_lte.png' alt=''> <\/p>\n<p style='font-size: 15px; margin: 0; color: inherit;'> Para versiones posterioeres de RouterOS a 6.41 usar el archivo APN-list6.41.rsc <\/p>\n<\/p><\/div>\n<div style='display: flex; flex-direction: column; gap: 30px;'>\n<div style='display: flex; flex-direction: column; gap: 20px;'>\n<h3 style='font-size: 22px; border-bottom: 2px solid currentColor; padding-bottom: 5px; margin-top: 0; color: inherit; opacity: 0.8;'>Especificaciones<\/h3>\n<div style='display: grid; grid-template-columns: repeat(auto-fill&comma; minmax(250px&comma; 1fr)); gap: 20px;'>\n<div style='border: 1px solid rgba(150&comma; 150&comma; 150&comma; 0.4); border-radius: 8px; overflow: hidden; display: flex; flex-direction: column;'>\n<div style='padding: 15px; border-bottom: 1px solid rgba(150&comma; 150&comma; 150&comma; 0.2); font-weight: bold; font-size: 18px; color: inherit;'>Detalles<\/div>\n<div style='padding: 15px; color: inherit;'>\n<ul style='padding-left: 20px; margin: 0; font-size: 14px; list-style-type: disc;'>\n<li style='margin-bottom: 5px;'><strong>C\u00f3digo de producto:<\/strong> RBwAPR-2nD y R11e-LTE<\/li>\n<li style='margin-bottom: 5px;'><strong>Arquitectura:<\/strong> MIPS-BE<\/li>\n<li style='margin-bottom: 5px;'><strong>Dimensiones:<\/strong> 185 x 85 x 30 mm<\/li>\n<li style='margin-bottom: 5px;'><strong>Nivel de licencia:<\/strong> 4<\/li>\n<li style='margin-bottom: 5px;'><strong>Sistema operativo:<\/strong> RouterOS<\/li>\n<li style='margin-bottom: 5px;'><strong>Tama\u00f1o de la RAM:<\/strong> 64 MB<\/li>\n<li style='margin-bottom: 5px;'><strong>Tama\u00f1o de almacenamiento:<\/strong> 16 MB<\/li>\n<li style='margin-bottom: 5px;'><strong>Temperatura de operaci\u00f3n:<\/strong> -40 \u00b0C .. +60 \u00b0C<\/li>\n<\/ul><\/div>\n<\/p><\/div>\n<\/p><\/div>\n<\/p><\/div>\n<div style='display: flex; flex-direction: column; gap: 20px;'>\n<h3 style='font-size: 22px; border-bottom: 2px solid currentColor; padding-bottom: 5px; margin-top: 0; color: inherit; opacity: 0.8;'>Energizaci\u00f3n<\/h3>\n<div style='display: grid; grid-template-columns: repeat(auto-fill&comma; minmax(250px&comma; 1fr)); gap: 20px;'>\n<div style='border: 1px solid rgba(150&comma; 150&comma; 150&comma; 0.4); border-radius: 8px; overflow: hidden; display: flex; flex-direction: column;'>\n<div style='padding: 15px; border-bottom: 1px solid rgba(150&comma; 150&comma; 150&comma; 0.2); font-weight: bold; font-size: 18px; color: inherit;'>Detalles<\/div>\n<div style='padding: 15px; color: inherit;'>\n<ul style='padding-left: 20px; margin: 0; font-size: 14px; list-style-type: disc;'>\n<li style='margin-bottom: 5px;'><strong>Consumo m\u00e1ximo de energ\u00eda:<\/strong> 8W<\/li>\n<li style='margin-bottom: 5px;'><strong>Cantidad de entradas de CC:<\/strong> 3 (Toma DC&comma; PoE-IN&comma; Automotriz)<\/li>\n<li style='margin-bottom: 5px;'><strong>PoE en:<\/strong> Pasivo PoE<\/li>\n<li style='margin-bottom: 5px;'><strong>Voltaje de entrada de CC:<\/strong> 9-30 V<\/li>\n<li style='margin-bottom: 5px;'><strong>PoE en voltaje de entrada:<\/strong> 9-30 V<\/li>\n<li style='margin-bottom: 5px;'><strong>Voltaje de entrada automotriz:<\/strong> 9-30 V<\/li>\n<\/ul><\/div>\n<\/p><\/div>\n<\/p><\/div>\n<\/p><\/div>\n<div style='display: flex; flex-direction: column; gap: 20px;'>\n<h3 style='font-size: 22px; border-bottom: 2px solid currentColor; padding-bottom: 5px; margin-top: 0; color: inherit; opacity: 0.8;'>Modem<\/h3>\n<div style='display: grid; grid-template-columns: repeat(auto-fill&comma; minmax(250px&comma; 1fr)); gap: 20px;'>\n<div style='border: 1px solid rgba(150&comma; 150&comma; 150&comma; 0.4); border-radius: 8px; overflow: hidden; display: flex; flex-direction: column;'>\n<div style='padding: 15px; border-bottom: 1px solid rgba(150&comma; 150&comma; 150&comma; 0.2); font-weight: bold; font-size: 18px; color: inherit;'>Detalles<\/div>\n<div style='padding: 15px; color: inherit;'>\n<ul style='padding-left: 20px; margin: 0; font-size: 14px; list-style-type: disc;'>\n<li style='margin-bottom: 5px;'><strong>Categor\u00eda 2G:<\/strong> Class12<\/li>\n<li style='margin-bottom: 5px;'><strong>Categor\u00eda 3G:<\/strong> R7<\/li>\n<li style='margin-bottom: 5px;'><strong>Categor\u00eda LTE:<\/strong> 4<\/li>\n<li style='margin-bottom: 5px;'><strong>Bandas LTE FDD:<\/strong> 1 (2100MHz) \/ 2 (1900MHz) \/ 3 (1800MHz) \/ 7 (2600MHz) \/ 8 (900MHz) \/ 20 (800MHz)<\/li>\n<li style='margin-bottom: 5px;'><strong>Bandas LTE TDD:<\/strong> 38 (2600MHz) \/ 40 (2300MHz)<\/li>\n<\/ul><\/div>\n<\/p><\/div>\n<\/p><\/div>\n<\/p><\/div>\n<div style='display: flex; flex-direction: column; gap: 20px;'>\n<h3 style='font-size: 22px; border-bottom: 2px solid currentColor; padding-bottom: 5px; margin-top: 0; color: inherit; opacity: 0.8;'>Inal\u00e1mbrico<\/h3>\n<div style='display: grid; grid-template-columns: repeat(auto-fill&comma; minmax(250px&comma; 1fr)); gap: 20px;'>\n<div style='border: 1px solid rgba(150&comma; 150&comma; 150&comma; 0.4); border-radius: 8px; overflow: hidden; display: flex; flex-direction: column;'>\n<div style='padding: 15px; border-bottom: 1px solid rgba(150&comma; 150&comma; 150&comma; 0.2); font-weight: bold; font-size: 18px; color: inherit;'>Detalles<\/div>\n<div style='padding: 15px; color: inherit;'>\n<ul style='padding-left: 20px; margin: 0; font-size: 14px; list-style-type: disc;'>\n<li style='margin-bottom: 5px;'><strong>N\u00famero inal\u00e1mbrico de 2.4 GHz de cadenas:<\/strong> 2<\/li>\n<li style='margin-bottom: 5px;'><strong>Est\u00e1ndares inal\u00e1mbricos de 2.4 GHz:<\/strong> 802.11b\/g\/n<\/li>\n<li style='margin-bottom: 5px;'><strong>Ganancia de antena dBi para 2.4 GHz:<\/strong> 2<\/li>\n<li style='margin-bottom: 5px;'><strong>Modelo de chip inal\u00e1mbrico de 2.4 GHz:<\/strong> QCA9531<\/li>\n<\/ul><\/div>\n<\/p><\/div>\n<\/p><\/div>\n<\/p><\/div>\n<div style='display: flex; flex-direction: column; gap: 20px;'>\n<h3 style='font-size: 22px; border-bottom: 2px solid currentColor; padding-bottom: 5px; margin-top: 0; color: inherit; opacity: 0.8;'>Ethernet<\/h3>\n<div style='display: grid; grid-template-columns: repeat(auto-fill&comma; minmax(250px&comma; 1fr)); gap: 20px;'>\n<div style='border: 1px solid rgba(150&comma; 150&comma; 150&comma; 0.4); border-radius: 8px; overflow: hidden; display: flex; flex-direction: column;'>\n<div style='padding: 15px; border-bottom: 1px solid rgba(150&comma; 150&comma; 150&comma; 0.2); font-weight: bold; font-size: 18px; color: inherit;'>Detalles<\/div>\n<div style='padding: 15px; color: inherit;'>\n<ul style='padding-left: 20px; margin: 0; font-size: 14px; list-style-type: disc;'>\n<li style='margin-bottom: 5px;'><strong>10\/100 puertos Ethernet:<\/strong> 1<\/li>\n<\/ul><\/div>\n<\/p><\/div>\n<\/p><\/div>\n<\/p><\/div>\n<div style='display: flex; flex-direction: column; gap: 20px;'>\n<h3 style='font-size: 22px; border-bottom: 2px solid currentColor; padding-bottom: 5px; margin-top: 0; color: inherit; opacity: 0.8;'>Partes incluidas<\/h3>\n<div style='display: grid; grid-template-columns: repeat(auto-fill&comma; minmax(250px&comma; 1fr)); gap: 20px;'>\n<div style='border: 1px solid rgba(150&comma; 150&comma; 150&comma; 0.4); border-radius: 8px; overflow: hidden; display: flex; flex-direction: column; align-items: center; text-align: center;'> <a style='text-decoration: none; color: inherit;' href='https:\/\/img.routerboard.com\/mimg\/part11391161548m.jpg' data-imagelightbox='f'> <img style='width: 100%; height: auto; border: 1px solid rgba(150&comma;150&comma;150&comma;0.3); border-radius: 8px;' src='https:\/\/img.routerboard.com\/mimg\/part11391161548s.jpg' alt=''> <\/p>\n<div style='padding: 15px; color: inherit; font-size: 14px;'>Adaptador de corriente de 24V 0.8A<\/div>\n<p> <\/a> <\/div>\n<div style='border: 1px solid rgba(150&comma; 150&comma; 150&comma; 0.4); border-radius: 8px; overflow: hidden; display: flex; flex-direction: column; align-items: center; text-align: center;'> <a style='text-decoration: none; color: inherit;' href='https:\/\/img.routerboard.com\/mimg\/part101391160012m.jpg' data-imagelightbox='f'> <img style='width: 100%; height: auto; border: 1px solid rgba(150&comma;150&comma;150&comma;0.3); border-radius: 8px;' src='https:\/\/img.routerboard.com\/mimg\/part101391160012s.jpg' alt=''> <\/p>\n<div style='padding: 15px; color: inherit; font-size: 14px;'>Inyector PoE<\/div>\n<p> <\/a> <\/div>\n<div style='border: 1px solid rgba(150&comma; 150&comma; 150&comma; 0.4); border-radius: 8px; overflow: hidden; display: flex; flex-direction: column; align-items: center; text-align: center;'> <a style='text-decoration: none; color: inherit;' href='https:\/\/img.routerboard.com\/mimg\/part511441356333m.jpg' data-imagelightbox='f'> <img style='width: 100%; height: auto; border: 1px solid rgba(150&comma;150&comma;150&comma;0.3); border-radius: 8px;' src='https:\/\/img.routerboard.com\/mimg\/part511441356333s.jpg' alt=''> <\/p>\n<div style='padding: 15px; color: inherit; font-size: 14px;'>Kit de tornillos K35<\/div>\n<p> <\/a> <\/div>\n<div style='border: 1px solid rgba(150&comma; 150&comma; 150&comma; 0.4); border-radius: 8px; overflow: hidden; display: flex; flex-direction: column; align-items: center; text-align: center;'> <a style='text-decoration: none; color: inherit;' href='https:\/\/img.routerboard.com\/mimg\/part91391160033m.jpg' data-imagelightbox='f'> <img style='width: 100%; height: auto; border: 1px solid rgba(150&comma;150&comma;150&comma;0.3); border-radius: 8px;' src='https:\/\/img.routerboard.com\/mimg\/part91391160033s.jpg' alt=''> <\/p>\n<div style='padding: 15px; color: inherit; font-size: 14px;'>Cierre de pl\u00e1stico<\/div>\n<p> <\/a> <\/div>\n<div style='border: 1px solid rgba(150&comma; 150&comma; 150&comma; 0.4); border-radius: 8px; overflow: hidden; display: flex; flex-direction: column; align-items: center; text-align: center;'> <a style='text-decoration: none; color: inherit;' href='https:\/\/img.routerboard.com\/mimg\/part641499777512m.jpg' data-imagelightbox='f'> <img style='width: 100%; height: auto; border: 1px solid rgba(150&comma;150&comma;150&comma;0.3); border-radius: 8px;' src='https:\/\/img.routerboard.com\/mimg\/part641499777512s.jpg' alt=''> <\/p>\n<div style='padding: 15px; color: inherit; font-size: 14px;'>Cable automotriz del adaptador de 0.35m 4pin<\/div>\n<p> <\/a> <\/div>\n<div style='border: 1px solid rgba(150&comma; 150&comma; 150&comma; 0.4); border-radius: 8px; overflow: hidden; display: flex; flex-direction: column; align-items: center; text-align: center;'> <a style='text-decoration: none; color: inherit;' href='https:\/\/img.routerboard.com\/mimg\/part661499777872m.jpg' data-imagelightbox='f'> <img style='width: 100%; height: auto; border: 1px solid rgba(150&comma;150&comma;150&comma;0.3); border-radius: 8px;' src='https:\/\/img.routerboard.com\/mimg\/part661499777872s.jpg' alt=''> <\/p>\n<div style='padding: 15px; color: inherit; font-size: 14px;'>Soporte de montaje wAP<\/div>\n<p> <\/a> <\/div>\n<div style='border: 1px solid rgba(150&comma; 150&comma; 150&comma; 0.4); border-radius: 8px; overflow: hidden; display: flex; flex-direction: column; align-items: center; text-align: center;'> <a style='text-decoration: none; color: inherit;' href='https:\/\/img.routerboard.com\/mimg\/part651499777780m.jpg' data-imagelightbox='f'> <img style='width: 100%; height: auto; border: 1px solid rgba(150&comma;150&comma;150&comma;0.3); border-radius: 8px;' src='https:\/\/img.routerboard.com\/mimg\/part651499777780s.jpg' alt=''> <\/p>\n<div style='padding: 15px; color: inherit; font-size: 14px;'>Soporte de escritorio wAP<\/div>\n<p> <\/a> <\/div>\n<\/p><\/div>\n<\/p><\/div>\n<\/p><\/div>\n<\/p><\/div>\n","protected":false},"excerpt":{"rendered":"<p>Modem 4G(LTE) para SIM, con Wi-Fi 2.4 GHz, Para uso en casa y\/o veh\u00edculos, c\/puerto fast ethernet, Bandas(1,2,3,7,8,20,38,40)<\/p>\n","protected":false},"featured_media":73474,"comment_status":"open","ping_status":"closed","template":"","meta":[],"product_brand":[],"product_cat":[1794],"product_tag":[643,1795,1479],"class_list":{"0":"post-73475","1":"product","2":"type-product","3":"status-publish","4":"has-post-thumbnail","6":"product_cat-puntos-de-acceso","7":"product_tag-mikrotik","8":"product_tag-puntos-de-acceso","9":"product_tag-redes-wifi","11":"first","12":"outofstock","13":"sale","14":"shipping-taxable","15":"purchasable","16":"product-type-simple"},"_links":{"self":[{"href":"https:\/\/soydeaqui.ddns.net\/pachuca\/index.php\/wp-json\/wp\/v2\/product\/73475","targetHints":{"allow":["GET"]}}],"collection":[{"href":"https:\/\/soydeaqui.ddns.net\/pachuca\/index.php\/wp-json\/wp\/v2\/product"}],"about":[{"href":"https:\/\/soydeaqui.ddns.net\/pachuca\/index.php\/wp-json\/wp\/v2\/types\/product"}],"replies":[{"embeddable":true,"href":"https:\/\/soydeaqui.ddns.net\/pachuca\/index.php\/wp-json\/wp\/v2\/comments?post=73475"}],"wp:featuredmedia":[{"embeddable":true,"href":"https:\/\/soydeaqui.ddns.net\/pachuca\/index.php\/wp-json\/wp\/v2\/media\/73474"}],"wp:attachment":[{"href":"https:\/\/soydeaqui.ddns.net\/pachuca\/index.php\/wp-json\/wp\/v2\/media?parent=73475"}],"wp:term":[{"taxonomy":"product_brand","embeddable":true,"href":"https:\/\/soydeaqui.ddns.net\/pachuca\/index.php\/wp-json\/wp\/v2\/product_brand?post=73475"},{"taxonomy":"product_cat","embeddable":true,"href":"https:\/\/soydeaqui.ddns.net\/pachuca\/index.php\/wp-json\/wp\/v2\/product_cat?post=73475"},{"taxonomy":"product_tag","embeddable":true,"href":"https:\/\/soydeaqui.ddns.net\/pachuca\/index.php\/wp-json\/wp\/v2\/product_tag?post=73475"}],"curies":[{"name":"wp","href":"https:\/\/api.w.org\/{rel}","templated":true}]}}