{"id":73454,"date":"2026-03-19T13:22:56","date_gmt":"2026-03-19T13:22:56","guid":{"rendered":"https:\/\/soydeaqui.ddns.net\/pachuca\/index.php\/producto\/backhaul-radio-antena-integrada-alta-ganancia-23-dbi-4-9-6-05-ghz-ptp-hcmp-450-mbps-reales-c050067h009b\/"},"modified":"2026-03-19T13:22:58","modified_gmt":"2026-03-19T13:22:58","slug":"backhaul-radio-antena-integrada-alta-ganancia-23-dbi-4-9-6-05-ghz-ptp-hcmp-450-mbps-reales-c050067h009b","status":"publish","type":"product","link":"https:\/\/soydeaqui.ddns.net\/pachuca\/index.php\/producto\/backhaul-radio-antena-integrada-alta-ganancia-23-dbi-4-9-6-05-ghz-ptp-hcmp-450-mbps-reales-c050067h009b\/","title":{"rendered":"Backhaul radio + antena integrada (Alta ganancia 23 dBi), 4.9-6.05 GHz PTP\/HCMP\/ 450 Mbps Reales C050067H009B"},"content":{"rendered":"<div style='width: 100%; max-width: 1200px; margin: 0 auto; font-family: sans-serif; line-height: 1.6; color: inherit; background-color: transparent;'> <!-- Logo --> <\/p>\n<div style='text-align: center; margin-bottom: 20px;'> <img style='width: auto; max-width: 100%; height: auto; border: 1px solid rgba(150&comma;150&comma;150&comma;0.3); border-radius: 8px;' src='http:\/\/ftp3.syscom.mx\/usuarios\/hortega\/Cambium\/cambium-networks-logo.png' alt='Logo Cambium Networks'> <\/div>\n<hr style='border: 0; border-top: 1px solid rgba(150&comma;150&comma;150&comma;0.3); margin: 30px 0;'> <!-- T\u00edtulo --> <\/p>\n<h2 style='font-size: 32px; margin: 0 0 20px; padding: 0; color: inherit; border-bottom: 2px solid currentColor; padding-bottom: 10px;'>PTP670 Antena Integrada 23 dBi<\/h2>\n<p> <!-- Especificaciones destacadas --> <\/p>\n<div style='display: flex; flex-wrap: wrap; gap: 15px; margin: 20px 0;'>\n<div style='flex: 1 1 120px; min-width: 100px; background: rgba(150&comma;150&comma;150&comma;0.1); border-radius: 8px; padding: 10px; text-align: center;'> <strong style='display: block; font-size: 18px; color: inherit;'>4.9-6.05<\/strong> <small style='color: inherit; opacity: 0.8;'>GHz<\/small> <\/div>\n<div style='flex: 1 1 120px; min-width: 100px; background: rgba(150&comma;150&comma;150&comma;0.1); border-radius: 8px; padding: 10px; text-align: center;'> <strong style='display: block; font-size: 18px; color: inherit;'>450<\/strong> <small style='color: inherit; opacity: 0.8;'>Mbps<\/small> <\/div>\n<div style='flex: 1 1 120px; min-width: 100px; background: rgba(150&comma;150&comma;150&comma;0.1); border-radius: 8px; padding: 10px; text-align: center;'> <strong style='display: block; font-size: 16px; color: inherit;'>HCMP<\/strong> <small style='color: inherit; opacity: 0.8;'>High-capacity multipoint<\/small> <\/div>\n<\/p><\/div>\n<p> <!-- Caracter\u00edsticas principales --> <\/p>\n<div style='margin: 20px 0;'>\n<h3 style='font-size: 20px; border-bottom: 2px solid currentColor; padding-bottom: 5px; margin-top: 0; color: inherit; opacity: 0.8;'>Caracter\u00edsticas principales<\/h3>\n<ul style='padding-left: 20px; font-size: 15px; color: inherit;'>\n<li style='margin-bottom: 8px;'><strong>Modo PTP y HCMP<\/strong><\/li>\n<li style='margin-bottom: 8px;'><strong>Alta capacidad<\/strong> &#8211; 450 Mbps de velocidad de transmisi\u00f3n con 10bps\/Hz&comma; <strong style='color: inherit;'>SIN necesidad de licencia para llegar a 450 Mbps<\/strong><\/li>\n<li style='margin-bottom: 8px;'><strong>Banda ancha<\/strong> &#8211; banda de frecuencia de entre 4.9 y 6.05 GHz<\/li>\n<li style='margin-bottom: 8px;'><strong>Seguridad<\/strong> &#8211; encriptaci\u00f3n AES 128\/256-bit&comma; modificaci\u00f3n remota de las claves de encriptaci\u00f3n (over-the-air rekeying&comma; OTAR)&comma; HTTPS\/TLS y gesti\u00f3n SNMPv3&comma; autenticaci\u00f3n RADIUS y configuraci\u00f3n de normas para las contrase\u00f1as.<\/li>\n<li style='margin-bottom: 8px;'><strong>Interfaces<\/strong> &#8211; Dos puertos Gigabit Ethernet y un puerto SFP para la interfaz de fibra opcional. Admite el puerto de salida PoE de la norma 802.3at.<\/li>\n<li style='margin-bottom: 8px;'><strong>Versatilidad<\/strong> &#8211; La implementaci\u00f3n f\u00e1cil de integrar layer 2 bridge es compatible con el funcionamiento sim\u00e9trico y asim\u00e9trico de la duplexaci\u00f3n por divisi\u00f3n de tiempo (TDD)&comma; 1588v2 y la frecuencia y sincronizaci\u00f3n de precisi\u00f3n de Ethernet simult\u00e1nea.<\/li>\n<li style='margin-bottom: 8px;'><strong>Cada equipo INCLUYE Montaje y PoE<\/strong><\/li>\n<\/ul><\/div>\n<p> <!-- Especificaciones t\u00e9cnicas --> <\/p>\n<div style='display: flex; flex-wrap: wrap; gap: 20px; margin: 30px 0;'>\n<div style='flex: 1 1 300px; min-width: 280px;'>\n<h3 style='font-size: 18px; margin: 0 0 15px; padding: 0; color: inherit; border-bottom: 1px solid rgba(150&comma;150&comma;150&comma;0.3);'>Especificaciones t\u00e9cnicas<\/h3>\n<ul style='padding-left: 20px; font-size: 14px; color: inherit;'>\n<li style='margin-bottom: 8px;'><strong>Banda de operaci\u00f3n:<\/strong> 4.9 &#8211; 6.05 GHz<\/li>\n<li style='margin-bottom: 8px;'><strong>Ancho de Canal:<\/strong> 5&comma; 10&comma; 15&comma; 20&comma; 30&comma; 40&comma; y 45 MHz<\/li>\n<li style='margin-bottom: 8px;'><strong>Eficiencia Espectral:<\/strong> 10 bps\/Hz<\/li>\n<li style='margin-bottom: 8px;'><strong>Selecci\u00f3n de Canal:<\/strong> Autom\u00e1tico&comma; a trav\u00e9s de DSO (Dynamic Spectrum Optimization) o modo manual<\/li>\n<li style='margin-bottom: 8px;'><strong>Potencia m\u00e1xima:<\/strong> Hasta 27 dBm<\/li>\n<li style='margin-bottom: 8px;'><strong>Protecci\u00f3n exterior:<\/strong> IP66 &#8211; IP67<\/li>\n<li style='margin-bottom: 8px;'><strong>Protocolo:<\/strong> IEEE 802.3<\/li>\n<li style='margin-bottom: 8px;'><strong>Latencia:<\/strong> 1-3 ms<\/li>\n<li style='margin-bottom: 8px;'><strong>Soporte Frame:<\/strong> Paquetes Jumbo hasta 9600 bytes<\/li>\n<\/ul><\/div>\n<div style='flex: 1 1 300px; min-width: 280px;'>\n<h3 style='font-size: 18px; margin: 0 0 15px; padding: 0; color: inherit; border-bottom: 1px solid rgba(150&comma;150&comma;150&comma;0.3);'>Especificaciones f\u00edsicas<\/h3>\n<ul style='padding-left: 20px; font-size: 14px; color: inherit;'>\n<li style='margin-bottom: 8px;'><strong>Puertos:<\/strong> 2 x Gigabit Ethernet: Gigabit Port 1: Data + PoE power (Entrada)&comma; Gigabit Port 2: 802.3at PoE (Salida)&comma; 1 x SFP: mono-modo \/ multi-modo<\/li>\n<li style='margin-bottom: 8px;'><strong>T1\/E1 TDM:<\/strong> 8 x T1\/E1 TDM (Network Indoor Unit (NIDU))<\/li>\n<li style='margin-bottom: 8px;'><strong>Dimensiones:<\/strong> Ancho: 305mm (12\u201d)&comma; Altura: 305mm (13.5\u201d)&comma; Profundidad: 81mm (3.2\u201d)<\/li>\n<li style='margin-bottom: 8px;'><strong>Peso:<\/strong> 4.1 kg (8.95 lbs) incluido soporte<\/li>\n<li style='margin-bottom: 8px;'><strong>Alimentaci\u00f3n:<\/strong> AC power injector: 32\u00b0 to 104\u00b0 F (0\u00b0 a +40\u00b0 C); 35 W; 90-240 VAC&comma; 50\/60Hz<\/li>\n<li style='margin-bottom: 8px;'><strong>Consumo:<\/strong> 30 W m\u00e1ximo (hasta 70 W utilizando el puerto auxiliar con 802.3at)<\/li>\n<\/ul><\/div>\n<\/p><\/div>\n<p> <!-- Especificaciones HCMP --> <\/p>\n<div style='margin: 30px 0;'>\n<h3 style='font-size: 18px; margin: 0 0 15px; padding: 0; color: inherit; border-bottom: 1px solid rgba(150&comma;150&comma;150&comma;0.3);'>Especificaciones HCMP<\/h3>\n<ul style='padding-left: 20px; font-size: 14px; color: inherit;'>\n<li style='margin-bottom: 8px;'><strong>M\u00f3dulos Remotos:<\/strong> Hasta 8 Nodos<\/li>\n<li style='margin-bottom: 8px;'><strong>Ancho de Canal:<\/strong> 20 y 40 MHz<\/li>\n<li style='margin-bottom: 8px;'><strong>Capacidad de datos en suscriptores con simetr\u00eda 1:1:<\/strong><\/li>\n<\/ul>\n<p> <!-- Tabla capacidad suscriptores --> <\/p>\n<div style='overflow-x: auto; margin: 15px 0;'>\n<table style='width: 100%; border-collapse: collapse; font-size: 14px;'>\n<thead style='background: rgba(150&comma;150&comma;150&comma;0.1);'>\n<tr>\n<th style='padding: 10px; border: 1px solid rgba(150&comma;150&comma;150&comma;0.3); text-align: center;'>N\u00famero de Nodos @40 MHz<\/th>\n<th style='padding: 10px; border: 1px solid rgba(150&comma;150&comma;150&comma;0.3); text-align: center;'>2<\/th>\n<th style='padding: 10px; border: 1px solid rgba(150&comma;150&comma;150&comma;0.3); text-align: center;'>3<\/th>\n<th style='padding: 10px; border: 1px solid rgba(150&comma;150&comma;150&comma;0.3); text-align: center;'>4<\/th>\n<th style='padding: 10px; border: 1px solid rgba(150&comma;150&comma;150&comma;0.3); text-align: center;'>5<\/th>\n<th style='padding: 10px; border: 1px solid rgba(150&comma;150&comma;150&comma;0.3); text-align: center;'>6<\/th>\n<th style='padding: 10px; border: 1px solid rgba(150&comma;150&comma;150&comma;0.3); text-align: center;'>7<\/th>\n<th style='padding: 10px; border: 1px solid rgba(150&comma;150&comma;150&comma;0.3); text-align: center;'>8<\/th>\n<\/tr>\n<\/thead>\n<tbody>\n<tr>\n<td style='padding: 10px; border: 1px solid rgba(150&comma;150&comma;150&comma;0.3); background: rgba(150&comma;150&comma;150&comma;0.05);'>Mbps<\/td>\n<td style='padding: 10px; border: 1px solid rgba(150&comma;150&comma;150&comma;0.3); text-align: center;'>162<\/td>\n<td style='padding: 10px; border: 1px solid rgba(150&comma;150&comma;150&comma;0.3); text-align: center;'>106<\/td>\n<td style='padding: 10px; border: 1px solid rgba(150&comma;150&comma;150&comma;0.3); text-align: center;'>80<\/td>\n<td style='padding: 10px; border: 1px solid rgba(150&comma;150&comma;150&comma;0.3); text-align: center;'>66<\/td>\n<td style='padding: 10px; border: 1px solid rgba(150&comma;150&comma;150&comma;0.3); text-align: center;'>56<\/td>\n<td style='padding: 10px; border: 1px solid rgba(150&comma;150&comma;150&comma;0.3); text-align: center;'>45<\/td>\n<td style='padding: 10px; border: 1px solid rgba(150&comma;150&comma;150&comma;0.3); text-align: center;'>42<\/td>\n<\/tr>\n<\/tbody>\n<\/table><\/div>\n<ul style='padding-left: 20px; font-size: 14px; color: inherit;'>\n<li style='margin-bottom: 8px;'><strong>Eficiencia Espectral en HCMP:<\/strong> 8 bps\/Hz<\/li>\n<li style='margin-bottom: 8px;'><strong>Latencia:<\/strong> 2 &#8211; 4 ms<\/li>\n<\/ul><\/div>\n<hr style='border: 0; border-top: 1px solid rgba(150&comma;150&comma;150&comma;0.3); margin: 30px 0;'> <\/div>\n","protected":false},"excerpt":{"rendered":"<p>Backhaul radio + antena integrada (Alta ganancia 23 dBi), 4.9-6.05 GHz PTP\/HCMP\/ 450 Mbps Reales C050067H009B<\/p>\n","protected":false},"featured_media":73453,"comment_status":"open","ping_status":"closed","template":"","meta":[],"product_brand":[],"product_cat":[1998],"product_tag":[1999,1316,1980],"class_list":{"0":"post-73454","1":"product","2":"type-product","3":"status-publish","4":"has-post-thumbnail","6":"product_cat-5-y-6-ghz","7":"product_tag-5-y-6-ghz","8":"product_tag-cambium-networks","9":"product_tag-enlaces-ptp-y-ptmp","11":"first","12":"outofstock","13":"sale","14":"shipping-taxable","15":"purchasable","16":"product-type-simple"},"_links":{"self":[{"href":"https:\/\/soydeaqui.ddns.net\/pachuca\/index.php\/wp-json\/wp\/v2\/product\/73454","targetHints":{"allow":["GET"]}}],"collection":[{"href":"https:\/\/soydeaqui.ddns.net\/pachuca\/index.php\/wp-json\/wp\/v2\/product"}],"about":[{"href":"https:\/\/soydeaqui.ddns.net\/pachuca\/index.php\/wp-json\/wp\/v2\/types\/product"}],"replies":[{"embeddable":true,"href":"https:\/\/soydeaqui.ddns.net\/pachuca\/index.php\/wp-json\/wp\/v2\/comments?post=73454"}],"wp:featuredmedia":[{"embeddable":true,"href":"https:\/\/soydeaqui.ddns.net\/pachuca\/index.php\/wp-json\/wp\/v2\/media\/73453"}],"wp:attachment":[{"href":"https:\/\/soydeaqui.ddns.net\/pachuca\/index.php\/wp-json\/wp\/v2\/media?parent=73454"}],"wp:term":[{"taxonomy":"product_brand","embeddable":true,"href":"https:\/\/soydeaqui.ddns.net\/pachuca\/index.php\/wp-json\/wp\/v2\/product_brand?post=73454"},{"taxonomy":"product_cat","embeddable":true,"href":"https:\/\/soydeaqui.ddns.net\/pachuca\/index.php\/wp-json\/wp\/v2\/product_cat?post=73454"},{"taxonomy":"product_tag","embeddable":true,"href":"https:\/\/soydeaqui.ddns.net\/pachuca\/index.php\/wp-json\/wp\/v2\/product_tag?post=73454"}],"curies":[{"name":"wp","href":"https:\/\/api.w.org\/{rel}","templated":true}]}}