{"id":73441,"date":"2026-03-19T13:22:22","date_gmt":"2026-03-19T13:22:22","guid":{"rendered":"https:\/\/soydeaqui.ddns.net\/pachuca\/index.php\/producto\/backhaul-radio-antena-integrada-alta-ganancia-23-dbi-4-9-6-05-ghz-ptp-hcmp-450-mbps-reales-c050067h010a\/"},"modified":"2026-03-19T13:22:36","modified_gmt":"2026-03-19T13:22:36","slug":"backhaul-radio-antena-integrada-alta-ganancia-23-dbi-4-9-6-05-ghz-ptp-hcmp-450-mbps-reales-c050067h010a","status":"publish","type":"product","link":"https:\/\/soydeaqui.ddns.net\/pachuca\/index.php\/producto\/backhaul-radio-antena-integrada-alta-ganancia-23-dbi-4-9-6-05-ghz-ptp-hcmp-450-mbps-reales-c050067h010a\/","title":{"rendered":"Backhaul radio + antena integrada (Alta ganancia 23 dBi), 4.9-6.05 GHz PTP\/HCMP\/ 450 Mbps Reales C050067H010A"},"content":{"rendered":"<div style='width: 100%; max-width: 1200px; margin: 0 auto; font-family: sans-serif; line-height: 1.6; color: inherit; background-color: transparent;'> <!-- Logo y t\u00edtulo --> <\/p>\n<div style='text-align: center; padding: 40px 10px; border-bottom: 1px solid rgba(150&comma;150&comma;150&comma;0.3); margin-bottom: 30px;'> <img style='width: 250px; height: auto; border: 1px solid rgba(150&comma;150&comma;150&comma;0.3); border-radius: 8px; margin-bottom: 20px;' src='http:\/\/ftp3.syscom.mx\/usuarios\/hortega\/Cambium\/cambium-networks-logo.png' alt='Cambium Networks'> <\/p>\n<h1 style='font-size: 36px; font-weight: 700; margin: 0; color: inherit; opacity: 0.9;'>PTP 670 Series<\/h1>\n<p style='font-size: 18px; opacity: 0.7; margin-top: 5px;'>Banda Ancha Inal\u00e1mbrica de Alta Capacidad y Flexibilidad HCMP<\/p>\n<\/p><\/div>\n<p> <!-- Caracter\u00edsticas destacadas --> <\/p>\n<div style='display: flex; flex-wrap: wrap; justify-content: center; gap: 15px; margin-bottom: 35px;'>\n<div style='background: rgba(0&comma; 85&comma; 149&comma; 0.1); border: 1px solid rgba(150&comma;150&comma;150&comma;0.3); color: inherit; padding: 15px 25px; border-radius: 8px; text-align: center; flex: 1 1 160px; min-width: 160px;'> <strong style='display: block; font-size: 20px; color: inherit;'>450 Mbps<\/strong> <span style='font-size: 12px; opacity: 0.7;'>Agregado (Sin Licencia)<\/span> <\/div>\n<div style='background: rgba(0&comma; 85&comma; 149&comma; 0.1); border: 1px solid rgba(150&comma;150&comma;150&comma;0.3); color: inherit; padding: 15px 25px; border-radius: 8px; text-align: center; flex: 1 1 160px; min-width: 160px;'> <strong style='display: block; font-size: 20px; color: inherit;'>4.9 &#8211; 6.05 GHz<\/strong> <span style='font-size: 12px; opacity: 0.7;'>Multi-banda<\/span> <\/div>\n<div style='background: rgba(0&comma; 85&comma; 149&comma; 0.1); border: 1px solid rgba(150&comma;150&comma;150&comma;0.3); color: inherit; padding: 15px 25px; border-radius: 8px; text-align: center; flex: 1 1 160px; min-width: 160px;'> <strong style='display: block; font-size: 20px; color: inherit;'>1-3 ms<\/strong> <span style='font-size: 12px; opacity: 0.7;'>Latencia Ultra Baja<\/span> <\/div>\n<div style='background: rgba(0&comma; 85&comma; 149&comma; 0.1); border: 1px solid rgba(150&comma;150&comma;150&comma;0.3); color: inherit; padding: 15px 25px; border-radius: 8px; text-align: center; flex: 1 1 160px; min-width: 160px;'> <strong style='display: block; font-size: 20px; color: inherit;'>HCMP<\/strong> <span style='font-size: 12px; opacity: 0.7;'>Hasta 8 Nodos<\/span> <\/div>\n<\/p><\/div>\n<p> <!-- Secci\u00f3n de contenido con grid --> <\/p>\n<div style='display: grid; grid-template-columns: repeat(auto-fit&comma; minmax(300px&comma; 1fr)); gap: 30px; margin-bottom: 40px;'>\n<div style='padding: 20px; border-radius: 12px; background: rgba(128&comma;128&comma;128&comma;0.05); border: 1px solid rgba(150&comma;150&comma;150&comma;0.2);'>\n<h3 style='color: inherit; margin-top: 0; font-size: 20px; border-bottom: 2px solid currentColor; padding-bottom: 5px; opacity: 0.8;'>Eficiencia y Autonom\u00eda<\/h3>\n<ul style='padding-left: 20px; font-size: 15px; color: inherit;'>\n<li style='margin-bottom: 5px;'><strong style='color: inherit;'>DSO (Dynamic Spectrum Optimization):<\/strong> Optimizaci\u00f3n autom\u00e1tica de canales para m\u00e1xima fiabilidad.<\/li>\n<li style='margin-bottom: 5px;'><strong style='color: inherit;'>Antena Integrada:<\/strong> Panel de 23 dBi de alta ganancia para enlaces de largo alcance.<\/li>\n<li style='margin-bottom: 5px;'><strong style='color: inherit;'>Seguridad:<\/strong> Encriptaci\u00f3n AES de 128\/256 bits y autenticaci\u00f3n RADIUS.<\/li>\n<li style='margin-bottom: 5px;'><strong style='color: inherit;'>Puertos:<\/strong> Dual GbE y puerto SFP para fibra \u00f3ptica.<\/li>\n<\/ul><\/div>\n<div style='padding: 20px; border-radius: 12px; background: rgba(128&comma;128&comma;128&comma;0.05); border: 1px solid rgba(150&comma;150&comma;150&comma;0.2);'>\n<h3 style='color: inherit; margin-top: 0; font-size: 20px; border-bottom: 2px solid currentColor; padding-bottom: 5px; opacity: 0.8;'>Versatilidad HCMP<\/h3>\n<p style='font-size: 15px; color: inherit; opacity: 0.9;'>La tecnolog\u00eda <strong style='color: inherit;'>High-Capacity Multipoint (HCMP)<\/strong> permite conectar hasta 8 nodos remotos a un solo punto de acceso&comma; ideal para videovigilancia y despliegues cr\u00edticos sin sacrificar ancho de banda.<\/p>\n<p style='font-size: 14px; font-style: italic; margin-top: 10px; color: inherit; opacity: 0.7;'>* Incluye Montaje y PoE (AC + DC).<\/p>\n<\/p><\/div>\n<\/p><\/div>\n<p> <!-- Especificaciones t\u00e9cnicas --> <\/p>\n<h3 style='font-size: 22px; border-left: 5px solid currentColor; padding-left: 15px; margin-bottom: 20px; color: inherit; opacity: 0.8;'>Especificaciones T\u00e9cnicas<\/h3>\n<div style='overflow-x: auto; border: 1px solid rgba(150&comma;150&comma;150&comma;0.3); border-radius: 12px; margin-bottom: 30px;'>\n<table style='width: 100%; border-collapse: collapse; color: inherit;'>\n<tbody>\n<tr style='border-bottom: 1px solid rgba(150&comma;150&comma;150&comma;0.2);'>\n<td style='padding: 15px; font-weight: bold; background: rgba(128&comma;128&comma;128&comma;0.05); width: 35%;'>Ancho de Canal<\/td>\n<td style='padding: 15px;'>5&comma; 10&comma; 15&comma; 20&comma; 30&comma; 40 y 45 MHz<\/td>\n<\/tr>\n<tr style='border-bottom: 1px solid rgba(150&comma;150&comma;150&comma;0.2);'>\n<td style='padding: 15px; font-weight: bold; background: rgba(128&comma;128&comma;128&comma;0.05);'>Eficiencia Espectral<\/td>\n<td style='padding: 15px;'>10 bps\/Hz<\/td>\n<\/tr>\n<tr style='border-bottom: 1px solid rgba(150&comma;150&comma;150&comma;0.2);'>\n<td style='padding: 15px; font-weight: bold; background: rgba(128&comma;128&comma;128&comma;0.05);'>Protecci\u00f3n Ambiental<\/td>\n<td style='padding: 15px;'>IP66 e IP67 (Grado Industrial)<\/td>\n<\/tr>\n<tr style='border-bottom: 1px solid rgba(150&comma;150&comma;150&comma;0.2);'>\n<td style='padding: 15px; font-weight: bold; background: rgba(128&comma;128&comma;128&comma;0.05);'>Potencia de Transmisi\u00f3n<\/td>\n<td style='padding: 15px;'>Hasta 27 dBm<\/td>\n<\/tr>\n<tr style='border-bottom: 1px solid rgba(150&comma;150&comma;150&comma;0.2);'>\n<td style='padding: 15px; font-weight: bold; background: rgba(128&comma;128&comma;128&comma;0.05);'>Consumo Energ\u00e9tico<\/td>\n<td style='padding: 15px;'>30 W (M\u00e1ximo 70 W con salida PoE Auxiliar)<\/td>\n<\/tr>\n<\/tbody>\n<\/table><\/div>\n<p> <!-- Tabla de rendimiento --> <\/p>\n<div style='margin-top: 40px;'>\n<h3 style='font-size: 20px; text-align: center; margin-bottom: 20px; color: inherit; opacity: 0.8;'>Rendimiento HCMP @ 40 MHz (Simetr\u00eda 1:1)<\/h3>\n<div style='overflow-x: auto;'>\n<table style='width: 100%; border-collapse: collapse; text-align: center; border: 1px solid rgba(150&comma;150&comma;150&comma;0.3);'>\n<thead>\n<tr style='background: rgba(0&comma;85&comma;149&comma;0.8); color: #ffffff;'>\n<th style='padding: 12px; border: 1px solid rgba(255&comma;255&comma;255&comma;0.2);'>N\u00famero de Nodos<\/th>\n<th style='padding: 12px; border: 1px solid rgba(255&comma;255&comma;255&comma;0.2);'>2<\/th>\n<th style='padding: 12px; border: 1px solid rgba(255&comma;255&comma;255&comma;0.2);'>3<\/th>\n<th style='padding: 12px; border: 1px solid rgba(255&comma;255&comma;255&comma;0.2);'>4<\/th>\n<th style='padding: 12px; border: 1px solid rgba(255&comma;255&comma;255&comma;0.2);'>5<\/th>\n<th style='padding: 12px; border: 1px solid rgba(255&comma;255&comma;255&comma;0.2);'>6<\/th>\n<th style='padding: 12px; border: 1px solid rgba(255&comma;255&comma;255&comma;0.2);'>7<\/th>\n<th style='padding: 12px; border: 1px solid rgba(255&comma;255&comma;255&comma;0.2);'>8<\/th>\n<\/tr>\n<\/thead>\n<tbody>\n<tr>\n<td style='padding: 12px; font-weight: bold; border: 1px solid rgba(150&comma;150&comma;150&comma;0.2);'>Capacidad (Mbps)<\/td>\n<td style='padding: 12px; border: 1px solid rgba(150&comma;150&comma;150&comma;0.2);'>162<\/td>\n<td style='padding: 12px; border: 1px solid rgba(150&comma;150&comma;150&comma;0.2);'>106<\/td>\n<td style='padding: 12px; border: 1px solid rgba(150&comma;150&comma;150&comma;0.2);'>80<\/td>\n<td style='padding: 12px; border: 1px solid rgba(150&comma;150&comma;150&comma;0.2);'>66<\/td>\n<td style='padding: 12px; border: 1px solid rgba(150&comma;150&comma;150&comma;0.2);'>56<\/td>\n<td style='padding: 12px; border: 1px solid rgba(150&comma;150&comma;150&comma;0.2);'>45<\/td>\n<td style='padding: 12px; border: 1px solid rgba(150&comma;150&comma;150&comma;0.2);'>42<\/td>\n<\/tr>\n<\/tbody>\n<\/table><\/div>\n<\/p><\/div>\n<p> <!-- Nota final --> <\/p>\n<div style='margin-top: 50px; padding: 20px; text-align: center; border-top: 1px solid rgba(150&comma;150&comma;150&comma;0.3); opacity: 0.7; font-size: 13px; color: inherit;'> <em>Basado en tecnolog\u00eda probada en campo (NLOS) para infraestructuras cr\u00edticas&comma; seguridad p\u00fablica y redes gubernamentales.<\/em> <\/div>\n<\/p><\/div>\n","protected":false},"excerpt":{"rendered":"<p>Backhaul radio + antena integrada (Alta ganancia 23 dBi), 4.9-6.05 GHz PTP\/HCMP\/ 450 Mbps Reales C050067H010A<\/p>\n","protected":false},"featured_media":73440,"comment_status":"open","ping_status":"closed","template":"","meta":[],"product_brand":[],"product_cat":[1998],"product_tag":[1999,1316,1980],"class_list":{"0":"post-73441","1":"product","2":"type-product","3":"status-publish","4":"has-post-thumbnail","6":"product_cat-5-y-6-ghz","7":"product_tag-5-y-6-ghz","8":"product_tag-cambium-networks","9":"product_tag-enlaces-ptp-y-ptmp","11":"first","12":"outofstock","13":"sale","14":"shipping-taxable","15":"purchasable","16":"product-type-simple"},"_links":{"self":[{"href":"https:\/\/soydeaqui.ddns.net\/pachuca\/index.php\/wp-json\/wp\/v2\/product\/73441","targetHints":{"allow":["GET"]}}],"collection":[{"href":"https:\/\/soydeaqui.ddns.net\/pachuca\/index.php\/wp-json\/wp\/v2\/product"}],"about":[{"href":"https:\/\/soydeaqui.ddns.net\/pachuca\/index.php\/wp-json\/wp\/v2\/types\/product"}],"replies":[{"embeddable":true,"href":"https:\/\/soydeaqui.ddns.net\/pachuca\/index.php\/wp-json\/wp\/v2\/comments?post=73441"}],"wp:featuredmedia":[{"embeddable":true,"href":"https:\/\/soydeaqui.ddns.net\/pachuca\/index.php\/wp-json\/wp\/v2\/media\/73440"}],"wp:attachment":[{"href":"https:\/\/soydeaqui.ddns.net\/pachuca\/index.php\/wp-json\/wp\/v2\/media?parent=73441"}],"wp:term":[{"taxonomy":"product_brand","embeddable":true,"href":"https:\/\/soydeaqui.ddns.net\/pachuca\/index.php\/wp-json\/wp\/v2\/product_brand?post=73441"},{"taxonomy":"product_cat","embeddable":true,"href":"https:\/\/soydeaqui.ddns.net\/pachuca\/index.php\/wp-json\/wp\/v2\/product_cat?post=73441"},{"taxonomy":"product_tag","embeddable":true,"href":"https:\/\/soydeaqui.ddns.net\/pachuca\/index.php\/wp-json\/wp\/v2\/product_tag?post=73441"}],"curies":[{"name":"wp","href":"https:\/\/api.w.org\/{rel}","templated":true}]}}