{"id":73418,"date":"2026-03-19T13:21:30","date_gmt":"2026-03-19T13:21:30","guid":{"rendered":"https:\/\/soydeaqui.ddns.net\/pachuca\/index.php\/producto\/modem-4glte-para-sim-con-wi-fi-2-4-ghz-para-uso-en-casa-y-o-vehiculos-c-puerto-fast-ethernet-bandas-24512\/"},"modified":"2026-03-19T13:21:34","modified_gmt":"2026-03-19T13:21:34","slug":"modem-4glte-para-sim-con-wi-fi-2-4-ghz-para-uso-en-casa-y-o-vehiculos-c-puerto-fast-ethernet-bandas-24512","status":"publish","type":"product","link":"https:\/\/soydeaqui.ddns.net\/pachuca\/index.php\/producto\/modem-4glte-para-sim-con-wi-fi-2-4-ghz-para-uso-en-casa-y-o-vehiculos-c-puerto-fast-ethernet-bandas-24512\/","title":{"rendered":"Modem 4G(LTE) para SIM, con Wi-Fi 2.4 GHz, Para uso en casa y\/o veh\u00edculos, c\/puerto fast ethernet, Bandas (2,4,5,12)"},"content":{"rendered":"<div style='width: 100%; max-width: 1200px; margin: 0 auto; font-family: sans-serif; line-height: 1.6; color: inherit; background-color: transparent;'> <!-- Nota Importante --> <\/p>\n<div style='background-color: rgba(0&comma;0&comma;0&comma;0.05); border-left: 4px solid #007bff; padding: 15px 20px; margin: 20px 0;'> <strong style='color: #007bff; font-size: 16px;'>Nota Importante:<\/strong> <\/p>\n<p style='margin: 10px 0 0 0; color: inherit; font-size: 14px;'> El funcionamiento de este equipo se ha realizado bajo las condiciones de uso con el operador m\u00f3vil TELCEL en un entorno de ciudad&comma; su operaci\u00f3n con otros operadores y otras regiones del pa\u00eds no est\u00e1n garantizadas. <\/p>\n<\/p><\/div>\n<p> <!-- Descripci\u00f3n principal --> <\/p>\n<div style='margin: 20px 0;'>\n<p>El wAP LTE Kit-US es un peque\u00f1o punto de acceso inal\u00e1mbrico a prueba de intemperie con un m\u00f3dem celular incorporado que admite conectividad 3G y 4G (LTE). Con\u00e9ctese a la red inal\u00e1mbrica 802.11b\/g\/n integrada de wAP y acceda a la red LTE desde su tel\u00e9fono o desde cualquier otro dispositivo inal\u00e1mbrico. El wAP LTE tambi\u00e9n tiene un puerto LAN Ethernet 10\/100 para sus dispositivos con cable.<\/p>\n<p>Las tarjetas LTE est\u00e1n conectadas a dos antenas internas con conectores u.FL&comma; por lo que si lo desea&comma; puede desconectar los conectores y agregar su propia antena LTE externa para una mayor cobertura. La unidad tiene varias opciones de alimentaci\u00f3n: 9-30V PoE-in por puerto Ethernet&comma; conector DC y conector automotriz&comma; muy \u00fatil en dispositivos m\u00f3viles como autom\u00f3viles&comma; autobuses o trenes.<\/p>\n<p>El RBwAPR-2nD y R11e-LTE-US incluye un m\u00f3dem LTE que admite las bandas LTE 2&comma;4&comma;5 y 12&comma; utilizadas principalmente por operadores m\u00f3viles en Estados Unidos&comma; Canad\u00e1 y Am\u00e9rica Latina.<\/p>\n<\/p><\/div>\n<p> <!-- Imagen manual --> <\/p>\n<div style='margin: 30px 0;'> <a href='http:\/\/soporte.syscom.mx\/networking#mikrotik' style='display: inline-block;'> <img style='width: 100%; max-width: 600px; height: auto; border: 1px solid rgba(150&comma;150&comma;150&comma;0.3); border-radius: 8px;' src='https:\/\/ftp3.syscom.mx\/usuarios\/raragon\/Imagenes_Generales\/Manuales_de_configuracion.jpg' alt='Manuales de configuraci\u00f3n'> <\/a> <\/div>\n<p> <!-- Enlaces importantes --> <\/p>\n<div style='display: flex; flex-wrap: wrap; gap: 15px; margin: 30px 0;'> <a href='http:\/\/soporte.syscom.mx\/networking\/mikrotik\/mikrotik-caracteristicas-principales-de-routeros' style='color: #007bff; text-decoration: none; font-weight: 500; font-size: 15px;'> Caracter\u00edsticas principales de RouterOS <\/a> <a href='https:\/\/soporte.syscom.mx\/es\/articles\/5357777-mikrotik-insertar-extraer-sim' style='color: #007bff; text-decoration: none; font-weight: 500; font-size: 15px;'> MikroTik &#8211; Insertar\/Extraer SIM <\/a> <\/div>\n<p> <!-- Imagen bandas LTE --> <\/p>\n<div style='margin: 30px 0;'> <img style='width: 100%; height: auto; border: 1px solid rgba(150&comma;150&comma;150&comma;0.3); border-radius: 8px;' src='https:\/\/ftp3.syscom.mx\/usuarios\/fotos\/WAPLTEKITUS\/154485-bandas_lte.png' alt='Bandas LTE'> <\/div>\n<p> <!-- Secci\u00f3n de especificaciones --> <\/p>\n<div style='display: flex; flex-wrap: wrap; gap: 30px; margin: 40px 0 20px;'>\n<div style='flex: 1 1 300px; min-width: 280px;'>\n<h3 style='font-size: 22px; border-bottom: 2px solid currentColor; padding-bottom: 5px; margin-top: 0; color: inherit; opacity: 0.8;'>Especificaciones<\/h3>\n<ul style='padding-left: 20px; font-size: 15px; color: inherit;'>\n<li style='margin-bottom: 5px;'><strong>C\u00f3digo de producto:<\/strong> RBwAPR-2nD&#038;R11e-LTE-US<\/li>\n<li style='margin-bottom: 5px;'><strong>Arquitectura:<\/strong> MIPSBE<\/li>\n<li style='margin-bottom: 5px;'><strong>CPU:<\/strong> QCA9531<\/li>\n<li style='margin-bottom: 5px;'><strong>Recuento de n\u00facleos de CPU:<\/strong> 1<\/li>\n<li style='margin-bottom: 5px;'><strong>Frecuencia nominal de la CPU:<\/strong> 650 MHz<\/li>\n<li style='margin-bottom: 5px;'><strong>Dimensiones:<\/strong> 185 x 85 x 30 mm<\/li>\n<li style='margin-bottom: 5px;'><strong>Licencia de RouterOS:<\/strong> 4<\/li>\n<li style='margin-bottom: 5px;'><strong>Sistema operativo:<\/strong> <a href='https:\/\/wiki.mikrotik.com\/wiki\/Manual:TOC' target='_blank' rel='noopener' style='color: inherit; text-decoration: underline;'>RouterOS<\/a><\/li>\n<li style='margin-bottom: 5px;'><strong>Tama\u00f1o de RAM:<\/strong> 64 MB<\/li>\n<li style='margin-bottom: 5px;'><strong>Tama\u00f1o de almacenamiento:<\/strong> 16 MB<\/li>\n<li style='margin-bottom: 5px;'><strong>Tipo de almacenamiento:<\/strong> FLASH<\/li>\n<li style='margin-bottom: 5px;'><strong>Temperatura ambiente probada:<\/strong> -40 \u00b0C hasta 60 \u00b0C<\/li>\n<li style='margin-bottom: 5px;'><strong>MTBF:<\/strong> Aproximadamente 200.000 horas a 25 \u00b0C<\/li>\n<\/ul><\/div>\n<div style='flex: 1 1 300px; min-width: 280px;'>\n<h3 style='font-size: 22px; border-bottom: 2px solid currentColor; padding-bottom: 5px; margin-top: 0; color: inherit; opacity: 0.8;'>Alimentaci\u00f3n<\/h3>\n<ul style='padding-left: 20px; font-size: 15px; color: inherit;'>\n<li style='margin-bottom: 5px;'><strong>PoE en:<\/strong> PoE pasivo<\/li>\n<li style='margin-bottom: 5px;'><strong>PoE en voltaje de entrada:<\/strong> 9-30 V<\/li>\n<li style='margin-bottom: 5px;'><strong>N\u00famero de entradas DC:<\/strong> 3 (Automotriz&comma; conector DC&comma; PoE-IN)<\/li>\n<li style='margin-bottom: 5px;'><strong>Voltaje de entrada DC jack:<\/strong> 9-30 V<\/li>\n<li style='margin-bottom: 5px;'><strong>Voltaje de entrada automotriz:<\/strong> 9-30 V<\/li>\n<li style='margin-bottom: 5px;'><strong>Consumo m\u00e1ximo de energ\u00eda:<\/strong> 8 W<\/li>\n<li style='margin-bottom: 5px;'><strong>Recuento de ventiladores:<\/strong> Pasivo<\/li>\n<\/ul><\/div>\n<div style='flex: 1 1 300px; min-width: 280px;'>\n<h3 style='font-size: 22px; border-bottom: 2px solid currentColor; padding-bottom: 5px; margin-top: 0; color: inherit; opacity: 0.8;'>M\u00f3vil<\/h3>\n<ul style='padding-left: 20px; font-size: 15px; color: inherit;'>\n<li style='margin-bottom: 5px;'><strong>Categor\u00eda 3G:<\/strong> R8 (enlace descendente de 42&comma;2 Mbps&comma; enlace ascendente de 5&comma;76 Mbps) \/ R7 (enlaces descendentes de 21 Mbps&comma; enlace ascendente de 5&comma;76 Mbps)<\/li>\n<li style='margin-bottom: 5px;'><strong>Bandas 3G:<\/strong> 2 (1900 MHz) \/ 5 (850 MHz)<\/li>\n<li style='margin-bottom: 5px;'><strong>Categor\u00eda LTE:<\/strong> 4 (enlace descendente de 150 Mbps&comma; enlace ascendente de 50 Mbps)<\/li>\n<li style='margin-bottom: 5px;'><strong>Bandas LTE FDD:<\/strong> 2 (1900 MHz) \/ 4 (1700 MHz) \/ 5 (850 MHz) \/ 12 (700 MHz)<\/li>\n<\/ul><\/div>\n<div style='flex: 1 1 300px; min-width: 280px;'>\n<h3 style='font-size: 22px; border-bottom: 2px solid currentColor; padding-bottom: 5px; margin-top: 0; color: inherit; opacity: 0.8;'>Especificaciones inal\u00e1mbricas<\/h3>\n<ul style='padding-left: 20px; font-size: 15px; color: inherit;'>\n<li style='margin-bottom: 5px;'><strong>Velocidad de datos m\u00e1xima inal\u00e1mbrica de 2&comma;4 GHz:<\/strong> 300 Mbit\/s<\/li>\n<li style='margin-bottom: 5px;'><strong>N\u00famero de cadenas inal\u00e1mbricas de 2&comma;4 GHz:<\/strong> 2<\/li>\n<li style='margin-bottom: 5px;'><strong>Est\u00e1ndares inal\u00e1mbricos de 2&comma;4 GHz:<\/strong> 802.11b\/g\/n<\/li>\n<li style='margin-bottom: 5px;'><strong>Ganancia de antena dBi para 2&comma;4 GHz:<\/strong> 2<\/li>\n<li style='margin-bottom: 5px;'><strong>Modelo de chip inal\u00e1mbrico de 2&comma;4 GHz:<\/strong> QCA9531<\/li>\n<li style='margin-bottom: 5px;'><strong>Generaci\u00f3n inal\u00e1mbrica de 2&comma;4 GHz:<\/strong> Wi-Fi 4<\/li>\n<\/ul><\/div>\n<div style='flex: 1 1 300px; min-width: 280px;'>\n<h3 style='font-size: 22px; border-bottom: 2px solid currentColor; padding-bottom: 5px; margin-top: 0; color: inherit; opacity: 0.8;'>Ethernet<\/h3>\n<ul style='padding-left: 20px; font-size: 15px; color: inherit;'>\n<li style='margin-bottom: 5px;'><strong>Puertos Ethernet 10\/100:<\/strong> 1<\/li>\n<\/ul><\/div>\n<div style='flex: 1 1 300px; min-width: 280px;'>\n<h3 style='font-size: 22px; border-bottom: 2px solid currentColor; padding-bottom: 5px; margin-top: 0; color: inherit; opacity: 0.8;'>Perif\u00e9ricos<\/h3>\n<ul style='padding-left: 20px; font-size: 15px; color: inherit;'>\n<li style='margin-bottom: 5px;'><strong>N\u00famero de ranuras SIM:<\/strong> 1 m\u00f3dem (Mini SIM)<\/li>\n<li style='margin-bottom: 5px;'><strong>Ranuras MiniPCI-e:<\/strong> 1<\/li>\n<\/ul><\/div>\n<div style='flex: 1 1 300px; min-width: 280px;'>\n<h3 style='font-size: 22px; border-bottom: 2px solid currentColor; padding-bottom: 5px; margin-top: 0; color: inherit; opacity: 0.8;'>Otro<\/h3>\n<ul style='padding-left: 20px; font-size: 15px; color: inherit;'>\n<li style='margin-bottom: 5px;'><strong>Monitor de temperatura de PCB:<\/strong> S\u00ed<\/li>\n<li style='margin-bottom: 5px;'><strong>Monitor de voltaje:<\/strong> S\u00ed<\/li>\n<\/ul><\/div>\n<div style='flex: 1 1 300px; min-width: 280px;'>\n<h3 style='font-size: 22px; border-bottom: 2px solid currentColor; padding-bottom: 5px; margin-top: 0; color: inherit; opacity: 0.8;'>Certificaciones y aprobaciones<\/h3>\n<ul style='padding-left: 20px; font-size: 15px; color: inherit;'>\n<li style='margin-bottom: 5px;'><strong>Certificaci\u00f3n:<\/strong> CE&comma; FCC&comma; IC&comma; EAC&comma; ROHS<\/li>\n<\/ul><\/div>\n<\/p><\/div>\n<p> <!-- Pruebas de rendimiento --> <\/p>\n<div style='margin: 40px 0 20px;'>\n<h3 style='font-size: 22px; border-bottom: 2px solid currentColor; padding-bottom: 10px; margin-top: 0; color: inherit; opacity: 0.8; margin-bottom: 20px;'>Resultados de pruebas Ethernet<\/h3>\n<div style='overflow-x: auto;'>\n<table style='width: 100%; border-collapse: collapse; font-size: 14px; color: inherit;'>\n<thead>\n<tr style='background-color: rgba(0&comma;0&comma;0&comma;0.05);'>\n<th style='padding: 10px; border: 1px solid rgba(150&comma;150&comma;150&comma;0.3); text-align: left;' colspan='2'>RBwAPR-2nD&#038;R11e-LTE-US<\/th>\n<th style='padding: 10px; border: 1px solid rgba(150&comma;150&comma;150&comma;0.3); text-align: left;' colspan='6'>QCA9531 100M one port test<\/th>\n<\/tr>\n<tr style='background-color: rgba(0&comma;0&comma;0&comma;0.05);'>\n<th style='padding: 10px; border: 1px solid rgba(150&comma;150&comma;150&comma;0.3);'>Modo<\/th>\n<th style='padding: 10px; border: 1px solid rgba(150&comma;150&comma;150&comma;0.3);'>Configuraci\u00f3n<\/th>\n<th style='padding: 10px; border: 1px solid rgba(150&comma;150&comma;150&comma;0.3);' colspan='2'>1518 byte<\/th>\n<th style='padding: 10px; border: 1px solid rgba(150&comma;150&comma;150&comma;0.3);' colspan='2'>512 byte<\/th>\n<\/tr>\n<\/thead>\n<tbody>\n<tr style='border-bottom: 1px solid rgba(150&comma;150&comma;150&comma;0.3);'>\n<td style='padding: 10px; border: 1px solid rgba(150&comma;150&comma;150&comma;0.3);'>Modo 1<\/td>\n<td style='padding: 10px; border: 1px solid rgba(150&comma;150&comma;150&comma;0.3);'>Config 1<\/td>\n<td style='padding: 10px; border: 1px solid rgba(150&comma;150&comma;150&comma;0.3);'>100 Mbps<\/td>\n<td style='padding: 10px; border: 1px solid rgba(150&comma;150&comma;150&comma;0.3);'>95%<\/td>\n<td style='padding: 10px; border: 1px solid rgba(150&comma;150&comma;150&comma;0.3);'>85 Mbps<\/td>\n<td style='padding: 10px; border: 1px solid rgba(150&comma;150&comma;150&comma;0.3);'>80%<\/td>\n<\/tr>\n<tr>\n<td style='padding: 10px; border: 1px solid rgba(150&comma;150&comma;150&comma;0.3);'>Modo 2<\/td>\n<td style='padding: 10px; border: 1px solid rgba(150&comma;150&comma;150&comma;0.3);'>Config 2<\/td>\n<td style='padding: 10px; border: 1px solid rgba(150&comma;150&comma;150&comma;0.3);'>90 Mbps<\/td>\n<td style='padding: 10px; border: 1px solid rgba(150&comma;150&comma;150&comma;0.3);'>85%<\/td>\n<td style='padding: 10px; border: 1px solid rgba(150&comma;150&comma;150&comma;0.3);'>75 Mbps<\/td>\n<td style='padding: 10px; border: 1px solid rgba(150&comma;150&comma;150&comma;0.3);'>70%<\/td>\n<\/tr>\n<\/tbody>\n<\/table><\/div>\n<\/p><\/div>\n<p> <!-- Separador final --> <\/p>\n<hr style='border: 0; border-top: 1px solid rgba(150&comma; 150&comma; 150&comma; 0.3); margin: 40px 0;'> <\/div>\n","protected":false},"excerpt":{"rendered":"<p>Modem 4G(LTE) para SIM, con Wi-Fi 2.4 GHz, Para uso en casa y\/o veh\u00edculos, c\/puerto fast ethernet, Bandas (2,4,5,12)<\/p>\n","protected":false},"featured_media":73417,"comment_status":"open","ping_status":"closed","template":"","meta":[],"product_brand":[],"product_cat":[1794],"product_tag":[643,1795,1479],"class_list":{"0":"post-73418","1":"product","2":"type-product","3":"status-publish","4":"has-post-thumbnail","6":"product_cat-puntos-de-acceso","7":"product_tag-mikrotik","8":"product_tag-puntos-de-acceso","9":"product_tag-redes-wifi","11":"first","12":"outofstock","13":"sale","14":"shipping-taxable","15":"purchasable","16":"product-type-simple"},"_links":{"self":[{"href":"https:\/\/soydeaqui.ddns.net\/pachuca\/index.php\/wp-json\/wp\/v2\/product\/73418","targetHints":{"allow":["GET"]}}],"collection":[{"href":"https:\/\/soydeaqui.ddns.net\/pachuca\/index.php\/wp-json\/wp\/v2\/product"}],"about":[{"href":"https:\/\/soydeaqui.ddns.net\/pachuca\/index.php\/wp-json\/wp\/v2\/types\/product"}],"replies":[{"embeddable":true,"href":"https:\/\/soydeaqui.ddns.net\/pachuca\/index.php\/wp-json\/wp\/v2\/comments?post=73418"}],"wp:featuredmedia":[{"embeddable":true,"href":"https:\/\/soydeaqui.ddns.net\/pachuca\/index.php\/wp-json\/wp\/v2\/media\/73417"}],"wp:attachment":[{"href":"https:\/\/soydeaqui.ddns.net\/pachuca\/index.php\/wp-json\/wp\/v2\/media?parent=73418"}],"wp:term":[{"taxonomy":"product_brand","embeddable":true,"href":"https:\/\/soydeaqui.ddns.net\/pachuca\/index.php\/wp-json\/wp\/v2\/product_brand?post=73418"},{"taxonomy":"product_cat","embeddable":true,"href":"https:\/\/soydeaqui.ddns.net\/pachuca\/index.php\/wp-json\/wp\/v2\/product_cat?post=73418"},{"taxonomy":"product_tag","embeddable":true,"href":"https:\/\/soydeaqui.ddns.net\/pachuca\/index.php\/wp-json\/wp\/v2\/product_tag?post=73418"}],"curies":[{"name":"wp","href":"https:\/\/api.w.org\/{rel}","templated":true}]}}