{"id":734,"date":"2026-03-18T05:43:31","date_gmt":"2026-03-18T05:43:31","guid":{"rendered":"https:\/\/soydeaqui.ddns.net\/pachuca\/index.php\/producto\/sistema-de-llamada-de-enfermeria\/"},"modified":"2026-03-18T05:43:31","modified_gmt":"2026-03-18T05:43:31","slug":"sistema-de-llamada-de-enfermeria","status":"publish","type":"product","link":"https:\/\/soydeaqui.ddns.net\/pachuca\/index.php\/producto\/sistema-de-llamada-de-enfermeria\/","title":{"rendered":"Sistema de llamada de enfermer\u00eda"},"content":{"rendered":"<div style='width: 100%; max-width: 1200px; margin: 0 auto; font-family: sans-serif; line-height: 1.6; color: inherit; background-color: transparent;'>\n<div style='display: flex; flex-wrap: wrap; gap: 30px; margin-bottom: 30px;'>\n<div style='flex: 1 1 300px; min-width: 280px;'>\n<h3 style='font-size: 22px; border-bottom: 2px solid currentColor; padding-bottom: 5px; margin-top: 0; color: inherit; opacity: 0.8;'>Descripci\u00f3n general<\/h3>\n<p style='font-size: 15px; color: inherit; margin-top: 0; margin-bottom: 15px;'>El sistema inal\u00e1mbrico de llamada a enfermera TH108 de Retekess est\u00e1 dise\u00f1ado para mejorar la satisfacci\u00f3n del paciente y agilizar los flujos de trabajo cl\u00ednicos en entornos m\u00e9dicos. Con su avisador de largo alcance de hasta 2000 m&comma; este sistema de luces de llamada para hospitales garantiza que el personal reciba r\u00e1pidamente las llamadas procedentes de las habitaciones de los pacientes.<\/p>\n<p style='font-size: 15px; color: inherit; margin-top: 0; margin-bottom: 15px;'>Los monitores compactos para adultos se adaptan a las necesidades espec\u00edficas de las personas mayores y son f\u00e1ciles de usar. Al permitir a los usuarios establecer niveles de prioridad de llamada y utilizar tres colores de luces de alarma&comma; el sistema proporciona una clara indicaci\u00f3n de urgencia y permite tiempos de respuesta m\u00e1s r\u00e1pidos.<\/p>\n<p style='font-size: 15px; color: inherit; margin-top: 0; margin-bottom: 15px;'>Su dise\u00f1o de pulsador port\u00e1til garantiza la accesibilidad de los pacientes&comma; mejorando a\u00fan m\u00e1s su experiencia. Este sistema inal\u00e1mbrico de llamada a la enfermera ofrece comodidad y flexibilidad&comma; y contribuye a la eficacia de los cuidados a corto y a largo plazo. Gracias a la mejora de la comunicaci\u00f3n y a la gesti\u00f3n eficaz de las llamadas&comma; el sistema permite al personal responder r\u00e1pidamente a las necesidades de los pacientes y&comma; en \u00faltima instancia&comma; aumentar su satisfacci\u00f3n.<\/p>\n<\/p><\/div>\n<\/p><\/div>\n<\/p><\/div>\n","protected":false},"excerpt":{"rendered":"<p>Sistema de llamada de enfermer\u00eda<\/p>\n","protected":false},"featured_media":733,"comment_status":"open","ping_status":"closed","template":"","meta":[],"product_brand":[],"product_cat":[151],"product_tag":[152,235,126],"class_list":{"0":"post-734","1":"product","2":"type-product","3":"status-publish","4":"has-post-thumbnail","6":"product_cat-atencion-sociosanitaria","7":"product_tag-atencion-sociosanitaria","8":"product_tag-retekess","9":"product_tag-sistemas-de-emergencia","11":"first","12":"outofstock","13":"sale","14":"shipping-taxable","15":"purchasable","16":"product-type-simple"},"_links":{"self":[{"href":"https:\/\/soydeaqui.ddns.net\/pachuca\/index.php\/wp-json\/wp\/v2\/product\/734","targetHints":{"allow":["GET"]}}],"collection":[{"href":"https:\/\/soydeaqui.ddns.net\/pachuca\/index.php\/wp-json\/wp\/v2\/product"}],"about":[{"href":"https:\/\/soydeaqui.ddns.net\/pachuca\/index.php\/wp-json\/wp\/v2\/types\/product"}],"replies":[{"embeddable":true,"href":"https:\/\/soydeaqui.ddns.net\/pachuca\/index.php\/wp-json\/wp\/v2\/comments?post=734"}],"wp:featuredmedia":[{"embeddable":true,"href":"https:\/\/soydeaqui.ddns.net\/pachuca\/index.php\/wp-json\/wp\/v2\/media\/733"}],"wp:attachment":[{"href":"https:\/\/soydeaqui.ddns.net\/pachuca\/index.php\/wp-json\/wp\/v2\/media?parent=734"}],"wp:term":[{"taxonomy":"product_brand","embeddable":true,"href":"https:\/\/soydeaqui.ddns.net\/pachuca\/index.php\/wp-json\/wp\/v2\/product_brand?post=734"},{"taxonomy":"product_cat","embeddable":true,"href":"https:\/\/soydeaqui.ddns.net\/pachuca\/index.php\/wp-json\/wp\/v2\/product_cat?post=734"},{"taxonomy":"product_tag","embeddable":true,"href":"https:\/\/soydeaqui.ddns.net\/pachuca\/index.php\/wp-json\/wp\/v2\/product_tag?post=734"}],"curies":[{"name":"wp","href":"https:\/\/api.w.org\/{rel}","templated":true}]}}