{"id":73399,"date":"2026-03-19T13:20:45","date_gmt":"2026-03-19T13:20:45","guid":{"rendered":"https:\/\/soydeaqui.ddns.net\/pachuca\/index.php\/producto\/switch-industrial-poe-administrable-de-pared-capa-2-8-puertos-gigabit-poe-802-3at-y-2-puertos-100-1000x-sfp\/"},"modified":"2026-03-19T13:20:54","modified_gmt":"2026-03-19T13:20:54","slug":"switch-industrial-poe-administrable-de-pared-capa-2-8-puertos-gigabit-poe-802-3at-y-2-puertos-100-1000x-sfp","status":"publish","type":"product","link":"https:\/\/soydeaqui.ddns.net\/pachuca\/index.php\/producto\/switch-industrial-poe-administrable-de-pared-capa-2-8-puertos-gigabit-poe-802-3at-y-2-puertos-100-1000x-sfp\/","title":{"rendered":"Switch Industrial PoE Administrable de Pared Capa 2, 8 Puertos Gigabit PoE 802.3at y 2 Puertos 100\/1000X SFP"},"content":{"rendered":"<div style='width: 100%; max-width: 1200px; margin: 0 auto; font-family: sans-serif; line-height: 1.6; color: inherit; background-color: transparent;'> <!-- Im\u00e1genes de iconos --> <\/p>\n<div style='display: flex; flex-wrap: wrap; justify-content: center; gap: 15px; margin: 20px 0;'> <img style='width: auto; height: 40px; border: 1px solid rgba(150&comma;150&comma;150&comma;0.3); border-radius: 8px;' src='https:\/\/www.planet.com.tw\/storage\/icons\/2icon_IPv6IPv4_ACLQoS.png' alt=''> <img style='width: auto; height: 40px; border: 1px solid rgba(150&comma;150&comma;150&comma;0.3); border-radius: 8px;' src='https:\/\/www.planet.com.tw\/storage\/icons\/2icon_1GMP_Snooping.png' alt=''> <img style='width: auto; height: 40px; border: 1px solid rgba(150&comma;150&comma;150&comma;0.3); border-radius: 8px;' src='https:\/\/www.planet.com.tw\/storage\/icons\/4icon_SSL-SSH.png' alt=''> <img style='width: auto; height: 40px; border: 1px solid rgba(150&comma;150&comma;150&comma;0.3); border-radius: 8px;' src='https:\/\/www.planet.com.tw\/storage\/icons\/8icon_-40-degree-~75-degree.png' alt=''> <img style='width: auto; height: 40px; border: 1px solid rgba(150&comma;150&comma;150&comma;0.3); border-radius: 8px;' src='https:\/\/www.planet.com.tw\/storage\/icons\/2icon_IP-Code_30.png' alt=''> <img style='width: auto; height: 40px; border: 1px solid rgba(150&comma;150&comma;150&comma;0.3); border-radius: 8px;' src='https:\/\/www.planet.com.tw\/storage\/icons\/1icon_30W_Per-Port.png' alt=''> <\/div>\n<p> <!-- Imagen principal del producto --> <\/p>\n<div style='margin: 30px 0; text-align: center;'> <img style='width: 100%; max-width: 600px; height: auto; border: 1px solid rgba(150&comma;150&comma;150&comma;0.3); border-radius: 8px;' src='https:\/\/www.planet.com.tw\/storage\/products\/48850\/WGS-4215-8P2Sv1.1-1.png' alt='Switch Industrial PoE Administrable de Pared Capa 2'> <\/div>\n<p> <!-- Secci\u00f3n de im\u00e1genes con descripciones --> <\/p>\n<div style='display: grid; grid-template-columns: 1fr; gap: 30px; margin: 30px 0;'>\n<div style='text-align: center;'> <img style='width: 100%; max-width: 500px; height: auto; border: 1px solid rgba(150&comma;150&comma;150&comma;0.3); border-radius: 8px; margin: 0 auto 15px;' src='https:\/\/www.planet.com.tw\/storage\/products\/48850\/WGS-4215-8P2Sv1.1-2.png' alt='Instalaci\u00f3n de montajes en pared'> <\/p>\n<h3 style='font-size: 20px; border-bottom: 2px solid currentColor; padding-bottom: 5px; margin-top: 15px; color: inherit; opacity: 0.8;'>Instalaci\u00f3n de montajes en pared fijas&comma; magn\u00e9ticas y en carril DIN<\/h3>\n<\/p><\/div>\n<div style='text-align: center;'> <img style='width: 100%; max-width: 500px; height: auto; border: 1px solid rgba(150&comma;150&comma;150&comma;0.3); border-radius: 8px; margin: 0 auto 15px;' src='https:\/\/www.planet.com.tw\/storage\/products\/48850\/SGS-5220-24T2X-6_L.png' alt='Programaci\u00f3n del PoE para ahorro de energ\u00eda'> <\/p>\n<h3 style='font-size: 20px; border-bottom: 2px solid currentColor; padding-bottom: 5px; margin-top: 15px; color: inherit; opacity: 0.8;'>Programaci\u00f3n del PoE para el ahorro de energ\u00eda<\/h3>\n<\/p><\/div>\n<div style='text-align: center;'> <img style='width: 100%; max-width: 500px; height: auto; border: 1px solid rgba(150&comma;150&comma;150&comma;0.3); border-radius: 8px; margin: 0 auto 15px;' src='https:\/\/www.planet.com.tw\/storage\/products\/48850\/WGS-4215-8P2Sv1.1-3.png' alt='Switch de seguridad para automatizaci\u00f3n'> <\/p>\n<h3 style='font-size: 20px; border-bottom: 2px solid currentColor; padding-bottom: 5px; margin-top: 15px; color: inherit; opacity: 0.8;'>Switch de seguridad para automatizaci\u00f3n<\/h3>\n<\/p><\/div>\n<div style='text-align: center;'> <img style='width: 100%; max-width: 500px; height: auto; border: 1px solid rgba(150&comma;150&comma;150&comma;0.3); border-radius: 8px; margin: 0 auto 15px;' src='https:\/\/www.planet.com.tw\/storage\/products\/48850\/WGS-4215-8P2Sv1.1-4.png' alt='Integraci\u00f3n con soluciones de vigilancia'> <\/p>\n<h3 style='font-size: 20px; border-bottom: 2px solid currentColor; padding-bottom: 5px; margin-top: 15px; color: inherit; opacity: 0.8;'>Integraci\u00f3n con soluciones de vigilancia<\/h3>\n<\/p><\/div>\n<\/p><\/div>\n<p> <!-- Separador --> <\/p>\n<hr style='border: 0; border-top: 1px solid rgba(150&comma; 150&comma; 150&comma; 0.3); margin: 30px 0;'> <!-- Secci\u00f3n de especificaciones --> <\/p>\n<div style='margin: 30px 0;'>\n<h2 style='font-size: 24px; text-align: center; margin-bottom: 20px; color: inherit;'>Especificaciones<\/h2>\n<p> <!-- Cards de especificaciones --> <\/p>\n<div style='display: flex; flex-wrap: wrap; gap: 20px; margin-bottom: 30px; justify-content: center;'> <!-- Caracter\u00edsticas Principales --> <\/p>\n<div style='flex: 1 1 250px; border: 1px solid rgba(150&comma; 150&comma; 150&comma; 0.4); border-radius: 8px; overflow: hidden; display: flex; flex-direction: column; max-width: 400px;'>\n<div style='padding: 15px; border-bottom: 1px solid rgba(150&comma; 150&comma; 150&comma; 0.2); font-weight: bold; font-size: 18px; background-color: #0d6efd; color: #ffffff;'>Caracter\u00edsticas Principales:<\/div>\n<div style='padding: 15px; color: inherit;'>\n<ul style='padding-left: 20px; margin: 0; font-size: 14px; list-style-type: disc;'>\n<li style='margin-bottom: 5px;'>Hasta 8 puertos de dispositivos IEEE 802.3af\/802.3at<\/li>\n<li style='margin-bottom: 5px;'>Presupuesto PoE de 200 Watts<\/li>\n<li style='margin-bottom: 5px;'>Admite alimentaci\u00f3n PoE hasta 36 watts para cada puerto PoE<\/li>\n<li style='margin-bottom: 5px;'>La protecci\u00f3n del circuito evita interferencias de energ\u00eda entre los puertos<\/li>\n<li style='margin-bottom: 5px;'>La alimentaci\u00f3n el\u00e9ctrica remota hasta 100 metros en modo est\u00e1ndar y 250 m en modo extendido<\/li>\n<li style='margin-bottom: 5px;'>Dise\u00f1o de entrada de energ\u00eda dual<\/li>\n<li style='margin-bottom: 5px;'>Tama\u00f1o de tabla de direcciones MAC de 8K.<\/li>\n<\/ul><\/div>\n<\/p><\/div>\n<p> <!-- Caracter\u00edsticas F\u00edsicas y El\u00e9ctricas --> <\/p>\n<div style='flex: 1 1 250px; border: 1px solid rgba(150&comma; 150&comma; 150&comma; 0.4); border-radius: 8px; overflow: hidden; display: flex; flex-direction: column; max-width: 400px;'>\n<div style='padding: 15px; border-bottom: 1px solid rgba(150&comma; 150&comma; 150&comma; 0.2); font-weight: bold; font-size: 18px; background-color: #0d6efd; color: #ffffff;'>Caracter\u00edsticas F\u00edsicas y El\u00e9ctricas:<\/div>\n<div style='padding: 15px; color: inherit;'>\n<ul style='padding-left: 20px; margin: 0; font-size: 14px; list-style-type: disc;'>\n<li style='margin-bottom: 5px;'>Tama\u00f1o compacto con dise\u00f1o de montaje en pared fijo&comma; montaje en pared magn\u00e9tico o riel DIN<\/li>\n<li style='margin-bottom: 5px;'>Caja met\u00e1lica IP30.<\/li>\n<li style='margin-bottom: 5px;'>8 puertos de cobre Gigabit RJ45 10\/100\/1000BASE-T con funci\u00f3n de inyector PoE+ IEEE 802.3at.<\/li>\n<li style='margin-bottom: 5px;'>2 puertos mini-GBIC\/SFP 100\/1000BASE-X.<\/li>\n<li style='margin-bottom: 5px;'>Soporta temperaturas de funcionamiento de -40 a 75 grados C.<\/li>\n<li style='margin-bottom: 5px;'>Admite protecci\u00f3n Ethernet ESD de 6 KV CC.<\/li>\n<li style='margin-bottom: 5px;'>Entrada de alimentaci\u00f3n amplia de 48 V ~ 54 V CC con protecci\u00f3n de polaridad inversa. <span style='background-color: #e67e23; color: #000000;'>(No incluye fuente)<\/span><\/li>\n<li style='margin-bottom: 5px;'>Bloque de terminales de 3 pines o conector jack de CC.<\/li>\n<li style='margin-bottom: 5px;'>Dimensiones: 178 x 24.2 x 134 mm<\/li>\n<li style='margin-bottom: 5px;'>Peso: 640 gramos.<\/li>\n<\/ul><\/div>\n<\/p><\/div>\n<p> <!-- El Paquete Incluye --> <\/p>\n<div style='flex: 1 1 250px; border: 1px solid rgba(150&comma; 150&comma; 150&comma; 0.4); border-radius: 8px; overflow: hidden; display: flex; flex-direction: column; max-width: 400px;'>\n<div style='padding: 15px; border-bottom: 1px solid rgba(150&comma; 150&comma; 150&comma; 0.2); font-weight: bold; font-size: 18px; background-color: #0d6efd; color: #ffffff;'>El Paquete Incluye:<\/div>\n<div style='padding: 15px; color: inherit;'>\n<ul style='padding-left: 20px; margin: 0; font-size: 14px; list-style-type: disc;'>\n<li style='margin-bottom: 5px;'>1 Switch<\/li>\n<li style='margin-bottom: 5px;'>1 Kit de montaje en pared<\/li>\n<li style='margin-bottom: 5px;'>1 Kit de montaje magn\u00e9tico.<\/li>\n<li style='margin-bottom: 5px;'>1 Terminal de Bloque<\/li>\n<li style='margin-bottom: 5px;'>1 Kit de montaje en riel DIN<\/li>\n<\/ul><\/div>\n<\/p><\/div>\n<\/p><\/div>\n<\/p><\/div>\n<p> <!-- Separador final --> <\/p>\n<hr style='border: 0; border-top: 1px solid rgba(150&comma; 150&comma; 150&comma; 0.3); margin: 30px 0;'> <\/div>\n","protected":false},"excerpt":{"rendered":"<p>Switch Industrial PoE Administrable de Pared Capa 2, 8 Puertos Gigabit PoE 802.3at y 2 Puertos 100\/1000X SFP<\/p>\n","protected":false},"featured_media":73398,"comment_status":"open","ping_status":"closed","template":"","meta":[],"product_brand":[],"product_cat":[1984],"product_tag":[1985,664,2033],"class_list":{"0":"post-73399","1":"product","2":"type-product","3":"status-publish","4":"has-post-thumbnail","6":"product_cat-industrial","7":"product_tag-industrial","8":"product_tag-networking","9":"product_tag-planet","11":"first","12":"instock","13":"sale","14":"shipping-taxable","15":"purchasable","16":"product-type-simple"},"_links":{"self":[{"href":"https:\/\/soydeaqui.ddns.net\/pachuca\/index.php\/wp-json\/wp\/v2\/product\/73399","targetHints":{"allow":["GET"]}}],"collection":[{"href":"https:\/\/soydeaqui.ddns.net\/pachuca\/index.php\/wp-json\/wp\/v2\/product"}],"about":[{"href":"https:\/\/soydeaqui.ddns.net\/pachuca\/index.php\/wp-json\/wp\/v2\/types\/product"}],"replies":[{"embeddable":true,"href":"https:\/\/soydeaqui.ddns.net\/pachuca\/index.php\/wp-json\/wp\/v2\/comments?post=73399"}],"wp:featuredmedia":[{"embeddable":true,"href":"https:\/\/soydeaqui.ddns.net\/pachuca\/index.php\/wp-json\/wp\/v2\/media\/73398"}],"wp:attachment":[{"href":"https:\/\/soydeaqui.ddns.net\/pachuca\/index.php\/wp-json\/wp\/v2\/media?parent=73399"}],"wp:term":[{"taxonomy":"product_brand","embeddable":true,"href":"https:\/\/soydeaqui.ddns.net\/pachuca\/index.php\/wp-json\/wp\/v2\/product_brand?post=73399"},{"taxonomy":"product_cat","embeddable":true,"href":"https:\/\/soydeaqui.ddns.net\/pachuca\/index.php\/wp-json\/wp\/v2\/product_cat?post=73399"},{"taxonomy":"product_tag","embeddable":true,"href":"https:\/\/soydeaqui.ddns.net\/pachuca\/index.php\/wp-json\/wp\/v2\/product_tag?post=73399"}],"curies":[{"name":"wp","href":"https:\/\/api.w.org\/{rel}","templated":true}]}}