{"id":73397,"date":"2026-03-19T13:20:41","date_gmt":"2026-03-19T13:20:41","guid":{"rendered":"https:\/\/soydeaqui.ddns.net\/pachuca\/index.php\/producto\/licencia-vcstack-plus-para-cfc960\/"},"modified":"2026-03-19T13:20:42","modified_gmt":"2026-03-19T13:20:42","slug":"licencia-vcstack-plus-para-cfc960","status":"publish","type":"product","link":"https:\/\/soydeaqui.ddns.net\/pachuca\/index.php\/producto\/licencia-vcstack-plus-para-cfc960\/","title":{"rendered":"Licencia VCStack Plus para CFC960"},"content":{"rendered":"<div style='width: 100%; max-width: 1200px; margin: 0 auto; font-family: sans-serif; line-height: 1.6; color: inherit; background-color: transparent;'>\n<div style='display: flex; flex-direction: column; gap: 20px;'>\n<div style='width: 100%;'>\n<h2 style='font-size: 24px; margin-top: 0; margin-bottom: 15px; color: inherit; opacity: 0.9;'>El uso de Allied Telesis VCStack\u2122 en su red permite que varios conmutadores aparezcan como un \u00fanico chasis virtual.<\/h2>\n<div style='display: flex; flex-direction: column; gap: 15px;'>\n<p style='margin: 0; color: inherit;'>En funcionamiento normal&comma; este chasis virtual act\u00faa como un \u00fanico conmutador&comma; lo que simplifica la gesti\u00f3n. El diagrama muestra la agregaci\u00f3n de enlaces entre el n\u00facleo VCStack\u2122 y los conmutadores de borde. Con la agregaci\u00f3n de enlaces a trav\u00e9s de puertos en diferentes miembros del chasis virtual&comma; no hay interrupci\u00f3n perceptible en el caso de una falla en el enlace y el ancho de banda completo de la red permanece disponible. La conmutaci\u00f3n por error casi sin \u00e9xito garantiza un tiempo de inactividad de la red absolutamente m\u00ednimo en caso de que surja un problema.<\/p>\n<p> <img style='width: 100%; height: auto; border: 1px solid rgba(150&comma;150&comma;150&comma;0.3); border-radius: 8px;' src='https:\/\/ftp3.syscom.mx\/usuarios\/fotos\/ATFLCF9VCSPL\/154384-vcstack01.png' alt=''> <\/p>\n<p style='margin: 0; color: inherit;'>VCStack y la agregaci\u00f3n de enlaces brindan una soluci\u00f3n en la que los servidores y otros recursos de la red se distribuyen entre los miembros del chasis virtual&comma; lo que garantiza la capacidad de recuperaci\u00f3n del dispositivo y la ruta. La virtualizaci\u00f3n del n\u00facleo de la red garantiza el acceso ininterrumpido a la informaci\u00f3n cuando sea necesario. La tecnolog\u00eda de apilamiento de Allied Telesis se extiende a los conmutadores de chasis con VCStack Plus&comma; donde dos conmutadores de chasis de la serie SwitchBlade x8100 se pueden apilar juntos. Esto proporciona todos los beneficios de resiliencia de un conmutador de chasis real con sus controladores duales&comma; m\u00faltiples fuentes de alimentaci\u00f3n&comma; componentes intercambiables en caliente&comma; etc.&comma; pero duplicado para la soluci\u00f3n de n\u00facleo de red grande definitiva.<\/p>\n<p> <img style='width: 100%; height: auto; border: 1px solid rgba(150&comma;150&comma;150&comma;0.3); border-radius: 8px;' src='https:\/\/ftp3.syscom.mx\/usuarios\/fotos\/ATFLCF9VCSPL\/154384-vcstack02.png' alt=''> <\/p>\n<p style='margin: 0; color: inherit;'>La virtualizaci\u00f3n del n\u00facleo de la red garantiza el acceso ininterrumpido a la informaci\u00f3n cuando sea necesario. Un VCStack de Allied Telesis puede incluso extenderse a larga distancia&comma; ya que la conectividad de apilamiento de fibra significa que los miembros del apilamiento no tienen que estar ubicados en el mismo lugar&comma; sino que pueden estar a kil\u00f3metros de distancia. Un VCStack de larga distancia es perfecto para entornos de red distribuidos o soluciones de duplicaci\u00f3n de datos que admiten la recuperaci\u00f3n autom\u00e1tica ante desastres.<\/p>\n<h3 style='font-size: 22px; margin-top: 25px; margin-bottom: 15px; color: inherit; opacity: 0.8; border-bottom: 2px solid currentColor; padding-bottom: 5px;'>Agregaci\u00f3n de chasis con VCStack Plus<\/h3>\n<p> <img style='width: 100%; height: auto; border: 1px solid rgba(150&comma;150&comma;150&comma;0.3); border-radius: 8px;' src='https:\/\/ftp3.syscom.mx\/usuarios\/fotos\/ATFLCF9VCSPL\/154384-vcstack03.png' alt=''> <\/p>\n<p style='margin: 0; color: inherit;'>El diagrama muestra dos switches de chasis de la serie SwitchBlade x8100 con controladores dobles que se combinan para formar una sola unidad virtual con VCStack Plus. Este poderoso n\u00facleo de red grande ofrece una resistencia completa y la simplicidad de administrar solo un dispositivo virtual.<\/p>\n<p style='margin: 0; color: inherit;'>Con los beneficios de alta disponibilidad&comma; mayor capacidad y facilidad de administraci\u00f3n&comma; la tecnolog\u00eda VCStack de Allied Telesis hace que las redes sean confiables y simples.<\/p>\n<\/p><\/div>\n<\/p><\/div>\n<\/p><\/div>\n<\/p><\/div>\n","protected":false},"excerpt":{"rendered":"<p>Licencia VCStack Plus para CFC960<\/p>\n","protected":false},"featured_media":32,"comment_status":"open","ping_status":"closed","template":"","meta":[],"product_brand":[],"product_cat":[1996],"product_tag":[1995,1997,664],"class_list":{"0":"post-73397","1":"product","2":"type-product","3":"status-publish","4":"has-post-thumbnail","6":"product_cat-licencias-suscripciones","7":"product_tag-allied-telesis","8":"product_tag-licencias-suscripciones","9":"product_tag-networking","11":"first","12":"outofstock","13":"sale","14":"shipping-taxable","15":"purchasable","16":"product-type-simple"},"_links":{"self":[{"href":"https:\/\/soydeaqui.ddns.net\/pachuca\/index.php\/wp-json\/wp\/v2\/product\/73397","targetHints":{"allow":["GET"]}}],"collection":[{"href":"https:\/\/soydeaqui.ddns.net\/pachuca\/index.php\/wp-json\/wp\/v2\/product"}],"about":[{"href":"https:\/\/soydeaqui.ddns.net\/pachuca\/index.php\/wp-json\/wp\/v2\/types\/product"}],"replies":[{"embeddable":true,"href":"https:\/\/soydeaqui.ddns.net\/pachuca\/index.php\/wp-json\/wp\/v2\/comments?post=73397"}],"wp:featuredmedia":[{"embeddable":true,"href":"https:\/\/soydeaqui.ddns.net\/pachuca\/index.php\/wp-json\/wp\/v2\/media\/32"}],"wp:attachment":[{"href":"https:\/\/soydeaqui.ddns.net\/pachuca\/index.php\/wp-json\/wp\/v2\/media?parent=73397"}],"wp:term":[{"taxonomy":"product_brand","embeddable":true,"href":"https:\/\/soydeaqui.ddns.net\/pachuca\/index.php\/wp-json\/wp\/v2\/product_brand?post=73397"},{"taxonomy":"product_cat","embeddable":true,"href":"https:\/\/soydeaqui.ddns.net\/pachuca\/index.php\/wp-json\/wp\/v2\/product_cat?post=73397"},{"taxonomy":"product_tag","embeddable":true,"href":"https:\/\/soydeaqui.ddns.net\/pachuca\/index.php\/wp-json\/wp\/v2\/product_tag?post=73397"}],"curies":[{"name":"wp","href":"https:\/\/api.w.org\/{rel}","templated":true}]}}