{"id":7339,"date":"2026-03-18T06:55:01","date_gmt":"2026-03-18T06:55:01","guid":{"rendered":"https:\/\/soydeaqui.ddns.net\/pachuca\/index.php\/producto\/poste-de-1-2-m-fabricado-en-tubo-de-acero-galvanizado-con-5-aisladores-de-paso\/"},"modified":"2026-03-18T06:55:04","modified_gmt":"2026-03-18T06:55:04","slug":"poste-de-1-2-m-fabricado-en-tubo-de-acero-galvanizado-con-5-aisladores-de-paso","status":"publish","type":"product","link":"https:\/\/soydeaqui.ddns.net\/pachuca\/index.php\/producto\/poste-de-1-2-m-fabricado-en-tubo-de-acero-galvanizado-con-5-aisladores-de-paso\/","title":{"rendered":"Poste de 1.2 m fabricado en tubo de acero galvanizado con 5 aisladores de paso"},"content":{"rendered":"<div style='width: 100%; max-width: 1200px; margin: 0 auto; font-family: sans-serif; line-height: 1.6; color: inherit; background-color: transparent;'> <!-- Banner principal --> <\/p>\n<div style='width: 100%; height: 400px; background-image: url('http:\/\/ftp3.syscom.mx\/usuarios\/ftp\/single_page\/yonusa\/cerco-bkg-header.png'); background-size: cover; background-repeat: no-repeat; background-position: center center; position: relative; margin-bottom: 30px;'>\n<div style='position: absolute; top: 50%; left: 50%; transform: translate(-50%&comma; -50%); width: 100%; text-align: center;'>\n<h1 style='font-size: 2.5em; font-weight: 900; color: white; text-shadow: 2px 2px 2px #29292a; margin: 0; padding: 0;'> Cerco El\u00e9ctrico de Alto Voltaje Controlado Contra Intrusos <\/h1>\n<\/p><\/div>\n<\/p><\/div>\n<p> <!-- Imagen principal --> <\/p>\n<div style='position: relative; margin-bottom: 30px;'> <img style='width: 100%; height: auto; max-height: 290px; object-fit: contain; border: 1px solid rgba(150&comma;150&comma;150&comma;0.3); border-radius: 8px; margin-top: -130px;' src='http:\/\/ftp3.syscom.mx\/usuarios\/ftp\/single_page\/yonusa\/SYSNG250-l-3.png' alt=''> <\/div>\n<p> <!-- Iconos de caracter\u00edsticas --> <\/p>\n<div style='display: flex; flex-wrap: wrap; gap: 15px; margin-bottom: 30px; justify-content: center;'>\n<div style='flex: 1 1 200px; min-width: 180px; text-align: center;'> <img style='width: 60px; height: 60px; object-fit: contain; margin-bottom: 10px;' src='http:\/\/ftp3.syscom.mx\/usuarios\/ftp\/single_page\/yonusa\/YN-_VOLT.png' alt=''> <\/p>\n<p style='margin: 0; font-size: 14px; color: inherit;'>Atenuaci\u00f3n de voltaje<\/p>\n<\/p><\/div>\n<div style='flex: 1 1 200px; min-width: 180px; text-align: center;'> <img style='width: 60px; height: 60px; object-fit: contain; margin-bottom: 10px;' src='http:\/\/ftp3.syscom.mx\/usuarios\/ftp\/single_page\/yonusa\/YN-_CORTE.png' alt=''> <\/p>\n<p style='margin: 0; font-size: 14px; color: inherit;'>Corte de l\u00ednea<\/p>\n<\/p><\/div>\n<div style='flex: 1 1 200px; min-width: 180px; text-align: center;'> <img style='width: 60px; height: 60px; object-fit: contain; margin-bottom: 10px;' src='http:\/\/ftp3.syscom.mx\/usuarios\/ftp\/single_page\/yonusa\/YN-_ATERRIZAJE.png' alt=''> <\/p>\n<p style='margin: 0; font-size: 14px; color: inherit;'>Aterramiento de la l\u00ednea<\/p>\n<\/p><\/div>\n<\/p><\/div>\n<p> <!-- Secci\u00f3n de caracter\u00edsticas --> <\/p>\n<div style='margin-bottom: 30px;'>\n<h3 style='font-size: 22px; border-bottom: 2px solid currentColor; padding-bottom: 5px; margin-top: 0; color: inherit; opacity: 0.8;'>CARACTER\u00cdSTICAS DE LOS TUBOS:<\/h3>\n<ul style='padding-left: 20px; font-size: 15px; color: inherit;'>\n<li style='margin-bottom: 5px;'>Tubo de acero galvanizado G60.<\/li>\n<li style='margin-bottom: 5px;'>Alta resistencia a la corrosi\u00f3n y al medio ambiente.<\/li>\n<li style='margin-bottom: 5px;'>Tap\u00f3n pl\u00e1stico.<\/li>\n<li style='margin-bottom: 5px;'>Di\u00e1metro 1\u201d exterior.<\/li>\n<li style='margin-bottom: 5px;'>Pared interna de 1.7mm-2.0mm.<\/li>\n<li style='margin-bottom: 5px;'>5 Aisladores de Paso \/ Esquina.<\/li>\n<li style='margin-bottom: 5px;'>Remaches de Aluminio (usados con los Aisladores de Paso)<\/li>\n<li style='margin-bottom: 5px;'>Altura promedio de 1.20mts.<\/li>\n<\/ul><\/div>\n<p> <!-- Secci\u00f3n de caracter\u00edsticas de aisladores --> <\/p>\n<div style='margin-bottom: 30px;'>\n<h3 style='font-size: 22px; border-bottom: 2px solid currentColor; padding-bottom: 5px; margin-top: 0; color: inherit; opacity: 0.8;'>CARACTER\u00cdSTICAS DE LOS AISLADORES:<\/h3>\n<ul style='padding-left: 20px; font-size: 15px; color: inherit;'>\n<li style='margin-bottom: 5px;'>Dise\u00f1ados especialmente para ser utilizados en cerco el\u00e9ctrico.<\/li>\n<li style='margin-bottom: 5px;'>Por su composici\u00f3n&comma; superan los est\u00e1ndares de resistencia al medio ambiente&comma; protecci\u00f3n contra rayos UV&comma; agua&comma; polvo&comma; as\u00ed como la no humectaci\u00f3n del mismo.<\/li>\n<li style='margin-bottom: 5px;'>Resistencia mec\u00e1nica de 30kgs. Hasta 65 kgs. Lo que le permite tener flexibilidad y fuerza.<\/li>\n<li style='margin-bottom: 5px;'>Resistencia diel\u00e9ctrica hasta 18kv. m\u00e1xima&comma; en condiciones de laboratorio.<\/li>\n<li style='margin-bottom: 5px;'>Materiales: Dise\u00f1o especial en combinaci\u00f3n con Polipropileno y Policarbonato.<\/li>\n<\/ul><\/div>\n<p> <!-- Diagrama --> <\/p>\n<div style='margin-bottom: 30px;'> <img style='width: 100%; height: auto; border: 1px solid rgba(150&comma;150&comma;150&comma;0.3); border-radius: 8px;' src='http:\/\/ftp3.syscom.mx\/usuarios\/ftp\/single_page\/yonusa\/DIAGRAMA-2.jpg' alt=''> <\/div>\n<p> <!-- Caracter\u00edsticas adicionales --> <\/p>\n<div style='display: flex; flex-wrap: wrap; gap: 15px; margin-bottom: 30px;'>\n<div style='flex: 1 1 200px; min-width: 180px; text-align: center;'> <img style='width: 60px; height: 60px; object-fit: contain; margin-bottom: 10px;' src='http:\/\/ftp3.syscom.mx\/usuarios\/ftp\/single_page\/yonusa\/YN-_PLANTA.png' alt=''> <\/p>\n<p style='margin: 0; font-size: 14px; color: inherit;'>Excelente estabilidad ante lluvia y plantas.<\/p>\n<\/p><\/div>\n<div style='flex: 1 1 200px; min-width: 180px; text-align: center;'> <img style='width: 60px; height: 60px; object-fit: contain; margin-bottom: 10px;' src='http:\/\/ftp3.syscom.mx\/usuarios\/ftp\/single_page\/yonusa\/YN-_CCTV.png' alt=''> <\/p>\n<p style='margin: 0; font-size: 14px; color: inherit;'>Listo para integraci\u00f3n a sistemas de alarma y CCTV.<\/p>\n<\/p><\/div>\n<div style='flex: 1 1 200px; min-width: 180px; text-align: center;'> <img style='width: 60px; height: 60px; object-fit: contain; margin-bottom: 10px;' src='http:\/\/ftp3.syscom.mx\/usuarios\/ftp\/single_page\/yonusa\/YN-_24-7.png' alt=''> <\/p>\n<p style='margin: 0; font-size: 14px; color: inherit;'>Respaldo por 48 hrs a falta de suministro el\u00e9ctrico.<\/p>\n<\/p><\/div>\n<div style='flex: 1 1 200px; min-width: 180px; text-align: center;'> <img style='width: 60px; height: 60px; object-fit: contain; margin-bottom: 10px;' src='http:\/\/ftp3.syscom.mx\/usuarios\/ftp\/single_page\/yonusa\/YN-_INTRUSO.png' alt=''> <\/p>\n<p style='margin: 0; font-size: 14px; color: inherit;'>Eficiente sistema que s\u00ed evita una intrusion.<\/p>\n<\/p><\/div>\n<\/p><\/div>\n<p> <!-- Im\u00e1genes de aplicaci\u00f3n --> <\/p>\n<div style='display: flex; flex-wrap: wrap; gap: 20px; margin-bottom: 30px;'>\n<div style='flex: 1 1 400px; min-width: 300px;'> <img style='width: 100%; height: auto; border: 1px solid rgba(150&comma;150&comma;150&comma;0.3); border-radius: 8px;' src='http:\/\/ftp3.syscom.mx\/usuarios\/ftp\/single_page\/yonusa\/aplicacion-2.png' alt=''> <\/div>\n<div style='flex: 1 1 400px; min-width: 300px;'> <img style='width: 100%; height: auto; border: 1px solid rgba(150&comma;150&comma;150&comma;0.3); border-radius: 8px;' src='http:\/\/ftp3.syscom.mx\/usuarios\/ftp\/single_page\/yonusa\/aplicacion-3.png' alt=''> <\/div>\n<\/p><\/div>\n<\/p><\/div>\n","protected":false},"excerpt":{"rendered":"<p>Poste de 1.2 m fabricado en tubo de acero galvanizado con 5 aisladores de paso<\/p>\n","protected":false},"featured_media":7338,"comment_status":"open","ping_status":"closed","template":"","meta":[],"product_brand":[],"product_cat":[387],"product_tag":[82,388,84],"class_list":{"0":"post-7339","1":"product","2":"type-product","3":"status-publish","4":"has-post-thumbnail","6":"product_cat-postes","7":"product_tag-cercas-electricas","8":"product_tag-postes","9":"product_tag-yonusa","11":"first","12":"instock","13":"sale","14":"shipping-taxable","15":"purchasable","16":"product-type-simple"},"_links":{"self":[{"href":"https:\/\/soydeaqui.ddns.net\/pachuca\/index.php\/wp-json\/wp\/v2\/product\/7339","targetHints":{"allow":["GET"]}}],"collection":[{"href":"https:\/\/soydeaqui.ddns.net\/pachuca\/index.php\/wp-json\/wp\/v2\/product"}],"about":[{"href":"https:\/\/soydeaqui.ddns.net\/pachuca\/index.php\/wp-json\/wp\/v2\/types\/product"}],"replies":[{"embeddable":true,"href":"https:\/\/soydeaqui.ddns.net\/pachuca\/index.php\/wp-json\/wp\/v2\/comments?post=7339"}],"wp:featuredmedia":[{"embeddable":true,"href":"https:\/\/soydeaqui.ddns.net\/pachuca\/index.php\/wp-json\/wp\/v2\/media\/7338"}],"wp:attachment":[{"href":"https:\/\/soydeaqui.ddns.net\/pachuca\/index.php\/wp-json\/wp\/v2\/media?parent=7339"}],"wp:term":[{"taxonomy":"product_brand","embeddable":true,"href":"https:\/\/soydeaqui.ddns.net\/pachuca\/index.php\/wp-json\/wp\/v2\/product_brand?post=7339"},{"taxonomy":"product_cat","embeddable":true,"href":"https:\/\/soydeaqui.ddns.net\/pachuca\/index.php\/wp-json\/wp\/v2\/product_cat?post=7339"},{"taxonomy":"product_tag","embeddable":true,"href":"https:\/\/soydeaqui.ddns.net\/pachuca\/index.php\/wp-json\/wp\/v2\/product_tag?post=7339"}],"curies":[{"name":"wp","href":"https:\/\/api.w.org\/{rel}","templated":true}]}}