{"id":73365,"date":"2026-03-19T13:19:26","date_gmt":"2026-03-19T13:19:26","guid":{"rendered":"https:\/\/soydeaqui.ddns.net\/pachuca\/index.php\/producto\/wsap-ac-lite-punto-de-acceso-wifi-para-pared-doble-banda-simultanea-en-2-4-y-5-ghz-b-g-n-ac\/"},"modified":"2026-03-19T13:19:29","modified_gmt":"2026-03-19T13:19:29","slug":"wsap-ac-lite-punto-de-acceso-wifi-para-pared-doble-banda-simultanea-en-2-4-y-5-ghz-b-g-n-ac","status":"publish","type":"product","link":"https:\/\/soydeaqui.ddns.net\/pachuca\/index.php\/producto\/wsap-ac-lite-punto-de-acceso-wifi-para-pared-doble-banda-simultanea-en-2-4-y-5-ghz-b-g-n-ac\/","title":{"rendered":"(wsAP ac lite) Punto de Acceso WiFi para Pared, Doble banda simult\u00e1nea en 2.4 y 5 GHz b\/g\/n\/ac"},"content":{"rendered":"<div style='width: 100%; max-width: 1200px; margin: 0 auto; font-family: sans-serif; line-height: 1.6; color: inherit; background-color: transparent;'>\n<div style='display: flex; flex-wrap: wrap; gap: 30px; margin-bottom: 30px;'>\n<div style='flex: 1 1 300px; min-width: 280px;'>\n<h3 style='font-size: 22px; border-bottom: 2px solid currentColor; padding-bottom: 5px; margin-top: 0; color: inherit; opacity: 0.8;'>Descripci\u00f3n General<\/h3>\n<p style='font-size: 15px; color: inherit; margin-top: 0; margin-bottom: 15px;'> El wsAP ac lite es un punto de acceso ideal para redes en hoteles&comma; centros comerciales&comma; hospitales&comma; aeropuertos&comma; etc. Tiene una carcasa discreta que cabe en tomas de corriente de pared est\u00e1ndar. De esta forma&comma; la unidad no llama la atenci\u00f3n y se mezcla con cualquier entorno. <\/p>\n<p style='font-size: 15px; color: inherit; margin-top: 0; margin-bottom: 15px;'> Cuenta con tres puertos Ethernet&comma; uno en la parte posterior para facilitar la entrada PoE y dos puertos LAN detr\u00e1s de la puerta frontal. El dispositivo ofrece cobertura WiFi simult\u00e1nea en 2&comma;4 y 5 GHz&comma; admite 802.11ac&comma; as\u00ed como est\u00e1ndares heredados. Cuenta con un puerto USB 2.0 para cargar dispositivos m\u00f3viles o para el almacenamiento. <\/p>\n<p style='font-size: 15px; color: inherit; margin-top: 0; margin-bottom: 15px;'> El dispositivo tambi\u00e9n tiene un conector de tel\u00e9fono (RJ11) para conectar un tel\u00e9fono. Como accesorio separado puede solicitar un juego de tornillos especial (c\u00f3digo de producto K50)&comma; que garantiza que la puerta inferior solo pueda ser abierta por el propietario. <\/p>\n<p style='margin-top: 0; margin-bottom: 15px;'> <a href='http:\/\/soporte.syscom.mx\/networking#mikrotik' style='color: inherit; text-decoration: none;'> <img style='width: 100%; height: auto; border: 1px solid rgba(150&comma;150&comma;150&comma;0.3); border-radius: 8px; max-width: 960px;' src='https:\/\/ftp3.syscom.mx\/usuarios\/raragon\/Imagenes_Generales\/Manuales_de_configuracion.jpg' alt=''> <\/a> <\/p>\n<\/p><\/div>\n<\/p><\/div>\n<div style='display: flex; flex-wrap: wrap; gap: 20px; margin-bottom: 30px;'>\n<div style='flex: 1 1 250px; border: 1px solid rgba(150&comma; 150&comma; 150&comma; 0.4); border-radius: 8px; overflow: hidden; display: flex; flex-direction: column;'>\n<div style='padding: 15px; border-bottom: 1px solid rgba(150&comma; 150&comma; 150&comma; 0.2); font-weight: bold; font-size: 18px; color: inherit;'>Especificaciones<\/div>\n<div style='padding: 15px; color: inherit;'>\n<ul style='padding-left: 20px; margin: 0; font-size: 14px; list-style-type: disc;'>\n<li style='margin-bottom: 5px;'><strong>Rango de operaci\u00f3n en 2412-2484MHz<\/strong><\/li>\n<li style='margin-bottom: 5px;'><strong>Rango de operaci\u00f3n en 5150-5875MHz<\/strong><\/li>\n<li style='margin-bottom: 5px;'><strong>Est\u00e1ndar 802.11b\/g\/n\/ac<\/strong><\/li>\n<li style='margin-bottom: 5px;'><strong>No incluye PoE<\/strong><\/li>\n<li style='margin-bottom: 5px;'><strong>Soporta PoE pasivo de 18 &#8211; 57 V<\/strong><\/li>\n<li style='margin-bottom: 5px;'><strong>Soporta PoE Estandar 802.3 af\/at<\/strong><\/li>\n<li style='margin-bottom: 5px;'><strong>Ganancia de la antena en 2.4GHz es de 1.5dBi<\/strong><\/li>\n<li style='margin-bottom: 5px;'><strong>Ganancia de la antena en 5GHz es de 3dBi<\/strong><\/li>\n<li style='margin-bottom: 5px;'><strong>Nivel de licencia 4<\/strong><\/li>\n<li style='margin-bottom: 5px;'><strong>1 A\u00f1o de garant\u00eda<\/strong><\/li>\n<li style='margin-bottom: 5px;'><strong>Dimensiones 112 x 126 x 30mm<\/strong><\/li>\n<\/ul><\/div>\n<\/p><\/div>\n<\/p><\/div>\n<hr style='border: 0; border-top: 1px solid rgba(150&comma; 150&comma; 150&comma; 0.3); margin: 30px 0;'>\n<div style='display: flex; flex-wrap: wrap; gap: 15px; justify-content: center; margin-bottom: 30px;'>\n<div style='flex: 1 1 250px; max-width: 250px;'> <img style='width: 100%; height: auto; border: 1px solid rgba(150&comma;150&comma;150&comma;0.3); border-radius: 8px;' src='https:\/\/img.routerboard.com\/mimg\/1490_l.jpg' alt=''> <\/div>\n<div style='flex: 1 1 250px; max-width: 250px;'> <img style='width: 100%; height: auto; border: 1px solid rgba(150&comma;150&comma;150&comma;0.3); border-radius: 8px;' src='https:\/\/img.routerboard.com\/mimg\/1492_l.jpg' alt=''> <\/div>\n<div style='flex: 1 1 250px; max-width: 250px;'> <img style='width: 100%; height: auto; border: 1px solid rgba(150&comma;150&comma;150&comma;0.3); border-radius: 8px;' src='https:\/\/img.routerboard.com\/mimg\/1491_l.jpg' alt=''> <\/div>\n<\/p><\/div>\n<div style='display: flex; justify-content: center; margin-bottom: 30px;'>\n<div style='max-width: 250px;'> <img style='width: 100%; height: auto; border: 1px solid rgba(150&comma;150&comma;150&comma;0.3); border-radius: 8px; cursor: default;' src='https:\/\/ftp3.syscom.mx\/usuarios\/fotos\/CCR101612G\/81966-garantia1.png' alt=''> <\/div>\n<\/p><\/div>\n<\/p><\/div>\n","protected":false},"excerpt":{"rendered":"<p>(wsAP ac lite) Punto de Acceso WiFi para Pared, Doble banda simult\u00e1nea en 2.4 y 5 GHz b\/g\/n\/ac<\/p>\n","protected":false},"featured_media":73364,"comment_status":"open","ping_status":"closed","template":"","meta":[],"product_brand":[],"product_cat":[1794],"product_tag":[643,1795,1479],"class_list":{"0":"post-73365","1":"product","2":"type-product","3":"status-publish","4":"has-post-thumbnail","6":"product_cat-puntos-de-acceso","7":"product_tag-mikrotik","8":"product_tag-puntos-de-acceso","9":"product_tag-redes-wifi","11":"first","12":"outofstock","13":"sale","14":"shipping-taxable","15":"purchasable","16":"product-type-simple"},"_links":{"self":[{"href":"https:\/\/soydeaqui.ddns.net\/pachuca\/index.php\/wp-json\/wp\/v2\/product\/73365","targetHints":{"allow":["GET"]}}],"collection":[{"href":"https:\/\/soydeaqui.ddns.net\/pachuca\/index.php\/wp-json\/wp\/v2\/product"}],"about":[{"href":"https:\/\/soydeaqui.ddns.net\/pachuca\/index.php\/wp-json\/wp\/v2\/types\/product"}],"replies":[{"embeddable":true,"href":"https:\/\/soydeaqui.ddns.net\/pachuca\/index.php\/wp-json\/wp\/v2\/comments?post=73365"}],"wp:featuredmedia":[{"embeddable":true,"href":"https:\/\/soydeaqui.ddns.net\/pachuca\/index.php\/wp-json\/wp\/v2\/media\/73364"}],"wp:attachment":[{"href":"https:\/\/soydeaqui.ddns.net\/pachuca\/index.php\/wp-json\/wp\/v2\/media?parent=73365"}],"wp:term":[{"taxonomy":"product_brand","embeddable":true,"href":"https:\/\/soydeaqui.ddns.net\/pachuca\/index.php\/wp-json\/wp\/v2\/product_brand?post=73365"},{"taxonomy":"product_cat","embeddable":true,"href":"https:\/\/soydeaqui.ddns.net\/pachuca\/index.php\/wp-json\/wp\/v2\/product_cat?post=73365"},{"taxonomy":"product_tag","embeddable":true,"href":"https:\/\/soydeaqui.ddns.net\/pachuca\/index.php\/wp-json\/wp\/v2\/product_tag?post=73365"}],"curies":[{"name":"wp","href":"https:\/\/api.w.org\/{rel}","templated":true}]}}