{"id":73363,"date":"2026-03-19T13:19:21","date_gmt":"2026-03-19T13:19:21","guid":{"rendered":"https:\/\/soydeaqui.ddns.net\/pachuca\/index.php\/producto\/woobm-adaptador-usb-para-administrar-equipos-mikrotik\/"},"modified":"2026-03-19T13:19:22","modified_gmt":"2026-03-19T13:19:22","slug":"woobm-adaptador-usb-para-administrar-equipos-mikrotik","status":"publish","type":"product","link":"https:\/\/soydeaqui.ddns.net\/pachuca\/index.php\/producto\/woobm-adaptador-usb-para-administrar-equipos-mikrotik\/","title":{"rendered":"(Woobm) adaptador USB para administrar equipos MikroTik"},"content":{"rendered":"<div style='width: 100%; max-width: 1200px; margin: 0 auto; font-family: sans-serif; line-height: 1.6; color: inherit; background-color: transparent;'> <!-- Secci\u00f3n de contenido con flex\/grid --> <\/p>\n<div style='display: flex; flex-wrap: wrap; gap: 30px; margin-bottom: 30px;'>\n<div style='flex: 1 1 300px; min-width: 280px;'> <img style='width: 100%; height: auto; border: 1px solid rgba(150&comma;150&comma;150&comma;0.3); border-radius: 8px;' src='https:\/\/ftp3.syscom.mx\/usuarios\/fotos\/WOOBMUSB\/154170-woobm_portada.png' alt=''> <\/p>\n<p style='font-size: 15px; margin-top: 15px; margin-bottom: 15px; color: inherit;'> La memoria USB de administraci\u00f3n inal\u00e1mbrica fuera de banda (Woobm-USB) es un asistente \u00fatil para cualquier administrador de red. Con\u00e9ctelo a cualquier puerto USB del RouterBOARD y le permitir\u00e1 acceder a la consola de ese dispositivo a trav\u00e9s de la conexi\u00f3n inal\u00e1mbrica. Se configura como un punto de acceso inal\u00e1mbrico y tiene una interfaz web simple donde puede acceder a una interfaz de terminal con todas las funciones para configurar su enrutador&comma; y donde puede configurar el propio Woobm. <\/p>\n<p style='font-size: 15px; margin-top: 15px; margin-bottom: 15px; color: inherit;'> Incluso puede funcionar como un cliente inal\u00e1mbrico: si desea administrar muchos dispositivos&comma; simplemente conecte todos los Woobms a un AP dentro de su sala de servidores y administre los enrutadores hasta all\u00ed. <\/p>\n<\/p><\/div>\n<\/p><\/div>\n<p> <!-- Secci\u00f3n de enlace a soporte --> <\/p>\n<div style='display: flex; justify-content: center; margin: 30px 0;'> <a href='http:\/\/soporte.syscom.mx\/networking#mikrotik' style='text-decoration: none;'> <img style='width: 100%; max-width: 960px; height: auto; border: 1px solid rgba(150&comma;150&comma;150&comma;0.3); border-radius: 8px;' src='https:\/\/ftp3.syscom.mx\/usuarios\/raragon\/Imagenes_Generales\/Manuales_de_configuracion.jpg' alt='Manuals'> <\/a> <\/div>\n<p> <!-- Separador --> <\/p>\n<hr style='border: 0; border-top: 1px solid rgba(150&comma; 150&comma; 150&comma; 0.3); margin: 30px 0;'> <!-- Secci\u00f3n de enlace a caracter\u00edsticas de RouterOS --> <\/p>\n<div style='text-align: center; margin: 30px 0;'>\n<h3 style='font-size: 22px; border-bottom: 2px solid currentColor; padding-bottom: 5px; margin-top: 0; color: inherit; opacity: 0.8;'> <a href='http:\/\/soporte.syscom.mx\/networking\/mikrotik\/mikrotik-caracteristicas-principales-de-routeros' style='color: inherit; text-decoration: none;'> Caracter\u00edsticas principales de RouterOS <\/a> <\/h3>\n<\/p><\/div>\n<\/p><\/div>\n","protected":false},"excerpt":{"rendered":"<p>(Woobm) adaptador USB para administrar equipos MikroTik<\/p>\n","protected":false},"featured_media":73362,"comment_status":"open","ping_status":"closed","template":"","meta":[],"product_brand":[],"product_cat":[1794],"product_tag":[643,1795,1479],"class_list":{"0":"post-73363","1":"product","2":"type-product","3":"status-publish","4":"has-post-thumbnail","6":"product_cat-puntos-de-acceso","7":"product_tag-mikrotik","8":"product_tag-puntos-de-acceso","9":"product_tag-redes-wifi","11":"first","12":"outofstock","13":"sale","14":"shipping-taxable","15":"purchasable","16":"product-type-simple"},"_links":{"self":[{"href":"https:\/\/soydeaqui.ddns.net\/pachuca\/index.php\/wp-json\/wp\/v2\/product\/73363","targetHints":{"allow":["GET"]}}],"collection":[{"href":"https:\/\/soydeaqui.ddns.net\/pachuca\/index.php\/wp-json\/wp\/v2\/product"}],"about":[{"href":"https:\/\/soydeaqui.ddns.net\/pachuca\/index.php\/wp-json\/wp\/v2\/types\/product"}],"replies":[{"embeddable":true,"href":"https:\/\/soydeaqui.ddns.net\/pachuca\/index.php\/wp-json\/wp\/v2\/comments?post=73363"}],"wp:featuredmedia":[{"embeddable":true,"href":"https:\/\/soydeaqui.ddns.net\/pachuca\/index.php\/wp-json\/wp\/v2\/media\/73362"}],"wp:attachment":[{"href":"https:\/\/soydeaqui.ddns.net\/pachuca\/index.php\/wp-json\/wp\/v2\/media?parent=73363"}],"wp:term":[{"taxonomy":"product_brand","embeddable":true,"href":"https:\/\/soydeaqui.ddns.net\/pachuca\/index.php\/wp-json\/wp\/v2\/product_brand?post=73363"},{"taxonomy":"product_cat","embeddable":true,"href":"https:\/\/soydeaqui.ddns.net\/pachuca\/index.php\/wp-json\/wp\/v2\/product_cat?post=73363"},{"taxonomy":"product_tag","embeddable":true,"href":"https:\/\/soydeaqui.ddns.net\/pachuca\/index.php\/wp-json\/wp\/v2\/product_tag?post=73363"}],"curies":[{"name":"wp","href":"https:\/\/api.w.org\/{rel}","templated":true}]}}