{"id":73344,"date":"2026-03-19T13:18:39","date_gmt":"2026-03-19T13:18:39","guid":{"rendered":"https:\/\/soydeaqui.ddns.net\/pachuca\/index.php\/producto\/repetidor-extensor-de-cobertura-wifi-n-300-mbps-2-4-ghz-con-1-puerto-10-100-mbps\/"},"modified":"2026-03-19T13:18:40","modified_gmt":"2026-03-19T13:18:40","slug":"repetidor-extensor-de-cobertura-wifi-n-300-mbps-2-4-ghz-con-1-puerto-10-100-mbps","status":"publish","type":"product","link":"https:\/\/soydeaqui.ddns.net\/pachuca\/index.php\/producto\/repetidor-extensor-de-cobertura-wifi-n-300-mbps-2-4-ghz-con-1-puerto-10-100-mbps\/","title":{"rendered":"Repetidor \/ Extensor de Cobertura WiFi N, 300 Mbps, 2.4 GHz , con 1 puerto 10\/100 Mbps"},"content":{"rendered":"<div style='width: 100%; max-width: 1200px; margin: 0 auto; font-family: sans-serif; line-height: 1.6; color: inherit; background-color: transparent;'>\n<div style='display: flex; flex-wrap: wrap; gap: 30px; margin-bottom: 30px;'>\n<div style='flex: 1 1 300px; min-width: 280px;'>\n<h3 style='font-size: 22px; border-bottom: 2px solid currentColor; padding-bottom: 5px; margin-top: 0; color: inherit; opacity: 0.8;'>Amplifique la cobertura del router<\/h3>\n<p style='font-size: 15px; color: inherit;'>\u00bfCansado de \u201czonas muertas\u201d de Wi-Fi? El extensor de cobertura de TP-LINK se conecta a su router inal\u00e1mbricamente&comma; fortaleciendo y expandiendo su se\u00f1al en las \u00e1reas a las que no puede llegar por s\u00ed sola. El dispositivo tambi\u00e9n reduce la interferencia de se\u00f1al para asegurar un rendimiento de cobertura Wi-Fi de confianza en su hogar u oficina.<\/p>\n<\/p><\/div>\n<\/p><\/div>\n<div style='display: flex; flex-wrap: wrap; gap: 20px; margin-bottom: 30px;'>\n<div style='flex: 1 1 250px; border: 1px solid rgba(150&comma; 150&comma; 150&comma; 0.4); border-radius: 8px; overflow: hidden; display: flex; flex-direction: column;'>\n<div style='padding: 15px; border-bottom: 1px solid rgba(150&comma; 150&comma; 150&comma; 0.2); font-weight: bold; font-size: 18px; color: inherit;'>Caracter\u00edsticas principales<\/div>\n<div style='padding: 15px; color: inherit;'>\n<ul style='padding-left: 20px; margin: 0; font-size: 14px; list-style-type: disc;'>\n<li style='margin-bottom: 5px;'>El modo Extensor de Cobertura amplifica la se\u00f1al inal\u00e1mbrica perfectamente hasta zonas donde antes no llegaba o que son dif\u00edciles de cablear<\/li>\n<li style='margin-bottom: 5px;'>S\u00f3lo necesita pulsar el bot\u00f3n Range Extender para ampliar f\u00e1cilmente la cobertura inal\u00e1mbrica<\/li>\n<li style='margin-bottom: 5px;'>Su dise\u00f1o de tama\u00f1o en miniatura para montaje en pared facilita la instalaci\u00f3n y permite un traslado flexible<\/li>\n<li style='margin-bottom: 5px;'>El puerto Ethernet permite funcionar al Extensor como adaptador inal\u00e1mbrico para conectar dispositivos cableados<\/li>\n<\/ul><\/div>\n<\/p><\/div>\n<\/p><\/div>\n<div style='position: relative; padding-bottom: 56.25%; height: 0; overflow: hidden; margin-bottom: 30px;'>   <\/div>\n<p> <img style='width: 100%; height: auto; border: 1px solid rgba(150&comma;150&comma;150&comma;0.3); border-radius: 8px;' src='https:\/\/ftp3.syscom.mx\/usuarios\/esanchez\/TPLINK\/RE200\/Captura3.JPG' alt='Imagen del producto'> <\/p>\n<hr style='border: 0; border-top: 1px solid rgba(150&comma; 150&comma; 150&comma; 0.3); margin: 30px 0;'> <\/div>\n","protected":false},"excerpt":{"rendered":"<p>Repetidor \/ Extensor de Cobertura WiFi N, 300 Mbps, 2.4 GHz , con 1 puerto 10\/100 Mbps<\/p>\n","protected":false},"featured_media":73343,"comment_status":"open","ping_status":"closed","template":"","meta":[],"product_brand":[],"product_cat":[2026],"product_tag":[1479,2027,71],"class_list":{"0":"post-73344","1":"product","2":"type-product","3":"status-publish","4":"has-post-thumbnail","6":"product_cat-repetidores-de-senal","7":"product_tag-redes-wifi","8":"product_tag-repetidores-de-senal","9":"product_tag-tp-link","11":"first","12":"instock","13":"sale","14":"shipping-taxable","15":"purchasable","16":"product-type-simple"},"_links":{"self":[{"href":"https:\/\/soydeaqui.ddns.net\/pachuca\/index.php\/wp-json\/wp\/v2\/product\/73344","targetHints":{"allow":["GET"]}}],"collection":[{"href":"https:\/\/soydeaqui.ddns.net\/pachuca\/index.php\/wp-json\/wp\/v2\/product"}],"about":[{"href":"https:\/\/soydeaqui.ddns.net\/pachuca\/index.php\/wp-json\/wp\/v2\/types\/product"}],"replies":[{"embeddable":true,"href":"https:\/\/soydeaqui.ddns.net\/pachuca\/index.php\/wp-json\/wp\/v2\/comments?post=73344"}],"wp:featuredmedia":[{"embeddable":true,"href":"https:\/\/soydeaqui.ddns.net\/pachuca\/index.php\/wp-json\/wp\/v2\/media\/73343"}],"wp:attachment":[{"href":"https:\/\/soydeaqui.ddns.net\/pachuca\/index.php\/wp-json\/wp\/v2\/media?parent=73344"}],"wp:term":[{"taxonomy":"product_brand","embeddable":true,"href":"https:\/\/soydeaqui.ddns.net\/pachuca\/index.php\/wp-json\/wp\/v2\/product_brand?post=73344"},{"taxonomy":"product_cat","embeddable":true,"href":"https:\/\/soydeaqui.ddns.net\/pachuca\/index.php\/wp-json\/wp\/v2\/product_cat?post=73344"},{"taxonomy":"product_tag","embeddable":true,"href":"https:\/\/soydeaqui.ddns.net\/pachuca\/index.php\/wp-json\/wp\/v2\/product_tag?post=73344"}],"curies":[{"name":"wp","href":"https:\/\/api.w.org\/{rel}","templated":true}]}}