{"id":73339,"date":"2026-03-19T13:18:28","date_gmt":"2026-03-19T13:18:28","guid":{"rendered":"https:\/\/soydeaqui.ddns.net\/pachuca\/index.php\/producto\/adaptador-usb-nano-inalambrico-n-150-mbps-2-4-ghz-con-1-antena-interna\/"},"modified":"2026-03-19T13:18:37","modified_gmt":"2026-03-19T13:18:37","slug":"adaptador-usb-nano-inalambrico-n-150-mbps-2-4-ghz-con-1-antena-interna","status":"publish","type":"product","link":"https:\/\/soydeaqui.ddns.net\/pachuca\/index.php\/producto\/adaptador-usb-nano-inalambrico-n-150-mbps-2-4-ghz-con-1-antena-interna\/","title":{"rendered":"Adaptador USB  Nano inal\u00e1mbrico N 150 Mbps 2.4 GHz con 1 antena interna"},"content":{"rendered":"<div style='width: 100%; max-width: 1200px; margin: 0 auto; font-family: sans-serif; line-height: 1.6; color: inherit; background-color: transparent;'>\n<div style='display: flex; flex-wrap: wrap; gap: 30px; margin-bottom: 30px;'>\n<div style='flex: 1 1 300px; min-width: 280px;'>\n<h3 style='font-size: 22px; border-bottom: 2px solid currentColor; padding-bottom: 5px; margin-top: 0; color: inherit; opacity: 0.8;'>Descripci\u00f3n<\/h3>\n<p style='font-size: 15px; color: inherit; margin-bottom: 20px;'>Adaptador USB TP-LINK 150Mbps inal\u00e1mbrico N Nano&comma; TL-WN725N permite al usuario conectar un ordenador de sobremesa o port\u00e1til a una red inal\u00e1mbrica en 150Mbps. Este adaptador miniatura est\u00e1 dise\u00f1ado para ser lo m\u00e1s c\u00f3modo posible y una vez conectado al puerto USB de un ordenador&comma; se puede dejar all\u00ed&comma; ya sea que viaje o en casa. Tambi\u00e9n cuenta con encriptaci\u00f3n inal\u00e1mbrica avanzada y f\u00e1cil instalaci\u00f3n.<\/p>\n<ul style='padding-left: 20px; font-size: 15px; color: inherit;'>\n<li style='margin-bottom: 5px;'>Dise\u00f1o liso y brillante en miniatura tan peque\u00f1o que una vez conectado&comma; puede dejarlo en un puerto USB de la Laptop<\/li>\n<li style='margin-bottom: 5px;'>R\u00e1pida transmisi\u00f3n de velocidad de hasta 150Mbps ideal para el streaming de video o llamadas por internet<\/li>\n<li style='margin-bottom: 5px;'>Seguridad avanzada: Soporta 64\/128 WEP&comma; WPA&comma; PA2\/WPA-PSK\/WPA2-PSK(TKIP\/AES)<\/li>\n<li style='margin-bottom: 5px;'>Con\u00e9ctese de inmediato con la f\u00e1cil utilidad de instalaci\u00f3n en 14 idiomas<\/li>\n<\/ul><\/div>\n<\/p><\/div>\n<div style='display: flex; flex-wrap: wrap; gap: 20px; margin-bottom: 30px;'>\n<div style='flex: 1 1 250px; border: 1px solid rgba(150&comma; 150&comma; 150&comma; 0.4); border-radius: 8px; overflow: hidden; display: flex; flex-direction: column;'>\n<div style='padding: 15px; border-bottom: 1px solid rgba(150&comma; 150&comma; 150&comma; 0.2); font-weight: bold; font-size: 18px; color: inherit;'>Especificaciones<\/div>\n<div style='padding: 15px; color: inherit;'>\n<ul style='padding-left: 20px; margin: 0; font-size: 14px; list-style-type: disc;'>\n<li style='margin-bottom: 5px;'><strong style='color: inherit;'>Velocidad de transmisi\u00f3n:<\/strong> 150 Mbps<\/li>\n<li style='margin-bottom: 5px;'><strong style='color: inherit;'>Modo inal\u00e1mbrico:<\/strong> Modo Ad-Hoc \/ Infraestructura<\/li>\n<li style='margin-bottom: 5px;'><strong style='color: inherit;'>Puertos:<\/strong> 1 Puerto USB 2.0<\/li>\n<li style='margin-bottom: 5px;'><strong style='color: inherit;'>Antena:<\/strong> 1 Antena interna<\/li>\n<li style='margin-bottom: 5px;'><strong style='color: inherit;'>Est\u00e1ndares:<\/strong> IEEE 802.11n&comma; IEEE 802.11g&comma; IEEE 802.11b<\/li>\n<li style='margin-bottom: 5px;'><strong style='color: inherit;'>Frecuencia:<\/strong> 2.4 &#8211; 2.4835GHz<\/li>\n<li style='margin-bottom: 5px;'><strong style='color: inherit;'>Seguridad inal\u00e1mbrica:<\/strong> 64\/128 WEP&comma; WPA\/WPA2&comma; WPA-PSK\/WPA2-PSK (TKIP\/AES)&comma; soporta IEEE 802.1X<\/li>\n<li style='margin-bottom: 5px;'><strong style='color: inherit;'>Potencia de transmisi\u00f3n:<\/strong> &lt;20dBm<\/li>\n<li style='margin-bottom: 5px;'><strong style='color: inherit;'>Modulaci\u00f3n:<\/strong> DBPSK&comma; DQPSK&comma; CCK&comma; OFDM&comma; 16-QAM&comma; 64-QAM<\/li>\n<\/ul><\/div>\n<\/p><\/div>\n<div style='flex: 1 1 250px; border: 1px solid rgba(150&comma; 150&comma; 150&comma; 0.4); border-radius: 8px; overflow: hidden; display: flex; flex-direction: column;'>\n<div style='padding: 15px; border-bottom: 1px solid rgba(150&comma; 150&comma; 150&comma; 0.2); font-weight: bold; font-size: 18px; color: inherit;'>Caracter\u00edsticas f\u00edsicas y el\u00e9ctricas<\/div>\n<div style='padding: 15px; color: inherit;'>\n<ul style='padding-left: 20px; margin: 0; font-size: 14px; list-style-type: disc;'>\n<li style='margin-bottom: 5px;'><strong style='color: inherit;'>Temperatura de operaci\u00f3n:<\/strong> 0\u00b0C ~ 40\u00b0C (32\u00b0F ~ 104\u00b0F)<\/li>\n<li style='margin-bottom: 5px;'><strong style='color: inherit;'>Temperatura de almacenamiento:<\/strong> -40\u00b0C ~ 70\u00b0C (-40\u00b0F ~ 158\u00b0F)<\/li>\n<li style='margin-bottom: 5px;'><strong style='color: inherit;'>Dimensiones:<\/strong> 18.6x15x7.1mm<\/li>\n<li style='margin-bottom: 5px;'><strong style='color: inherit;'>Peso:<\/strong> 2.1 gramos (sin empaque)<\/li>\n<\/ul><\/div>\n<\/p><\/div>\n<div style='flex: 1 1 250px; border: 1px solid rgba(150&comma; 150&comma; 150&comma; 0.4); border-radius: 8px; overflow: hidden; display: flex; flex-direction: column;'>\n<div style='padding: 15px; border-bottom: 1px solid rgba(150&comma; 150&comma; 150&comma; 0.2); font-weight: bold; font-size: 18px; color: inherit;'>Contenido del paquete<\/div>\n<div style='padding: 15px; color: inherit;'>\n<ul style='padding-left: 20px; margin: 0; font-size: 14px; list-style-type: disc;'>\n<li style='margin-bottom: 5px;'>Adaptador USB Nano Inal\u00e1mbrico N 150Mbps TL-WN725N<\/li>\n<li style='margin-bottom: 5px;'>CD de Instalaci\u00f3n<\/li>\n<li style='margin-bottom: 5px;'>Gu\u00eda de Instalaci\u00f3n R\u00e1pida<\/li>\n<\/ul><\/div>\n<\/p><\/div>\n<\/p><\/div>\n<hr style='border: 0; border-top: 1px solid rgba(150&comma; 150&comma; 150&comma; 0.3); margin: 30px 0;'> <\/div>\n","protected":false},"excerpt":{"rendered":"<p>Adaptador USB  Nano inal\u00e1mbrico N 150 Mbps 2.4 GHz con 1 antena interna<\/p>\n","protected":false},"featured_media":73338,"comment_status":"open","ping_status":"closed","template":"","meta":[],"product_brand":[],"product_cat":[2030],"product_tag":[2031,1479,71],"class_list":{"0":"post-73339","1":"product","2":"type-product","3":"status-publish","4":"has-post-thumbnail","6":"product_cat-adaptadores-inalambricos","7":"product_tag-adaptadores-inalambricos","8":"product_tag-redes-wifi","9":"product_tag-tp-link","11":"first","12":"instock","13":"sale","14":"shipping-taxable","15":"purchasable","16":"product-type-simple"},"_links":{"self":[{"href":"https:\/\/soydeaqui.ddns.net\/pachuca\/index.php\/wp-json\/wp\/v2\/product\/73339","targetHints":{"allow":["GET"]}}],"collection":[{"href":"https:\/\/soydeaqui.ddns.net\/pachuca\/index.php\/wp-json\/wp\/v2\/product"}],"about":[{"href":"https:\/\/soydeaqui.ddns.net\/pachuca\/index.php\/wp-json\/wp\/v2\/types\/product"}],"replies":[{"embeddable":true,"href":"https:\/\/soydeaqui.ddns.net\/pachuca\/index.php\/wp-json\/wp\/v2\/comments?post=73339"}],"wp:featuredmedia":[{"embeddable":true,"href":"https:\/\/soydeaqui.ddns.net\/pachuca\/index.php\/wp-json\/wp\/v2\/media\/73338"}],"wp:attachment":[{"href":"https:\/\/soydeaqui.ddns.net\/pachuca\/index.php\/wp-json\/wp\/v2\/media?parent=73339"}],"wp:term":[{"taxonomy":"product_brand","embeddable":true,"href":"https:\/\/soydeaqui.ddns.net\/pachuca\/index.php\/wp-json\/wp\/v2\/product_brand?post=73339"},{"taxonomy":"product_cat","embeddable":true,"href":"https:\/\/soydeaqui.ddns.net\/pachuca\/index.php\/wp-json\/wp\/v2\/product_cat?post=73339"},{"taxonomy":"product_tag","embeddable":true,"href":"https:\/\/soydeaqui.ddns.net\/pachuca\/index.php\/wp-json\/wp\/v2\/product_tag?post=73339"}],"curies":[{"name":"wp","href":"https:\/\/api.w.org\/{rel}","templated":true}]}}