{"id":73323,"date":"2026-03-19T13:17:47","date_gmt":"2026-03-19T13:17:47","guid":{"rendered":"https:\/\/soydeaqui.ddns.net\/pachuca\/index.php\/producto\/lhg-xl-5-ac-cpe-y-ptp-en-5ghz-802-11-a-n-ac-con-antena-de-rejilla-de-27dbi-ahora-con-mas-velocidad-y-mayor-distancia\/"},"modified":"2026-03-19T13:17:57","modified_gmt":"2026-03-19T13:17:57","slug":"lhg-xl-5-ac-cpe-y-ptp-en-5ghz-802-11-a-n-ac-con-antena-de-rejilla-de-27dbi-ahora-con-mas-velocidad-y-mayor-distancia","status":"publish","type":"product","link":"https:\/\/soydeaqui.ddns.net\/pachuca\/index.php\/producto\/lhg-xl-5-ac-cpe-y-ptp-en-5ghz-802-11-a-n-ac-con-antena-de-rejilla-de-27dbi-ahora-con-mas-velocidad-y-mayor-distancia\/","title":{"rendered":"(LHG XL 5 ac) CPE y PtP en 5GHz  802.11 a\/n\/ac con Antena de Rejilla de 27dBi. &#8220;Ahora con M\u00e1s Velocidad y Mayor Distancia&#8221;"},"content":{"rendered":"<div style='width: 100%; max-width: 1200px; margin: 0 auto; font-family: sans-serif; line-height: 1.6; color: inherit; background-color: transparent;'>\n<div style='display: flex; flex-wrap: wrap; gap: 30px; margin-bottom: 30px;'>\n<div style='flex: 1 1 300px; min-width: 280px;'> <img style='width: 100%; height: auto; border: 1px solid rgba(150&comma;150&comma;150&comma;0.3); border-radius: 8px;' src='https:\/\/ftp3.syscom.mx\/usuarios\/fotos\/RBLHGG5ACDXL\/154894-banner_rblhgg-5acd-xl.png' alt=''> <\/div>\n<\/p><\/div>\n<div style='display: flex; flex-wrap: wrap; gap: 30px; margin-bottom: 30px;'>\n<div style='flex: 1 1 300px; min-width: 280px;'>\n<h3 style='font-size: 22px; border-bottom: 2px solid currentColor; padding-bottom: 5px; margin-top: 0; color: inherit; opacity: 0.8;'>Descripci\u00f3n<\/h3>\n<p style='font-size: 15px; color: inherit; margin-bottom: 15px;'>El LHG XL 5 ac es un dispositivo inal\u00e1mbrico de largo alcance de 5 GHz 802.11ac con una antena de red de polarizaci\u00f3n dual integrada de 27 dBi a un precio revolucionario. Es perfecto para enlaces punto a punto o para su uso como CPE a distancias m\u00e1s largas y admite el protocolo Nv2 TDMA.<\/p>\n<p style='font-size: 15px; color: inherit;'>El dispositivo incluye un puerto Ethernet de 10\/100\/1000 Mbit para utilizar plenamente las velocidades que proporciona el protocolo 802.11ac.<\/p>\n<\/p><\/div>\n<\/p><\/div>\n<div style='display: flex; flex-wrap: wrap; gap: 20px; margin-bottom: 30px;'>\n<div style='flex: 1 1 250px; border: 1px solid rgba(150&comma; 150&comma; 150&comma; 0.4); border-radius: 8px; overflow: hidden; display: flex; flex-direction: column;'>\n<div style='padding: 15px; border-bottom: 1px solid rgba(150&comma; 150&comma; 150&comma; 0.2); font-weight: bold; font-size: 18px; color: inherit;'>Especificaciones<\/div>\n<div style='padding: 15px; color: inherit;'>\n<ul style='padding-left: 20px; margin: 0; font-size: 14px; list-style-type: disc;'>\n<li style='margin-bottom: 5px;'><strong>C\u00f3digo del producto:<\/strong> RBLHGG-5acD-XL<\/li>\n<li style='margin-bottom: 5px;'><strong>Arquitectura:<\/strong> BRAZO 32 bits<\/li>\n<li style='margin-bottom: 5px;'><strong>CPU:<\/strong> IPQ-4018<\/li>\n<li style='margin-bottom: 5px;'><strong>N\u00facleos de CPU:<\/strong> 4<\/li>\n<li style='margin-bottom: 5px;'><strong>Frecuencia CPU:<\/strong> 716 MHz<\/li>\n<li style='margin-bottom: 5px;'><strong>Dimensiones:<\/strong> \u00d8 550 x 245 mm<\/li>\n<li style='margin-bottom: 5px;'><strong>Licencia RouterOS:<\/strong> 3<\/li>\n<li style='margin-bottom: 5px;'><strong>Sistema operativo:<\/strong> <a style='color: inherit; text-decoration: none;' href='https:\/\/wiki.mikrotik.com\/wiki\/Manual:TOC' target='_blank' rel='noopener'>RouterOS<\/a><\/li>\n<li style='margin-bottom: 5px;'><strong>RAM:<\/strong> 256 MB<\/li>\n<li style='margin-bottom: 5px;'><strong>Almacenamiento:<\/strong> 16 MB<\/li>\n<li style='margin-bottom: 5px;'><strong>Tipo almacenamiento:<\/strong> FLASH<\/li>\n<li style='margin-bottom: 5px;'><strong>MTBF:<\/strong> Aproximadamente 100&#8217;000 horas a 25\u00b0C<\/li>\n<li style='margin-bottom: 5px;'><strong>Temperatura operaci\u00f3n:<\/strong> -40 \u00b0C a 70 \u00b0C<\/li>\n<li style='margin-bottom: 5px;'><strong>Aceleraci\u00f3n IPsec:<\/strong> S\u00ed<\/li>\n<\/ul><\/div>\n<\/p><\/div>\n<div style='flex: 1 1 250px; border: 1px solid rgba(150&comma; 150&comma; 150&comma; 0.4); border-radius: 8px; overflow: hidden; display: flex; flex-direction: column;'>\n<div style='padding: 15px; border-bottom: 1px solid rgba(150&comma; 150&comma; 150&comma; 0.2); font-weight: bold; font-size: 18px; color: inherit;'>Alimentaci\u00f3n<\/div>\n<div style='padding: 15px; color: inherit;'>\n<ul style='padding-left: 20px; margin: 0; font-size: 14px; list-style-type: disc;'>\n<li style='margin-bottom: 5px;'><strong>Entrada de CC:<\/strong> 1 (PoE-IN)<\/li>\n<li style='margin-bottom: 5px;'><strong>Consumo m\u00e1ximo:<\/strong> 8 W<\/li>\n<li style='margin-bottom: 5px;'><strong>Refrigeraci\u00f3n:<\/strong> Pasivo<\/li>\n<li style='margin-bottom: 5px;'><strong>PoE entrada:<\/strong> PoE pasivo<\/li>\n<li style='margin-bottom: 5px;'><strong>Voltaje PoE:<\/strong> 10-30 V<\/li>\n<\/ul><\/div>\n<\/p><\/div>\n<div style='flex: 1 1 250px; border: 1px solid rgba(150&comma; 150&comma; 150&comma; 0.4); border-radius: 8px; overflow: hidden; display: flex; flex-direction: column;'>\n<div style='padding: 15px; border-bottom: 1px solid rgba(150&comma; 150&comma; 150&comma; 0.2); font-weight: bold; font-size: 18px; color: inherit;'>Inal\u00e1mbrico<\/div>\n<div style='padding: 15px; color: inherit;'>\n<ul style='padding-left: 20px; margin: 0; font-size: 14px; list-style-type: disc;'>\n<li style='margin-bottom: 5px;'><strong>Velocidad 5GHz:<\/strong> 867 Mbit\/s<\/li>\n<li style='margin-bottom: 5px;'><strong>Cadenas 5GHz:<\/strong> 2<\/li>\n<li style='margin-bottom: 5px;'><strong>Est\u00e1ndar 5GHz:<\/strong> 802.11a\/n\/ac<\/li>\n<li style='margin-bottom: 5px;'><strong>Ganancia antena 5GHz:<\/strong> 27 dBi<\/li>\n<li style='margin-bottom: 5px;'><strong>Chipset 5GHz:<\/strong> IPQ-4018<\/li>\n<li style='margin-bottom: 5px;'><strong>Generaci\u00f3n 5GHz:<\/strong> Wi-Fi 5<\/li>\n<\/ul><\/div>\n<\/p><\/div>\n<div style='flex: 1 1 250px; border: 1px solid rgba(150&comma; 150&comma; 150&comma; 0.4); border-radius: 8px; overflow: hidden; display: flex; flex-direction: column;'>\n<div style='padding: 15px; border-bottom: 1px solid rgba(150&comma; 150&comma; 150&comma; 0.2); font-weight: bold; font-size: 18px; color: inherit;'>Ethernet<\/div>\n<div style='padding: 15px; color: inherit;'>\n<ul style='padding-left: 20px; margin: 0; font-size: 14px; list-style-type: disc;'>\n<li style='margin-bottom: 5px;'><strong>Puertos 10\/100\/1000:<\/strong> 1<\/li>\n<\/ul><\/div>\n<\/p><\/div>\n<div style='flex: 1 1 250px; border: 1px solid rgba(150&comma; 150&comma; 150&comma; 0.4); border-radius: 8px; overflow: hidden; display: flex; flex-direction: column;'>\n<div style='padding: 15px; border-bottom: 1px solid rgba(150&comma; 150&comma; 150&comma; 0.2); font-weight: bold; font-size: 18px; color: inherit;'>Certificaciones<\/div>\n<div style='padding: 15px; color: inherit;'>\n<ul style='padding-left: 20px; margin: 0; font-size: 14px; list-style-type: disc;'>\n<li style='margin-bottom: 5px;'><strong>Certificaciones:<\/strong> CE&comma; FCC&comma; IC&comma; EAC&comma; ROHS<\/li>\n<li style='margin-bottom: 5px;'><strong>Clasificaci\u00f3n IP:<\/strong> IP54<\/li>\n<\/ul><\/div>\n<\/p><\/div>\n<\/p><\/div>\n<div style='display: flex; flex-wrap: wrap; gap: 30px; margin-bottom: 30px;'>\n<div style='flex: 1 1 300px; min-width: 280px;'>\n<h3 style='font-size: 22px; border-bottom: 2px solid currentColor; padding-bottom: 5px; margin-top: 0; color: inherit; opacity: 0.8;'>Especificaciones inal\u00e1mbricas 5GHz<\/h3>\n<table style='width: 100%; border-collapse: collapse; font-size: 14px; color: inherit;'>\n<thead>\n<tr style='background-color: rgba(150&comma; 150&comma; 150&comma; 0.1);'>\n<th style='text-align: left; padding: 10px; border-bottom: 1px solid rgba(150&comma;150&comma;150&comma;0.3);'>Modo<\/th>\n<th style='text-align: left; padding: 10px; border-bottom: 1px solid rgba(150&comma;150&comma;150&comma;0.3);'>Transmisi\u00f3n (dBm)<\/th>\n<th style='text-align: left; padding: 10px; border-bottom: 1px solid rgba(150&comma;150&comma;150&comma;0.3);'>Sensibilidad (dBm)<\/th>\n<\/tr>\n<\/thead>\n<tbody>\n<tr style='border-bottom: 1px solid rgba(150&comma;150&comma;150&comma;0.2);'>\n<td style='padding: 10px 10px 10px 0;'>6MBit\/s<\/td>\n<td style='padding: 10px;'>25<\/td>\n<td style='padding: 10px;'>-96<\/td>\n<\/tr>\n<tr style='border-bottom: 1px solid rgba(150&comma;150&comma;150&comma;0.2);'>\n<td style='padding: 10px 10px 10px 0;'>54 MBit\/s<\/td>\n<td style='padding: 10px;'>21<\/td>\n<td style='padding: 10px;'>-80<\/td>\n<\/tr>\n<tr style='border-bottom: 1px solid rgba(150&comma;150&comma;150&comma;0.2);'>\n<td style='padding: 10px 10px 10px 0;'>MCS0<\/td>\n<td style='padding: 10px;'>25<\/td>\n<td style='padding: 10px;'>-96<\/td>\n<\/tr>\n<tr style='border-bottom: 1px solid rgba(150&comma;150&comma;150&comma;0.2);'>\n<td style='padding: 10px 10px 10px 0;'>MCS7<\/td>\n<td style='padding: 10px;'>20<\/td>\n<td style='padding: 10px;'>-75<\/td>\n<\/tr>\n<tr>\n<td style='padding: 10px 10px 10px 0;'>MCS9<\/td>\n<td style='padding: 10px;'>18<\/td>\n<td style='padding: 10px;'>-70<\/td>\n<\/tr>\n<\/tbody>\n<\/table><\/div>\n<\/p><\/div>\n<div style='display: flex; flex-wrap: wrap; gap: 30px; margin-bottom: 30px;'>\n<div style='flex: 1 1 300px; min-width: 280px;'>\n<h3 style='font-size: 22px; border-bottom: 2px solid currentColor; padding-bottom: 5px; margin-top: 0; color: inherit; opacity: 0.8;'>Piezas incluidas<\/h3>\n<div style='display: flex; flex-wrap: wrap; gap: 15px; margin-top: 15px;'>\n<div style='flex: 1 1 100px; min-width: 100px; text-align: center;'> <img style='width: 100%; height: auto; border: 1px solid rgba(150&comma;150&comma;150&comma;0.3); border-radius: 8px;' src='https:\/\/i.mt.lv\/cdn\/rb_images\/part171391162306s.jpg' alt=''> <\/p>\n<p style='margin-top: 8px; font-size: 14px; color: inherit;'>Adaptador 24V 0.38A<\/p>\n<\/p><\/div>\n<div style='flex: 1 1 100px; min-width: 100px; text-align: center;'> <img style='width: 100%; height: auto; border: 1px solid rgba(150&comma;150&comma;150&comma;0.3); border-radius: 8px;' src='https:\/\/i.mt.lv\/cdn\/rb_images\/part81391162677s.jpg' alt=''> <\/p>\n<p style='margin-top: 8px; font-size: 14px; color: inherit;'>Anillos met\u00e1licos (dos)<\/p>\n<\/p><\/div>\n<div style='flex: 1 1 100px; min-width: 100px; text-align: center;'> <img style='width: 100%; height: auto; border: 1px solid rgba(150&comma;150&comma;150&comma;0.3); border-radius: 8px;' src='https:\/\/i.mt.lv\/cdn\/rb_images\/part111600929333s.jpg' alt=''> <\/p>\n<p style='margin-top: 8px; font-size: 14px; color: inherit;'>Inyector Gigabit PoE<\/p>\n<\/p><\/div>\n<div style='flex: 1 1 100px; min-width: 100px; text-align: center;'> <img style='width: 100%; height: auto; border: 1px solid rgba(150&comma;150&comma;150&comma;0.3); border-radius: 8px;' src='https:\/\/i.mt.lv\/cdn\/rb_images\/part611491991806s.jpg' alt=''> <\/p>\n<p style='margin-top: 8px; font-size: 14px; color: inherit;'>Kit K-LHG<\/p>\n<\/p><\/div>\n<\/p><\/div>\n<\/p><\/div>\n<\/p><\/div>\n<div style='display: flex; flex-wrap: wrap; gap: 30px; margin-bottom: 30px;'>\n<div style='flex: 1 1 300px; min-width: 280px;'>\n<p style='font-size: 14px; color: inherit;'><em>El dispositivo tiene un sistema operativo preinstalado y licenciado. No es necesaria ninguna compra separada y el producto est\u00e1 listo para usar. El dispositivo incluye actualizaciones de software gratuitas durante la vida \u00fatil del producto o un m\u00ednimo de 5 a\u00f1os a partir de la fecha de compra.<\/em><\/p>\n<\/p><\/div>\n<\/p><\/div>\n<div style='display: flex; flex-wrap: wrap; gap: 30px; margin-bottom: 30px;'>\n<div style='flex: 1 1 300px; min-width: 280px;'> <img style='width: 302px; height: auto; border: 1px solid rgba(150&comma;150&comma;150&comma;0.3); border-radius: 8px;' src='https:\/\/ftp3.syscom.mx\/usuarios\/fotos\/CCR10097G1C1S+PC\/137052-garantia1.png' alt=''> <\/div>\n<\/p><\/div>\n<hr style='border: 0; border-top: 1px solid rgba(150&comma; 150&comma; 150&comma; 0.3); margin: 30px 0;'> <\/div>\n","protected":false},"excerpt":{"rendered":"<p>(LHG XL 5 ac) CPE y PtP en 5GHz  802.11 a\/n\/ac con Antena de Rejilla de 27dBi. &#8220;Ahora con M\u00e1s Velocidad y Mayor Distancia&#8221;<\/p>\n","protected":false},"featured_media":73322,"comment_status":"open","ping_status":"closed","template":"","meta":[],"product_brand":[],"product_cat":[1998],"product_tag":[1999,1980,643],"class_list":{"0":"post-73323","1":"product","2":"type-product","3":"status-publish","4":"has-post-thumbnail","6":"product_cat-5-y-6-ghz","7":"product_tag-5-y-6-ghz","8":"product_tag-enlaces-ptp-y-ptmp","9":"product_tag-mikrotik","11":"first","12":"outofstock","13":"sale","14":"shipping-taxable","15":"purchasable","16":"product-type-simple"},"_links":{"self":[{"href":"https:\/\/soydeaqui.ddns.net\/pachuca\/index.php\/wp-json\/wp\/v2\/product\/73323","targetHints":{"allow":["GET"]}}],"collection":[{"href":"https:\/\/soydeaqui.ddns.net\/pachuca\/index.php\/wp-json\/wp\/v2\/product"}],"about":[{"href":"https:\/\/soydeaqui.ddns.net\/pachuca\/index.php\/wp-json\/wp\/v2\/types\/product"}],"replies":[{"embeddable":true,"href":"https:\/\/soydeaqui.ddns.net\/pachuca\/index.php\/wp-json\/wp\/v2\/comments?post=73323"}],"wp:featuredmedia":[{"embeddable":true,"href":"https:\/\/soydeaqui.ddns.net\/pachuca\/index.php\/wp-json\/wp\/v2\/media\/73322"}],"wp:attachment":[{"href":"https:\/\/soydeaqui.ddns.net\/pachuca\/index.php\/wp-json\/wp\/v2\/media?parent=73323"}],"wp:term":[{"taxonomy":"product_brand","embeddable":true,"href":"https:\/\/soydeaqui.ddns.net\/pachuca\/index.php\/wp-json\/wp\/v2\/product_brand?post=73323"},{"taxonomy":"product_cat","embeddable":true,"href":"https:\/\/soydeaqui.ddns.net\/pachuca\/index.php\/wp-json\/wp\/v2\/product_cat?post=73323"},{"taxonomy":"product_tag","embeddable":true,"href":"https:\/\/soydeaqui.ddns.net\/pachuca\/index.php\/wp-json\/wp\/v2\/product_tag?post=73323"}],"curies":[{"name":"wp","href":"https:\/\/api.w.org\/{rel}","templated":true}]}}