{"id":73284,"date":"2026-03-19T13:16:21","date_gmt":"2026-03-19T13:16:21","guid":{"rendered":"https:\/\/soydeaqui.ddns.net\/pachuca\/index.php\/producto\/ufiber-loco-gpon-onu-unidad-de-red-optica-con-1-puerto-wan-gpon-sc-apc-1-puerto-lan-gigabit-ethernet\/"},"modified":"2026-03-19T13:16:38","modified_gmt":"2026-03-19T13:16:38","slug":"ufiber-loco-gpon-onu-unidad-de-red-optica-con-1-puerto-wan-gpon-sc-apc-1-puerto-lan-gigabit-ethernet","status":"publish","type":"product","link":"https:\/\/soydeaqui.ddns.net\/pachuca\/index.php\/producto\/ufiber-loco-gpon-onu-unidad-de-red-optica-con-1-puerto-wan-gpon-sc-apc-1-puerto-lan-gigabit-ethernet\/","title":{"rendered":"UFiber loco GPON ONU, Unidad de red \u00f3ptica con 1 puerto WAN GPON (SC\/APC) + 1 puerto LAN Gigabit Ethernet"},"content":{"rendered":"<div style='width: 100%; max-width: 1200px; margin: 0 auto; font-family: sans-serif; line-height: 1.6; color: inherit; background-color: transparent;'> <!-- Secci\u00f3n principal --> <\/p>\n<div style='margin-bottom: 30px;'>\n<p style='font-size: 14px;'> Luciendo un elegante dise\u00f1o industrial&comma; el UFiber <strong>loco<\/strong> es un CPE GPON robusto y de alto rendimiento que presenta consumo de energ\u00eda extremadamente bajo y la elecci\u00f3n de alimentaci\u00f3n PoE pasivo de 24V o Micro-USB. <\/p>\n<\/p><\/div>\n<p> <!-- Secci\u00f3n de caracter\u00edsticas --> <\/p>\n<div style='display: flex; flex-wrap: wrap; gap: 30px; margin-bottom: 30px;'>\n<div style='flex: 1 1 300px; min-width: 280px;'>\n<h3 style='font-size: 22px; border-bottom: 2px solid currentColor; padding-bottom: 5px; margin-top: 0; color: inherit; opacity: 0.8;'>Caracter\u00edsticas<\/h3>\n<ul style='padding-left: 20px; font-size: 15px; color: inherit;'>\n<li style='margin-bottom: 5px;'>Puertos: 1 puerto WAN GPON (SC\/APC)&comma; 1 puerto LAN Gigabit Ethernet<\/li>\n<li style='margin-bottom: 5px;'>Velocidades de hasta 2.488 Gbps de downstream y 1.244 Gbps de upstream<\/li>\n<li style='margin-bottom: 5px;'>Longitud de onda: 1490 nm Upstream (TX)&comma; 1310 nm Downstream (RX)<\/li>\n<li style='margin-bottom: 5px;'>LED&#8217;s de estatus<\/li>\n<\/ul><\/div>\n<div style='flex: 1 1 300px; min-width: 280px;'>\n<h3 style='font-size: 22px; border-bottom: 2px solid currentColor; padding-bottom: 5px; margin-top: 0; color: inherit; opacity: 0.8;'>Especificaciones F\u00edsicas y El\u00e9ctricas<\/h3>\n<ul style='padding-left: 20px; font-size: 15px; color: inherit;'>\n<li style='margin-bottom: 5px;'>Alimentaci\u00f3n: PoE pasivo (24 V&comma; 1 A) o Micro-USB (5 V&comma; 1 A)<\/li>\n<li style='margin-bottom: 5px;'>Dimensiones: 76.5 x 76.5 x 26.4 mm<\/li>\n<li style='margin-bottom: 5px;'>Peso: 77 g<\/li>\n<li style='margin-bottom: 5px;'>Temperatura de Operaci\u00f3n: -10 a 45\u00b0C<\/li>\n<\/ul><\/div>\n<div style='flex: 1 1 300px; min-width: 280px;'>\n<h3 style='font-size: 22px; border-bottom: 2px solid currentColor; padding-bottom: 5px; margin-top: 0; color: inherit; opacity: 0.8;'>Incluye<\/h3>\n<ul style='padding-left: 20px; font-size: 15px; color: inherit;'>\n<li style='margin-bottom: 5px;'>Micro-USB Power Adapter (5 V&comma; 1 A) <em>*Incluido solo en el paquete individual UF-LOCO<\/em><\/li>\n<\/ul><\/div>\n<div style='flex: 1 1 300px; min-width: 280px;'>\n<h3 style='font-size: 22px; border-bottom: 2px solid currentColor; padding-bottom: 5px; margin-top: 0; color: inherit; opacity: 0.8;'>Garant\u00eda<\/h3>\n<ul style='padding-left: 20px; font-size: 15px; color: inherit;'>\n<li style='margin-bottom: 5px;'>1 A\u00f1o<\/li>\n<\/ul><\/div>\n<\/p><\/div>\n<p> <!-- Separador --> <\/p>\n<hr style='border: 0; border-top: 1px solid rgba(150&comma; 150&comma; 150&comma; 0.3); margin: 30px 0;'> <!-- Secci\u00f3n de im\u00e1genes y descripciones --> <\/p>\n<div style='display: flex; flex-direction: column; gap: 30px; margin-bottom: 30px;'>\n<div style='text-align: center;'>\n<h3 style='font-size: 20px; margin-top: 0; color: inherit;'>Status LEDs<\/h3>\n<p style='margin: 15px 0; color: inherit;'>Los LED de f\u00e1cil lectura proporcionan informaci\u00f3n de estado: conexi\u00f3n Ethernet&comma; potencia de la se\u00f1al y potencia.<\/p>\n<p> <img style='width: 100%; height: auto; border: 1px solid rgba(150&comma;150&comma;150&comma;0.3); border-radius: 8px;' src='https:\/\/prd-www-cdn.ubnt.com\/media\/images\/product-features\/ufiber-loco-features-status.jpg' alt=''> <\/div>\n<div style='text-align: center;'>\n<h3 style='font-size: 20px; margin-top: 0; color: inherit;'>Vers\u00e1til Power<\/h3>\n<p style='margin: 15px 0; color: inherit;'>La UFiber loco puede ser alimentada por un adaptador de corriente Micro-USB (incluido) o PoE pasivo de 24V.<\/p>\n<p> <img style='width: 100%; height: auto; border: 1px solid rgba(150&comma;150&comma;150&comma;0.3); border-radius: 8px;' src='https:\/\/prd-www-cdn.ubnt.com\/media\/images\/product-features\/ufiber-loco-features-ports.jpg' alt=''> <\/div>\n<div style='text-align: center;'>\n<h3 style='font-size: 20px; margin-top: 0; color: inherit;'>Dise\u00f1ado para integraci\u00f3n con UNMS<\/h3>\n<p style='margin: 15px 0; color: inherit;'>Se pueden conectar hasta 128 dispositivos UFiber loco a un solo puerto GPON. Al admitir enlaces GPON de hasta 20 km&comma; el UFiber loco se integra con UFiber OLT&comma; UFiber OLT 4 y <a href='https:\/\/help.ubnt.com\/hc\/en-us\/articles\/115009335068' target='_blank' rel='noopener noreferrer' style='color: inherit; text-decoration: underline; opacity: 0.8; transition: opacity 0.3s;' onmouseover='this.style.opacity='1'' onmouseout='this.style.opacity='0.8''>dispositivos OLT de terceros<\/a>.<\/p>\n<p> <img style='width: 100%; height: auto; border: 1px solid rgba(150&comma;150&comma;150&comma;0.3); border-radius: 8px;' src='https:\/\/prd-www-cdn.ubnt.com\/media\/images\/product-features\/nanog-features-integration-2x.jpg' alt=''> <\/div>\n<\/p><\/div>\n<\/p><\/div>\n","protected":false},"excerpt":{"rendered":"<p>UFiber loco GPON ONU, Unidad de red \u00f3ptica con 1 puerto WAN GPON (SC\/APC) + 1 puerto LAN Gigabit Ethernet<\/p>\n","protected":false},"featured_media":73283,"comment_status":"open","ping_status":"closed","template":"","meta":[],"product_brand":[],"product_cat":[2010],"product_tag":[2012,2011,166],"class_list":{"0":"post-73284","1":"product","2":"type-product","3":"status-publish","4":"has-post-thumbnail","6":"product_cat-onus-onts","7":"product_tag-onus-onts","8":"product_tag-redes-ftth-pon","9":"product_tag-ubiquiti","11":"first","12":"instock","13":"sale","14":"shipping-taxable","15":"purchasable","16":"product-type-simple"},"_links":{"self":[{"href":"https:\/\/soydeaqui.ddns.net\/pachuca\/index.php\/wp-json\/wp\/v2\/product\/73284","targetHints":{"allow":["GET"]}}],"collection":[{"href":"https:\/\/soydeaqui.ddns.net\/pachuca\/index.php\/wp-json\/wp\/v2\/product"}],"about":[{"href":"https:\/\/soydeaqui.ddns.net\/pachuca\/index.php\/wp-json\/wp\/v2\/types\/product"}],"replies":[{"embeddable":true,"href":"https:\/\/soydeaqui.ddns.net\/pachuca\/index.php\/wp-json\/wp\/v2\/comments?post=73284"}],"wp:featuredmedia":[{"embeddable":true,"href":"https:\/\/soydeaqui.ddns.net\/pachuca\/index.php\/wp-json\/wp\/v2\/media\/73283"}],"wp:attachment":[{"href":"https:\/\/soydeaqui.ddns.net\/pachuca\/index.php\/wp-json\/wp\/v2\/media?parent=73284"}],"wp:term":[{"taxonomy":"product_brand","embeddable":true,"href":"https:\/\/soydeaqui.ddns.net\/pachuca\/index.php\/wp-json\/wp\/v2\/product_brand?post=73284"},{"taxonomy":"product_cat","embeddable":true,"href":"https:\/\/soydeaqui.ddns.net\/pachuca\/index.php\/wp-json\/wp\/v2\/product_cat?post=73284"},{"taxonomy":"product_tag","embeddable":true,"href":"https:\/\/soydeaqui.ddns.net\/pachuca\/index.php\/wp-json\/wp\/v2\/product_tag?post=73284"}],"curies":[{"name":"wp","href":"https:\/\/api.w.org\/{rel}","templated":true}]}}