{"id":73279,"date":"2026-03-19T13:16:09","date_gmt":"2026-03-19T13:16:09","guid":{"rendered":"https:\/\/soydeaqui.ddns.net\/pachuca\/index.php\/producto\/ufiber-gpon-olt-terminal-de-linea-optica-hasta-512-onus-concurrentes-con-4-puertos-sfp-gpon-1-puertos-sfp-10-g\/"},"modified":"2026-03-19T13:16:18","modified_gmt":"2026-03-19T13:16:18","slug":"ufiber-gpon-olt-terminal-de-linea-optica-hasta-512-onus-concurrentes-con-4-puertos-sfp-gpon-1-puertos-sfp-10-g","status":"publish","type":"product","link":"https:\/\/soydeaqui.ddns.net\/pachuca\/index.php\/producto\/ufiber-gpon-olt-terminal-de-linea-optica-hasta-512-onus-concurrentes-con-4-puertos-sfp-gpon-1-puertos-sfp-10-g\/","title":{"rendered":"UFiber GPON OLT, Terminal de l\u00ednea \u00f3ptica hasta 512 ONUs concurrentes, con 4 puertos SFP GPON + 1 puertos SFP+ 10 G"},"content":{"rendered":"<div style='width: 100%; max-width: 1200px; margin: 0 auto; font-family: sans-serif; line-height: 1.6; color: inherit; background-color: transparent;'> <!-- Video secci\u00f3n --> <\/p>\n<div style='display: flex; flex-wrap: wrap; gap: 30px; margin-bottom: 30px;'>\n<div style='flex: 1 1 300px; min-width: 280px;'>\n<div style='position: relative; padding-bottom: 56.25%; height: 0; overflow: hidden; margin-bottom: 30px;'> <video style='position: absolute; top: 0; left: 0; width: 100%; height: 100%; border: 1px solid rgba(150&comma;150&comma;150&comma;0.3); border-radius: 8px;' controls><source src='https:\/\/uisp.com\/static\/media\/video.ab847d5f.mp4' type='video\/mp4'><\/video> <\/div>\n<\/p><\/div>\n<div style='flex: 1 1 300px; min-width: 280px;'>\n<p style='text-align: justify; font-size: 14px; color: inherit; margin-bottom: 15px;'>La configuraci\u00f3n de una red de fibra se volvi\u00f3 tan f\u00e1cil como configurar un tel\u00e9fono inteligente. Diga adi\u00f3s a las l\u00edneas de comando&comma; los manuales y las licencias.<\/p>\n<h2 style='font-size: 22px; color: inherit; margin: 0 0 15px 0; line-height: 1.3;'>Presentamos <strong>UFiber OLT<\/strong>&comma; una soluci\u00f3n de fibra que cualquiera puede implementar.<\/h2>\n<\/p><\/div>\n<\/p><\/div>\n<p> <!-- Secci\u00f3n de especificaciones --> <\/p>\n<div style='display: flex; flex-wrap: wrap; gap: 20px; margin-bottom: 30px;'>\n<div style='flex: 1 1 250px; border: 1px solid rgba(150&comma; 150&comma; 150&comma; 0.4); border-radius: 8px; overflow: hidden; display: flex; flex-direction: column;'>\n<div style='padding: 15px; border-bottom: 1px solid rgba(150&comma; 150&comma; 150&comma; 0.2); font-weight: bold; font-size: 18px; color: inherit;'>Puertos<\/div>\n<div style='padding: 15px; color: inherit;'>\n<ul style='padding-left: 20px; margin: 0; font-size: 14px; list-style-type: disc;'>\n<li style='margin-bottom: 5px;'>4 puertos GPON SFP<\/li>\n<li style='margin-bottom: 5px;'>1 puerto SFP+ 10GB<\/li>\n<\/ul><\/div>\n<\/p><\/div>\n<div style='flex: 1 1 250px; border: 1px solid rgba(150&comma; 150&comma; 150&comma; 0.4); border-radius: 8px; overflow: hidden; display: flex; flex-direction: column;'>\n<div style='padding: 15px; border-bottom: 1px solid rgba(150&comma; 150&comma; 150&comma; 0.2); font-weight: bold; font-size: 18px; color: inherit;'>Administraci\u00f3n<\/div>\n<div style='padding: 15px; color: inherit;'>\n<ul style='padding-left: 20px; margin: 0; font-size: 14px; list-style-type: disc;'>\n<li style='margin-bottom: 5px;'>A trav\u00e9s de UNMS\u2122 (Ubiquiti Network Management System)<\/li>\n<\/ul><\/div>\n<\/p><\/div>\n<div style='flex: 1 1 250px; border: 1px solid rgba(150&comma; 150&comma; 150&comma; 0.4); border-radius: 8px; overflow: hidden; display: flex; flex-direction: column;'>\n<div style='padding: 15px; border-bottom: 1px solid rgba(150&comma; 150&comma; 150&comma; 0.2); font-weight: bold; font-size: 18px; color: inherit;'>Caracter\u00edsticas<\/div>\n<div style='padding: 15px; color: inherit;'>\n<ul style='padding-left: 20px; margin: 0; font-size: 14px; list-style-type: disc;'>\n<li style='margin-bottom: 5px;'>Alto desempe\u00f1o<\/li>\n<li style='margin-bottom: 5px;'>512 ONUs concurrentes (128 Clientes por puerto)<\/li>\n<li style='margin-bottom: 5px;'>Distancia de hasta 20 km<\/li>\n<li style='margin-bottom: 5px;'>Sistema de entrega de fibra \u00f3ptica para Triple Play (datos&comma; voz&comma; IPTV \/ VoD)<\/li>\n<li style='margin-bottom: 5px;'>Velocidades de hasta 2.488 Gbps de downstream y 1.244 Gbps de upstream<\/li>\n<li style='margin-bottom: 5px;'>Sin licencias ni tarifas de uso<\/li>\n<li style='margin-bottom: 5px;'>Longitud de onda: 1490 nm Upstream (TX)&comma; 1310 nm Downstream (RX)<\/li>\n<\/ul><\/div>\n<\/p><\/div>\n<div style='flex: 1 1 250px; border: 1px solid rgba(150&comma; 150&comma; 150&comma; 0.4); border-radius: 8px; overflow: hidden; display: flex; flex-direction: column;'>\n<div style='padding: 15px; border-bottom: 1px solid rgba(150&comma; 150&comma; 150&comma; 0.2); font-weight: bold; font-size: 18px; color: inherit;'>Caracter\u00edsticas F\u00edsicas y El\u00e9ctricas<\/div>\n<div style='padding: 15px; color: inherit;'>\n<ul style='padding-left: 20px; margin: 0; font-size: 14px; list-style-type: disc;'>\n<li style='margin-bottom: 5px;'>Alimentaci\u00f3n: 100-240VAC\/50-60 Hz<\/li>\n<li style='margin-bottom: 5px;'>Dimensiones: 299.8 x 258.95 x 42.55 mm<\/li>\n<li style='margin-bottom: 5px;'>Peso: 1.93 kg<\/li>\n<li style='margin-bottom: 5px;'>Temperatura de Operaci\u00f3n: -10 a 45\u00b0 C<\/li>\n<\/ul><\/div>\n<\/p><\/div>\n<div style='flex: 1 1 250px; border: 1px solid rgba(150&comma; 150&comma; 150&comma; 0.4); border-radius: 8px; overflow: hidden; display: flex; flex-direction: column;'>\n<div style='padding: 15px; border-bottom: 1px solid rgba(150&comma; 150&comma; 150&comma; 0.2); font-weight: bold; font-size: 18px; color: inherit;'>Incluye<\/div>\n<div style='padding: 15px; color: inherit;'>\n<ul style='padding-left: 20px; margin: 0; font-size: 14px; list-style-type: disc;'>\n<li style='margin-bottom: 5px;'>Kit de montaje en rack<\/li>\n<li style='margin-bottom: 5px;'>1 M\u00f3dulo GPON B+ SFP (SC\/UPC)<\/li>\n<\/ul><\/div>\n<\/p><\/div>\n<div style='flex: 1 1 250px; border: 1px solid rgba(150&comma; 150&comma; 150&comma; 0.4); border-radius: 8px; overflow: hidden; display: flex; flex-direction: column;'>\n<div style='padding: 15px; border-bottom: 1px solid rgba(150&comma; 150&comma; 150&comma; 0.2); font-weight: bold; font-size: 18px; color: inherit;'>Garant\u00eda<\/div>\n<div style='padding: 15px; color: inherit;'>\n<ul style='padding-left: 20px; margin: 0; font-size: 14px; list-style-type: disc;'>\n<li style='margin-bottom: 5px;'>1 A\u00f1o<\/li>\n<\/ul><\/div>\n<\/p><\/div>\n<\/p><\/div>\n<p> <!-- Secci\u00f3n de administraci\u00f3n centralizada --> <\/p>\n<div style='margin-bottom: 30px; text-align: center;'>\n<h3 style='font-size: 20px; margin: 0 0 15px 0; color: inherit;'>Administraci\u00f3n Centralizada<\/h3>\n<p style='margin: 0 0 20px 0; color: inherit; font-size: 14px;'>Configure f\u00e1cilmente la OLT y administre m\u00faltiples sitios con el completo software UNMS \u2122 (Ubiquiti\u00ae Network Management System).<\/p>\n<div style='margin: 20px 0;'> <img style='width: 100%; height: auto; border: 1px solid rgba(150&comma;150&comma;150&comma;0.3); border-radius: 8px; max-width: 610px;' src='https:\/\/prd-www-cdn.ubnt.com\/media\/images\/product-features\/olt-4-features-management02-2x.jpg' alt=''> <\/div>\n<\/p><\/div>\n<p> <!-- Separador --> <\/p>\n<hr style='border: 0; border-top: 1px solid rgba(150&comma; 150&comma; 150&comma; 0.3); margin: 30px 0;'> <!-- Secci\u00f3n de conectividad --> <\/p>\n<div style='margin-bottom: 30px; text-align: center;'>\n<h3 style='font-size: 20px; margin: 0 0 15px 0; color: inherit;'>Excelente Conectividad<\/h3>\n<p style='margin: 0 auto 20px; color: inherit; font-size: 14px; max-width: 800px;'>La OLT cuenta con cuatro puertos PON para conectar hasta 512 ONU&comma; y el puerto SFP + ofrece hasta 10 Gbps de conectividad de enlace ascendente.<\/p>\n<div style='margin: 20px 0;'> <img style='width: 100%; height: auto; border: 1px solid rgba(150&comma;150&comma;150&comma;0.3); border-radius: 8px; max-width: 1300px;' src='https:\/\/prd-www-cdn.ubnt.com\/media\/images\/product-features\/olt-4-features-connectivity1-2x.jpg' alt=''> <\/div>\n<\/p><\/div>\n<p> <!-- Separador --> <\/p>\n<hr style='border: 0; border-top: 1px solid rgba(150&comma; 150&comma; 150&comma; 0.3); margin: 30px 0;'> <!-- Secci\u00f3n de montaje en rack --> <\/p>\n<div style='margin-bottom: 30px; text-align: center;'>\n<h3 style='font-size: 20px; margin: 0 0 15px 0; color: inherit;'>Montaje en Rack<\/h3>\n<p style='margin: 0 auto 20px; color: inherit; font-size: 14px; max-width: 800px;'>El chasis met\u00e1lico de 1U de altura permite un montaje conveniente en un bastidor de 19 &#8216;de tama\u00f1o est\u00e1ndar.<\/p>\n<div style='margin: 20px 0;'> <img style='width: 100%; height: auto; border: 1px solid rgba(150&comma;150&comma;150&comma;0.3); border-radius: 8px; max-width: 568px;' src='https:\/\/prd-www-cdn.ubnt.com\/media\/images\/product-features\/olt-4-features-rackmount1-2x.jpg' alt=''> <\/div>\n<\/p><\/div>\n<\/p><\/div>\n","protected":false},"excerpt":{"rendered":"<p>UFiber GPON OLT, Terminal de l\u00ednea \u00f3ptica hasta 512 ONUs concurrentes, con 4 puertos SFP GPON + 1 puertos SFP+ 10 G<\/p>\n","protected":false},"featured_media":73278,"comment_status":"open","ping_status":"closed","template":"","meta":[],"product_brand":[],"product_cat":[2018],"product_tag":[2019,2011,166],"class_list":{"0":"post-73279","1":"product","2":"type-product","3":"status-publish","4":"has-post-thumbnail","6":"product_cat-olts","7":"product_tag-olts","8":"product_tag-redes-ftth-pon","9":"product_tag-ubiquiti","11":"first","12":"outofstock","13":"sale","14":"shipping-taxable","15":"purchasable","16":"product-type-simple"},"_links":{"self":[{"href":"https:\/\/soydeaqui.ddns.net\/pachuca\/index.php\/wp-json\/wp\/v2\/product\/73279","targetHints":{"allow":["GET"]}}],"collection":[{"href":"https:\/\/soydeaqui.ddns.net\/pachuca\/index.php\/wp-json\/wp\/v2\/product"}],"about":[{"href":"https:\/\/soydeaqui.ddns.net\/pachuca\/index.php\/wp-json\/wp\/v2\/types\/product"}],"replies":[{"embeddable":true,"href":"https:\/\/soydeaqui.ddns.net\/pachuca\/index.php\/wp-json\/wp\/v2\/comments?post=73279"}],"wp:featuredmedia":[{"embeddable":true,"href":"https:\/\/soydeaqui.ddns.net\/pachuca\/index.php\/wp-json\/wp\/v2\/media\/73278"}],"wp:attachment":[{"href":"https:\/\/soydeaqui.ddns.net\/pachuca\/index.php\/wp-json\/wp\/v2\/media?parent=73279"}],"wp:term":[{"taxonomy":"product_brand","embeddable":true,"href":"https:\/\/soydeaqui.ddns.net\/pachuca\/index.php\/wp-json\/wp\/v2\/product_brand?post=73279"},{"taxonomy":"product_cat","embeddable":true,"href":"https:\/\/soydeaqui.ddns.net\/pachuca\/index.php\/wp-json\/wp\/v2\/product_cat?post=73279"},{"taxonomy":"product_tag","embeddable":true,"href":"https:\/\/soydeaqui.ddns.net\/pachuca\/index.php\/wp-json\/wp\/v2\/product_tag?post=73279"}],"curies":[{"name":"wp","href":"https:\/\/api.w.org\/{rel}","templated":true}]}}