{"id":73252,"date":"2026-03-19T13:15:08","date_gmt":"2026-03-19T13:15:08","guid":{"rendered":"https:\/\/soydeaqui.ddns.net\/pachuca\/index.php\/producto\/paquete-de-5-access-point-unifi-802-11ac-wave-2-mu-mimo4x4-con-antena-beamforming-hasta-1-7-gbps-para-interior-poe-802-3af-soportan-200-clientes-no-incluyen-poes\/"},"modified":"2026-03-19T13:15:09","modified_gmt":"2026-03-19T13:15:09","slug":"paquete-de-5-access-point-unifi-802-11ac-wave-2-mu-mimo4x4-con-antena-beamforming-hasta-1-7-gbps-para-interior-poe-802-3af-soportan-200-clientes-no-incluyen-poes","status":"publish","type":"product","link":"https:\/\/soydeaqui.ddns.net\/pachuca\/index.php\/producto\/paquete-de-5-access-point-unifi-802-11ac-wave-2-mu-mimo4x4-con-antena-beamforming-hasta-1-7-gbps-para-interior-poe-802-3af-soportan-200-clientes-no-incluyen-poes\/","title":{"rendered":"Paquete de 5 Access Point UniFi 802.11ac Wave 2, MU-MIMO4X4 con antena Beamforming, hasta 1.7 Gbps, para interior PoE 802.3af, soportan 200 clientes, No incluyen PoE\u00b4s"},"content":{"rendered":"<div style='width: 100%; max-width: 1200px; margin: 0 auto; font-family: sans-serif; line-height: 1.6; color: inherit; background-color: transparent;'> <!-- Imagen principal --> <\/p>\n<div style='width: 100%; margin-bottom: 30px;'> <img style='width: 100%; height: auto; border: 1px solid rgba(150&comma;150&comma;150&comma;0.3); border-radius: 8px;' src='https:\/\/ftp3.syscom.mx\/usuarios\/dquezada\/Ubiquiti\/UniFi\/UAP-NANOHD\/Principal.PNG' alt='Principal' \/> <\/div>\n<p> <!-- Secci\u00f3n de caracter\u00edsticas con flex --> <\/p>\n<div style='display: flex; flex-wrap: wrap; gap: 30px; margin-bottom: 30px;'>\n<div style='flex: 1 1 300px; min-width: 280px;'>\n<h3 style='font-size: 22px; border-bottom: 2px solid currentColor; padding-bottom: 5px; margin-top: 0; color: inherit; opacity: 0.8;'>Caracter\u00edsticas principales<\/h3>\n<ul style='padding-left: 20px; font-size: 15px; color: inherit;'>\n<li style='margin-bottom: 5px;'>N\u00famero m\u00e1ximo de dispositivos conectados: <strong>200 dispositivos<\/strong> cada Access Point<\/li>\n<li style='margin-bottom: 5px;'>Modo de operaci\u00f3n: <strong>Acces Point y Repetidor Uplink<\/strong> (Repetidor inal\u00e1mbrico de UAPNANOHD cableado&comma; no mas de 3 UAPNANOHD en modo &#8216;Repetidor Uplink&#8217;)<\/li>\n<li style='margin-bottom: 5px;'>Doble banda: <strong>2.4 GHz y 5 GHz<\/strong><\/li>\n<li style='margin-bottom: 5px;'>MU-MIMO 4&#215;4 en 5 GHz: <strong>Antena optimizada para 802.11ac Wave 2<\/strong><\/li>\n<li style='margin-bottom: 5px;'>BSSID: <strong>8 por banda<\/strong><\/li>\n<li style='margin-bottom: 5px;'>Potencia de salida en banda 2.4 GHz: <strong>200mW<\/strong><\/li>\n<li style='margin-bottom: 5px;'>Potencia de salida en banda 5 GHz: <strong>400mW<\/strong><\/li>\n<li style='margin-bottom: 5px;'>Ganancia de antenas: <strong>2.4 GHz 2.8 dBi y 5 GHz 3 dBi<\/strong><\/li>\n<li style='margin-bottom: 5px;'>Consumo m\u00e1ximo: <strong>11.5 W<\/strong><\/li>\n<li style='margin-bottom: 5px;'>Velocidad m\u00e1xima en banda 2.4GHz: <strong>300 Mbps<\/strong><\/li>\n<li style='margin-bottom: 5px;'>Velocidad m\u00e1xima en banda 5GHz: <strong>1733 Mbps<\/strong><\/li>\n<\/ul><\/div>\n<div style='flex: 1 1 300px; min-width: 280px;'>\n<h3 style='font-size: 22px; border-bottom: 2px solid currentColor; padding-bottom: 5px; margin-top: 0; color: inherit; opacity: 0.8;'>Especificaciones de hardware<\/h3>\n<ul style='padding-left: 20px; font-size: 15px; color: inherit;'>\n<li style='margin-bottom: 5px;'>1 puerto Ethernet 10\/100\/1000<\/li>\n<li style='margin-bottom: 5px;'>Soporta PoE pasivo de 44-57V compatible con PoE 802.3af<\/li>\n<li style='margin-bottom: 5px;'>1 bot\u00f3n de reset<\/li>\n<li style='margin-bottom: 5px;'>Paquete NO incluye alimentadores PoE<\/li>\n<\/ul>\n<h3 style='font-size: 22px; border-bottom: 2px solid currentColor; padding-bottom: 5px; margin-top: 25px; margin-bottom: 15px; color: inherit; opacity: 0.8;'>Recomendaciones<\/h3>\n<p style='font-size: 15px; color: inherit;'>Se recomienda adquirir dispositivo controlador UniFi para administrar Access Point UniFi v\u00eda remota&comma; crear hotspot&comma; enviar alertas cr\u00edticas&comma; etc:<\/p>\n<ul style='padding-left: 20px; font-size: 15px; color: inherit;'>\n<li style='margin-bottom: 5px;'><a href='https:\/\/www.syscom.mx\/producto\/UC-CK-UBIQUITI-NETWORKS-81988.html' style='color: inherit; text-decoration: underline;'>UCCK<\/a> &#8211; Para configuraciones est\u00e1ndar<\/li>\n<li style='margin-bottom: 5px;'><a href='https:\/\/www.syscom.mx\/producto\/UAS-XG-UBIQUITI-NETWORKS-151986.html' style='color: inherit; text-decoration: underline;'>UAS-XG<\/a> &#8211; Para proyectos de m\u00e1s de 100 UAPNANOHD<\/li>\n<\/ul><\/div>\n<\/p><\/div>\n<p> <!-- Secci\u00f3n de im\u00e1genes adicionales --> <\/p>\n<div style='display: flex; flex-wrap: wrap; gap: 20px; margin-bottom: 30px;'>\n<div style='flex: 1 1 300px; min-width: 280px;'> <img style='width: 100%; height: auto; border: 1px solid rgba(150&comma;150&comma;150&comma;0.3); border-radius: 8px;' src='https:\/\/ftp3.syscom.mx\/usuarios\/dquezada\/Ubiquiti\/UniFi\/UAP-NANOHD\/Paquete%20incluye%20SIN%20POE2.png' alt='Paquete incluye' \/> <\/p>\n<p style='text-align: center; font-size: 14px; color: inherit; margin-top: 10px;'>Paquete incluye (sin PoE)<\/p>\n<\/p><\/div>\n<div style='flex: 1 1 300px; min-width: 280px;'> <img style='width: 100%; height: auto; border: 1px solid rgba(150&comma;150&comma;150&comma;0.3); border-radius: 8px;' src='https:\/\/ftp3.syscom.mx\/usuarios\/dquezada\/Ubiquiti\/UniFi\/UAP-NANOHD\/el%20mas%20pequeno.JPG' alt='Dise\u00f1o compacto' \/> <\/p>\n<p style='text-align: center; font-size: 14px; color: inherit; margin-top: 10px;'>El m\u00e1s peque\u00f1o de los m\u00e1s robustos<\/p>\n<\/p><\/div>\n<\/p><\/div>\n<p> <!-- Secci\u00f3n de tablas y gr\u00e1ficos --> <\/p>\n<div style='display: flex; flex-wrap: wrap; gap: 20px; margin-bottom: 30px;'>\n<div style='flex: 1 1 400px; min-width: 300px;'> <img style='width: 100%; height: auto; border: 1px solid rgba(150&comma;150&comma;150&comma;0.3); border-radius: 8px;' src='https:\/\/ftp3.syscom.mx\/usuarios\/dquezada\/Ubiquiti\/UniFi\/UAP-NANOHD\/Maximo%20de%20usuarios%20que%20soporta.PNG' alt='M\u00e1ximo de usuarios que soporta' \/> <\/p>\n<p style='text-align: center; font-size: 14px; color: inherit; margin-top: 10px;'>M\u00e1ximo de usuarios que soporta<\/p>\n<\/p><\/div>\n<div style='flex: 1 1 400px; min-width: 300px;'> <img style='width: 100%; height: auto; border: 1px solid rgba(150&comma;150&comma;150&comma;0.3); border-radius: 8px;' src='https:\/\/ftp3.syscom.mx\/usuarios\/dquezada\/Ubiquiti\/UniFi\/UAP-NANOHD\/Maximo%20de%20usuarios%20recomendado.PNG' alt='Recomendaci\u00f3n de n\u00famero m\u00e1ximo que soporta' \/> <\/p>\n<p style='text-align: center; font-size: 14px; color: inherit; margin-top: 10px;'>Recomendaci\u00f3n de n\u00famero m\u00e1ximo que soporta<\/p>\n<\/p><\/div>\n<\/p><\/div>\n<p> <!-- Secci\u00f3n de configuraci\u00f3n y montaje --> <\/p>\n<div style='display: flex; flex-wrap: wrap; gap: 20px; margin-bottom: 30px;'>\n<div style='flex: 1 1 300px; min-width: 280px;'> <img style='width: 100%; height: auto; border: 1px solid rgba(150&comma;150&comma;150&comma;0.3); border-radius: 8px;' src='https:\/\/ftp3.syscom.mx\/usuarios\/dquezada\/Ubiquiti\/UniFi\/UAP-NANOHD\/Configura%20desde%20tu%20smartphone.PNG' alt='Configuraci\u00f3n desde smartphone' \/> <\/p>\n<p style='text-align: center; font-size: 14px; color: inherit; margin-top: 10px;'>Configura desde tu Smartphone<\/p>\n<\/p><\/div>\n<div style='flex: 1 1 300px; min-width: 280px;'> <img style='width: 100%; height: auto; border: 1px solid rgba(150&comma;150&comma;150&comma;0.3); border-radius: 8px;' src='https:\/\/ftp3.syscom.mx\/usuarios\/dquezada\/Ubiquiti\/UniFi\/UAP-NANOHD\/Montaje%20bajo%20perfil%20venta%20por%20separado.PNG' alt='Montaje bajo perfil' \/> <\/p>\n<p style='text-align: center; font-size: 14px; color: inherit; margin-top: 10px;'>Montaje para bajo perfil (no incluido)<\/p>\n<\/p><\/div>\n<\/p><\/div>\n<p> <!-- Secci\u00f3n de skins y comparativas --> <\/p>\n<div style='margin-bottom: 30px;'>\n<div style='display: flex; flex-wrap: wrap; gap: 20px; align-items: flex-start;'>\n<div style='flex: 1 1 300px; min-width: 280px;'> <img style='width: 100%; height: auto; border: 1px solid rgba(150&comma;150&comma;150&comma;0.3); border-radius: 8px;' src='https:\/\/ftp3.syscom.mx\/usuarios\/dquezada\/Ubiquiti\/UniFi\/UAP-NANOHD\/Skins%20venta%20por%20separado.PNG' alt='Skins personalizables' \/> <\/p>\n<p style='text-align: center; font-size: 14px; color: inherit; margin-top: 10px;'>Skins para personalizar tu NANO (no incluidos)<\/p>\n<p style='text-align: center; font-size: 14px; color: inherit; margin-top: 10px;'> <a href='https:\/\/www.syscom.mx\/principal\/consultarproductosazul?global_search=skin&#038;ordenar=Relevancia&#038;marca=-ubiquiti%20networks&#038;pag=1' style='color: inherit; text-decoration: underline;'>Ver modelos disponibles<\/a> <\/p>\n<\/p><\/div>\n<div style='flex: 1 1 500px; min-width: 300px;'> <img style='width: 100%; height: auto; border: 1px solid rgba(150&comma;150&comma;150&comma;0.3); border-radius: 8px;' src='https:\/\/ftp3.syscom.mx\/usuarios\/dquezada\/Ubiquiti\/UniFi\/UAP-NANOHD\/Comparativa%20con%20otros%20modelos.PNG' alt='Comparativa con otros modelos' \/> <\/p>\n<p style='text-align: center; font-size: 14px; color: inherit; margin-top: 10px;'>Comparativa con otros modelos<\/p>\n<\/p><\/div>\n<\/p><\/div>\n<\/p><\/div>\n<p> <!-- Separador final --> <\/p>\n<hr style='border: 0; border-top: 1px solid rgba(150&comma; 150&comma; 150&comma; 0.3); margin: 30px 0;'> <\/div>\n","protected":false},"excerpt":{"rendered":"<p>Paquete de 5 Access Point UniFi 802.11ac Wave 2, MU-MIMO4X4 con antena Beamforming, hasta 1.7 Gbps, para interior PoE 802.3af, soportan 200 clientes, No incluyen PoE\u00b4s<\/p>\n","protected":false},"featured_media":73251,"comment_status":"open","ping_status":"closed","template":"","meta":[],"product_brand":[],"product_cat":[1794],"product_tag":[1795,1479,166],"class_list":{"0":"post-73252","1":"product","2":"type-product","3":"status-publish","4":"has-post-thumbnail","6":"product_cat-puntos-de-acceso","7":"product_tag-puntos-de-acceso","8":"product_tag-redes-wifi","9":"product_tag-ubiquiti","11":"first","12":"outofstock","13":"sale","14":"shipping-taxable","15":"purchasable","16":"product-type-simple"},"_links":{"self":[{"href":"https:\/\/soydeaqui.ddns.net\/pachuca\/index.php\/wp-json\/wp\/v2\/product\/73252","targetHints":{"allow":["GET"]}}],"collection":[{"href":"https:\/\/soydeaqui.ddns.net\/pachuca\/index.php\/wp-json\/wp\/v2\/product"}],"about":[{"href":"https:\/\/soydeaqui.ddns.net\/pachuca\/index.php\/wp-json\/wp\/v2\/types\/product"}],"replies":[{"embeddable":true,"href":"https:\/\/soydeaqui.ddns.net\/pachuca\/index.php\/wp-json\/wp\/v2\/comments?post=73252"}],"wp:featuredmedia":[{"embeddable":true,"href":"https:\/\/soydeaqui.ddns.net\/pachuca\/index.php\/wp-json\/wp\/v2\/media\/73251"}],"wp:attachment":[{"href":"https:\/\/soydeaqui.ddns.net\/pachuca\/index.php\/wp-json\/wp\/v2\/media?parent=73252"}],"wp:term":[{"taxonomy":"product_brand","embeddable":true,"href":"https:\/\/soydeaqui.ddns.net\/pachuca\/index.php\/wp-json\/wp\/v2\/product_brand?post=73252"},{"taxonomy":"product_cat","embeddable":true,"href":"https:\/\/soydeaqui.ddns.net\/pachuca\/index.php\/wp-json\/wp\/v2\/product_cat?post=73252"},{"taxonomy":"product_tag","embeddable":true,"href":"https:\/\/soydeaqui.ddns.net\/pachuca\/index.php\/wp-json\/wp\/v2\/product_tag?post=73252"}],"curies":[{"name":"wp","href":"https:\/\/api.w.org\/{rel}","templated":true}]}}