{"id":73230,"date":"2026-03-19T13:14:13","date_gmt":"2026-03-19T13:14:13","guid":{"rendered":"https:\/\/soydeaqui.ddns.net\/pachuca\/index.php\/producto\/access-point-unifi-802-11ac-wave-2-mu-mimo4x4-con-antena-beamforming-hasta-1-7-gbps-para-interior-poe-802-3af-soporta-200-clientes-incluye-poe\/"},"modified":"2026-03-19T13:14:25","modified_gmt":"2026-03-19T13:14:25","slug":"access-point-unifi-802-11ac-wave-2-mu-mimo4x4-con-antena-beamforming-hasta-1-7-gbps-para-interior-poe-802-3af-soporta-200-clientes-incluye-poe","status":"publish","type":"product","link":"https:\/\/soydeaqui.ddns.net\/pachuca\/index.php\/producto\/access-point-unifi-802-11ac-wave-2-mu-mimo4x4-con-antena-beamforming-hasta-1-7-gbps-para-interior-poe-802-3af-soporta-200-clientes-incluye-poe\/","title":{"rendered":"Access Point UniFi 802.11ac Wave 2,  MU-MIMO4X4 con antena Beamforming, hasta 1.7 Gbps, para interior PoE 802.3af, soporta 200 clientes, incluye PoE"},"content":{"rendered":"<div style='width: 100%; max-width: 1200px; margin: 0 auto; font-family: sans-serif; line-height: 1.6; color: inherit; background-color: transparent;'> <!-- Imagen principal --> <\/p>\n<div style='margin-bottom: 30px;'> <img style='width: 100%; height: auto; border: 1px solid rgba(150&comma;150&comma;150&comma;0.3); border-radius: 8px;' src='https:\/\/ftp3.syscom.mx\/usuarios\/dquezada\/Ubiquiti\/UniFi\/UAP-NANOHD\/Principal.PNG' alt=''> <\/div>\n<p> <!-- Secci\u00f3n de caracter\u00edsticas --> <\/p>\n<div style='display: flex; flex-wrap: wrap; gap: 30px; margin-bottom: 30px;'>\n<div style='flex: 1 1 300px; min-width: 280px;'>\n<h3 style='font-size: 22px; border-bottom: 2px solid currentColor; padding-bottom: 5px; margin-top: 0; color: inherit; opacity: 0.8;'>Caracter\u00edsticas t\u00e9cnicas<\/h3>\n<ul style='padding-left: 20px; font-size: 15px; color: inherit;'>\n<li style='margin-bottom: 5px;'><strong>N\u00famero m\u00e1ximo de dispositivos conectados:<\/strong> 200 dispositivos<\/li>\n<li style='margin-bottom: 5px;'><strong>Modo de operaci\u00f3n:<\/strong> Acces Point y Repetidor Uplink (Repetidor inal\u00e1mbrico de UAPNANOHD cableado&comma; no m\u00e1s de 3 UAPNANOHD en modo &#8216;Repetidor Uplink&#8217;)<\/li>\n<li style='margin-bottom: 5px;'><strong>Doble banda:<\/strong> 2.4 GHz y 5 GHz<\/li>\n<li style='margin-bottom: 5px;'><strong>MU-MIMO 4&#215;4:<\/strong> En 5 GHz; Antena optimizada para 802.11ac Wave 2<\/li>\n<li style='margin-bottom: 5px;'><strong>BSSID:<\/strong> Hasta 8&comma; 4 por banda<\/li>\n<li style='margin-bottom: 5px;'><strong>Potencia de salida 2.4 GHz:<\/strong> 23 dBm<\/li>\n<li style='margin-bottom: 5px;'><strong>Potencia de salida 5 GHz:<\/strong> 26 dBm<\/li>\n<li style='margin-bottom: 5px;'><strong>Ganancia de antenas:<\/strong> 2.4 GHz 2.8 dBi y 5 GHz 3 dBi<\/li>\n<li style='margin-bottom: 5px;'><strong>Consumo m\u00e1ximo:<\/strong> 11.5 W<\/li>\n<li style='margin-bottom: 5px;'><strong>Velocidad m\u00e1xima:<\/strong> Hasta 300 Mbps en banda 2.4Ghz y 1733 Mbps en banda 5Ghz<\/li>\n<\/ul><\/div>\n<\/p><\/div>\n<p> <!-- Secci\u00f3n de hardware --> <\/p>\n<div style='display: flex; flex-wrap: wrap; gap: 30px; margin-bottom: 30px;'>\n<div style='flex: 1 1 300px; min-width: 280px;'>\n<h3 style='font-size: 22px; border-bottom: 2px solid currentColor; padding-bottom: 5px; margin-top: 0; color: inherit; opacity: 0.8;'>Hardware<\/h3>\n<ul style='padding-left: 20px; font-size: 15px; color: inherit;'>\n<li style='margin-bottom: 5px;'><strong>Puerto Ethernet:<\/strong> 10\/100\/1000 con PoE 802.3af \/ Soporta PoE pasivo de 48V<\/li>\n<li style='margin-bottom: 5px;'><strong>Bot\u00f3n de reset:<\/strong> 1 unidad<\/li>\n<\/ul><\/div>\n<\/p><\/div>\n<p> <!-- Secci\u00f3n de funcionalidades --> <\/p>\n<div style='display: flex; flex-wrap: wrap; gap: 30px; margin-bottom: 30px;'>\n<div style='flex: 1 1 300px; min-width: 280px;'>\n<h3 style='font-size: 22px; border-bottom: 2px solid currentColor; padding-bottom: 5px; margin-top: 0; color: inherit; opacity: 0.8;'>Funcionalidades<\/h3>\n<ul style='padding-left: 20px; font-size: 15px; color: inherit;'>\n<li style='margin-bottom: 5px;'>Incluye inyector PoE<\/li>\n<li style='margin-bottom: 5px;'>Montaje para bajo perfil (no incluido)<\/li>\n<li style='margin-bottom: 5px;'>El m\u00e1s peque\u00f1o de los m\u00e1s robustos<\/li>\n<li style='margin-bottom: 5px;'>Skins personalizables (no incluidos)<\/li>\n<\/ul><\/div>\n<\/p><\/div>\n<p> <!-- Secci\u00f3n de controlador --> <\/p>\n<div style='display: flex; flex-wrap: wrap; gap: 30px; margin-bottom: 30px;'>\n<div style='flex: 1 1 300px; min-width: 280px;'>\n<h3 style='font-size: 22px; border-bottom: 2px solid currentColor; padding-bottom: 5px; margin-top: 0; color: inherit; opacity: 0.8;'>Controlador recomendado<\/h3>\n<p style='font-size: 15px; color: inherit; margin: 0 0 15px 0;'>Se recomienda adquirir dispositivo controlador UniFi para administrar Access Point UniFi v\u00eda remota&comma; crear hotspot&comma; enviar alertas cr\u00edticas&comma; etc:<\/p>\n<ul style='padding-left: 20px; font-size: 15px; color: inherit;'>\n<li style='margin-bottom: 5px;'><a href='https:\/\/www.syscom.mx\/principal\/searchcont?route=UCK-G2-PLUS-UBIQUITI-NETWORKS-164051&#038;autodetect=uckg2plus' target='_blank' rel='noopener' style='color: inherit; text-decoration: underline;'>UCK-G2-PLUS<\/a><\/li>\n<li style='margin-bottom: 5px;'><a href='https:\/\/www.syscom.mx\/principal\/searchcont?route=UDM-PRO-UBIQUITI-NETWORKS-177842&#038;autodetect=udmpro' target='_blank' rel='noopener' style='color: inherit; text-decoration: underline;'>UDM-PRO<\/a><\/li>\n<\/ul><\/div>\n<\/p><\/div>\n<p> <!-- Secci\u00f3n de im\u00e1genes adicionales --> <\/p>\n<div style='display: flex; flex-wrap: wrap; gap: 30px; margin-bottom: 30px;'>\n<div style='flex: 1 1 300px; min-width: 280px;'> <img style='width: 100%; height: auto; border: 1px solid rgba(150&comma;150&comma;150&comma;0.3); border-radius: 8px;' src='https:\/\/ftp3.syscom.mx\/usuarios\/dquezada\/Ubiquiti\/UniFi\/UAP-NANOHD\/Paquete%20incluye%20lo%20siguiente.PNG' alt=''> <\/div>\n<div style='flex: 1 1 300px; min-width: 280px;'> <img style='width: 100%; height: auto; border: 1px solid rgba(150&comma;150&comma;150&comma;0.3); border-radius: 8px;' src='https:\/\/ftp3.syscom.mx\/usuarios\/dquezada\/Ubiquiti\/UniFi\/UAP-NANOHD\/Maximo%20de%20usuarios%20que%20soporta.PNG' alt=''> <\/div>\n<div style='flex: 1 1 300px; min-width: 280px;'> <img style='width: 100%; height: auto; border: 1px solid rgba(150&comma;150&comma;150&comma;0.3); border-radius: 8px;' src='https:\/\/ftp3.syscom.mx\/usuarios\/dquezada\/Ubiquiti\/UniFi\/UAP-NANOHD\/Maximo%20de%20usuarios%20recomendado.PNG' alt=''> <\/div>\n<div style='flex: 1 1 300px; min-width: 280px;'> <img style='width: 100%; height: auto; border: 1px solid rgba(150&comma;150&comma;150&comma;0.3); border-radius: 8px;' src='https:\/\/ftp3.syscom.mx\/usuarios\/dquezada\/Ubiquiti\/UniFi\/UAP-NANOHD\/Montaje%20bajo%20perfil%20venta%20por%20separado.PNG' alt=''> <\/div>\n<div style='flex: 1 1 300px; min-width: 280px;'> <img style='width: 100%; height: auto; border: 1px solid rgba(150&comma;150&comma;150&comma;0.3); border-radius: 8px;' src='https:\/\/ftp3.syscom.mx\/usuarios\/dquezada\/Ubiquiti\/UniFi\/UAP-NANOHD\/el%20mas%20pequeno.JPG' alt=''> <\/div>\n<div style='flex: 1 1 300px; min-width: 280px;'> <img style='width: 100%; height: auto; border: 1px solid rgba(150&comma;150&comma;150&comma;0.3); border-radius: 8px;' src='https:\/\/ftp3.syscom.mx\/usuarios\/dquezada\/Ubiquiti\/UniFi\/UAP-NANOHD\/Skins%20venta%20por%20separado.PNG' alt=''> <\/div>\n<div style='flex: 1 1 300px; min-width: 280px;'> <img style='width: 100%; height: auto; border: 1px solid rgba(150&comma;150&comma;150&comma;0.3); border-radius: 8px;' src='https:\/\/ftp3.syscom.mx\/usuarios\/dquezada\/Ubiquiti\/UniFi\/UAP-NANOHD\/Comparativa%20con%20otros%20modelos.PNG' alt=''> <\/div>\n<\/p><\/div>\n<p> <!-- Secci\u00f3n de video --> <\/p>\n<div style='margin-bottom: 30px;'>\n<div style='position: relative; padding-bottom: 56.25%; height: 0; overflow: hidden;'>   <\/div>\n<\/p><\/div>\n<p> <!-- Secci\u00f3n de funcionalidades de UniFi Network APP --> <\/p>\n<div style='display: flex; flex-wrap: wrap; gap: 30px; margin-bottom: 30px;'>\n<div style='flex: 1 1 300px; min-width: 280px;'>\n<h3 style='font-size: 22px; border-bottom: 2px solid currentColor; padding-bottom: 5px; margin-top: 0; color: inherit; opacity: 0.8;'>Funciona con la aplicaci\u00f3n UniFi Network<\/h3>\n<ul style='padding-left: 20px; font-size: 15px; color: inherit;'>\n<li style='margin-bottom: 5px;'>Administre de forma centralizada m\u00faltiples redes desde una interfaz intuitiva<\/li>\n<li style='margin-bottom: 5px;'>Disfrute de informaci\u00f3n de dispositivos en tiempo real y opciones de configuraci\u00f3n profundas<\/li>\n<li style='margin-bottom: 5px;'>Actualice el firmware del dispositivo de forma remota<\/li>\n<li style='margin-bottom: 5px;'>Administre usuarios de red e invitados con facilidad<\/li>\n<li style='margin-bottom: 5px;'>Personalice el dise\u00f1o&comma; la arquitectura y la privacidad de los puntos de acceso para invitados<\/li>\n<li style='margin-bottom: 5px;'>Configure dispositivos r\u00e1pidamente y admin\u00edstrelos sobre la marcha con una potente aplicaci\u00f3n m\u00f3vil<\/li>\n<\/ul><\/div>\n<\/p><\/div>\n<p> <!-- Enlace a skins personalizables --> <\/p>\n<div style='margin-bottom: 30px;'>\n<p style='font-size: 15px; color: inherit; margin: 0;'><strong>Los mejores Skins para personalizar tu NANO. No incluidos. Click <a href='https:\/\/www.syscom.mx\/principal\/consultarproductosazul?global_search=skin&#038;ordenar=Relevancia&#038;marca=-ubiquiti%20networks&#038;pag=1' style='color: inherit; text-decoration: underline;'>aqu\u00ed<\/a> para ver modelos.<\/strong><\/p>\n<\/p><\/div>\n<\/p><\/div>\n","protected":false},"excerpt":{"rendered":"<p>Access Point UniFi 802.11ac Wave 2,  MU-MIMO4X4 con antena Beamforming, hasta 1.7 Gbps, para interior PoE 802.3af, soporta 200 clientes, incluye PoE<\/p>\n","protected":false},"featured_media":73229,"comment_status":"open","ping_status":"closed","template":"","meta":[],"product_brand":[],"product_cat":[1794],"product_tag":[1795,1479,166],"class_list":{"0":"post-73230","1":"product","2":"type-product","3":"status-publish","4":"has-post-thumbnail","6":"product_cat-puntos-de-acceso","7":"product_tag-puntos-de-acceso","8":"product_tag-redes-wifi","9":"product_tag-ubiquiti","11":"first","12":"outofstock","13":"sale","14":"shipping-taxable","15":"purchasable","16":"product-type-simple"},"_links":{"self":[{"href":"https:\/\/soydeaqui.ddns.net\/pachuca\/index.php\/wp-json\/wp\/v2\/product\/73230","targetHints":{"allow":["GET"]}}],"collection":[{"href":"https:\/\/soydeaqui.ddns.net\/pachuca\/index.php\/wp-json\/wp\/v2\/product"}],"about":[{"href":"https:\/\/soydeaqui.ddns.net\/pachuca\/index.php\/wp-json\/wp\/v2\/types\/product"}],"replies":[{"embeddable":true,"href":"https:\/\/soydeaqui.ddns.net\/pachuca\/index.php\/wp-json\/wp\/v2\/comments?post=73230"}],"wp:featuredmedia":[{"embeddable":true,"href":"https:\/\/soydeaqui.ddns.net\/pachuca\/index.php\/wp-json\/wp\/v2\/media\/73229"}],"wp:attachment":[{"href":"https:\/\/soydeaqui.ddns.net\/pachuca\/index.php\/wp-json\/wp\/v2\/media?parent=73230"}],"wp:term":[{"taxonomy":"product_brand","embeddable":true,"href":"https:\/\/soydeaqui.ddns.net\/pachuca\/index.php\/wp-json\/wp\/v2\/product_brand?post=73230"},{"taxonomy":"product_cat","embeddable":true,"href":"https:\/\/soydeaqui.ddns.net\/pachuca\/index.php\/wp-json\/wp\/v2\/product_cat?post=73230"},{"taxonomy":"product_tag","embeddable":true,"href":"https:\/\/soydeaqui.ddns.net\/pachuca\/index.php\/wp-json\/wp\/v2\/product_tag?post=73230"}],"curies":[{"name":"wp","href":"https:\/\/api.w.org\/{rel}","templated":true}]}}