{"id":73212,"date":"2026-03-19T13:13:31","date_gmt":"2026-03-19T13:13:31","guid":{"rendered":"https:\/\/soydeaqui.ddns.net\/pachuca\/index.php\/producto\/sistema-de-video-conferencia-4k-para-plataforma-ipvideotalk-eptz-2-salidas-de-video-hdmi-audio-incorporado-y-control-remoto\/"},"modified":"2026-03-19T13:13:41","modified_gmt":"2026-03-19T13:13:41","slug":"sistema-de-video-conferencia-4k-para-plataforma-ipvideotalk-eptz-2-salidas-de-video-hdmi-audio-incorporado-y-control-remoto","status":"publish","type":"product","link":"https:\/\/soydeaqui.ddns.net\/pachuca\/index.php\/producto\/sistema-de-video-conferencia-4k-para-plataforma-ipvideotalk-eptz-2-salidas-de-video-hdmi-audio-incorporado-y-control-remoto\/","title":{"rendered":"Sistema de Video Conferencia 4k para Plataforma IPVideotalk ePTZ, 2 Salidas de video HDMI, audio incorporado y Control Remoto"},"content":{"rendered":"<div style='width: 100%; max-width: 1200px; margin: 0 auto; font-family: sans-serif; line-height: 1.6; color: inherit; background-color: transparent;'>\n<div style='display: flex; flex-wrap: wrap; gap: 30px; margin-bottom: 30px;'>\n<div style='flex: 1 1 300px; min-width: 280px;'>\n<h3 style='font-size: 22px; border-bottom: 2px solid currentColor; padding-bottom: 5px; margin-top: 0; color: inherit; opacity: 0.8;'>Acerca de la GVC3210<\/h3>\n<p style='font-size: 15px; color: inherit; text-align: justify;'>El GVC3210 es un innovador dispositivo de videoconferencia ideal para peque\u00f1as a medianas empresas que buscan una soluci\u00f3n de videoconferencia f\u00e1cil de usar&comma; pero potente. Soportando resoluciones de video de alto nivel con capacidad de ultra alta definici\u00f3n de hasta 4K&comma; el GVC3210 convierte cualquier videoconferencia en una poderosa y evidente enriquecedora experiencia. Dise\u00f1ado para permitir que los usuarios personalicen su soluci\u00f3n de acuerdo con sus necesidades espec\u00edficas de comunicaci\u00f3n&comma; el GVC3210 puede combinarse con la mayor\u00eda de los servicios de videoconferencia y conferencia en l\u00ednea para crear un sistema de conferencia de m\u00faltiples puntos. Este dispositivo de videoconferencia ejecuta el sistema operativo AndroidTM Esto permite a los usuarios utilizar cualquier aplicaci\u00f3n de conferencia o comunicaci\u00f3n para Android. El GVC3210 viene equipado con la sofisticada tecnolog\u00eda Noise-Shield para bloquear el ruido de fondo y maximizar la calidad del audio. Las caracter\u00edsticas adicionales incluyen un sistema avanzado de 4 micr\u00f3fonos con capacidad de conformaci\u00f3n de haces (beam-forming)&comma; un sensor CMOS de alta calidad con 16 M pixeles y ePTZ para facilitar los ajustes de la vista de la c\u00e1mara y Miracast inal\u00e1mbrico para compartir contenido de manera conveniente. Este dispositivo de videoconferencia simple pero poderoso es la elecci\u00f3n ideal para peque\u00f1as y medianas empresas que buscan una opci\u00f3n de precio accesible que todav\u00eda cuente con las caracter\u00edsticas de vanguardia que se necesitan para mantener comunicaciones empresariales de alta calidad.<\/p>\n<\/p><\/div>\n<div style='flex: 1 1 300px; min-width: 280px;'>\n<h3 style='font-size: 22px; border-bottom: 2px solid currentColor; padding-bottom: 5px; margin-top: 0; color: inherit; opacity: 0.8;'>Caracter\u00edsticas Competitivas<\/h3>\n<ul style='padding-left: 20px; font-size: 15px; color: inherit; text-align: justify;'>\n<li style='margin-bottom: 5px;'>Resoluciones de video Sharp HD de hasta 4k Ultra HD<\/li>\n<li style='margin-bottom: 5px;'>Se ejecuta en el sistema operativo Android 6.x con acceso completo a las aplicaciones en la tienda Google Play<\/li>\n<li style='margin-bottom: 5px;'>Bluetooth integrado para usar con altavoces\/micr\u00f3fonos Bluetooth&comma; teclados&comma; intercambio de datos&comma; etc.<\/li>\n<li style='margin-bottom: 5px;'>WiFi integrado de doble banda para emparejar con video y servicio de conferencia web<\/li>\n<li style='margin-bottom: 5px;'>Matriz de 4 micr\u00f3fonos integrada con formaci\u00f3n de haces&comma; compatibilidad con equipos de audio externos e innovadora tecnolog\u00eda Noise Shield<\/li>\n<li style='margin-bottom: 5px;'>C\u00e1mara avanzada con sensor CMOS de 16 megap\u00edxeles&comma; lente gran angular de 90 FOV y ePTZ para ajustar f\u00e1cilmente la vista de la c\u00e1mara<\/li>\n<li style='margin-bottom: 5px;'>Compatibilidad con el uso compartido de contenido inal\u00e1mbrico de Miracast para compartir una presentaci\u00f3n con los asistentes a la conferencia<\/li>\n<li style='margin-bottom: 5px;'>1 entrada HDMI integrada&comma; 2 salidas HDMI y 2 USB<\/li>\n<li style='margin-bottom: 5px;'>Compatible con plataforma IPVideoTalk&comma; requiere licenciamiento anual: <strong style='color: inherit;'>IPVTGVCADDONL1Y o IPVTGVCADDON1Y<\/strong>&comma; pedir cotizaci\u00f3n con su agente de ventas.<\/li>\n<\/ul><\/div>\n<\/p><\/div>\n<div style='display: flex; flex-wrap: wrap; gap: 30px; margin-bottom: 30px;'>\n<div style='flex: 1 1 300px; min-width: 280px;'>\n<h3 style='font-size: 22px; border-bottom: 2px solid currentColor; padding-bottom: 5px; margin-top: 0; color: inherit; opacity: 0.8;'>Posicionamiento<\/h3>\n<p style='font-size: 15px; color: inherit; text-align: justify;'>El GVC3210 es una soluci\u00f3n de gama alta dise\u00f1ada para espacios peque\u00f1os que requieren funciones de videoconferencia premium para una cobertura completa de la sala con la m\u00e1s alta calidad de video disponible. Este dispositivo de gama alta es ideal para peque\u00f1as salas de conferencias&comma; salas de juntas&comma; aulas y m\u00e1s.<\/p>\n<\/p><\/div>\n<div style='flex: 1 1 300px; min-width: 280px;'>\n<h3 style='font-size: 22px; border-bottom: 2px solid currentColor; padding-bottom: 5px; margin-top: 0; color: inherit; opacity: 0.8;'>Especificaciones t\u00e9cnicas<\/h3>\n<div style='display: flex; flex-direction: column; gap: 15px;'>\n<div style='border: 1px solid rgba(150&comma; 150&comma; 150&comma; 0.4); border-radius: 8px; padding: 15px; color: inherit;'>\n<div style='display: flex; justify-content: space-between;'><strong>Interfaces de Red<\/strong><span>1 puerto Ethernet RJ45 de 10\/100\/1000 Mbps con detecci\u00f3n autom\u00e1tica<\/span><\/div>\n<\/p><\/div>\n<div style='border: 1px solid rgba(150&comma; 150&comma; 150&comma; 0.4); border-radius: 8px; padding: 15px; color: inherit;'>\n<div style='display: flex; justify-content: space-between;'><strong>Entrada de Video<\/strong><span>1 salida HDMI 1.4a con resoluci\u00f3n de hasta 1080p<\/span><\/div>\n<\/p><\/div>\n<div style='border: 1px solid rgba(150&comma; 150&comma; 150&comma; 0.4); border-radius: 8px; padding: 15px; color: inherit;'>\n<div style='display: flex; justify-content: space-between;'><strong>Salida de Video<\/strong><span>2 salidas HDMI 1.4 de hasta 4K (2160p) con CEC<\/span><\/div>\n<\/p><\/div>\n<div style='border: 1px solid rgba(150&comma; 150&comma; 150&comma; 0.4); border-radius: 8px; padding: 15px; color: inherit;'>\n<div style='display: flex; justify-content: space-between;'><strong>C\u00e1mara<\/strong><span>1\/2.3&#8217;&comma; sensor CMOS de 16 Megap\u00edxeles&comma; Salida de 4K (2160p)<\/span><\/div>\n<\/p><\/div>\n<div style='border: 1px solid rgba(150&comma; 150&comma; 150&comma; 0.4); border-radius: 8px; padding: 15px; color: inherit;'>\n<div style='display: flex; justify-content: space-between;'><strong>Lente<\/strong><span>Campo de visi\u00f3n de 90\u00b0&comma; ePTZ (3x zoom digital)<\/span><\/div>\n<\/p><\/div>\n<div style='border: 1px solid rgba(150&comma; 150&comma; 150&comma; 0.4); border-radius: 8px; padding: 15px; color: inherit;'>\n<div style='display: flex; justify-content: space-between;'><strong>Control Remoto<\/strong><span>Control Remoto Infrarrojo incluido<\/span><\/div>\n<\/p><\/div>\n<div style='border: 1px solid rgba(150&comma; 150&comma; 150&comma; 0.4); border-radius: 8px; padding: 15px; color: inherit;'>\n<div style='display: flex; justify-content: space-between;'><strong>C\u00f3decs de Video<\/strong><span>H.264 BP\/MP\/HP&comma; resoluci\u00f3n de video de hasta 4K (2160p)&comma; frecuencia de imagen de hasta 30 fps&comma; tasa de bits de hasta 16Mbps<\/span><\/div>\n<\/p><\/div>\n<div style='border: 1px solid rgba(150&comma; 150&comma; 150&comma; 0.4); border-radius: 8px; padding: 15px; color: inherit;'>\n<div style='display: flex; justify-content: space-between;'><strong>Wi-Fi<\/strong><span>Wi-Fi 802.11 a\/b\/g\/n\/ac de doble banda integrado<\/span><\/div>\n<\/p><\/div>\n<div style='border: 1px solid rgba(150&comma; 150&comma; 150&comma; 0.4); border-radius: 8px; padding: 15px; color: inherit;'>\n<div style='display: flex; justify-content: space-between;'><strong>Bluetooth<\/strong><span>Bluetooth 4.0 integrado + EDR<\/span><\/div>\n<\/p><\/div>\n<div style='border: 1px solid rgba(150&comma; 150&comma; 150&comma; 0.4); border-radius: 8px; padding: 15px; color: inherit;'>\n<div style='display: flex; justify-content: space-between;'><strong>MIC<\/strong><span>Sistema integrado de 4 micr\u00f3fonos<\/span><\/div>\n<\/p><\/div>\n<div style='border: 1px solid rgba(150&comma; 150&comma; 150&comma; 0.4); border-radius: 8px; padding: 15px; color: inherit;'>\n<div style='display: flex; flex-wrap: wrap; justify-content: space-between;'> <strong style='flex: 0 0 100%;'>Resoluciones de Video<\/strong> <span style='flex: 0 0 100%;'>4K (2160p@30fps) de 4096Kbps&comma; 1080p@30fps de 1024Kbps&comma; 720p@30fps de 512 Kbps&comma; 4SIF\/4CIF de 128 Kbps&comma; SIF\/CIF de 64 Kbps<\/span> <\/div>\n<\/p><\/div>\n<div style='border: 1px solid rgba(150&comma; 150&comma; 150&comma; 0.4); border-radius: 8px; padding: 15px; color: inherit;'>\n<div style='display: flex; flex-wrap: wrap; justify-content: space-between;'> <strong style='flex: 0 0 100%;'>Contenido del Paquete<\/strong> <span style='flex: 0 0 100%;'>Sistema de videoconferencia GVC3210&comma; control remoto&comma; 4 pilas AAA&comma; fuente de alimentaci\u00f3n universal&comma; cable de red (1.5 metros)&comma; 2 cables HDMI (1.5 metros y 5 metros)&comma; pa\u00f1o de limpieza para lente&comma; kit de montaje&comma; gu\u00eda de instalaci\u00f3n r\u00e1pida&comma; licencia GPL<\/span> <\/div>\n<\/p><\/div>\n<\/p><\/div>\n<\/p><\/div>\n<\/p><\/div>\n<div style='display: flex; flex-wrap: wrap; gap: 30px; margin-bottom: 30px;'>\n<div style='flex: 1 1 300px; min-width: 280px;'>\n<div style='border: 1px solid rgba(150&comma; 150&comma; 150&comma; 0.4); border-radius: 8px; padding: 15px; color: inherit;'>\n<p style='margin: 0; color: inherit; font-size: 15px;'>* 1 A\u00f1o de garant\u00eda<\/p>\n<\/p><\/div>\n<\/p><\/div>\n<div style='flex: 1 1 300px; min-width: 280px;'>\n<div style='border: 1px solid rgba(150&comma; 150&comma; 150&comma; 0.4); border-radius: 8px; padding: 15px; color: inherit;'>\n<p style='margin: 0; color: inherit; font-size: 15px;'>* Compatible con IPVideoTalk se requiere la licencia <strong style='color: inherit;'>IPVTGVCADDONL1Y o IPVTGVCADDON1Y<\/strong>&comma; pedir cotizaci\u00f3n con su agente de ventas.<\/p>\n<\/p><\/div>\n<\/p><\/div>\n<div style='flex: 1 1 300px; min-width: 280px;'>\n<div style='border: 1px solid rgba(150&comma; 150&comma; 150&comma; 0.4); border-radius: 8px; padding: 15px; color: inherit;'>\n<p style='margin: 0; color: inherit; font-size: 15px;'>* Se recomienda utilizar plataforma de videoconferencia IP-VideoTalk para tener todas las funcionalidades que el equipo especifica&comma; el utilizar otras plataformas de videoconferencia no se asegura que sean compatibles todas las funciones del equipo.<\/p>\n<\/p><\/div>\n<\/p><\/div>\n<\/p><\/div>\n<div style='margin: 30px 0;'>\n<div style='border: 1px solid rgba(150&comma; 150&comma; 150&comma; 0.4); border-radius: 8px; padding: 15px; color: inherit; text-align: center;'>\n<h3 style='font-size: 18px; margin: 0 0 10px 0; color: inherit;'>Plataforma IP-VideoTalk<\/h3>\n<p style='margin: 0 0 15px 0; color: inherit; font-size: 15px;'>Para obtener la plataforma de forma gratuita<\/p>\n<p> <a style='display: inline-block; padding: 10px 20px; background-color: #00366d; color: #ffffff; text-decoration: none; border-radius: 4px; font-weight: bold;' href='https:\/\/meetings.ipvideotalk.com\/signup' target='_blank' rel='noopener'>Registro Plataforma IP-VideoTalk<\/a> <\/div>\n<\/p><\/div>\n<hr style='border: 0; border-top: 1px solid rgba(150&comma; 150&comma; 150&comma; 0.3); margin: 30px 0;'> <\/div>\n","protected":false},"excerpt":{"rendered":"<p>Sistema de Video Conferencia 4k para Plataforma IPVideotalk ePTZ, 2 Salidas de video HDMI, audio incorporado y Control Remoto<\/p>\n","protected":false},"featured_media":73211,"comment_status":"open","ping_status":"closed","template":"","meta":[],"product_brand":[],"product_cat":[2048],"product_tag":[2049,909,2004],"class_list":{"0":"post-73212","1":"product","2":"type-product","3":"status-publish","4":"has-post-thumbnail","6":"product_cat-audio-video-conferencia","7":"product_tag-audio-video-conferencia","8":"product_tag-grandstream","9":"product_tag-voip-telefonia-ip-videoconferencia","11":"first","12":"instock","13":"sale","14":"shipping-taxable","15":"purchasable","16":"product-type-simple"},"_links":{"self":[{"href":"https:\/\/soydeaqui.ddns.net\/pachuca\/index.php\/wp-json\/wp\/v2\/product\/73212","targetHints":{"allow":["GET"]}}],"collection":[{"href":"https:\/\/soydeaqui.ddns.net\/pachuca\/index.php\/wp-json\/wp\/v2\/product"}],"about":[{"href":"https:\/\/soydeaqui.ddns.net\/pachuca\/index.php\/wp-json\/wp\/v2\/types\/product"}],"replies":[{"embeddable":true,"href":"https:\/\/soydeaqui.ddns.net\/pachuca\/index.php\/wp-json\/wp\/v2\/comments?post=73212"}],"wp:featuredmedia":[{"embeddable":true,"href":"https:\/\/soydeaqui.ddns.net\/pachuca\/index.php\/wp-json\/wp\/v2\/media\/73211"}],"wp:attachment":[{"href":"https:\/\/soydeaqui.ddns.net\/pachuca\/index.php\/wp-json\/wp\/v2\/media?parent=73212"}],"wp:term":[{"taxonomy":"product_brand","embeddable":true,"href":"https:\/\/soydeaqui.ddns.net\/pachuca\/index.php\/wp-json\/wp\/v2\/product_brand?post=73212"},{"taxonomy":"product_cat","embeddable":true,"href":"https:\/\/soydeaqui.ddns.net\/pachuca\/index.php\/wp-json\/wp\/v2\/product_cat?post=73212"},{"taxonomy":"product_tag","embeddable":true,"href":"https:\/\/soydeaqui.ddns.net\/pachuca\/index.php\/wp-json\/wp\/v2\/product_tag?post=73212"}],"curies":[{"name":"wp","href":"https:\/\/api.w.org\/{rel}","templated":true}]}}