{"id":73203,"date":"2026-03-19T13:13:08","date_gmt":"2026-03-19T13:13:08","guid":{"rendered":"https:\/\/soydeaqui.ddns.net\/pachuca\/index.php\/producto\/groove-52-ac-cpe-y-ptp-en-2-4-o-5ghz-802-11-a-b-g-n-ac-conectorizado-con-400-mw-de-potencia\/"},"modified":"2026-03-19T13:13:10","modified_gmt":"2026-03-19T13:13:10","slug":"groove-52-ac-cpe-y-ptp-en-2-4-o-5ghz-802-11-a-b-g-n-ac-conectorizado-con-400-mw-de-potencia","status":"publish","type":"product","link":"https:\/\/soydeaqui.ddns.net\/pachuca\/index.php\/producto\/groove-52-ac-cpe-y-ptp-en-2-4-o-5ghz-802-11-a-b-g-n-ac-conectorizado-con-400-mw-de-potencia\/","title":{"rendered":"(Groove 52 ac) CPE y PtP en  2.4 o 5GHz 802.11 a\/b\/g\/n\/ac Conectorizado, con 400 mW de Potencia."},"content":{"rendered":"<div style='width: 100%; max-width: 1200px; margin: 0 auto; font-family: sans-serif; line-height: 1.6; color: inherit; background-color: transparent;'> <!-- Descripci\u00f3n principal --> <\/p>\n<div style='margin-bottom: 30px;'>\n<p>Nuestro modelo <strong>Groove 52 ac<\/strong> para exteriores m\u00e1s peque\u00f1o&comma; un RouterBOARD inal\u00e1mbrico completamente equipado con tecnolog\u00eda de RouterOS.<\/p>\n<p>Resistente a la intemperie&comma; duradero y listo para usar. Ahora con compatibilidad con 802.11ac&comma; un puerto Gigabit Ethernet y una banda inal\u00e1mbrica seleccionable (2.4GHz o 5GHz&comma; hasta 80 MHz de ancho de canal). El nuevo puerto Gigabit lo ayudar\u00e1 a aprovechar al m\u00e1ximo las ventajas de la conexi\u00f3n inal\u00e1mbrica de alta velocidad 802.11ac.<\/p>\n<p>Admite 2412-2484MHz y 5150MHz-5875MHz (el rango de frecuencia espec\u00edfico puede estar limitado por las regulaciones del pa\u00eds).<\/p>\n<\/p><\/div>\n<p> <!-- Caracter\u00edsticas principales --> <\/p>\n<div style='display: flex; flex-wrap: wrap; gap: 30px; margin-bottom: 30px;'>\n<div style='flex: 1 1 300px; min-width: 280px;'>\n<h3 style='font-size: 22px; border-bottom: 2px solid currentColor; padding-bottom: 5px; margin-top: 0; color: inherit; opacity: 0.8;'>Caracter\u00edsticas Principales<\/h3>\n<ul style='padding-left: 20px; font-size: 15px; color: inherit;'>\n<li style='margin-bottom: 5px;'><strong>Est\u00e1ndar:<\/strong> 802.11 a\/b\/g\/n\/ac<\/li>\n<li style='margin-bottom: 5px;'><strong>Modo de operaci\u00f3n:<\/strong> CPE y PtP (solo como punto a punto)<\/li>\n<li style='margin-bottom: 5px;'><strong>Potencia:<\/strong> Hasta 400 mW<\/li>\n<li style='margin-bottom: 5px;'><strong>Alimentaci\u00f3n:<\/strong> Incluye PoE Pasivo de 24V<\/li>\n<li style='margin-bottom: 5px;'><strong>Licencia:<\/strong> Nivel 3<\/li>\n<li style='margin-bottom: 5px;'><strong>Garant\u00eda:<\/strong> 1 A\u00f1o<\/li>\n<li style='margin-bottom: 5px;'><strong>Dimensiones:<\/strong> 177 x 44 mm<\/li>\n<\/ul><\/div>\n<\/p><\/div>\n<p> <!-- Imagen de garant\u00eda --> <\/p>\n<div style='margin-bottom: 30px;'> <img style='width: 100%; height: auto; border: 1px solid rgba(150&comma;150&comma;150&comma;0.3); border-radius: 8px;' src='https:\/\/ftp3.syscom.mx\/usuarios\/fotos\/CCR10097G1C1S+PC\/137052-garantia1.png' alt=''> <\/div>\n<p> <!-- Imagen del producto --> <\/p>\n<div style='margin-bottom: 30px;'> <img style='width: 100%; height: auto; border: 1px solid rgba(150&comma;150&comma;150&comma;0.3); border-radius: 8px;' src='https:\/\/img.routerboard.com\/mimg\/1483_l.jpg' alt=''> <\/div>\n<p> <!-- Accesorios incluidos --> <\/p>\n<div style='margin-bottom: 30px;'>\n<h3 style='font-size: 22px; border-bottom: 2px solid currentColor; padding-bottom: 5px; margin-top: 0; color: inherit; opacity: 0.8;'>Accesorios que Incluye<\/h3>\n<div style='display: grid; grid-template-columns: repeat(auto-fill&comma; minmax(200px&comma; 1fr)); gap: 20px; margin-top: 15px;'>\n<div style='border: 1px solid rgba(150&comma; 150&comma; 150&comma; 0.3); border-radius: 8px; padding: 15px; text-align: center;'> <a href='https:\/\/img.routerboard.com\/mimg\/part171391162306m.jpg' style='color: inherit; text-decoration: none;'> <img style='width: 80px; height: auto; margin-bottom: 10px;' src='https:\/\/img.routerboard.com\/mimg\/part171391162306s.jpg' alt=''> <\/p>\n<p style='margin: 0; font-size: 14px;'>Adaptador de corriente de 24V 0.38A<\/p>\n<p> <\/a> <\/div>\n<div style='border: 1px solid rgba(150&comma; 150&comma; 150&comma; 0.3); border-radius: 8px; padding: 15px; text-align: center;'> <a href='https:\/\/img.routerboard.com\/mimg\/part91391160033m.jpg' style='color: inherit; text-decoration: none;'> <img style='width: 80px; height: auto; margin-bottom: 10px;' src='https:\/\/img.routerboard.com\/mimg\/part91391160033s.jpg' alt=''> <\/p>\n<p style='margin: 0; font-size: 14px;'>Cierre de pl\u00e1stico<\/p>\n<p> <\/a> <\/div>\n<div style='border: 1px solid rgba(150&comma; 150&comma; 150&comma; 0.3); border-radius: 8px; padding: 15px; text-align: center;'> <a href='https:\/\/img.routerboard.com\/mimg\/part111391160732m.jpg' style='color: inherit; text-decoration: none;'> <img style='width: 80px; height: auto; margin-bottom: 10px;' src='https:\/\/img.routerboard.com\/mimg\/part111391160732s.jpg' alt=''> <\/p>\n<p style='margin: 0; font-size: 14px;'>Inyector Gigabit PoE<\/p>\n<p> <\/a> <\/div>\n<\/p><\/div>\n<\/p><\/div>\n<\/p><\/div>\n","protected":false},"excerpt":{"rendered":"<p>(Groove 52 ac) CPE y PtP en  2.4 o 5GHz 802.11 a\/b\/g\/n\/ac Conectorizado, con 400 mW de Potencia.<\/p>\n","protected":false},"featured_media":73202,"comment_status":"open","ping_status":"closed","template":"","meta":[],"product_brand":[],"product_cat":[1998],"product_tag":[1999,1980,643],"class_list":{"0":"post-73203","1":"product","2":"type-product","3":"status-publish","4":"has-post-thumbnail","6":"product_cat-5-y-6-ghz","7":"product_tag-5-y-6-ghz","8":"product_tag-enlaces-ptp-y-ptmp","9":"product_tag-mikrotik","11":"first","12":"outofstock","13":"sale","14":"shipping-taxable","15":"purchasable","16":"product-type-simple"},"_links":{"self":[{"href":"https:\/\/soydeaqui.ddns.net\/pachuca\/index.php\/wp-json\/wp\/v2\/product\/73203","targetHints":{"allow":["GET"]}}],"collection":[{"href":"https:\/\/soydeaqui.ddns.net\/pachuca\/index.php\/wp-json\/wp\/v2\/product"}],"about":[{"href":"https:\/\/soydeaqui.ddns.net\/pachuca\/index.php\/wp-json\/wp\/v2\/types\/product"}],"replies":[{"embeddable":true,"href":"https:\/\/soydeaqui.ddns.net\/pachuca\/index.php\/wp-json\/wp\/v2\/comments?post=73203"}],"wp:featuredmedia":[{"embeddable":true,"href":"https:\/\/soydeaqui.ddns.net\/pachuca\/index.php\/wp-json\/wp\/v2\/media\/73202"}],"wp:attachment":[{"href":"https:\/\/soydeaqui.ddns.net\/pachuca\/index.php\/wp-json\/wp\/v2\/media?parent=73203"}],"wp:term":[{"taxonomy":"product_brand","embeddable":true,"href":"https:\/\/soydeaqui.ddns.net\/pachuca\/index.php\/wp-json\/wp\/v2\/product_brand?post=73203"},{"taxonomy":"product_cat","embeddable":true,"href":"https:\/\/soydeaqui.ddns.net\/pachuca\/index.php\/wp-json\/wp\/v2\/product_cat?post=73203"},{"taxonomy":"product_tag","embeddable":true,"href":"https:\/\/soydeaqui.ddns.net\/pachuca\/index.php\/wp-json\/wp\/v2\/product_tag?post=73203"}],"curies":[{"name":"wp","href":"https:\/\/api.w.org\/{rel}","templated":true}]}}