{"id":73201,"date":"2026-03-19T13:13:05","date_gmt":"2026-03-19T13:13:05","guid":{"rendered":"https:\/\/soydeaqui.ddns.net\/pachuca\/index.php\/producto\/groovea-52-ac-punto-de-acceso-y-cpe-en-2-4-o-5-ghz-802-11-a-b-g-n-ac-conectorizado-incluye-antena-omnidireccional\/"},"modified":"2026-03-19T13:13:06","modified_gmt":"2026-03-19T13:13:06","slug":"groovea-52-ac-punto-de-acceso-y-cpe-en-2-4-o-5-ghz-802-11-a-b-g-n-ac-conectorizado-incluye-antena-omnidireccional","status":"publish","type":"product","link":"https:\/\/soydeaqui.ddns.net\/pachuca\/index.php\/producto\/groovea-52-ac-punto-de-acceso-y-cpe-en-2-4-o-5-ghz-802-11-a-b-g-n-ac-conectorizado-incluye-antena-omnidireccional\/","title":{"rendered":"(GrooveA 52 ac) Punto de Acceso y CPE en 2.4 o 5 GHz  802.11 a\/b\/g\/n\/ac conectorizado, &#8220;Incluye Antena Omnidireccional&#8221;"},"content":{"rendered":"<div style='width: 100%; max-width: 1200px; margin: 0 auto; font-family: sans-serif; line-height: 1.6; color: inherit; background-color: transparent;'>\n<div style='display: flex; flex-wrap: wrap; gap: 30px; margin-bottom: 30px;'>\n<div style='flex: 1 1 300px; min-width: 280px;'>\n<h3 style='font-size: 22px; border-bottom: 2px solid currentColor; padding-bottom: 5px; margin-top: 0; color: inherit; opacity: 0.8;'>Descripci\u00f3n<\/h3>\n<p style='margin-top: 0; color: inherit;'>El <strong>GrooveA 52 ac<\/strong> ideal para exterior&comma; duradero y listo para usar. Ahora con compatibilidad con 802.11ac&comma; un puerto Gigabit Ethernet y una banda inal\u00e1mbrica seleccionable (2.4GHz o 5GHz&comma; hasta 80 MHz de ancho de canal). El nuevo puerto Gigabit lo ayudar\u00e1 a aprovechar al m\u00e1ximo las ventajas de la conexi\u00f3n inal\u00e1mbrica de alta velocidad 802.11ac.<\/p>\n<p style='color: inherit;'>El Groove A (modelo AP) viene con licencia de nivel 4 e incluye una antena direccional omnidireccional de banda dual 2.4 \/ 5GHz (6dBi 2.4GHz&comma; 8dBi 5GHz)&comma; por lo que puede usar la unidad directamente o usar su propia antena.<\/p>\n<p style='color: inherit;'>RBGrooveGA-52HPacn (Internacional) admite 2412-2484MHz y 5150MHz-5875MHz (el rango de frecuencia espec\u00edfico puede estar limitado por las regulaciones del pa\u00eds).<\/p>\n<\/p><\/div>\n<\/p><\/div>\n<div style='display: flex; flex-wrap: wrap; gap: 20px; margin-bottom: 30px;'>\n<div style='flex: 1 1 250px; border: 1px solid rgba(150&comma; 150&comma; 150&comma; 0.4); border-radius: 8px; overflow: hidden; display: flex; flex-direction: column;'>\n<div style='padding: 15px; border-bottom: 1px solid rgba(150&comma; 150&comma; 150&comma; 0.2); font-weight: bold; font-size: 18px; color: inherit;'>Caracter\u00edsticas<\/div>\n<div style='padding: 15px; color: inherit;'>\n<ul style='padding-left: 20px; margin: 0; font-size: 14px; list-style-type: disc;'>\n<li style='margin-bottom: 5px;'><strong>Est\u00e1ndar:<\/strong> 802.11a\/b\/g\/n\/ac<\/li>\n<li style='margin-bottom: 5px;'><strong>PoE:<\/strong> Incluye PoE Pasivo de 24v<\/li>\n<li style='margin-bottom: 5px;'><strong>Modo de operaci\u00f3n:<\/strong> Punto de Acceso&comma; WDS&comma; Cliente<\/li>\n<li style='margin-bottom: 5px;'><strong>Licencia:<\/strong> Nivel 4<\/li>\n<li style='margin-bottom: 5px;'><strong>Garant\u00eda:<\/strong> 1 A\u00f1o<\/li>\n<li style='margin-bottom: 5px;'><strong>Dimensiones:<\/strong> 177 x 44 x 44 mm<\/li>\n<\/ul><\/div>\n<\/p><\/div>\n<\/p><\/div>\n<div style='display: flex; flex-wrap: wrap; gap: 20px; margin-bottom: 30px;'>\n<div style='flex: 1 1 250px; border: 1px solid rgba(150&comma; 150&comma; 150&comma; 0.4); border-radius: 8px; overflow: hidden; display: flex; flex-direction: column;'>\n<div style='padding: 15px; border-bottom: 1px solid rgba(150&comma; 150&comma; 150&comma; 0.2); font-weight: bold; font-size: 18px; color: inherit;'>Accesorios incluidos<\/div>\n<div style='padding: 15px; color: inherit;'>\n<div style='display: grid; grid-template-columns: repeat(auto-fill&comma; minmax(120px&comma; 1fr)); gap: 15px;'>\n<div style='text-align: center;'> <img style='width: 100%; height: auto; border: 1px solid rgba(150&comma;150&comma;150&comma;0.3); border-radius: 8px;' src='https:\/\/img.routerboard.com\/mimg\/part171391162306s.jpg' alt=''> <\/p>\n<p style='margin-top: 8px; font-size: 14px; color: inherit;'>Adaptador de corriente de 24V 0.38A<\/p>\n<\/p><\/div>\n<div style='text-align: center;'> <img style='width: 100%; height: auto; border: 1px solid rgba(150&comma;150&comma;150&comma;0.3); border-radius: 8px;' src='https:\/\/img.routerboard.com\/mimg\/part111391160732s.jpg' alt=''> <\/p>\n<p style='margin-top: 8px; font-size: 14px; color: inherit;'>Inyector Gigabit PoE<\/p>\n<\/p><\/div>\n<div style='text-align: center;'> <img style='width: 100%; height: auto; border: 1px solid rgba(150&comma;150&comma;150&comma;0.3); border-radius: 8px;' src='https:\/\/img.routerboard.com\/mimg\/part161391161314s.jpg' alt=''> <\/p>\n<p style='margin-top: 8px; font-size: 14px; color: inherit;'>Antena omnidireccional 6dBi \/ 8dBi<\/p>\n<\/p><\/div>\n<div style='text-align: center;'> <img style='width: 100%; height: auto; border: 1px solid rgba(150&comma;150&comma;150&comma;0.3); border-radius: 8px;' src='https:\/\/img.routerboard.com\/mimg\/part91391160033s.jpg' alt=''> <\/p>\n<p style='margin-top: 8px; font-size: 14px; color: inherit;'>Cierre de pl\u00e1stico<\/p>\n<\/p><\/div>\n<\/p><\/div>\n<\/p><\/div>\n<\/p><\/div>\n<\/p><\/div>\n<div style='display: flex; flex-wrap: wrap; gap: 20px; margin-bottom: 30px;'>\n<div style='flex: 1 1 250px;'> <img style='width: 100%; height: auto; border: 1px solid rgba(150&comma;150&comma;150&comma;0.3); border-radius: 8px;' src='https:\/\/ftp3.syscom.mx\/usuarios\/fotos\/CCR10097G1C1S+PC\/137052-garantia1.png' alt=''> <\/div>\n<div style='flex: 1 1 250px;'> <img style='width: 100%; height: auto; border: 1px solid rgba(150&comma;150&comma;150&comma;0.3); border-radius: 8px;' src='https:\/\/img.routerboard.com\/mimg\/1208_l.jpg' alt=''> <\/div>\n<div style='flex: 1 1 250px;'> <img style='width: 100%; height: auto; border: 1px solid rgba(150&comma;150&comma;150&comma;0.3); border-radius: 8px;' src='https:\/\/img.routerboard.com\/mimg\/1209_l.jpg' alt=''> <\/div>\n<\/p><\/div>\n<hr style='border: 0; border-top: 1px solid rgba(150&comma; 150&comma; 150&comma; 0.3); margin: 30px 0;'> <\/div>\n","protected":false},"excerpt":{"rendered":"<p>(GrooveA 52 ac) Punto de Acceso y CPE en 2.4 o 5 GHz  802.11 a\/b\/g\/n\/ac conectorizado, &#8220;Incluye Antena Omnidireccional&#8221;<\/p>\n","protected":false},"featured_media":73200,"comment_status":"open","ping_status":"closed","template":"","meta":[],"product_brand":[],"product_cat":[1998],"product_tag":[1999,1980,643],"class_list":{"0":"post-73201","1":"product","2":"type-product","3":"status-publish","4":"has-post-thumbnail","6":"product_cat-5-y-6-ghz","7":"product_tag-5-y-6-ghz","8":"product_tag-enlaces-ptp-y-ptmp","9":"product_tag-mikrotik","11":"first","12":"outofstock","13":"sale","14":"shipping-taxable","15":"purchasable","16":"product-type-simple"},"_links":{"self":[{"href":"https:\/\/soydeaqui.ddns.net\/pachuca\/index.php\/wp-json\/wp\/v2\/product\/73201","targetHints":{"allow":["GET"]}}],"collection":[{"href":"https:\/\/soydeaqui.ddns.net\/pachuca\/index.php\/wp-json\/wp\/v2\/product"}],"about":[{"href":"https:\/\/soydeaqui.ddns.net\/pachuca\/index.php\/wp-json\/wp\/v2\/types\/product"}],"replies":[{"embeddable":true,"href":"https:\/\/soydeaqui.ddns.net\/pachuca\/index.php\/wp-json\/wp\/v2\/comments?post=73201"}],"wp:featuredmedia":[{"embeddable":true,"href":"https:\/\/soydeaqui.ddns.net\/pachuca\/index.php\/wp-json\/wp\/v2\/media\/73200"}],"wp:attachment":[{"href":"https:\/\/soydeaqui.ddns.net\/pachuca\/index.php\/wp-json\/wp\/v2\/media?parent=73201"}],"wp:term":[{"taxonomy":"product_brand","embeddable":true,"href":"https:\/\/soydeaqui.ddns.net\/pachuca\/index.php\/wp-json\/wp\/v2\/product_brand?post=73201"},{"taxonomy":"product_cat","embeddable":true,"href":"https:\/\/soydeaqui.ddns.net\/pachuca\/index.php\/wp-json\/wp\/v2\/product_cat?post=73201"},{"taxonomy":"product_tag","embeddable":true,"href":"https:\/\/soydeaqui.ddns.net\/pachuca\/index.php\/wp-json\/wp\/v2\/product_tag?post=73201"}],"curies":[{"name":"wp","href":"https:\/\/api.w.org\/{rel}","templated":true}]}}