{"id":73183,"date":"2026-03-19T13:12:26","date_gmt":"2026-03-19T13:12:26","guid":{"rendered":"https:\/\/soydeaqui.ddns.net\/pachuca\/index.php\/producto\/switch-no-administrable-16-puertos-10-100-mbps-con-fuente-de-alimentacion-interna\/"},"modified":"2026-03-19T13:12:27","modified_gmt":"2026-03-19T13:12:27","slug":"switch-no-administrable-16-puertos-10-100-mbps-con-fuente-de-alimentacion-interna","status":"publish","type":"product","link":"https:\/\/soydeaqui.ddns.net\/pachuca\/index.php\/producto\/switch-no-administrable-16-puertos-10-100-mbps-con-fuente-de-alimentacion-interna\/","title":{"rendered":"Switch No Administrable, 16 Puertos 10\/100 Mbps con fuente de alimentaci\u00f3n interna"},"content":{"rendered":"<div style='width: 100%; max-width: 1200px; margin: 0 auto; font-family: sans-serif; line-height: 1.6; color: inherit; background-color: transparent;'> <!-- Secci\u00f3n de caracter\u00edsticas principales --> <\/p>\n<div style='display: flex; flex-wrap: wrap; gap: 30px; margin-bottom: 30px;'>\n<div style='flex: 1 1 300px; min-width: 280px;'>\n<h3 style='font-size: 22px; border-bottom: 2px solid currentColor; padding-bottom: 5px; margin-top: 0; color: inherit; opacity: 0.8;'>Caracter\u00edsticas Principales<\/h3>\n<ul style='padding-left: 20px; font-size: 15px; color: inherit;'>\n<li style='margin-bottom: 5px;'>16 puertos 10\/100 Mbps<\/li>\n<li style='margin-bottom: 5px;'>Throughput: 2.38 Mpps<\/li>\n<li style='margin-bottom: 5px;'>Arquitectura no bloqueante<\/li>\n<li style='margin-bottom: 5px;'>Tecnolog\u00eda WireSpeed<\/li>\n<li style='margin-bottom: 5px;'>Auto-negociaci\u00f3n en todos los puertos<\/li>\n<li style='margin-bottom: 5px;'>Auto MDI\/MDI-X en todos los puertos<\/li>\n<li style='margin-bottom: 5px;'>Transparente a paquetes VLAN<\/li>\n<\/ul><\/div>\n<div style='flex: 1 1 300px; min-width: 280px;'>\n<h3 style='font-size: 22px; border-bottom: 2px solid currentColor; padding-bottom: 5px; margin-top: 0; color: inherit; opacity: 0.8;'>Caracter\u00edsticas Avanzadas<\/h3>\n<ul style='padding-left: 20px; font-size: 15px; color: inherit;'>\n<li style='margin-bottom: 5px;'>Modo d\u00faplex completo y medio d\u00faplex con control de flujo<\/li>\n<li style='margin-bottom: 5px;'>Eco Friendly con reducci\u00f3n de consumo energ\u00e9tico<\/li>\n<li style='margin-bottom: 5px;'>Soporta Energy Efficient Ethernet (EEE)<\/li>\n<li style='margin-bottom: 5px;'>Detecci\u00f3n autom\u00e1tica de dispositivos PoE<\/li>\n<li style='margin-bottom: 5px;'>Dise\u00f1o sin ventilador para operaci\u00f3n silenciosa<\/li>\n<li style='margin-bottom: 5px;'>Conformidad con IEEE 802.3&comma; 802.3u&comma; 802.3x y 802.3af<\/li>\n<\/ul><\/div>\n<\/p><\/div>\n<p> <!-- Secci\u00f3n de especificaciones --> <\/p>\n<div style='display: flex; flex-wrap: wrap; gap: 20px; margin-bottom: 30px;'>\n<div style='flex: 1 1 250px; border: 1px solid rgba(150&comma; 150&comma; 150&comma; 0.4); border-radius: 8px; overflow: hidden; display: flex; flex-direction: column;'>\n<div style='padding: 15px; border-bottom: 1px solid rgba(150&comma; 150&comma; 150&comma; 0.2); font-weight: bold; font-size: 18px; color: inherit;'>Especificaciones F\u00edsicas<\/div>\n<div style='padding: 15px; color: inherit;'>\n<ul style='padding-left: 20px; margin: 0; font-size: 14px; list-style-type: disc;'>\n<li style='margin-bottom: 5px;'><strong>Dimensiones:<\/strong> 184 x 124 x 44 mm<\/li>\n<li style='margin-bottom: 5px;'><strong>Peso:<\/strong> 0.80 Kg<\/li>\n<li style='margin-bottom: 5px;'><strong>Tipo de Montaje:<\/strong> Pared&comma; escritorio o rack<\/li>\n<li style='margin-bottom: 5px;'><strong>Caja:<\/strong> Met\u00e1lica<\/li>\n<\/ul><\/div>\n<\/p><\/div>\n<div style='flex: 1 1 250px; border: 1px solid rgba(150&comma; 150&comma; 150&comma; 0.4); border-radius: 8px; overflow: hidden; display: flex; flex-direction: column;'>\n<div style='padding: 15px; border-bottom: 1px solid rgba(150&comma; 150&comma; 150&comma; 0.2); font-weight: bold; font-size: 18px; color: inherit;'>Especificaciones El\u00e9ctricas<\/div>\n<div style='padding: 15px; color: inherit;'>\n<ul style='padding-left: 20px; margin: 0; font-size: 14px; list-style-type: disc;'>\n<li style='margin-bottom: 5px;'><strong>Entrada:<\/strong> 100-240 VAC&comma; 50-60 Hz<\/li>\n<li style='margin-bottom: 5px;'><strong>Consumo M\u00e1ximo:<\/strong> 4.67W<\/li>\n<li style='margin-bottom: 5px;'><strong>Modo Eco:<\/strong> S\u00ed&comma; con reducci\u00f3n autom\u00e1tica de consumo<\/li>\n<li style='margin-bottom: 5px;'><strong>Fuente:<\/strong> Interna<\/li>\n<\/ul><\/div>\n<\/p><\/div>\n<div style='flex: 1 1 250px; border: 1px solid rgba(150&comma; 150&comma; 150&comma; 0.4); border-radius: 8px; overflow: hidden; display: flex; flex-direction: column;'>\n<div style='padding: 15px; border-bottom: 1px solid rgba(150&comma; 150&comma; 150&comma; 0.2); font-weight: bold; font-size: 18px; color: inherit;'>Rendimiento<\/div>\n<div style='padding: 15px; color: inherit;'>\n<ul style='padding-left: 20px; margin: 0; font-size: 14px; list-style-type: disc;'>\n<li style='margin-bottom: 5px;'><strong>Capacidad de Conmutaci\u00f3n:<\/strong> 3.2 Gbps<\/li>\n<li style='margin-bottom: 5px;'><strong>Memoria MAC:<\/strong> 8K direcciones<\/li>\n<li style='margin-bottom: 5px;'><strong>Buffer de Paquetes:<\/strong> 160 KB<\/li>\n<li style='margin-bottom: 5px;'><strong>Arquitectura:<\/strong> No bloqueante<\/li>\n<\/ul><\/div>\n<\/p><\/div>\n<\/p><\/div>\n<p> <!-- Secci\u00f3n de LEDs --> <\/p>\n<div style='margin-bottom: 30px;'>\n<h3 style='font-size: 22px; border-bottom: 2px solid currentColor; padding-bottom: 5px; margin-top: 0; color: inherit; opacity: 0.8;'>Indicadores LED<\/h3>\n<ul style='padding-left: 20px; font-size: 15px; color: inherit;'>\n<li style='margin-bottom: 5px;'><strong>Power:<\/strong> Verde (Encendido)&comma; Apagado (Sin energ\u00eda)<\/li>\n<li style='margin-bottom: 5px;'><strong>Link\/Activity (L\/A):<\/strong> Verde\/\u00e1mbar parpadeante (Conexi\u00f3n y actividad a 100\/10 Mbps)<\/li>\n<li style='margin-bottom: 5px;'><strong>Speed (SPD):<\/strong> Verde (100 Mbps)&comma; Apagado (10 Mbps)<\/li>\n<li style='margin-bottom: 5px;'><strong>Duplex (DPX):<\/strong> Verde (Full-duplex)&comma; Parpadeante (Colisi\u00f3n)&comma; Apagado (Half-duplex)<\/li>\n<\/ul><\/div>\n<p> <!-- Secci\u00f3n de est\u00e1ndares y certificaciones --> <\/p>\n<div style='display: flex; flex-wrap: wrap; gap: 20px; margin-bottom: 30px;'>\n<div style='flex: 1 1 250px; border: 1px solid rgba(150&comma; 150&comma; 150&comma; 0.4); border-radius: 8px; overflow: hidden; display: flex; flex-direction: column;'>\n<div style='padding: 15px; border-bottom: 1px solid rgba(150&comma; 150&comma; 150&comma; 0.2); font-weight: bold; font-size: 18px; color: inherit;'>Est\u00e1ndares<\/div>\n<div style='padding: 15px; color: inherit;'>\n<ul style='padding-left: 20px; margin: 0; font-size: 14px; list-style-type: disc;'>\n<li style='margin-bottom: 5px;'>IEEE 802.3 10T Ethernet<\/li>\n<li style='margin-bottom: 5px;'>IEEE 802.3u 100TX Fast Ethernet<\/li>\n<li style='margin-bottom: 5px;'>IEEE 802.3x Control de flujo<\/li>\n<li style='margin-bottom: 5px;'>IEEE 802.3af Power over Ethernet (PoE units)<\/li>\n<\/ul><\/div>\n<\/p><\/div>\n<div style='flex: 1 1 250px; border: 1px solid rgba(150&comma; 150&comma; 150&comma; 0.4); border-radius: 8px; overflow: hidden; display: flex; flex-direction: column;'>\n<div style='padding: 15px; border-bottom: 1px solid rgba(150&comma; 150&comma; 150&comma; 0.2); font-weight: bold; font-size: 18px; color: inherit;'>Certificaciones<\/div>\n<div style='padding: 15px; color: inherit;'>\n<ul style='padding-left: 20px; margin: 0; font-size: 14px; list-style-type: disc;'>\n<li style='margin-bottom: 5px;'>UL 1950<\/li>\n<li style='margin-bottom: 5px;'>CSA 22.2 No. 950<\/li>\n<li style='margin-bottom: 5px;'>FCC\/EN55022 Clase B<\/li>\n<li style='margin-bottom: 5px;'>CE Mark<\/li>\n<li style='margin-bottom: 5px;'>C-Tick<\/li>\n<\/ul><\/div>\n<\/p><\/div>\n<\/p><\/div>\n<p> <!-- Secci\u00f3n de garant\u00eda --> <\/p>\n<div style='margin-bottom: 30px;'>\n<h3 style='font-size: 22px; border-bottom: 2px solid currentColor; padding-bottom: 5px; margin-top: 0; color: inherit; opacity: 0.8;'>Garant\u00eda<\/h3>\n<p style='font-size: 15px; color: inherit; margin: 0;'>1 a\u00f1o de garant\u00eda&comma; para un a\u00f1o adicional registra el producto en el siguiente link:<\/p>\n<p style='margin: 15px 0 0 0;'><a href='http:\/\/www.alliedtelesis.com\/support\/maintenance-and-warranty\/register' style='color: inherit; text-decoration: underline;'>http:\/\/www.alliedtelesis.com\/support\/maintenance-and-warranty\/register<\/a><\/p>\n<\/p><\/div>\n<p> <!-- Separador final --> <\/p>\n<hr style='border: 0; border-top: 1px solid rgba(150&comma; 150&comma; 150&comma; 0.3); margin: 30px 0;'> <\/div>\n","protected":false},"excerpt":{"rendered":"<p>Switch No Administrable, 16 Puertos 10\/100 Mbps con fuente de alimentaci\u00f3n interna<\/p>\n","protected":false},"featured_media":73182,"comment_status":"open","ping_status":"closed","template":"","meta":[],"product_brand":[],"product_cat":[1970],"product_tag":[1995,664,1971],"class_list":{"0":"post-73183","1":"product","2":"type-product","3":"status-publish","4":"has-post-thumbnail","6":"product_cat-switches","7":"product_tag-allied-telesis","8":"product_tag-networking","9":"product_tag-switches","11":"first","12":"outofstock","13":"sale","14":"shipping-taxable","15":"purchasable","16":"product-type-simple"},"_links":{"self":[{"href":"https:\/\/soydeaqui.ddns.net\/pachuca\/index.php\/wp-json\/wp\/v2\/product\/73183","targetHints":{"allow":["GET"]}}],"collection":[{"href":"https:\/\/soydeaqui.ddns.net\/pachuca\/index.php\/wp-json\/wp\/v2\/product"}],"about":[{"href":"https:\/\/soydeaqui.ddns.net\/pachuca\/index.php\/wp-json\/wp\/v2\/types\/product"}],"replies":[{"embeddable":true,"href":"https:\/\/soydeaqui.ddns.net\/pachuca\/index.php\/wp-json\/wp\/v2\/comments?post=73183"}],"wp:featuredmedia":[{"embeddable":true,"href":"https:\/\/soydeaqui.ddns.net\/pachuca\/index.php\/wp-json\/wp\/v2\/media\/73182"}],"wp:attachment":[{"href":"https:\/\/soydeaqui.ddns.net\/pachuca\/index.php\/wp-json\/wp\/v2\/media?parent=73183"}],"wp:term":[{"taxonomy":"product_brand","embeddable":true,"href":"https:\/\/soydeaqui.ddns.net\/pachuca\/index.php\/wp-json\/wp\/v2\/product_brand?post=73183"},{"taxonomy":"product_cat","embeddable":true,"href":"https:\/\/soydeaqui.ddns.net\/pachuca\/index.php\/wp-json\/wp\/v2\/product_cat?post=73183"},{"taxonomy":"product_tag","embeddable":true,"href":"https:\/\/soydeaqui.ddns.net\/pachuca\/index.php\/wp-json\/wp\/v2\/product_tag?post=73183"}],"curies":[{"name":"wp","href":"https:\/\/api.w.org\/{rel}","templated":true}]}}