{"id":73117,"date":"2026-03-19T13:09:48","date_gmt":"2026-03-19T13:09:48","guid":{"rendered":"https:\/\/soydeaqui.ddns.net\/pachuca\/index.php\/producto\/matricial-de-video-hdmi-4x1-divisor-4-entradas-a-1-salida-hdmi-1080p-60hz-diferentes-modos-de-display-pantalla-completa-modo-dual-modo-quad-conmutacion-por-boton-o-control-remoto-bo\/"},"modified":"2026-03-19T13:09:58","modified_gmt":"2026-03-19T13:09:58","slug":"matricial-de-video-hdmi-4x1-divisor-4-entradas-a-1-salida-hdmi-1080p-60hz-diferentes-modos-de-display-pantalla-completa-modo-dual-modo-quad-conmutacion-por-boton-o-control-remoto-bo","status":"publish","type":"product","link":"https:\/\/soydeaqui.ddns.net\/pachuca\/index.php\/producto\/matricial-de-video-hdmi-4x1-divisor-4-entradas-a-1-salida-hdmi-1080p-60hz-diferentes-modos-de-display-pantalla-completa-modo-dual-modo-quad-conmutacion-por-boton-o-control-remoto-bo\/","title":{"rendered":"MATRICIAL DE VIDEO HDMI 4X1 (Divisor) \/ 4 Entradas a 1 Salida HDMI \/  1080p @ 60Hz \/ Diferentes modos de Display \/ Pantalla completa, Modo Dual, Modo Quad \/ Conmutaci\u00f3n por Bot\u00f3n o Control Remoto \/ Bot\u00f3n de Control de audio."},"content":{"rendered":"<div style='width: 100%; max-width: 1200px; margin: 0 auto; font-family: sans-serif; line-height: 1.6; color: inherit; background-color: transparent;'>\n<div style='width: 100%; max-width: 1200px; margin: 0 auto; font-family: sans-serif; line-height: 1.6; color: inherit; background-color: transparent;'>\n<div style='text-align: center;'>\n<h1 style='color: inherit; font-size: 28px; margin: 0 0 10px 0;'><strong>TT-401-MS<\/strong><\/h1>\n<h3 style='color: inherit; font-size: 20px; margin: 0 0 20px 0;'>Switch de 4 entradas HDMI 4 X 1 QUAD Multiviewer<\/h3>\n<p style='font-size: 15px; margin: 0 70px 30px 70px; color: inherit; text-align: center;'>HDMI 4&#215;1 Quad Multiviewer Switcher&comma; con 4 entradas HDMI y 1 salida HDMI&comma; muestra v\u00eddeo de cuatro dispositivos fuente HDMI simult\u00e1neamente en un solo monitor. Cambie y controle cualquiera de los cuatro dispositivos fuente mientras supervisa las otras tres conexiones en tiempo real. Soporta modo quad&comma; modo de pantalla completa y modo dual. La resoluci\u00f3n de se\u00f1al HDMI soportada es de hasta 1080p @ 60Hz. Es ampliamente utilizado en muchas aplicaciones que requieren monitoreo en tiempo real de m\u00faltiples dispositivos&comma; como reproductores de DVD&comma; c\u00e1maras y computadoras. Es la soluci\u00f3n perfecta para que las aplicaciones necesiten monitorear varias fuentes al mismo tiempo&#8230;<\/p>\n<\/p><\/div>\n<div style='display: flex; flex-wrap: wrap; gap: 30px; margin-bottom: 40px;'>\n<div style='flex: 1 1 300px; min-width: 280px;'>\n<div style='border: 1px solid rgba(150&comma; 150&comma; 150&comma; 0.3); border-radius: 8px; overflow: hidden;'> <img style='width: 100%; height: auto; border: none; border-radius: 0;' src='http:\/\/ftp3.syscom.mx\/usuarios\/hallende\/EPCOM%20Titanium\/TT-401-MS\/TT401MS-2.png' alt=''> <\/p>\n<div style='padding: 15px; background-color: rgba(150&comma; 150&comma; 150&comma; 0.05); border-bottom: 1px solid rgba(150&comma; 150&comma; 150&comma; 0.3); font-weight: bold; font-size: 18px; color: inherit;'> Caracter\u00edsticas principales: <\/div>\n<div style='padding: 15px; color: inherit;'>\n<ul style='padding-left: 20px; margin: 0; font-size: 14px; list-style-type: disc; color: inherit;'>\n<li style='margin-bottom: 5px; color: inherit;'><strong style='color: inherit;'>Soporta<\/strong> 4 entradas @ 1 salida.<\/li>\n<li style='margin-bottom: 5px; color: inherit;'><strong style='color: inherit;'>Soporta<\/strong> modo quad&comma; modo de pantalla completa y modo dual.<\/li>\n<li style='margin-bottom: 5px; color: inherit;'><strong style='color: inherit;'>Modo de conmutaci\u00f3n<\/strong> por control remoto y bot\u00f3n en la parte frontal del panel.<\/li>\n<li style='margin-bottom: 5px; color: inherit;'><strong style='color: inherit;'>Resoluci\u00f3n:<\/strong> 1080p @ 60Hz.<\/li>\n<li style='margin-bottom: 5px; color: inherit;'><strong style='color: inherit;'>Montaje<\/strong> en pared&comma; conveniente para la instalaci\u00f3n.<\/li>\n<li style='margin-bottom: 5px; color: inherit;'><strong style='color: inherit;'>Tama\u00f1o de cable sugerido<\/strong> para entrada y salida 5m.<\/li>\n<\/ul><\/div>\n<\/p><\/div>\n<\/p><\/div>\n<div style='flex: 1 1 300px; min-width: 280px;'>\n<div style='border: 1px solid rgba(150&comma; 150&comma; 150&comma; 0.3); border-radius: 8px; overflow: hidden;'> <img style='width: 100%; height: auto; border: none; border-radius: 0;' src='http:\/\/ftp3.syscom.mx\/usuarios\/hallende\/EPCOM%20Titanium\/TT-401-MS\/TT401MS-1.png' alt=''> <\/p>\n<div style='padding: 15px; background-color: rgba(150&comma; 150&comma; 150&comma; 0.05); border-bottom: 1px solid rgba(150&comma; 150&comma; 150&comma; 0.3); font-weight: bold; font-size: 18px; color: inherit;'> Caracter\u00edsticas F\u00edsicas y El\u00e9ctricas: <\/div>\n<div style='padding: 15px; color: inherit;'>\n<ul style='padding-left: 20px; margin: 0; font-size: 14px; list-style-type: disc; color: inherit;'>\n<li style='margin-bottom: 5px; color: inherit;'><strong style='color: inherit;'>Alimentaci\u00f3n<\/strong> incluida de 12 Vcc&comma; 2 A.<\/li>\n<li style='margin-bottom: 5px; color: inherit;'><strong style='color: inherit;'>Dimensiones:<\/strong> 178.50mm(L) x 104.74mm(W) x 21.20mm(H).<\/li>\n<li style='margin-bottom: 5px; color: inherit;'><strong style='color: inherit;'>Potencia de consumo<\/strong> 10 W.<\/li>\n<li style='margin-bottom: 5px; color: inherit;'><strong style='color: inherit;'>Peso neto<\/strong> 340 g.<\/li>\n<li style='margin-bottom: 5px; color: inherit;'><strong style='color: inherit;'>Temperatura de operaci\u00f3n<\/strong> 0~40\u00b0.<\/li>\n<\/ul><\/div>\n<\/p><\/div>\n<\/p><\/div>\n<div style='flex: 1 1 300px; min-width: 280px;'>\n<div style='border: 1px solid rgba(150&comma; 150&comma; 150&comma; 0.3); border-radius: 8px; overflow: hidden;'> <img style='width: 100%; height: auto; border: none; border-radius: 0;' src='http:\/\/ftp3.syscom.mx\/usuarios\/hallende\/EPCOM%20Titanium\/TT-401-MS\/TT401MS-3.png' alt=''> <\/p>\n<div style='padding: 15px; background-color: rgba(150&comma; 150&comma; 150&comma; 0.05); border-bottom: 1px solid rgba(150&comma; 150&comma; 150&comma; 0.3); font-weight: bold; font-size: 18px; color: inherit;'> Caracter\u00edsticas Destacadas: <\/div>\n<div style='padding: 15px; color: inherit;'>\n<ul style='padding-left: 20px; margin: 0; font-size: 14px; list-style-type: disc; color: inherit;'>\n<li style='margin-bottom: 5px; color: inherit;'><strong style='color: inherit;'>Soporta<\/strong> HDMI1.3.<\/li>\n<li style='margin-bottom: 5px; color: inherit;'><strong style='color: inherit;'>Soporta<\/strong> HDCP 1.2.<\/li>\n<li style='margin-bottom: 5px; color: inherit;'><strong style='color: inherit;'>Soporta<\/strong> PCM.<\/li>\n<li style='margin-bottom: 5px; color: inherit;'><strong style='color: inherit;'>Plug and play&comma;<\/strong> f\u00e1cil de usar.<\/li>\n<li style='margin-bottom: 5px; color: inherit;'><strong style='color: inherit;'>Cubierta met\u00e1lica&comma;<\/strong> estable y duradera.<\/li>\n<li style='margin-bottom: 5px; color: inherit;'><strong style='color: inherit;'>1 A\u00f1o de Garant\u00eda.<\/strong><\/li>\n<li style='margin-bottom: 5px; color: inherit;'><strong style='color: inherit;'>Nota:<\/strong> El control remoto&comma; no incluye la bater\u00eda&comma; el modelo sugerido es: <a href='https:\/\/www.syscom.mx\/producto\/CR2025-EPCOM-POWERLINE-13901.html' style='color: inherit; text-decoration: underline;'>CR2025<\/a>.<\/li>\n<\/ul><\/div>\n<\/p><\/div>\n<\/p><\/div>\n<\/p><\/div>\n<p> <img style='width: 100%; height: auto; border: 1px solid rgba(150&comma;150&comma;150&comma;0.3); border-radius: 8px; margin-bottom: 30px;' src='http:\/\/ftp3.syscom.mx\/usuarios\/hallende\/EPCOM%20Titanium\/TT-401-MS\/TT-401-MS%20ESP.jpg' alt=''> <\/p>\n<div style='position: relative; padding-bottom: 56.25%; height: 0; overflow: hidden; margin-bottom: 30px;'>   <\/div>\n<\/p><\/div>\n<\/p><\/div>\n","protected":false},"excerpt":{"rendered":"<p>MATRICIAL DE VIDEO HDMI 4X1 (Divisor) \/ 4 Entradas a 1 Salida HDMI \/  1080p @ 60Hz \/ Diferentes modos de Display \/ Pantalla completa, Modo Dual, Modo Quad \/ Conmutaci\u00f3n por Bot\u00f3n o Control Remoto \/ Bot\u00f3n de Control de audio.<\/p>\n","protected":false},"featured_media":73116,"comment_status":"open","ping_status":"closed","template":"","meta":[],"product_brand":[],"product_cat":[2073,2074,2077,2075,2072,2076],"product_tag":[417,2079,2080,2083,507,2081,2078,2082],"class_list":{"0":"post-73117","1":"product","2":"type-product","3":"status-publish","4":"has-post-thumbnail","6":"product_cat-convertidores","7":"product_cat-divisores","8":"product_cat-dvi","9":"product_cat-hdmi","10":"product_cat-kits-extensores","11":"product_cat-vga","12":"product_tag-accesorios-generales","13":"product_tag-convertidores","14":"product_tag-divisores","15":"product_tag-dvi","16":"product_tag-epcom-titanium","17":"product_tag-hdmi","18":"product_tag-kits-extensores","19":"product_tag-vga","21":"first","22":"instock","23":"sale","24":"shipping-taxable","25":"purchasable","26":"product-type-simple"},"_links":{"self":[{"href":"https:\/\/soydeaqui.ddns.net\/pachuca\/index.php\/wp-json\/wp\/v2\/product\/73117","targetHints":{"allow":["GET"]}}],"collection":[{"href":"https:\/\/soydeaqui.ddns.net\/pachuca\/index.php\/wp-json\/wp\/v2\/product"}],"about":[{"href":"https:\/\/soydeaqui.ddns.net\/pachuca\/index.php\/wp-json\/wp\/v2\/types\/product"}],"replies":[{"embeddable":true,"href":"https:\/\/soydeaqui.ddns.net\/pachuca\/index.php\/wp-json\/wp\/v2\/comments?post=73117"}],"wp:featuredmedia":[{"embeddable":true,"href":"https:\/\/soydeaqui.ddns.net\/pachuca\/index.php\/wp-json\/wp\/v2\/media\/73116"}],"wp:attachment":[{"href":"https:\/\/soydeaqui.ddns.net\/pachuca\/index.php\/wp-json\/wp\/v2\/media?parent=73117"}],"wp:term":[{"taxonomy":"product_brand","embeddable":true,"href":"https:\/\/soydeaqui.ddns.net\/pachuca\/index.php\/wp-json\/wp\/v2\/product_brand?post=73117"},{"taxonomy":"product_cat","embeddable":true,"href":"https:\/\/soydeaqui.ddns.net\/pachuca\/index.php\/wp-json\/wp\/v2\/product_cat?post=73117"},{"taxonomy":"product_tag","embeddable":true,"href":"https:\/\/soydeaqui.ddns.net\/pachuca\/index.php\/wp-json\/wp\/v2\/product_tag?post=73117"}],"curies":[{"name":"wp","href":"https:\/\/api.w.org\/{rel}","templated":true}]}}