{"id":73111,"date":"2026-03-19T13:09:31","date_gmt":"2026-03-19T13:09:31","guid":{"rendered":"https:\/\/soydeaqui.ddns.net\/pachuca\/index.php\/producto\/controlador-de-videowall-de-2-x-2-distribuye-en-4-pantallas-el-video-de-1-entrada-hdmi-resolucion-1080p-a-60-hz-salida-de-audio-de-3-5mm-modo-pantalla-completa-o-modo-clon-muy-facil-de-cr\/"},"modified":"2026-03-19T13:09:42","modified_gmt":"2026-03-19T13:09:42","slug":"controlador-de-videowall-de-2-x-2-distribuye-en-4-pantallas-el-video-de-1-entrada-hdmi-resolucion-1080p-a-60-hz-salida-de-audio-de-3-5mm-modo-pantalla-completa-o-modo-clon-muy-facil-de-cr","status":"publish","type":"product","link":"https:\/\/soydeaqui.ddns.net\/pachuca\/index.php\/producto\/controlador-de-videowall-de-2-x-2-distribuye-en-4-pantallas-el-video-de-1-entrada-hdmi-resolucion-1080p-a-60-hz-salida-de-audio-de-3-5mm-modo-pantalla-completa-o-modo-clon-muy-facil-de-cr\/","title":{"rendered":"Controlador de VIDEOWALL  de 2 x 2 \/ Distribuye en 4 pantallas el video de 1 Entrada HDMI  \/ Resoluci\u00f3n 1080p a 60 Hz. \/ Salida de audio de 3.5mm \/ Modo pantalla Completa o Modo Clon \/ Muy F\u00e1cil de crear una pared de Video Wall"},"content":{"rendered":"<div style='width: 100%; max-width: 1200px; margin: 0 auto; font-family: sans-serif; line-height: 1.6; color: inherit; background-color: transparent;'>\n<div style='width: 100%; margin-bottom: 30px;'>\n<h1 style='text-align: center; font-size: 28px; margin-top: 0; color: inherit;'><strong>TT-314-VW<\/strong><\/h1>\n<h3 style='text-align: center; font-size: 18px; margin-top: 0; color: inherit; opacity: 0.8;'>Controlador HDMI VIDEOWALL 2 X 2 (Divide el video de entrada en cuatro partes y se extienden a 4 pantallas del mismo tama\u00f1o)<\/h3>\n<p style='text-align: center; margin: 10px 70px 50px 70px; font-size: 15px; color: inherit;'>Este controlador de pared de v\u00eddeo es una soluci\u00f3n perfecta para soluciones medianas de v\u00eddeo wall de 2&#215;2&comma; admite entrada de fuente 1 x HDMI y salidas 4 x HDMI a cuatro monitores. Es compatible con HDCP compatible con la fuente de se\u00f1al HDMI hasta Full HD 1080p @ 60Hz. Es ideal para aplicaciones de visualizaci\u00f3n de pantallas de video en clubes&comma; exposiciones&comma; construcci\u00f3n de vest\u00edbulos y otros lugares similares&#8230;.<\/p>\n<\/p><\/div>\n<div style='display: flex; flex-wrap: wrap; gap: 30px; margin-bottom: 30px;'>\n<div style='flex: 1 1 300px; min-width: 280px;'>\n<div style='border: 1px solid rgba(150&comma; 150&comma; 150&comma; 0.3); border-radius: 8px; overflow: hidden; display: flex; flex-direction: column; height: 100%;'>\n<div style='background-color: rgba(238&comma; 238&comma; 238&comma; 0.8); padding: 15px; border-bottom: 1px solid rgba(150&comma; 150&comma; 150&comma; 0.2);'> <img style='width: 100%; height: auto; border: none; border-radius: 0;' src='http:\/\/ftp3.syscom.mx\/usuarios\/hallende\/EPCOM%20Titanium\/TT-314-VW\/TT314VW-1.png' alt=''> <\/div>\n<div style='padding: 15px; flex-grow: 1;'>\n<div style='border-bottom: 5px solid #DF001D; margin-bottom: 15px;'><\/div>\n<h3 style='font-size: 20px; margin-top: 0; color: inherit; opacity: 0.8;'>Caracter\u00edsticas Principales:<\/h3>\n<ul style='padding-left: 20px; font-size: 15px; color: inherit; list-style-type: disc;'>\n<li style='margin-bottom: 8px;'>4 salidas en HDMI&comma; divide el video de entrada en cuatro partes<\/li>\n<li style='margin-bottom: 8px;'>Resoluci\u00f3n de hasta 1080p @ 60Hz<\/li>\n<li style='margin-bottom: 8px;'>F\u00e1cil de crear una pared de video wall<\/li>\n<li style='margin-bottom: 8px;'>1 puerto de salida de audio en 3.5 mm<\/li>\n<li style='margin-bottom: 8px;'>1 Entrada en HDMI<\/li>\n<li style='margin-bottom: 8px;'>4 Salidas en HDMI<\/li>\n<\/ul><\/div>\n<\/p><\/div>\n<\/p><\/div>\n<div style='flex: 1 1 300px; min-width: 280px;'>\n<div style='border: 1px solid rgba(150&comma; 150&comma; 150&comma; 0.3); border-radius: 8px; overflow: hidden; display: flex; flex-direction: column; height: 100%;'>\n<div style='background-color: rgba(238&comma; 238&comma; 238&comma; 0.8); padding: 15px; border-bottom: 1px solid rgba(150&comma; 150&comma; 150&comma; 0.2);'> <img style='width: 100%; height: auto; border: none; border-radius: 0;' src='http:\/\/ftp3.syscom.mx\/usuarios\/hallende\/EPCOM%20Titanium\/TT-314-VW\/TT314VW-2.png' alt=''> <\/div>\n<div style='padding: 15px; flex-grow: 1;'>\n<div style='border-bottom: 5px solid #DF001D; margin-bottom: 15px;'><\/div>\n<h3 style='font-size: 20px; margin-top: 0; color: inherit; opacity: 0.8;'>Caracter\u00edsticas F\u00edsicas y El\u00e9ctricas:<\/h3>\n<ul style='padding-left: 20px; font-size: 15px; color: inherit; list-style-type: disc;'>\n<li style='margin-bottom: 8px;'>Alimentaci\u00f3n incluida de 12 Vcc&comma; 2 A<\/li>\n<li style='margin-bottom: 8px;'>Dimensiones 214(L) x 108.6(W) x 25.5(H) mm<\/li>\n<li style='margin-bottom: 8px;'>Potencia de consumo 20W<\/li>\n<li style='margin-bottom: 8px;'>Peso neto 610g<\/li>\n<li style='margin-bottom: 8px;'>Temperatura de operaci\u00f3n 0~60\u00b0<\/li>\n<\/ul><\/div>\n<\/p><\/div>\n<\/p><\/div>\n<div style='flex: 1 1 300px; min-width: 280px;'>\n<div style='border: 1px solid rgba(150&comma; 150&comma; 150&comma; 0.3); border-radius: 8px; overflow: hidden; display: flex; flex-direction: column; height: 100%;'>\n<div style='background-color: rgba(238&comma; 238&comma; 238&comma; 0.8); padding: 15px; border-bottom: 1px solid rgba(150&comma; 150&comma; 150&comma; 0.2);'> <img style='width: 100%; height: auto; border: none; border-radius: 0;' src='http:\/\/ftp3.syscom.mx\/usuarios\/hallende\/EPCOM%20Titanium\/TT-314-VW\/TT314VW-3.png' alt=''> <\/div>\n<div style='padding: 15px; flex-grow: 1;'>\n<div style='border-bottom: 5px solid #DF001D; margin-bottom: 15px;'><\/div>\n<h3 style='font-size: 20px; margin-top: 0; color: inherit; opacity: 0.8;'>Caracter\u00edsticas Destacadas:<\/h3>\n<ul style='padding-left: 20px; font-size: 15px; color: inherit; list-style-type: disc;'>\n<li style='margin-bottom: 8px;'>Soporta 2 modos de Salida (Pantalla completa y Modo Clon)<\/li>\n<li style='margin-bottom: 8px;'>Cambie los modos de salida con el bot\u00f3n de control.<\/li>\n<li style='margin-bottom: 8px;'>Soporta HDMI1.0&comma; HDMI1.3<\/li>\n<li style='margin-bottom: 8px;'>Soporta HDCP 1.2<\/li>\n<li style='margin-bottom: 8px;'>Soporta PCM<\/li>\n<li style='margin-bottom: 8px;'><strong>1 A\u00f1o de Garant\u00eda<\/strong><\/li>\n<\/ul><\/div>\n<\/p><\/div>\n<\/p><\/div>\n<\/p><\/div>\n<div style='width: 100%; margin: 30px 0;'> <img style='width: 100%; height: auto; border: 1px solid rgba(150&comma;150&comma;150&comma;0.3); border-radius: 8px;' src='http:\/\/ftp3.syscom.mx\/usuarios\/hallende\/EPCOM%20Titanium\/TT-314-VW\/TT314VW%20ESP.jpg' alt=''> <\/div>\n<div style='position: relative; padding-bottom: 56.25%; height: 0; overflow: hidden; margin: 30px 0;'>   <\/div>\n<\/p><\/div>\n","protected":false},"excerpt":{"rendered":"<p>Controlador de VIDEOWALL  de 2 x 2 \/ Distribuye en 4 pantallas el video de 1 Entrada HDMI  \/ Resoluci\u00f3n 1080p a 60 Hz. \/ Salida de audio de 3.5mm \/ Modo pantalla Completa o Modo Clon \/ Muy F\u00e1cil de crear una pared de Video Wall<\/p>\n","protected":false},"featured_media":73110,"comment_status":"open","ping_status":"closed","template":"","meta":[],"product_brand":[],"product_cat":[2088],"product_tag":[507,2089,2090],"class_list":{"0":"post-73111","1":"product","2":"type-product","3":"status-publish","4":"has-post-thumbnail","6":"product_cat-videowall-seguridad","7":"product_tag-epcom-titanium","8":"product_tag-monitores-pantallas-y-mobiliario","9":"product_tag-videowall-seguridad","11":"first","12":"outofstock","13":"sale","14":"shipping-taxable","15":"purchasable","16":"product-type-simple"},"_links":{"self":[{"href":"https:\/\/soydeaqui.ddns.net\/pachuca\/index.php\/wp-json\/wp\/v2\/product\/73111","targetHints":{"allow":["GET"]}}],"collection":[{"href":"https:\/\/soydeaqui.ddns.net\/pachuca\/index.php\/wp-json\/wp\/v2\/product"}],"about":[{"href":"https:\/\/soydeaqui.ddns.net\/pachuca\/index.php\/wp-json\/wp\/v2\/types\/product"}],"replies":[{"embeddable":true,"href":"https:\/\/soydeaqui.ddns.net\/pachuca\/index.php\/wp-json\/wp\/v2\/comments?post=73111"}],"wp:featuredmedia":[{"embeddable":true,"href":"https:\/\/soydeaqui.ddns.net\/pachuca\/index.php\/wp-json\/wp\/v2\/media\/73110"}],"wp:attachment":[{"href":"https:\/\/soydeaqui.ddns.net\/pachuca\/index.php\/wp-json\/wp\/v2\/media?parent=73111"}],"wp:term":[{"taxonomy":"product_brand","embeddable":true,"href":"https:\/\/soydeaqui.ddns.net\/pachuca\/index.php\/wp-json\/wp\/v2\/product_brand?post=73111"},{"taxonomy":"product_cat","embeddable":true,"href":"https:\/\/soydeaqui.ddns.net\/pachuca\/index.php\/wp-json\/wp\/v2\/product_cat?post=73111"},{"taxonomy":"product_tag","embeddable":true,"href":"https:\/\/soydeaqui.ddns.net\/pachuca\/index.php\/wp-json\/wp\/v2\/product_tag?post=73111"}],"curies":[{"name":"wp","href":"https:\/\/api.w.org\/{rel}","templated":true}]}}