{"id":73068,"date":"2026-03-19T13:07:52","date_gmt":"2026-03-19T13:07:52","guid":{"rendered":"https:\/\/soydeaqui.ddns.net\/pachuca\/index.php\/producto\/controlador-de-alta-disponibilidad-para-ucm6510\/"},"modified":"2026-03-19T13:08:01","modified_gmt":"2026-03-19T13:08:01","slug":"controlador-de-alta-disponibilidad-para-ucm6510","status":"publish","type":"product","link":"https:\/\/soydeaqui.ddns.net\/pachuca\/index.php\/producto\/controlador-de-alta-disponibilidad-para-ucm6510\/","title":{"rendered":"Controlador de Alta Disponibilidad para UCM6510"},"content":{"rendered":"<div style='width: 100%; max-width: 1200px; margin: 0 auto; font-family: sans-serif; line-height: 1.6; color: inherit; background-color: transparent;'>\n<div style='display: flex; flex-wrap: wrap; gap: 30px; margin-bottom: 30px;'>\n<div style='flex: 1 1 300px; min-width: 280px;'>\n<h3 style='font-size: 22px; border-bottom: 2px solid currentColor; padding-bottom: 5px; margin-top: 0; color: inherit; opacity: 0.8;'>Descripci\u00f3n<\/h3>\n<p style='font-size: 15px; color: inherit; margin-bottom: 15px;'>El HA100 ofrece una soluci\u00f3n de conmutaci\u00f3n por error automatizada para el IP PBX UCM6510. Cuando se conecta entre dos equipos UCM6510&comma; el HA100 monitorea constantemente el estado de operaci\u00f3n de ambos equipos UCM6510 y cambia autom\u00e1ticamente el control del sistema (incluyendo todas las l\u00edneas de telecomunicaciones conectadas&comma; enlaces de redes&comma; dispositivos auxiliares y todos los dispositivos SIP previamente registrados en el UCM6510 primario) al UCM6510 secundario en modo de espera activo en el caso de que el UCM6510 primario falle. Puede completar todo el cambio del sistema entre 10 y 50 segundos dependiendo de la cantidad de dispositivos SIP registrados. Gracias a su inteligente capacidad de monitoreo y conmutaci\u00f3n por error automatizada&comma; el HA100 es una soluci\u00f3n de alta disponibilidad ideal para el UCM6510 con el fin de garantizar m\u00e1xima confiabilidad en todo el sistema y tiempo de operaci\u00f3n \u00f3ptimo.<\/p>\n<\/p><\/div>\n<\/p><\/div>\n<div style='display: flex; flex-wrap: wrap; gap: 20px; margin-bottom: 30px;'>\n<div style='flex: 1 1 250px; border: 1px solid rgba(150&comma; 150&comma; 150&comma; 0.4); border-radius: 8px; overflow: hidden; display: flex; flex-direction: column;'>\n<div style='padding: 15px; border-bottom: 1px solid rgba(150&comma; 150&comma; 150&comma; 0.2); font-weight: bold; font-size: 18px; color: inherit;'>Interfaces &#8211; Tablero Posterior<\/div>\n<div style='padding: 15px; color: inherit;'>\n<ul style='padding-left: 20px; margin: 0; font-size: 14px; list-style-type: disc;'>\n<li style='margin-bottom: 5px;'><strong>Puertos FXS para Tel\u00e9fono Anal\u00f3gico:<\/strong> 2 puertos<\/li>\n<li style='margin-bottom: 5px;'><strong>Puertos FXO para L\u00ednea PSTN:<\/strong> 2 puertos<\/li>\n<li style='margin-bottom: 5px;'><strong>Interface T1\/E1:<\/strong> 1 puerto<\/li>\n<li style='margin-bottom: 5px;'><strong>Interfaces de Red:<\/strong> 1 LAN \/ 1 WAN<\/li>\n<li style='margin-bottom: 5px;'><strong>RS-485:<\/strong> 2; 1 para UCM6510 Primario; 1 para UCM6510 Secundario<\/li>\n<li style='margin-bottom: 5px;'><strong>Interruptor de Reinicio:<\/strong> S\u00ed<\/li>\n<li style='margin-bottom: 5px;'><strong>Suministro El\u00e9ctrico Universal:<\/strong> Puerto de corriente continua<\/li>\n<\/ul><\/div>\n<\/p><\/div>\n<div style='flex: 1 1 250px; border: 1px solid rgba(150&comma; 150&comma; 150&comma; 0.4); border-radius: 8px; overflow: hidden; display: flex; flex-direction: column;'>\n<div style='padding: 15px; border-bottom: 1px solid rgba(150&comma; 150&comma; 150&comma; 0.2); font-weight: bold; font-size: 18px; color: inherit;'>Interfaces &#8211; Tablero Delantero<\/div>\n<div style='padding: 15px; color: inherit;'>\n<ul style='padding-left: 20px; margin: 0; font-size: 14px; list-style-type: disc;'>\n<li style='margin-bottom: 5px;'><strong>Puertos FXS para Tel\u00e9fono Anal\u00f3gico:<\/strong> 2; 1 FXS A&comma; 1 FXS B<\/li>\n<li style='margin-bottom: 5px;'><strong>Puertos FXO para L\u00ednea PSTN:<\/strong> 2; 1 FXO A&comma; 1 FXO B<\/li>\n<li style='margin-bottom: 5px;'><strong>Interface T1\/E1:<\/strong> 2 portas; T1\/E1 A&comma; T1\/E1 B<\/li>\n<li style='margin-bottom: 5px;'><strong>Indicadores LED:<\/strong> Alimentaci\u00f3n&comma; T1\/E1&comma; FXS&comma; FXO&comma; LAN&comma; WAN<\/li>\n<\/ul><\/div>\n<\/p><\/div>\n<\/p><\/div>\n<div style='display: flex; flex-wrap: wrap; gap: 30px; margin-bottom: 30px;'>\n<div style='flex: 1 1 300px; min-width: 280px;'>\n<h3 style='font-size: 22px; border-bottom: 2px solid currentColor; padding-bottom: 5px; margin-top: 0; color: inherit; opacity: 0.8;'>Informaci\u00f3n Adicional<\/h3>\n<ul style='padding-left: 20px; font-size: 15px; color: inherit;'>\n<li style='margin-bottom: 5px;'><strong>Garant\u00eda:<\/strong> 1 A\u00f1o<\/li>\n<\/ul><\/div>\n<\/p><\/div>\n<hr style='border: 0; border-top: 1px solid rgba(150&comma; 150&comma; 150&comma; 0.3); margin: 30px 0;'> <\/div>\n","protected":false},"excerpt":{"rendered":"<p>Controlador de Alta Disponibilidad para UCM6510<\/p>\n","protected":false},"featured_media":73067,"comment_status":"open","ping_status":"closed","template":"","meta":[],"product_brand":[],"product_cat":[2028],"product_tag":[2029,909,2004],"class_list":{"0":"post-73068","1":"product","2":"type-product","3":"status-publish","4":"has-post-thumbnail","6":"product_cat-conmutadores-ip","7":"product_tag-conmutadores-ip","8":"product_tag-grandstream","9":"product_tag-voip-telefonia-ip-videoconferencia","11":"first","12":"outofstock","13":"sale","14":"shipping-taxable","15":"purchasable","16":"product-type-simple"},"_links":{"self":[{"href":"https:\/\/soydeaqui.ddns.net\/pachuca\/index.php\/wp-json\/wp\/v2\/product\/73068","targetHints":{"allow":["GET"]}}],"collection":[{"href":"https:\/\/soydeaqui.ddns.net\/pachuca\/index.php\/wp-json\/wp\/v2\/product"}],"about":[{"href":"https:\/\/soydeaqui.ddns.net\/pachuca\/index.php\/wp-json\/wp\/v2\/types\/product"}],"replies":[{"embeddable":true,"href":"https:\/\/soydeaqui.ddns.net\/pachuca\/index.php\/wp-json\/wp\/v2\/comments?post=73068"}],"wp:featuredmedia":[{"embeddable":true,"href":"https:\/\/soydeaqui.ddns.net\/pachuca\/index.php\/wp-json\/wp\/v2\/media\/73067"}],"wp:attachment":[{"href":"https:\/\/soydeaqui.ddns.net\/pachuca\/index.php\/wp-json\/wp\/v2\/media?parent=73068"}],"wp:term":[{"taxonomy":"product_brand","embeddable":true,"href":"https:\/\/soydeaqui.ddns.net\/pachuca\/index.php\/wp-json\/wp\/v2\/product_brand?post=73068"},{"taxonomy":"product_cat","embeddable":true,"href":"https:\/\/soydeaqui.ddns.net\/pachuca\/index.php\/wp-json\/wp\/v2\/product_cat?post=73068"},{"taxonomy":"product_tag","embeddable":true,"href":"https:\/\/soydeaqui.ddns.net\/pachuca\/index.php\/wp-json\/wp\/v2\/product_tag?post=73068"}],"curies":[{"name":"wp","href":"https:\/\/api.w.org\/{rel}","templated":true}]}}