{"id":73000,"date":"2026-03-19T13:05:23","date_gmt":"2026-03-19T13:05:23","guid":{"rendered":"https:\/\/soydeaqui.ddns.net\/pachuca\/index.php\/producto\/router-inalambrico-doble-banda-ac-2-4-ghz-y-5-ghz-hasta-1200-mbps-4-antenas-externas-omnidireccional-4-puertos-lan-10-100-mbps-1-puerto-wan-10-100-mbps-version-6\/"},"modified":"2026-03-19T13:05:28","modified_gmt":"2026-03-19T13:05:28","slug":"router-inalambrico-doble-banda-ac-2-4-ghz-y-5-ghz-hasta-1200-mbps-4-antenas-externas-omnidireccional-4-puertos-lan-10-100-mbps-1-puerto-wan-10-100-mbps-version-6","status":"publish","type":"product","link":"https:\/\/soydeaqui.ddns.net\/pachuca\/index.php\/producto\/router-inalambrico-doble-banda-ac-2-4-ghz-y-5-ghz-hasta-1200-mbps-4-antenas-externas-omnidireccional-4-puertos-lan-10-100-mbps-1-puerto-wan-10-100-mbps-version-6\/","title":{"rendered":"Router Inal\u00e1mbrico doble banda AC, 2.4 GHz y 5 GHz Hasta 1200 Mbps, 4 antenas externas omnidireccional, 4 Puertos LAN 10\/100 Mbps, 1 Puerto WAN 10\/100 Mbps, Versi\u00f3n 6"},"content":{"rendered":"<div style=\"width: 100%; max-width: 1200px; margin: 0 auto; font-family: sans-serif; line-height: 1.6; color: inherit; background-color: transparent;\"><!-- Imagen principal --><\/p>\n<div style=\"margin-bottom: 30px;\"><img decoding=\"async\" style=\"width: 100%; height: auto; border: 1px solid rgba(150&comma; 150&comma; 150&comma; 0.3); border-radius: 8px;\" src=\"https:\/\/ftp3.syscom.mx\/usuarios\/fotos\/ARCHERC50\/141355-image_-_2023-05-31t151335.344.png\" alt=\"Router Inal\u00e1mbrico TP-LINK ARCHERC50\" class=\"fr-fic fr-dii\"><\/div>\n<p><!-- Secci\u00f3n de caracter\u00edsticas principales --><\/p>\n<div style=\"margin-bottom: 30px;\">\n<h2 style=\"font-size: 24px; text-align: center; margin-bottom: 15px; color: inherit; opacity: 0.9;\">Caracter&iacute;sticas Principales<\/h2>\n<p><img decoding=\"async\" style=\"width: 100%; height: auto; border: 1px solid rgba(150&comma; 150&comma; 150&comma; 0.3); border-radius: 8px;\" src=\"https:\/\/ftp3.syscom.mx\/usuarios\/fotos\/ARCHERC50\/141355-image_-_2023-05-31t151345.081.png\" alt=\"Caracter\u00edsticas del router\" class=\"fr-fic fr-dii\"><\/div>\n<p><!-- Secci\u00f3n de se\u00f1al reforzada --><\/p>\n<div style=\"margin-bottom: 30px;\">\n<h2 style=\"font-size: 24px; text-align: center; margin-bottom: 15px; color: inherit; opacity: 0.9;\">Se&ntilde;al reforzada en todo su casa<\/h2>\n<p><img decoding=\"async\" style=\"width: 100%; height: auto; border: 1px solid rgba(150&comma; 150&comma; 150&comma; 0.3); border-radius: 8px;\" src=\"https:\/\/ftp3.syscom.mx\/usuarios\/fotos\/ARCHERC50\/141355-image_-_2023-05-31t151354.161.png\" alt=\"Se\u00f1al reforzada\" class=\"fr-fic fr-dii\"><\/div>\n<p><!-- Secci\u00f3n de caracter\u00edsticas t\u00e9cnicas --><\/p>\n<div style=\"margin-bottom: 30px;\"><img decoding=\"async\" style=\"width: 100%; height: auto; border: 1px solid rgba(150&comma; 150&comma; 150&comma; 0.3); border-radius: 8px;\" src=\"https:\/\/ftp3.syscom.mx\/usuarios\/fotos\/ARCHERC50\/141355-image_-_2023-05-31t151403.377.png\" alt=\"Caracter\u00edsticas t\u00e9cnicas\" class=\"fr-fic fr-dii\"><\/div>\n<p><!-- Secci\u00f3n de antenas externas --><\/p>\n<div style=\"margin-bottom: 30px;\"><img decoding=\"async\" style=\"width: 100%; height: auto; border: 1px solid rgba(150&comma; 150&comma; 150&comma; 0.3); border-radius: 8px;\" src=\"https:\/\/ftp3.syscom.mx\/usuarios\/fotos\/ARCHERC50\/141355-image_-_2023-05-31t151410.182.png\" alt=\"Antenas externas\" class=\"fr-fic fr-dii\"><\/div>\n<p><!-- Secci\u00f3n de conectividad --><\/p>\n<div style=\"margin-bottom: 30px;\"><img decoding=\"async\" style=\"width: 100%; height: auto; border: 1px solid rgba(150&comma; 150&comma; 150&comma; 0.3); border-radius: 8px;\" src=\"https:\/\/ftp3.syscom.mx\/usuarios\/fotos\/ARCHERC50\/141355-image_-_2023-05-31t151417.522.png\" alt=\"Conectividad\" class=\"fr-fic fr-dii\"><\/div>\n<p><!-- Secci\u00f3n de especificaciones --><\/p>\n<div style=\"margin-bottom: 30px;\">\n<h3 style=\"font-size: 22px; border-bottom: 2px solid currentColor; padding-bottom: 5px; margin-top: 0; color: inherit; opacity: 0.8;\">Especificaciones<\/h3>\n<div style=\"display: flex; flex-wrap: wrap; gap: 20px;\">\n<div style=\"flex: 1 1 250px; border: 1px solid rgba(150&comma; 150&comma; 150&comma; 0.4); border-radius: 8px; overflow: hidden;\">\n<div style=\"padding: 15px; border-bottom: 1px solid rgba(150&comma; 150&comma; 150&comma; 0.2); font-weight: bold; font-size: 18px; color: inherit;\">Conexiones<\/div>\n<div style=\"padding: 15px; color: inherit;\">\n<ul style=\"padding-left: 20px; margin: 0; font-size: 14px; list-style-type: disc;\">\n<li style=\"margin-bottom: 5px;\"><strong>Puerto WAN:<\/strong> 10\/100 Mbps<\/li>\n<li style=\"margin-bottom: 5px;\"><strong>Puertos LAN:<\/strong> 4 puertos 10\/100 Mbps<\/li>\n<li style=\"margin-bottom: 5px;\"><strong>Botones:<\/strong> WPS \/ Reset<\/li>\n<\/ul>\n<\/div>\n<\/div>\n<div style=\"flex: 1 1 250px; border: 1px solid rgba(150&comma; 150&comma; 150&comma; 0.4); border-radius: 8px; overflow: hidden;\">\n<div style=\"padding: 15px; border-bottom: 1px solid rgba(150&comma; 150&comma; 150&comma; 0.2); font-weight: bold; font-size: 18px; color: inherit;\">Caracter&iacute;sticas T&eacute;cnicas<\/div>\n<div style=\"padding: 15px; color: inherit;\">\n<ul style=\"padding-left: 20px; margin: 0; font-size: 14px; list-style-type: disc;\">\n<li style=\"margin-bottom: 5px;\"><strong>Dimensiones:<\/strong> 115 x 106 x 24.3 mm<\/li>\n<li style=\"margin-bottom: 5px;\"><strong>Alimentaci&oacute;n:<\/strong> 9 Vcc 0.85A<\/li>\n<li style=\"margin-bottom: 5px;\"><strong>Certificaciones:<\/strong> FCC&comma; CE&comma; RoHS<\/li>\n<li style=\"margin-bottom: 5px;\"><strong>Protocolos:<\/strong> IPv4 \/ IPv6<\/li>\n<\/ul>\n<\/div>\n<\/div>\n<div style=\"flex: 1 1 250px; border: 1px solid rgba(150&comma; 150&comma; 150&comma; 0.4); border-radius: 8px; overflow: hidden;\">\n<div style=\"padding: 15px; border-bottom: 1px solid rgba(150&comma; 150&comma; 150&comma; 0.2); font-weight: bold; font-size: 18px; color: inherit;\">Red Inal&aacute;mbrica<\/div>\n<div style=\"padding: 15px; color: inherit;\">\n<ul style=\"padding-left: 20px; margin: 0; font-size: 14px; list-style-type: disc;\">\n<li style=\"margin-bottom: 5px;\"><strong>Bandas:<\/strong> Doble banda (2.4 GHz y 5 GHz)<\/li>\n<li style=\"margin-bottom: 5px;\"><strong>Velocidad:<\/strong> Hasta 1200 Mbps<\/li>\n<li style=\"margin-bottom: 5px;\"><strong>Potencia de transmisi&oacute;n WiFi:<\/strong> CE EIRP: &lt;20dBm(2.4GHz)&comma; &lt;23dBm(5GHz)&comma; FCC: &lt;30dBm(2.4GHz &amp; 5GHz)<\/li>\n<\/ul>\n<\/div>\n<\/div>\n<div style=\"flex: 1 1 250px; border: 1px solid rgba(150&comma; 150&comma; 150&comma; 0.4); border-radius: 8px; overflow: hidden;\">\n<div style=\"padding: 15px; border-bottom: 1px solid rgba(150&comma; 150&comma; 150&comma; 0.2); font-weight: bold; font-size: 18px; color: inherit;\">Caracter&iacute;sticas Avanzadas<\/div>\n<div style=\"padding: 15px; color: inherit;\">\n<ul style=\"padding-left: 20px; margin: 0; font-size: 14px; list-style-type: disc;\">\n<li style=\"margin-bottom: 5px;\"><strong>Control Parental:<\/strong> Filtrado de URL \/ Control de Tiempo<\/li>\n<li style=\"margin-bottom: 5px;\"><strong>Tipo de WAN:<\/strong> IP Din&aacute;mica \/ Est&aacute;tica&comma; PPPoE&comma; PPTP&comma; L2TP<\/li>\n<li style=\"margin-bottom: 5px;\"><strong>NAT:<\/strong> Port Forwarding&comma; Port Triggering&comma; DMZ&comma; UPnP<\/li>\n<li style=\"margin-bottom: 5px;\"><strong>IPTV:<\/strong> IGMP Proxy&comma; IGMP Snooping&comma; Bridge&comma; Tag VLAN<\/li>\n<\/ul>\n<\/div>\n<\/div>\n<div style=\"flex: 1 1 250px; border: 1px solid rgba(150&comma; 150&comma; 150&comma; 0.4); border-radius: 8px; overflow: hidden;\">\n<div style=\"padding: 15px; border-bottom: 1px solid rgba(150&comma; 150&comma; 150&comma; 0.2); font-weight: bold; font-size: 18px; color: inherit;\">Funciones Adicionales<\/div>\n<div style=\"padding: 15px; color: inherit;\">\n<ul style=\"padding-left: 20px; margin: 0; font-size: 14px; list-style-type: disc;\">\n<li style=\"margin-bottom: 5px;\"><strong>Administraci&oacute;n:<\/strong> App Tether \/ Interfaz Web<\/li>\n<li style=\"margin-bottom: 5px;\"><strong>Control Avanzado:<\/strong> Access Control&comma; SPI Firewall&comma; IP &amp; MAC Binding&comma; Control de aplicaciones<\/li>\n<li style=\"margin-bottom: 5px;\"><strong>DDNS:<\/strong> NO-IP&comma; DynDNS<\/li>\n<li style=\"margin-bottom: 5px;\"><strong>IPv4 \/ IPv6:<\/strong> S&iacute;<\/li>\n<li style=\"margin-bottom: 5px;\"><strong>Temperatura de operaci&oacute;n:<\/strong> 0 &#8211; 40&deg; C<\/li>\n<\/ul>\n<\/div>\n<\/div>\n<div style=\"flex: 1 1 250px; border: 1px solid rgba(150&comma; 150&comma; 150&comma; 0.4); border-radius: 8px; overflow: hidden;\">\n<div style=\"padding: 15px; border-bottom: 1px solid rgba(150&comma; 150&comma; 150&comma; 0.2); font-weight: bold; font-size: 18px; color: inherit;\">Contenido del Paquete<\/div>\n<div style=\"padding: 15px; color: inherit;\">\n<ul style=\"padding-left: 20px; margin: 0; font-size: 14px; list-style-type: disc;\">\n<li style=\"margin-bottom: 5px;\">Archer C50<\/li>\n<li style=\"margin-bottom: 5px;\">Adaptador de corriente<\/li>\n<li style=\"margin-bottom: 5px;\">Cable Ethernet<\/li>\n<li style=\"margin-bottom: 5px;\">Gu&iacute;a de instalaci&oacute;n<\/li>\n<\/ul>\n<\/div>\n<\/div>\n<\/div>\n<\/div>\n<p><!-- Separador --><\/p>\n<hr style=\"border: 0; border-top: 1px solid rgba(150&comma; 150&comma; 150&comma; 0.3); margin: 30px 0;\"><\/div>\n","protected":false},"excerpt":{"rendered":"<p>Router Inal\u00e1mbrico doble banda AC, 2.4 GHz y 5 GHz Hasta 1200 Mbps, 4 antenas externas omnidireccional, 4 Puertos LAN 10\/100 Mbps, 1 Puerto WAN 10\/100 Mbps, Versi\u00f3n 6<\/p>\n","protected":false},"featured_media":72999,"comment_status":"open","ping_status":"closed","template":"","meta":[],"product_brand":[],"product_cat":[2036,2035,2034],"product_tag":[2039,2038,664,2037,71],"class_list":{"0":"post-73000","1":"product","2":"type-product","3":"status-publish","4":"has-post-thumbnail","6":"product_cat-balanceadores","7":"product_cat-firewalls","8":"product_cat-routers","9":"product_tag-balanceadores","10":"product_tag-firewalls","11":"product_tag-networking","12":"product_tag-routers","13":"product_tag-tp-link","15":"first","16":"instock","17":"sale","18":"shipping-taxable","19":"purchasable","20":"product-type-simple"},"_links":{"self":[{"href":"https:\/\/soydeaqui.ddns.net\/pachuca\/index.php\/wp-json\/wp\/v2\/product\/73000","targetHints":{"allow":["GET"]}}],"collection":[{"href":"https:\/\/soydeaqui.ddns.net\/pachuca\/index.php\/wp-json\/wp\/v2\/product"}],"about":[{"href":"https:\/\/soydeaqui.ddns.net\/pachuca\/index.php\/wp-json\/wp\/v2\/types\/product"}],"replies":[{"embeddable":true,"href":"https:\/\/soydeaqui.ddns.net\/pachuca\/index.php\/wp-json\/wp\/v2\/comments?post=73000"}],"wp:featuredmedia":[{"embeddable":true,"href":"https:\/\/soydeaqui.ddns.net\/pachuca\/index.php\/wp-json\/wp\/v2\/media\/72999"}],"wp:attachment":[{"href":"https:\/\/soydeaqui.ddns.net\/pachuca\/index.php\/wp-json\/wp\/v2\/media?parent=73000"}],"wp:term":[{"taxonomy":"product_brand","embeddable":true,"href":"https:\/\/soydeaqui.ddns.net\/pachuca\/index.php\/wp-json\/wp\/v2\/product_brand?post=73000"},{"taxonomy":"product_cat","embeddable":true,"href":"https:\/\/soydeaqui.ddns.net\/pachuca\/index.php\/wp-json\/wp\/v2\/product_cat?post=73000"},{"taxonomy":"product_tag","embeddable":true,"href":"https:\/\/soydeaqui.ddns.net\/pachuca\/index.php\/wp-json\/wp\/v2\/product_tag?post=73000"}],"curies":[{"name":"wp","href":"https:\/\/api.w.org\/{rel}","templated":true}]}}