{"id":72980,"date":"2026-03-19T13:04:39","date_gmt":"2026-03-19T13:04:39","guid":{"rendered":"https:\/\/soydeaqui.ddns.net\/pachuca\/index.php\/producto\/switch-gigabit-no-administrable-de-5-puertos-10-100-1000-mbps\/"},"modified":"2026-03-19T13:04:51","modified_gmt":"2026-03-19T13:04:51","slug":"switch-gigabit-no-administrable-de-5-puertos-10-100-1000-mbps","status":"publish","type":"product","link":"https:\/\/soydeaqui.ddns.net\/pachuca\/index.php\/producto\/switch-gigabit-no-administrable-de-5-puertos-10-100-1000-mbps\/","title":{"rendered":"Switch Gigabit no administrable de 5 puertos 10\/100\/1000 Mbps"},"content":{"rendered":"<div style='width: 100%; max-width: 1200px; margin: 0 auto; font-family: sans-serif; line-height: 1.6; color: inherit; background-color: transparent;'>\n<div style='display: flex; flex-wrap: wrap; gap: 30px; margin-bottom: 30px;'>\n<div style='flex: 1 1 300px; min-width: 280px;'>\n<h3 style='font-size: 22px; border-bottom: 2px solid currentColor; padding-bottom: 5px; margin-top: 0; color: inherit; opacity: 0.8;'>Tecnolog\u00eda de eficiencia energ\u00e9tica de TP-LINK<\/h3>\n<p style='font-size: 15px; color: inherit; margin-top: 0; margin-bottom: 15px;'>Este Switch Gigabit TL-SG105 de nueva generaci\u00f3n cuenta con las \u00faltimas e innovadoras tecnolog\u00edas de eficiencia energ\u00e9tica que pueden ampliar en gran medida su capacidad de red con mucho menos consumo. \u00c9ste ajusta autom\u00e1ticamente el consumo de energ\u00eda de acuerdo con el estado del enlace para limitar la huella de carbono de su red. Tambi\u00e9n cumple con la DE RoHS de la UE&comma; que proh\u00edbe el uso de ciertos materiales peligrosos. Adem\u00e1s&comma; el 80% del material de embalaje puede ser reciclado.<\/p>\n<ul style='padding-left: 20px; font-size: 15px; color: inherit;'>\n<li style='margin-bottom: 5px;'><strong>Puertos:<\/strong> 5 Puertos 10\/100\/1000 Mbps<\/li>\n<li style='margin-bottom: 5px;'><strong>Throughput:<\/strong> 7.4 Mpps<\/li>\n<\/ul><\/div>\n<\/p><\/div>\n<div style='display: flex; flex-wrap: wrap; gap: 20px; margin-bottom: 30px;'>\n<div style='flex: 1 1 250px; border: 1px solid rgba(150&comma; 150&comma; 150&comma; 0.4); border-radius: 8px; overflow: hidden; display: flex; flex-direction: column;'>\n<div style='padding: 15px; border-bottom: 1px solid rgba(150&comma; 150&comma; 150&comma; 0.2); font-weight: bold; font-size: 18px; color: inherit;'>Caracter\u00edsticas<\/div>\n<div style='padding: 15px; color: inherit;'>\n<ul style='padding-left: 20px; margin: 0; font-size: 14px; list-style-type: disc;'>\n<li style='margin-bottom: 5px;'>Innovadora tecnolog\u00eda de eficiencia energ\u00e9tica para ahorrar energ\u00eda hasta un 40%<\/li>\n<li style='margin-bottom: 5px;'>100% de tasa de datos de filtrado elimina todos los paquetes de error<\/li>\n<li style='margin-bottom: 5px;'>Es compatible con IEEE 802.3x control de flujo para modo Full D\u00faplex y contrapresi\u00f3n para modo Medio-D\u00faplex<\/li>\n<li style='margin-bottom: 5px;'>Conmutaci\u00f3n sin bloqueo hacia delante arquitectura y filtra paquetes a velocidad de cable para un m\u00e1ximo rendimiento<\/li>\n<li style='margin-bottom: 5px;'>Auto-MDI\/MDIX elimina la necesidad de cables cruzados<\/li>\n<li style='margin-bottom: 5px;'>Es compatible con direcci\u00f3n MAC auto-aprendizaje y auto-envejecimiento<\/li>\n<li style='margin-bottom: 5px;'>Apoyo el puerto N-Way Auto-Negociaci\u00f3n&comma; de almacenamiento y reenv\u00edo<\/li>\n<li style='margin-bottom: 5px;'>Dise\u00f1o de tama\u00f1o compacto para computadoras de escritorio&comma; montaje en bastidor<\/li>\n<li style='margin-bottom: 5px;'>Dise\u00f1o Plug and Play facilita la instalaci\u00f3n<\/li>\n<\/ul><\/div>\n<\/p><\/div>\n<div style='flex: 1 1 250px; border: 1px solid rgba(150&comma; 150&comma; 150&comma; 0.4); border-radius: 8px; overflow: hidden; display: flex; flex-direction: column;'>\n<div style='padding: 15px; border-bottom: 1px solid rgba(150&comma; 150&comma; 150&comma; 0.2); font-weight: bold; font-size: 18px; color: inherit;'>Incluye<\/div>\n<div style='padding: 15px; color: inherit;'>\n<ul style='padding-left: 20px; margin: 0; font-size: 14px; list-style-type: disc;'>\n<li style='margin-bottom: 5px;'>Conmutador de 5 puertos Gigabit<\/li>\n<li style='margin-bottom: 5px;'>Cable de alimentaci\u00f3n<\/li>\n<li style='margin-bottom: 5px;'>Gu\u00eda de instalaci\u00f3n<\/li>\n<li style='margin-bottom: 5px;'>Patas de goma<\/li>\n<\/ul><\/div>\n<\/p><\/div>\n<div style='flex: 1 1 250px; border: 1px solid rgba(150&comma; 150&comma; 150&comma; 0.4); border-radius: 8px; overflow: hidden; display: flex; flex-direction: column;'>\n<div style='padding: 15px; border-bottom: 1px solid rgba(150&comma; 150&comma; 150&comma; 0.2); font-weight: bold; font-size: 18px; color: inherit;'>Caracter\u00edsticas F\u00edsicas y El\u00e9ctricas<\/div>\n<div style='padding: 15px; color: inherit;'>\n<ul style='padding-left: 20px; margin: 0; font-size: 14px; list-style-type: disc;'>\n<li style='margin-bottom: 5px;'>Temperatura de Funcionamiento: 0\u00b0C~40\u00b0C (32\u00b0F~104\u00b0F)<\/li>\n<li style='margin-bottom: 5px;'>Temperatura de Almacenamiento: -40\u00b0C~70\u00b0C (-40\u00b0F~158\u00b0F)<\/li>\n<li style='margin-bottom: 5px;'>Humedad de Funcionamiento: 10%~90% sin condensaci\u00f3n<\/li>\n<li style='margin-bottom: 5px;'>Humedad de Almacenamiento: 5%~90% sin condensaci\u00f3n<\/li>\n<li style='margin-bottom: 5px;'>Fuente de Alimentaci\u00f3n: 5VDC\/0.6A&comma; 50\/60Hz<\/li>\n<li style='margin-bottom: 5px;'>Consumo de Energ\u00eda: M\u00e1ximo: 3.2W (220V\/50Hz)<\/li>\n<li style='margin-bottom: 5px;'>Dimensiones (W X D X H): 3.9 x 3.9 x 1.0 pulgadas (99.8 x 98 x 25 mm)<\/li>\n<\/ul><\/div>\n<\/p><\/div>\n<\/p><\/div>\n<hr style='border: 0; border-top: 1px solid rgba(150&comma; 150&comma; 150&comma; 0.3); margin: 30px 0;'> <\/div>\n","protected":false},"excerpt":{"rendered":"<p>Switch Gigabit no administrable de 5 puertos 10\/100\/1000 Mbps<\/p>\n","protected":false},"featured_media":72979,"comment_status":"open","ping_status":"closed","template":"","meta":[],"product_brand":[],"product_cat":[1970],"product_tag":[664,1971,71],"class_list":{"0":"post-72980","1":"product","2":"type-product","3":"status-publish","4":"has-post-thumbnail","6":"product_cat-switches","7":"product_tag-networking","8":"product_tag-switches","9":"product_tag-tp-link","11":"first","12":"instock","13":"sale","14":"shipping-taxable","15":"purchasable","16":"product-type-simple"},"_links":{"self":[{"href":"https:\/\/soydeaqui.ddns.net\/pachuca\/index.php\/wp-json\/wp\/v2\/product\/72980","targetHints":{"allow":["GET"]}}],"collection":[{"href":"https:\/\/soydeaqui.ddns.net\/pachuca\/index.php\/wp-json\/wp\/v2\/product"}],"about":[{"href":"https:\/\/soydeaqui.ddns.net\/pachuca\/index.php\/wp-json\/wp\/v2\/types\/product"}],"replies":[{"embeddable":true,"href":"https:\/\/soydeaqui.ddns.net\/pachuca\/index.php\/wp-json\/wp\/v2\/comments?post=72980"}],"wp:featuredmedia":[{"embeddable":true,"href":"https:\/\/soydeaqui.ddns.net\/pachuca\/index.php\/wp-json\/wp\/v2\/media\/72979"}],"wp:attachment":[{"href":"https:\/\/soydeaqui.ddns.net\/pachuca\/index.php\/wp-json\/wp\/v2\/media?parent=72980"}],"wp:term":[{"taxonomy":"product_brand","embeddable":true,"href":"https:\/\/soydeaqui.ddns.net\/pachuca\/index.php\/wp-json\/wp\/v2\/product_brand?post=72980"},{"taxonomy":"product_cat","embeddable":true,"href":"https:\/\/soydeaqui.ddns.net\/pachuca\/index.php\/wp-json\/wp\/v2\/product_cat?post=72980"},{"taxonomy":"product_tag","embeddable":true,"href":"https:\/\/soydeaqui.ddns.net\/pachuca\/index.php\/wp-json\/wp\/v2\/product_tag?post=72980"}],"curies":[{"name":"wp","href":"https:\/\/api.w.org\/{rel}","templated":true}]}}