{"id":72974,"date":"2026-03-19T13:04:24","date_gmt":"2026-03-19T13:04:24","guid":{"rendered":"https:\/\/soydeaqui.ddns.net\/pachuca\/index.php\/producto\/switch-no-administrable-de-48-puertos-10-100-mbps-para-montaje-en-rack\/"},"modified":"2026-03-19T13:04:34","modified_gmt":"2026-03-19T13:04:34","slug":"switch-no-administrable-de-48-puertos-10-100-mbps-para-montaje-en-rack","status":"publish","type":"product","link":"https:\/\/soydeaqui.ddns.net\/pachuca\/index.php\/producto\/switch-no-administrable-de-48-puertos-10-100-mbps-para-montaje-en-rack\/","title":{"rendered":"Switch no administrable de 48 puertos 10\/100 Mbps para montaje en rack"},"content":{"rendered":"<div style='width: 100%; max-width: 1200px; margin: 0 auto; font-family: sans-serif; line-height: 1.6; color: inherit; background-color: transparent;'> <!-- Secci\u00f3n de descripci\u00f3n principal --> <\/p>\n<div style='margin-bottom: 30px; font-size: 15px; color: inherit;'>\n<p>El switch Gigabit de 48 puertos TL-SG1048 est\u00e1 dise\u00f1ado para satisfacer las necesidades m\u00e1s exigentes a nivel de conectividad de cualquier grupo de trabajo u organizaci\u00f3n departamental. El TL-SG1048 es un switch con 48 puertos a 10\/100 Mbps fiable y f\u00e1cil tanto de utilizar como de administrar. El TL-SG1048 combina la facilidad de uso con unas prestaciones insuperables. Ello le proporciona un valor excepcional para todos aquellos administradores preocupados por los costes que desean la mejor soluci\u00f3n posible al mejor precio posible.<\/p>\n<\/p><\/div>\n<p> <!-- Secci\u00f3n de puertos --> <\/p>\n<div style='display: flex; flex-wrap: wrap; gap: 30px; margin-bottom: 30px;'>\n<div style='flex: 1 1 300px; min-width: 280px;'>\n<h3 style='font-size: 22px; border-bottom: 2px solid currentColor; padding-bottom: 5px; margin-top: 0; color: inherit; opacity: 0.8;'>Puertos<\/h3>\n<ul style='padding-left: 20px; font-size: 15px; color: inherit;'>\n<li style='margin-bottom: 5px;'>48 Puertos 10\/100 Mbps<\/li>\n<li style='margin-bottom: 5px;'><strong>Throughput:<\/strong> 71.4 Mpps<\/li>\n<\/ul><\/div>\n<p> <!-- Secci\u00f3n de caracter\u00edsticas --> <\/p>\n<div style='flex: 1 1 300px; min-width: 280px;'>\n<h3 style='font-size: 22px; border-bottom: 2px solid currentColor; padding-bottom: 5px; margin-top: 0; color: inherit; opacity: 0.8;'>Caracter\u00edsticas<\/h3>\n<ul style='padding-left: 20px; font-size: 15px; color: inherit;'>\n<li style='margin-bottom: 5px;'>100% de tasa de datos de filtrado elimina todos los paquetes de error<\/li>\n<li style='margin-bottom: 5px;'>Es compatible con IEEE 802.3x control de flujo para modo Full D\u00faplex y contrapresi\u00f3n para modo Medio-D\u00faplex<\/li>\n<li style='margin-bottom: 5px;'>Conmutaci\u00f3n sin bloqueo hacia delante arquitectura y filtra paquetes a velocidad de cable para un m\u00e1ximo rendimiento<\/li>\n<li style='margin-bottom: 5px;'>Capacidad de conmutaci\u00f3n 96Gbps<\/li>\n<li style='margin-bottom: 5px;'>Auto MDI \/ MDIX elimina la necesidad de cables cruzados<\/li>\n<li style='margin-bottom: 5px;'>Es compatible con direcci\u00f3n MAC auto-aprendizaje y auto-envejecimiento<\/li>\n<li style='margin-bottom: 5px;'>Apoyo el puerto N-Way Auto-Negociaci\u00f3n&comma; de almacenamiento y reenv\u00edo<\/li>\n<li style='margin-bottom: 5px;'>Dise\u00f1o de tama\u00f1o compacto para computadoras de escritorio&comma; montaje en bastidor<\/li>\n<li style='margin-bottom: 5px;'>Dise\u00f1o Plug and Play facilita la instalaci\u00f3n<\/li>\n<\/ul><\/div>\n<\/p><\/div>\n<p> <!-- Secci\u00f3n de contenido incluido --> <\/p>\n<div style='display: flex; flex-wrap: wrap; gap: 30px; margin-bottom: 30px;'>\n<div style='flex: 1 1 300px; min-width: 280px;'>\n<h3 style='font-size: 22px; border-bottom: 2px solid currentColor; padding-bottom: 5px; margin-top: 0; color: inherit; opacity: 0.8;'>Incluye<\/h3>\n<ul style='padding-left: 20px; font-size: 15px; color: inherit;'>\n<li style='margin-bottom: 5px;'>Conmutador de 48 puertos para montaje en rack<\/li>\n<li style='margin-bottom: 5px;'>Cable de alimentaci\u00f3n<\/li>\n<li style='margin-bottom: 5px;'>Gu\u00eda de instalaci\u00f3n<\/li>\n<li style='margin-bottom: 5px;'>Kits de montaje en rack<\/li>\n<li style='margin-bottom: 5px;'>Patas de goma<\/li>\n<\/ul><\/div>\n<p> <!-- Secci\u00f3n de caracter\u00edsticas f\u00edsicas y el\u00e9ctricas --> <\/p>\n<div style='flex: 1 1 300px; min-width: 280px;'>\n<h3 style='font-size: 22px; border-bottom: 2px solid currentColor; padding-bottom: 5px; margin-top: 0; color: inherit; opacity: 0.8;'>Caracter\u00edsticas F\u00edsicas y El\u00e9ctricas<\/h3>\n<ul style='padding-left: 20px; font-size: 15px; color: inherit;'>\n<li style='margin-bottom: 5px;'><strong>Temperatura de Funcionamiento:<\/strong> 0\u00b0C~40\u00b0C (32\u00b0F~104\u00b0F)<\/li>\n<li style='margin-bottom: 5px;'><strong>Temperatura de Almacenamiento:<\/strong> -40\u00b0C~70\u00b0C (-40\u00b0F~158\u00b0F)<\/li>\n<li style='margin-bottom: 5px;'><strong>Humedad de Funcionamiento:<\/strong> 10%~90% sin condensaci\u00f3n<\/li>\n<li style='margin-bottom: 5px;'><strong>Humedad de Almacenamiento:<\/strong> 5%~90% sin condensaci\u00f3n<\/li>\n<li style='margin-bottom: 5px;'><strong>Fuente de Alimentaci\u00f3n:<\/strong> 100-240VAC&comma; 50\/60Hz<\/li>\n<li style='margin-bottom: 5px;'><strong>Consumo de Energ\u00eda:<\/strong> M\u00e1ximo: 29.8 W (220V\/50Hz)<\/li>\n<li style='margin-bottom: 5px;'><strong>Dimensiones:<\/strong> 17.32*8.7*1.73 pulgadas (440*220*44 mm)<\/li>\n<\/ul><\/div>\n<\/p><\/div>\n<p> <!-- Separador final --> <\/p>\n<hr style='border: 0; border-top: 1px solid rgba(150&comma; 150&comma; 150&comma; 0.3); margin: 30px 0;'> <\/div>\n","protected":false},"excerpt":{"rendered":"<p>Switch no administrable de 48 puertos 10\/100 Mbps para montaje en rack<\/p>\n","protected":false},"featured_media":72973,"comment_status":"open","ping_status":"closed","template":"","meta":[],"product_brand":[],"product_cat":[1970],"product_tag":[664,1971,71],"class_list":{"0":"post-72974","1":"product","2":"type-product","3":"status-publish","4":"has-post-thumbnail","6":"product_cat-switches","7":"product_tag-networking","8":"product_tag-switches","9":"product_tag-tp-link","11":"first","12":"instock","13":"sale","14":"shipping-taxable","15":"purchasable","16":"product-type-simple"},"_links":{"self":[{"href":"https:\/\/soydeaqui.ddns.net\/pachuca\/index.php\/wp-json\/wp\/v2\/product\/72974","targetHints":{"allow":["GET"]}}],"collection":[{"href":"https:\/\/soydeaqui.ddns.net\/pachuca\/index.php\/wp-json\/wp\/v2\/product"}],"about":[{"href":"https:\/\/soydeaqui.ddns.net\/pachuca\/index.php\/wp-json\/wp\/v2\/types\/product"}],"replies":[{"embeddable":true,"href":"https:\/\/soydeaqui.ddns.net\/pachuca\/index.php\/wp-json\/wp\/v2\/comments?post=72974"}],"wp:featuredmedia":[{"embeddable":true,"href":"https:\/\/soydeaqui.ddns.net\/pachuca\/index.php\/wp-json\/wp\/v2\/media\/72973"}],"wp:attachment":[{"href":"https:\/\/soydeaqui.ddns.net\/pachuca\/index.php\/wp-json\/wp\/v2\/media?parent=72974"}],"wp:term":[{"taxonomy":"product_brand","embeddable":true,"href":"https:\/\/soydeaqui.ddns.net\/pachuca\/index.php\/wp-json\/wp\/v2\/product_brand?post=72974"},{"taxonomy":"product_cat","embeddable":true,"href":"https:\/\/soydeaqui.ddns.net\/pachuca\/index.php\/wp-json\/wp\/v2\/product_cat?post=72974"},{"taxonomy":"product_tag","embeddable":true,"href":"https:\/\/soydeaqui.ddns.net\/pachuca\/index.php\/wp-json\/wp\/v2\/product_tag?post=72974"}],"curies":[{"name":"wp","href":"https:\/\/api.w.org\/{rel}","templated":true}]}}