{"id":72957,"date":"2026-03-19T13:03:47","date_gmt":"2026-03-19T13:03:47","guid":{"rendered":"https:\/\/soydeaqui.ddns.net\/pachuca\/index.php\/producto\/switch-no-administrable-de-16-puertos-10-100-mbps-de-escritorio-y-para-montaje-en-rack\/"},"modified":"2026-03-19T13:03:53","modified_gmt":"2026-03-19T13:03:53","slug":"switch-no-administrable-de-16-puertos-10-100-mbps-de-escritorio-y-para-montaje-en-rack","status":"publish","type":"product","link":"https:\/\/soydeaqui.ddns.net\/pachuca\/index.php\/producto\/switch-no-administrable-de-16-puertos-10-100-mbps-de-escritorio-y-para-montaje-en-rack\/","title":{"rendered":"Switch no administrable de 16 puertos 10\/100 Mbps de escritorio y para montaje en rack"},"content":{"rendered":"<div style='width: 100%; max-width: 1200px; margin: 0 auto; font-family: sans-serif; line-height: 1.6; color: inherit; background-color: transparent;'> <!-- Descripci\u00f3n principal --> <\/p>\n<div style='margin-bottom: 30px;'>\n<p style='text-align: justify; font-size: 15px; color: inherit;'> El Switch 10\/100Mbps de Escritorio \/ rack de 16 puertos TL-SF1016DS le proporciona una soluci\u00f3n de alto rendimiento&comma; bajo costo&comma; f\u00e1cil de usar&comma; sin fisuras y est\u00e1ndar para mejorar su red antigua a una red de 100Mbps. Todos los puertos soportan auto MDI\/MDIX por lo que no hay necesidad de preocuparse por el tipo de cable&comma; s\u00f3lo tiene que enchufar y listo. Por otra parte&comma; con su innovadora tecnolog\u00eda de eficiencia energ\u00e9tica&comma; el TL-SF1016DS puede ahorrar hasta un 70% del consumo de energ\u00eda y el 80% del material de embalaje puede ser reciclado por lo que es una soluci\u00f3n ecol\u00f3gica para su red de negocios. <\/p>\n<\/p><\/div>\n<p> <!-- Caracter\u00edsticas principales --> <\/p>\n<div style='margin-bottom: 30px;'>\n<h3 style='font-size: 20px; border-bottom: 2px solid currentColor; padding-bottom: 5px; margin-top: 0; color: inherit; opacity: 0.8;'>Caracter\u00edsticas principales<\/h3>\n<ul style='padding-left: 20px; font-size: 15px; color: inherit; margin-top: 15px;'>\n<li style='margin-bottom: 8px;'>16 puertos RJ45 de 10\/100M<\/li>\n<li style='margin-bottom: 8px;'>La tecnolog\u00eda innovadora de eficiencia energ\u00e9tica ahorra energ\u00eda de hasta el 70%<\/li>\n<li style='margin-bottom: 8px;'>Soporta el auto-aprendizaje de direcciones MAC y auto MDI\/MDIX<\/li>\n<li style='margin-bottom: 8px;'>Cubierta de acero de 13 pulgadas est\u00e1ndar<\/li>\n<\/ul><\/div>\n<p> <!-- Especificaciones --> <\/p>\n<div style='margin-bottom: 30px;'>\n<h3 style='font-size: 20px; border-bottom: 2px solid currentColor; padding-bottom: 5px; margin-top: 0; color: inherit; opacity: 0.8;'>Especificaciones<\/h3>\n<p> <!-- Hardware --> <\/p>\n<div style='margin-top: 20px;'>\n<h4 style='font-size: 18px; margin-top: 0; color: inherit; opacity: 0.75;'>CARACTER\u00cdSTICAS DE HARDWARE<\/h4>\n<div style='display: flex; flex-wrap: wrap; gap: 20px; margin-top: 15px;'>\n<div style='flex: 1 1 250px; border: 1px solid rgba(150&comma; 150&comma; 150&comma; 0.4); border-radius: 8px; overflow: hidden; display: flex; flex-direction: column;'>\n<div style='padding: 15px; border-bottom: 1px solid rgba(150&comma; 150&comma; 150&comma; 0.2); font-weight: bold; font-size: 16px; color: inherit;'>Est\u00e1ndares y Protocolos<\/div>\n<div style='padding: 15px; color: inherit; font-size: 14px;'> IEEE 802.3i&comma; IEEE 802.3u&comma; IEEE 802.3x <\/div>\n<\/p><\/div>\n<div style='flex: 1 1 250px; border: 1px solid rgba(150&comma; 150&comma; 150&comma; 0.4); border-radius: 8px; overflow: hidden; display: flex; flex-direction: column;'>\n<div style='padding: 15px; border-bottom: 1px solid rgba(150&comma; 150&comma; 150&comma; 0.2); font-weight: bold; font-size: 16px; color: inherit;'>Interface<\/div>\n<div style='padding: 15px; color: inherit; font-size: 14px;'> 16 10\/100Mbps RJ45 Ports (Auto Negotiation\/Auto MDI\/MDIX) <\/div>\n<\/p><\/div>\n<div style='flex: 1 1 250px; border: 1px solid rgba(150&comma; 150&comma; 150&comma; 0.4); border-radius: 8px; overflow: hidden; display: flex; flex-direction: column;'>\n<div style='padding: 15px; border-bottom: 1px solid rgba(150&comma; 150&comma; 150&comma; 0.2); font-weight: bold; font-size: 16px; color: inherit;'>Medios de Red<\/div>\n<div style='padding: 15px; color: inherit; font-size: 14px;'> Cable 3&comma; 4 5&comma; 10BASE-T: categor\u00eda UTP (m\u00e1ximo 100m)<br \/> 100BASE-TX\/1000BASE-T: Category 5 UTP&comma; 5e o sobre cable (m\u00e1ximo 100m) <\/div>\n<\/p><\/div>\n<div style='flex: 1 1 250px; border: 1px solid rgba(150&comma; 150&comma; 150&comma; 0.4); border-radius: 8px; overflow: hidden; display: flex; flex-direction: column;'>\n<div style='padding: 15px; border-bottom: 1px solid rgba(150&comma; 150&comma; 150&comma; 0.2); font-weight: bold; font-size: 16px; color: inherit;'>Cantidad de Ventiladores<\/div>\n<div style='padding: 15px; color: inherit; font-size: 14px;'> Sin Ventilador <\/div>\n<\/p><\/div>\n<div style='flex: 1 1 250px; border: 1px solid rgba(150&comma; 150&comma; 150&comma; 0.4); border-radius: 8px; overflow: hidden; display: flex; flex-direction: column;'>\n<div style='padding: 15px; border-bottom: 1px solid rgba(150&comma; 150&comma; 150&comma; 0.2); font-weight: bold; font-size: 16px; color: inherit;'>Fuente de Alimentaci\u00f3n<\/div>\n<div style='padding: 15px; color: inherit; font-size: 14px;'> 100-240VAC&comma; 50\/60Hz <\/div>\n<\/p><\/div>\n<div style='flex: 1 1 250px; border: 1px solid rgba(150&comma; 150&comma; 150&comma; 0.4); border-radius: 8px; overflow: hidden; display: flex; flex-direction: column;'>\n<div style='padding: 15px; border-bottom: 1px solid rgba(150&comma; 150&comma; 150&comma; 0.2); font-weight: bold; font-size: 16px; color: inherit;'>Consumo de Energ\u00eda<\/div>\n<div style='padding: 15px; color: inherit; font-size: 14px;'> M\u00e1ximo: 2.23W (220V\/50Hz) <\/div>\n<\/p><\/div>\n<div style='flex: 1 1 250px; border: 1px solid rgba(150&comma; 150&comma; 150&comma; 0.4); border-radius: 8px; overflow: hidden; display: flex; flex-direction: column;'>\n<div style='padding: 15px; border-bottom: 1px solid rgba(150&comma; 150&comma; 150&comma; 0.2); font-weight: bold; font-size: 16px; color: inherit;'>Dimensiones<\/div>\n<div style='padding: 15px; color: inherit; font-size: 14px;'> 11.6\u00d77.1\u00d71.7 pulgadas (294\u00d7180\u00d744 mm) <\/div>\n<\/p><\/div>\n<div style='flex: 1 1 250px; border: 1px solid rgba(150&comma; 150&comma; 150&comma; 0.4); border-radius: 8px; overflow: hidden; display: flex; flex-direction: column;'>\n<div style='padding: 15px; border-bottom: 1px solid rgba(150&comma; 150&comma; 150&comma; 0.2); font-weight: bold; font-size: 16px; color: inherit;'>Montaje<\/div>\n<div style='padding: 15px; color: inherit; font-size: 14px;'> Rack Mountable <\/div>\n<\/p><\/div>\n<div style='flex: 1 1 250px; border: 1px solid rgba(150&comma; 150&comma; 150&comma; 0.4); border-radius: 8px; overflow: hidden; display: flex; flex-direction: column;'>\n<div style='padding: 15px; border-bottom: 1px solid rgba(150&comma; 150&comma; 150&comma; 0.2); font-weight: bold; font-size: 16px; color: inherit;'>Consumo M\u00e1ximo de energ\u00eda<\/div>\n<div style='padding: 15px; color: inherit; font-size: 14px;'> 2.06W (220V\/50Hz) <\/div>\n<\/p><\/div>\n<div style='flex: 1 1 250px; border: 1px solid rgba(150&comma; 150&comma; 150&comma; 0.4); border-radius: 8px; overflow: hidden; display: flex; flex-direction: column;'>\n<div style='padding: 15px; border-bottom: 1px solid rgba(150&comma; 150&comma; 150&comma; 0.2); font-weight: bold; font-size: 16px; color: inherit;'>Disipaci\u00f3n M\u00e1xima de Calor<\/div>\n<div style='padding: 15px; color: inherit; font-size: 14px;'> 7.03BTU\/h <\/div>\n<\/p><\/div>\n<\/p><\/div>\n<\/p><\/div>\n<p> <!-- Rendimiento --> <\/p>\n<div style='margin-top: 30px;'>\n<h4 style='font-size: 18px; margin-top: 0; color: inherit; opacity: 0.75;'>RENDIMIENTO<\/h4>\n<div style='display: flex; flex-wrap: wrap; gap: 20px; margin-top: 15px;'>\n<div style='flex: 1 1 250px; border: 1px solid rgba(150&comma; 150&comma; 150&comma; 0.4); border-radius: 8px; overflow: hidden; display: flex; flex-direction: column;'>\n<div style='padding: 15px; border-bottom: 1px solid rgba(150&comma; 150&comma; 150&comma; 0.2); font-weight: bold; font-size: 16px; color: inherit;'>Capacidad de Switcheo<\/div>\n<div style='padding: 15px; color: inherit; font-size: 14px;'> 3.2Gbps <\/div>\n<\/p><\/div>\n<div style='flex: 1 1 250px; border: 1px solid rgba(150&comma; 150&comma; 150&comma; 0.4); border-radius: 8px; overflow: hidden; display: flex; flex-direction: column;'>\n<div style='padding: 15px; border-bottom: 1px solid rgba(150&comma; 150&comma; 150&comma; 0.2); font-weight: bold; font-size: 16px; color: inherit;'>Tasa de Reenv\u00edo de Paquetes<\/div>\n<div style='padding: 15px; color: inherit; font-size: 14px;'> 2.38Mpps <\/div>\n<\/p><\/div>\n<div style='flex: 1 1 250px; border: 1px solid rgba(150&comma; 150&comma; 150&comma; 0.4); border-radius: 8px; overflow: hidden; display: flex; flex-direction: column;'>\n<div style='padding: 15px; border-bottom: 1px solid rgba(150&comma; 150&comma; 150&comma; 0.2); font-weight: bold; font-size: 16px; color: inherit;'>Tabla de MAC Address<\/div>\n<div style='padding: 15px; color: inherit; font-size: 14px;'> 8K <\/div>\n<\/p><\/div>\n<div style='flex: 1 1 250px; border: 1px solid rgba(150&comma; 150&comma; 150&comma; 0.4); border-radius: 8px; overflow: hidden; display: flex; flex-direction: column;'>\n<div style='padding: 15px; border-bottom: 1px solid rgba(150&comma; 150&comma; 150&comma; 0.2); font-weight: bold; font-size: 16px; color: inherit;'>Memoria B\u00fafer<\/div>\n<div style='padding: 15px; color: inherit; font-size: 14px;'> 2Mb <\/div>\n<\/p><\/div>\n<div style='flex: 1 1 250px; border: 1px solid rgba(150&comma; 150&comma; 150&comma; 0.4); border-radius: 8px; overflow: hidden; display: flex; flex-direction: column;'>\n<div style='padding: 15px; border-bottom: 1px solid rgba(150&comma; 150&comma; 150&comma; 0.2); font-weight: bold; font-size: 16px; color: inherit;'>Tecnolog\u00eda Verde<\/div>\n<div style='padding: 15px; color: inherit; font-size: 14px;'> Tecnolog\u00eda de eficiencia energ\u00e9tica innovadora ahorra energ\u00eda hasta un 75% <\/div>\n<\/p><\/div>\n<div style='flex: 1 1 250px; border: 1px solid rgba(150&comma; 150&comma; 150&comma; 0.4); border-radius: 8px; overflow: hidden; display: flex; flex-direction: column;'>\n<div style='padding: 15px; border-bottom: 1px solid rgba(150&comma; 150&comma; 150&comma; 0.2); font-weight: bold; font-size: 16px; color: inherit;'>M\u00e9todo de transferencia<\/div>\n<div style='padding: 15px; color: inherit; font-size: 14px;'> Almacenamiento y Env\u00edo <\/div>\n<\/p><\/div>\n<\/p><\/div>\n<\/p><\/div>\n<p> <!-- Otros --> <\/p>\n<div style='margin-top: 30px;'>\n<h4 style='font-size: 18px; margin-top: 0; color: inherit; opacity: 0.75;'>OTROS<\/h4>\n<div style='display: flex; flex-wrap: wrap; gap: 20px; margin-top: 15px;'>\n<div style='flex: 1 1 250px; border: 1px solid rgba(150&comma; 150&comma; 150&comma; 0.4); border-radius: 8px; overflow: hidden; display: flex; flex-direction: column;'>\n<div style='padding: 15px; border-bottom: 1px solid rgba(150&comma; 150&comma; 150&comma; 0.2); font-weight: bold; font-size: 16px; color: inherit;'>Certificaciones<\/div>\n<div style='padding: 15px; color: inherit; font-size: 14px;'> FCC&comma; CE&comma; RoHS <\/div>\n<\/p><\/div>\n<div style='flex: 1 1 250px; border: 1px solid rgba(150&comma; 150&comma; 150&comma; 0.4); border-radius: 8px; overflow: hidden; display: flex; flex-direction: column;'>\n<div style='padding: 15px; border-bottom: 1px solid rgba(150&comma; 150&comma; 150&comma; 0.2); font-weight: bold; font-size: 16px; color: inherit;'>Contenido del Paquete<\/div>\n<div style='padding: 15px; color: inherit; font-size: 14px;'> Switch con montaje en Rack con 16 puertos 10\/100Mbps<br \/> Cable de alimentaci\u00f3n<br \/> Gu\u00eda de instalaci\u00f3n<br \/> Kits de montaje<br \/> Patas de goma <\/div>\n<\/p><\/div>\n<div style='flex: 1 1 250px; border: 1px solid rgba(150&comma; 150&comma; 150&comma; 0.4); border-radius: 8px; overflow: hidden; display: flex; flex-direction: column;'>\n<div style='padding: 15px; border-bottom: 1px solid rgba(150&comma; 150&comma; 150&comma; 0.2); font-weight: bold; font-size: 16px; color: inherit;'>Requerimientos del sistema<\/div>\n<div style='padding: 15px; color: inherit; font-size: 14px;'> Microsoft\u00ae Windows\u00ae 8&comma; 7&comma; Vista\u2122&comma; XP or MAC\u00ae OS&comma; NetWare\u00ae&comma; UNIX\u00ae or Linux. <\/div>\n<\/p><\/div>\n<div style='flex: 1 1 250px; border: 1px solid rgba(150&comma; 150&comma; 150&comma; 0.4); border-radius: 8px; overflow: hidden; display: flex; flex-direction: column;'>\n<div style='padding: 15px; border-bottom: 1px solid rgba(150&comma; 150&comma; 150&comma; 0.2); font-weight: bold; font-size: 16px; color: inherit;'>Ambiente<\/div>\n<div style='padding: 15px; color: inherit; font-size: 14px;'> Temperatura de Funcionamiento: 0\u00b0C~40\u00b0C (32\u00b0F~104\u00b0F)<br \/> Temperatura de Almacenamiento: -40\u00b0C~70\u00b0C (-40\u00b0F~158\u00b0F)<br \/> Humedad de Funcionamiento: 10%~90% sin condensaci\u00f3n<br \/> Humedad de Almacenamiento: 5%~90% sin condensaci\u00f3n <\/div>\n<\/p><\/div>\n<\/p><\/div>\n<\/p><\/div>\n<\/p><\/div>\n<p> <!-- Separador final --> <\/p>\n<hr style='border: 0; border-top: 1px solid rgba(150&comma; 150&comma; 150&comma; 0.3); margin: 30px 0;'> <\/div>\n","protected":false},"excerpt":{"rendered":"<p>Switch no administrable de 16 puertos 10\/100 Mbps de escritorio y para montaje en rack<\/p>\n","protected":false},"featured_media":72956,"comment_status":"open","ping_status":"closed","template":"","meta":[],"product_brand":[],"product_cat":[1970],"product_tag":[664,1971,71],"class_list":{"0":"post-72957","1":"product","2":"type-product","3":"status-publish","4":"has-post-thumbnail","6":"product_cat-switches","7":"product_tag-networking","8":"product_tag-switches","9":"product_tag-tp-link","11":"first","12":"instock","13":"sale","14":"shipping-taxable","15":"purchasable","16":"product-type-simple"},"_links":{"self":[{"href":"https:\/\/soydeaqui.ddns.net\/pachuca\/index.php\/wp-json\/wp\/v2\/product\/72957","targetHints":{"allow":["GET"]}}],"collection":[{"href":"https:\/\/soydeaqui.ddns.net\/pachuca\/index.php\/wp-json\/wp\/v2\/product"}],"about":[{"href":"https:\/\/soydeaqui.ddns.net\/pachuca\/index.php\/wp-json\/wp\/v2\/types\/product"}],"replies":[{"embeddable":true,"href":"https:\/\/soydeaqui.ddns.net\/pachuca\/index.php\/wp-json\/wp\/v2\/comments?post=72957"}],"wp:featuredmedia":[{"embeddable":true,"href":"https:\/\/soydeaqui.ddns.net\/pachuca\/index.php\/wp-json\/wp\/v2\/media\/72956"}],"wp:attachment":[{"href":"https:\/\/soydeaqui.ddns.net\/pachuca\/index.php\/wp-json\/wp\/v2\/media?parent=72957"}],"wp:term":[{"taxonomy":"product_brand","embeddable":true,"href":"https:\/\/soydeaqui.ddns.net\/pachuca\/index.php\/wp-json\/wp\/v2\/product_brand?post=72957"},{"taxonomy":"product_cat","embeddable":true,"href":"https:\/\/soydeaqui.ddns.net\/pachuca\/index.php\/wp-json\/wp\/v2\/product_cat?post=72957"},{"taxonomy":"product_tag","embeddable":true,"href":"https:\/\/soydeaqui.ddns.net\/pachuca\/index.php\/wp-json\/wp\/v2\/product_tag?post=72957"}],"curies":[{"name":"wp","href":"https:\/\/api.w.org\/{rel}","templated":true}]}}