{"id":72909,"date":"2026-03-19T13:01:54","date_gmt":"2026-03-19T13:01:54","guid":{"rendered":"https:\/\/soydeaqui.ddns.net\/pachuca\/index.php\/producto\/radio-estacion-base-airmax-ac-hasta-500-mbps-5-ghz-5150-5875-mhz-con-tecnologia-airprism-la-antena-se-vende-por-separado\/"},"modified":"2026-03-19T13:02:05","modified_gmt":"2026-03-19T13:02:05","slug":"radio-estacion-base-airmax-ac-hasta-500-mbps-5-ghz-5150-5875-mhz-con-tecnologia-airprism-la-antena-se-vende-por-separado","status":"publish","type":"product","link":"https:\/\/soydeaqui.ddns.net\/pachuca\/index.php\/producto\/radio-estacion-base-airmax-ac-hasta-500-mbps-5-ghz-5150-5875-mhz-con-tecnologia-airprism-la-antena-se-vende-por-separado\/","title":{"rendered":"Radio Estaci\u00f3n Base airMAX AC hasta 500 Mbps, 5 GHz (5150 &#8211; 5875 MHz) con tecnolog\u00eda airPrism, la antena se vende por separado"},"content":{"rendered":"<div style='width: 100%; max-width: 1200px; margin: 0 auto; font-family: sans-serif; line-height: 1.6; color: inherit; background-color: transparent;'> <!-- Secci\u00f3n de caracter\u00edsticas principales --> <\/p>\n<div style='display: flex; flex-wrap: wrap; gap: 30px; margin-bottom: 30px;'>\n<div style='flex: 1 1 300px; min-width: 280px;'>\n<h3 style='font-size: 22px; border-bottom: 2px solid currentColor; padding-bottom: 5px; margin-top: 0; color: inherit; opacity: 0.8;'>Caracter\u00edsticas<\/h3>\n<ul style='padding-left: 20px; font-size: 15px; color: inherit;'>\n<li style='margin-bottom: 5px;'><strong>Puertos:<\/strong> 1 puerto de datos 10\/100\/1000 Mbps<\/li>\n<li style='margin-bottom: 5px;'><strong>Sistema operativo:<\/strong> airOS\u00ae 8<\/li>\n<li style='margin-bottom: 5px;'><strong>Modos de operaci\u00f3n:<\/strong> Access Point&comma; Estaci\u00f3n<\/li>\n<\/ul><\/div>\n<div style='flex: 1 1 300px; min-width: 280px;'>\n<h3 style='font-size: 22px; border-bottom: 2px solid currentColor; padding-bottom: 5px; margin-top: 0; color: inherit; opacity: 0.8;'>Especificaciones F\u00edsicas<\/h3>\n<ul style='padding-left: 20px; font-size: 15px; color: inherit;'>\n<li style='margin-bottom: 5px;'><strong>Alimentaci\u00f3n:<\/strong> 24 V&comma; 1 A<\/li>\n<li style='margin-bottom: 5px;'><strong>Dimensiones:<\/strong> 83 x 117 x 69 mm<\/li>\n<li style='margin-bottom: 5px;'><strong>Peso:<\/strong> 770 g<\/li>\n<li style='margin-bottom: 5px;'><strong>Temperatura de Operaci\u00f3n:<\/strong> -40 a 70\u00b0 C<\/li>\n<\/ul><\/div>\n<div style='flex: 1 1 300px; min-width: 280px;'>\n<h3 style='font-size: 22px; border-bottom: 2px solid currentColor; padding-bottom: 5px; margin-top: 0; color: inherit; opacity: 0.8;'>Incluye<\/h3>\n<ul style='padding-left: 20px; font-size: 15px; color: inherit;'>\n<li style='margin-bottom: 5px;'>PrismStation 5AC<\/li>\n<li style='margin-bottom: 5px;'>Antena GPS<\/li>\n<li style='margin-bottom: 5px;'>Adaptador PoE Gigabit 24 V 1 A<\/li>\n<li style='margin-bottom: 5px;'>Kit de montaje<\/li>\n<\/ul><\/div>\n<div style='flex: 1 1 300px; min-width: 280px;'>\n<h3 style='font-size: 22px; border-bottom: 2px solid currentColor; padding-bottom: 5px; margin-top: 0; color: inherit; opacity: 0.8;'>Especificaciones de Radio<\/h3>\n<ul style='padding-left: 20px; font-size: 15px; color: inherit;'>\n<li style='margin-bottom: 5px;'><strong>Ancho de canal:<\/strong> PtP: 10\/20\/30\/40\/50\/60\/80 MHz&comma; PtMP: 10\/20\/30\/40 MHz<\/li>\n<li style='margin-bottom: 5px;'><strong>Rango de operaci\u00f3n:<\/strong> 5150 &#8211; 5875 MHz (depende del pa\u00eds)<\/li>\n<li style='margin-bottom: 5px;'><strong>Procesador:<\/strong> Atheros MIPS<\/li>\n<li style='margin-bottom: 5px;'><strong>Seguridad:<\/strong> WPA2 AES<\/li>\n<\/ul><\/div>\n<\/p><\/div>\n<p> <!-- Secci\u00f3n de caracter\u00edsticas adicionales --> <\/p>\n<div style='display: flex; flex-wrap: wrap; gap: 20px; margin-bottom: 30px;'>\n<div style='flex: 1 1 250px; border: 1px solid rgba(150&comma; 150&comma; 150&comma; 0.4); border-radius: 8px; overflow: hidden; display: flex; flex-direction: column;'>\n<div style='padding: 15px; border-bottom: 1px solid rgba(150&comma; 150&comma; 150&comma; 0.2); font-weight: bold; font-size: 18px; color: inherit;'>Caracter\u00edsticas Adicionales<\/div>\n<div style='padding: 15px; color: inherit;'>\n<ul style='padding-left: 20px; margin: 0; font-size: 14px; list-style-type: disc;'>\n<li style='margin-bottom: 5px;'>Alto desempe\u00f1o<\/li>\n<li style='margin-bottom: 5px;'>Escalable<\/li>\n<li style='margin-bottom: 5px;'>Radio de administraci\u00f3n local en 2.4 GHz<\/li>\n<li style='margin-bottom: 5px;'>SNR mejorado<\/li>\n<li style='margin-bottom: 5px;'>Inmunidad al ruido mejorada<\/li>\n<\/ul><\/div>\n<\/p><\/div>\n<div style='flex: 1 1 250px; border: 1px solid rgba(150&comma; 150&comma; 150&comma; 0.4); border-radius: 8px; overflow: hidden; display: flex; flex-direction: column;'>\n<div style='padding: 15px; border-bottom: 1px solid rgba(150&comma; 150&comma; 150&comma; 0.2); font-weight: bold; font-size: 18px; color: inherit;'>Garant\u00eda<\/div>\n<div style='padding: 15px; color: inherit;'>\n<p style='margin: 0; font-size: 14px;'>1 A\u00f1o<\/p>\n<\/p><\/div>\n<\/p><\/div>\n<\/p><\/div>\n<p> <!-- Separador --> <\/p>\n<hr style='border: 0; border-top: 1px solid rgba(150&comma; 150&comma; 150&comma; 0.3); margin: 30px 0;'> <!-- Secci\u00f3n de caracter\u00edsticas t\u00e9cnicas --> <\/p>\n<div style='display: flex; flex-wrap: wrap; gap: 30px; margin-bottom: 30px;'>\n<div style='flex: 1 1 300px; min-width: 280px;'>\n<h3 style='font-size: 22px; border-bottom: 2px solid currentColor; padding-bottom: 5px; margin-top: 0; color: inherit; opacity: 0.8;'>Filtro activo de RF Prism<\/h3>\n<p style='font-size: 15px; color: inherit;'>Ubiquiti Networks dise\u00f1\u00f3 el filtro airPrism como una soluci\u00f3n robusta para la interferencia. airPrism permite una mayor capacidad del sistema y rendimiento global al reducir a\u00fan m\u00e1s la energ\u00eda fuera de banda.<\/p>\n<div style='text-align: center; margin: 20px 0;'> <img style='width: 100%; max-width: 550px; height: auto; border: 1px solid rgba(150&comma;150&comma;150&comma;0.3); border-radius: 8px;' src='https:\/\/prd-www-cdn.ubnt.com\/media\/images\/product-features\/prismstation-rf-filter-feature-2x.jpg' alt=''> <\/div>\n<\/p><\/div>\n<div style='flex: 1 1 300px; min-width: 280px;'>\n<h3 style='font-size: 22px; border-bottom: 2px solid currentColor; padding-bottom: 5px; margin-top: 0; color: inherit; opacity: 0.8;'>Dise\u00f1o Modular<\/h3>\n<p style='font-size: 15px; color: inherit;'>La antena tipo horn es intercambiable y nos ayuda a conformar el haz para despliegues espec\u00edficos y las necesidades del entorno.<\/p>\n<div style='text-align: center; margin: 20px 0;'> <img style='width: 100%; max-width: 550px; height: auto; border: 1px solid rgba(150&comma;150&comma;150&comma;0.3); border-radius: 8px;' src='https:\/\/prd-www-cdn.ubnt.com\/media\/images\/product-features\/prisms-ap-feature-modular-design1-2x.jpg' alt=''> <\/div>\n<\/p><\/div>\n<div style='flex: 1 1 300px; min-width: 280px;'>\n<h3 style='font-size: 22px; border-bottom: 2px solid currentColor; padding-bottom: 5px; margin-top: 0; color: inherit; opacity: 0.8;'>Sincronizaci\u00f3n GPS<\/h3>\n<p style='font-size: 15px; color: inherit;'>El PrismStation\u2122 AC es compatible con GPS Sync para redes m\u00e1s r\u00e1pidas&comma; mas escalables y de tipo carrier class.<\/p>\n<div style='text-align: center; margin: 20px 0;'> <img style='width: 100%; max-width: 550px; height: auto; border: 1px solid rgba(150&comma;150&comma;150&comma;0.3); border-radius: 8px;' src='https:\/\/prd-www-cdn.ubnt.com\/media\/images\/product-features\/GPS-Sync-feature-2x.jpg' alt=''> <\/div>\n<\/p><\/div>\n<div style='flex: 1 1 300px; min-width: 280px;'>\n<h3 style='font-size: 22px; border-bottom: 2px solid currentColor; padding-bottom: 5px; margin-top: 0; color: inherit; opacity: 0.8;'>Co-Localizaci\u00f3n mejorada<\/h3>\n<p style='font-size: 15px; color: inherit;'>Las opciones de antenas asim\u00e9tricas (60 y 90 \u00ba) tienen l\u00f3bulos laterales naturalmente atenuados y muy baja radiaci\u00f3n en l\u00f3bulos traseros y ofrecen un excelente front-to-back ratio. Las antenas sim\u00e9tricas (30 y 45 \u00ba) son ideales para instalaciones de sectores con altos requisitos de ubicaci\u00f3n conjunta.<\/p>\n<div style='text-align: center; margin: 20px 0;'> <img style='width: 100%; max-width: 550px; height: auto; border: 1px solid rgba(150&comma;150&comma;150&comma;0.3); border-radius: 8px;' src='https:\/\/prd-www-cdn.ubnt.com\/media\/images\/product-features\/colocation-2x.jpg' alt=''> <\/div>\n<\/p><\/div>\n<div style='flex: 1 1 300px; min-width: 280px;'>\n<h3 style='font-size: 22px; border-bottom: 2px solid currentColor; padding-bottom: 5px; margin-top: 0; color: inherit; opacity: 0.8;'>Inmunidad al ruido mejorada<\/h3>\n<p style='font-size: 15px; color: inherit;'>PrismStation\u2122 AC bloquea o filtra el ruido&comma; por lo que mejora la inmunidad al ruido. Esta caracter\u00edstica es especialmente importante en un \u00e1rea llena de otras se\u00f1ales de RF de la misma o similar frecuencia.<\/p>\n<div style='text-align: center; margin: 20px 0;'> <img style='width: 100%; max-width: 550px; height: auto; border: 1px solid rgba(150&comma;150&comma;150&comma;0.3); border-radius: 8px;' src='https:\/\/prd-www-cdn.ubnt.com\/media\/images\/product-features\/improved_noise_immunity-2x.jpg' alt=''> <\/div>\n<\/p><\/div>\n<div style='flex: 1 1 300px; min-width: 280px;'>\n<h3 style='font-size: 22px; border-bottom: 2px solid currentColor; padding-bottom: 5px; margin-top: 0; color: inherit; opacity: 0.8;'>Radio Wi-Fi de administraci\u00f3n<\/h3>\n<p style='font-size: 15px; color: inherit;'>PrismStation\u2122 AC integra un radio Wi-Fi separado para una configuraci\u00f3n r\u00e1pida y f\u00e1cil usando un dispositivo m\u00f3vil.<\/p>\n<div style='text-align: center; margin: 20px 0;'> <img style='width: 100%; max-width: 550px; height: auto; border: 1px solid rgba(150&comma;150&comma;150&comma;0.3); border-radius: 8px;' src='https:\/\/prd-www-cdn.ubnt.com\/media\/images\/product-features\/prismstation-feature-esay-install2-2x.jpg' alt=''> <\/div>\n<\/p><\/div>\n<div style='flex: 1 1 300px; min-width: 280px;'>\n<h3 style='font-size: 22px; border-bottom: 2px solid currentColor; padding-bottom: 5px; margin-top: 0; color: inherit; opacity: 0.8;'>airOS\u00ae8 y airView\u00ae<\/h3>\n<p style='font-size: 15px; color: inherit;'>airOS\u00ae8 ofrece funciones potentes&comma; que incluyen compatibilidad con el protocolo airMAX\u00ae AC&comma; an\u00e1lisis de RF en tiempo real y un dise\u00f1o completamente nuevo para una mejor usabilidad.<\/p>\n<div style='text-align: center; margin: 20px 0;'> <img style='width: 100%; max-width: 550px; height: auto; border: 1px solid rgba(150&comma;150&comma;150&comma;0.3); border-radius: 8px;' src='https:\/\/prd-www-cdn.ubnt.com\/media\/images\/product-features\/rocket5ac-prism-airos8-2x.jpg' alt=''> <\/div>\n<\/p><\/div>\n<\/p><\/div>\n<p> <!-- Nota importante --> <\/p>\n<div style='margin-top: 30px; padding: 15px; border-left: 4px solid rgba(150&comma; 150&comma; 150&comma; 0.4); font-size: 14px; color: inherit;'> <em>*Los valores de rendimiento y la cantidad de clientes pueden variar dependiendo de las condiciones ambientales y de instalaci\u00f3n de los clientes CPE&#8217;s.<\/em> <\/div>\n<\/p><\/div>\n","protected":false},"excerpt":{"rendered":"<p>Radio Estaci\u00f3n Base airMAX AC hasta 500 Mbps, 5 GHz (5150 &#8211; 5875 MHz) con tecnolog\u00eda airPrism, la antena se vende por separado<\/p>\n","protected":false},"featured_media":72908,"comment_status":"open","ping_status":"closed","template":"","meta":[],"product_brand":[],"product_cat":[1998],"product_tag":[1999,1980,166],"class_list":{"0":"post-72909","1":"product","2":"type-product","3":"status-publish","4":"has-post-thumbnail","6":"product_cat-5-y-6-ghz","7":"product_tag-5-y-6-ghz","8":"product_tag-enlaces-ptp-y-ptmp","9":"product_tag-ubiquiti","11":"first","12":"instock","13":"sale","14":"shipping-taxable","15":"purchasable","16":"product-type-simple"},"_links":{"self":[{"href":"https:\/\/soydeaqui.ddns.net\/pachuca\/index.php\/wp-json\/wp\/v2\/product\/72909","targetHints":{"allow":["GET"]}}],"collection":[{"href":"https:\/\/soydeaqui.ddns.net\/pachuca\/index.php\/wp-json\/wp\/v2\/product"}],"about":[{"href":"https:\/\/soydeaqui.ddns.net\/pachuca\/index.php\/wp-json\/wp\/v2\/types\/product"}],"replies":[{"embeddable":true,"href":"https:\/\/soydeaqui.ddns.net\/pachuca\/index.php\/wp-json\/wp\/v2\/comments?post=72909"}],"wp:featuredmedia":[{"embeddable":true,"href":"https:\/\/soydeaqui.ddns.net\/pachuca\/index.php\/wp-json\/wp\/v2\/media\/72908"}],"wp:attachment":[{"href":"https:\/\/soydeaqui.ddns.net\/pachuca\/index.php\/wp-json\/wp\/v2\/media?parent=72909"}],"wp:term":[{"taxonomy":"product_brand","embeddable":true,"href":"https:\/\/soydeaqui.ddns.net\/pachuca\/index.php\/wp-json\/wp\/v2\/product_brand?post=72909"},{"taxonomy":"product_cat","embeddable":true,"href":"https:\/\/soydeaqui.ddns.net\/pachuca\/index.php\/wp-json\/wp\/v2\/product_cat?post=72909"},{"taxonomy":"product_tag","embeddable":true,"href":"https:\/\/soydeaqui.ddns.net\/pachuca\/index.php\/wp-json\/wp\/v2\/product_tag?post=72909"}],"curies":[{"name":"wp","href":"https:\/\/api.w.org\/{rel}","templated":true}]}}