{"id":72904,"date":"2026-03-19T13:01:43","date_gmt":"2026-03-19T13:01:43","guid":{"rendered":"https:\/\/soydeaqui.ddns.net\/pachuca\/index.php\/producto\/switch-websmart-de-24-puertos-10-100-mbps-2-puertos-10-100-1000-mbps-2-sfp-gigabit-combo\/"},"modified":"2026-03-19T13:01:51","modified_gmt":"2026-03-19T13:01:51","slug":"switch-websmart-de-24-puertos-10-100-mbps-2-puertos-10-100-1000-mbps-2-sfp-gigabit-combo","status":"publish","type":"product","link":"https:\/\/soydeaqui.ddns.net\/pachuca\/index.php\/producto\/switch-websmart-de-24-puertos-10-100-mbps-2-puertos-10-100-1000-mbps-2-sfp-gigabit-combo\/","title":{"rendered":"Switch WebSmart de 24 puertos 10\/100 Mbps + 2 puertos 10\/100\/1000 Mbps + 2 SFP Gigabit Combo"},"content":{"rendered":"<div style='width: 100%; max-width: 1200px; margin: 0 auto; font-family: sans-serif; line-height: 1.6; color: inherit; background-color: transparent;'> <!-- Imagen principal --> <\/p>\n<div style='text-align: center; margin-bottom: 20px;'> <img style='width: 100%; max-width: 800px; height: auto; border: 1px solid rgba(150&comma;150&comma;150&comma;0.3); border-radius: 8px;' src='https:\/\/ftp3.syscom.mx\/usuarios\/adiaz\/AlliedTelesis\/FS750\/FS750%3A28.png' alt='Allied Telesis AT-FS750\/28-10'> <\/div>\n<p> <!-- Caracter\u00edsticas principales --> <\/p>\n<div style='display: flex; flex-wrap: wrap; gap: 30px; margin-bottom: 30px;'>\n<div style='flex: 1 1 300px; min-width: 280px;'>\n<h3 style='font-size: 22px; border-bottom: 2px solid currentColor; padding-bottom: 5px; margin-top: 0; color: inherit; opacity: 0.8;'>Especificaciones de Hardware<\/h3>\n<ul style='padding-left: 20px; font-size: 15px; color: inherit;'>\n<li style='margin-bottom: 5px;'><strong>24 puertos Fast Ethernet:<\/strong> 10\/100 Mbps.<\/li>\n<li style='margin-bottom: 5px;'><strong>2 puertos Gigabit Ethernet:<\/strong> 10\/100\/1000 Mbps.<\/li>\n<li style='margin-bottom: 5px;'><strong>2 puertos SFP Gigabit Combo.<\/strong><\/li>\n<li style='margin-bottom: 5px;'><strong>Forwarding rate:<\/strong> 9.5 Millones de paquetes por segundo (Mpps).<\/li>\n<li style='margin-bottom: 5px;'><strong>Switching fabric:<\/strong> 12.8 Gbps.<\/li>\n<\/ul><\/div>\n<div style='flex: 1 1 300px; min-width: 280px;'>\n<h3 style='font-size: 22px; border-bottom: 2px solid currentColor; padding-bottom: 5px; margin-top: 0; color: inherit; opacity: 0.8;'>Administraci\u00f3n y Seguridad<\/h3>\n<ul style='padding-left: 20px; font-size: 15px; color: inherit;'>\n<li style='margin-bottom: 5px;'>Interfaz gr\u00e1fica de usuario (GUI) basada en web.<\/li>\n<li style='margin-bottom: 5px;'>Monitoreo SNMP v1&comma; v2c y v3.<\/li>\n<li style='margin-bottom: 5px;'>Compatible con IPv4.<\/li>\n<li style='margin-bottom: 5px;'>Control de acceso a la red (802.1X) y cliente RADIUS.<\/li>\n<li style='margin-bottom: 5px;'>Listas de control de acceso (ACL) hasta 200 entradas.<\/li>\n<\/ul><\/div>\n<\/p><\/div>\n<p> <!-- Secci\u00f3n de especificaciones --> <\/p>\n<div style='display: flex; flex-wrap: wrap; gap: 20px; margin-bottom: 30px;'>\n<div style='flex: 1 1 250px; border: 1px solid rgba(150&comma; 150&comma; 150&comma; 0.4); border-radius: 8px; overflow: hidden; display: flex; flex-direction: column;'>\n<div style='padding: 15px; border-bottom: 1px solid rgba(150&comma; 150&comma; 150&comma; 0.2); font-weight: bold; font-size: 18px; color: inherit;'>Caracter\u00edsticas de Red<\/div>\n<div style='padding: 15px; color: inherit;'>\n<ul style='padding-left: 20px; margin: 0; font-size: 14px; list-style-type: disc;'>\n<li style='margin-bottom: 5px;'>VLAN (hasta 256 grupos).<\/li>\n<li style='margin-bottom: 5px;'>Calidad de servicio (QoS) para priorizaci\u00f3n de tr\u00e1fico.<\/li>\n<li style='margin-bottom: 5px;'>Soporte para multicast (IGMP Snooping v1\/v2).<\/li>\n<li style='margin-bottom: 5px;'>Agregaci\u00f3n de enlaces (Link Aggregation IEEE 802.3ad).<\/li>\n<li style='margin-bottom: 5px;'>Mirroring de puertos.<\/li>\n<li style='margin-bottom: 5px;'>Jumbo Frames hasta 10K.<\/li>\n<\/ul><\/div>\n<\/p><\/div>\n<div style='flex: 1 1 250px; border: 1px solid rgba(150&comma; 150&comma; 150&comma; 0.4); border-radius: 8px; overflow: hidden; display: flex; flex-direction: column;'>\n<div style='padding: 15px; border-bottom: 1px solid rgba(150&comma; 150&comma; 150&comma; 0.2); font-weight: bold; font-size: 18px; color: inherit;'>Contenido del Paquete<\/div>\n<div style='padding: 15px; color: inherit;'>\n<ul style='padding-left: 20px; margin: 0; font-size: 14px; list-style-type: disc;'>\n<li style='margin-bottom: 5px;'>Switch Allied Telesis AT-FS750\/28-10.<\/li>\n<li style='margin-bottom: 5px;'>Soportes y tornillos para montaje en rack.<\/li>\n<li style='margin-bottom: 5px;'>Cable de alimentaci\u00f3n.<\/li>\n<\/ul><\/div>\n<\/p><\/div>\n<\/p><\/div>\n<p> <!-- Secci\u00f3n de caracter\u00edsticas f\u00edsicas --> <\/p>\n<div style='display: flex; flex-wrap: wrap; gap: 20px; margin-bottom: 30px;'>\n<div style='flex: 1 1 250px; border: 1px solid rgba(150&comma; 150&comma; 150&comma; 0.4); border-radius: 8px; overflow: hidden; display: flex; flex-direction: column;'>\n<div style='padding: 15px; border-bottom: 1px solid rgba(150&comma; 150&comma; 150&comma; 0.2); font-weight: bold; font-size: 18px; color: inherit;'>Caracter\u00edsticas F\u00edsicas y El\u00e9ctricas<\/div>\n<div style='padding: 15px; color: inherit;'>\n<ul style='padding-left: 20px; margin: 0; font-size: 14px; list-style-type: disc;'>\n<li style='margin-bottom: 5px;'><strong>Alimentaci\u00f3n:<\/strong> 100-240 VAC&comma; 50-60 Hz. 8.7 Wats de consumo<\/li>\n<li style='margin-bottom: 5px;'><strong>Dimensiones:<\/strong> 1U Rack&comma; 44 x 180 x 330 mm.<\/li>\n<li style='margin-bottom: 5px;'><strong>Peso:<\/strong> 2.2 kg.<\/li>\n<li style='margin-bottom: 5px;'><strong>Temperatura de operaci\u00f3n:<\/strong> 0 a 40\u00b0C.<\/li>\n<\/ul><\/div>\n<\/p><\/div>\n<div style='flex: 1 1 250px; border: 1px solid rgba(150&comma; 150&comma; 150&comma; 0.4); border-radius: 8px; overflow: hidden; display: flex; flex-direction: column;'>\n<div style='padding: 15px; border-bottom: 1px solid rgba(150&comma; 150&comma; 150&comma; 0.2); font-weight: bold; font-size: 18px; color: inherit;'>Garant\u00eda<\/div>\n<div style='padding: 15px; color: inherit;'>\n<p>. Registra tu producto para obtener un a\u00f1o adicional:<\/p>\n<p><a style='color: inherit; font-weight: bold; text-decoration: underline;' href='http:\/\/www.alliedtelesis.com\/support\/maintenance-and-warranty\/register' target='_blank' rel='noopener'>Registra tu producto aqu\u00ed<\/a><\/p>\n<p>&nbsp;<\/p>\n<\/p><\/div>\n<\/p><\/div>\n<\/p><\/div>\n<\/p><\/div>\n","protected":false},"excerpt":{"rendered":"<p>Switch WebSmart de 24 puertos 10\/100 Mbps + 2 puertos 10\/100\/1000 Mbps + 2 SFP Gigabit Combo<\/p>\n","protected":false},"featured_media":72903,"comment_status":"open","ping_status":"closed","template":"","meta":[],"product_brand":[],"product_cat":[1970],"product_tag":[1995,664,1971],"class_list":{"0":"post-72904","1":"product","2":"type-product","3":"status-publish","4":"has-post-thumbnail","6":"product_cat-switches","7":"product_tag-allied-telesis","8":"product_tag-networking","9":"product_tag-switches","11":"first","12":"instock","13":"sale","14":"shipping-taxable","15":"purchasable","16":"product-type-simple"},"_links":{"self":[{"href":"https:\/\/soydeaqui.ddns.net\/pachuca\/index.php\/wp-json\/wp\/v2\/product\/72904","targetHints":{"allow":["GET"]}}],"collection":[{"href":"https:\/\/soydeaqui.ddns.net\/pachuca\/index.php\/wp-json\/wp\/v2\/product"}],"about":[{"href":"https:\/\/soydeaqui.ddns.net\/pachuca\/index.php\/wp-json\/wp\/v2\/types\/product"}],"replies":[{"embeddable":true,"href":"https:\/\/soydeaqui.ddns.net\/pachuca\/index.php\/wp-json\/wp\/v2\/comments?post=72904"}],"wp:featuredmedia":[{"embeddable":true,"href":"https:\/\/soydeaqui.ddns.net\/pachuca\/index.php\/wp-json\/wp\/v2\/media\/72903"}],"wp:attachment":[{"href":"https:\/\/soydeaqui.ddns.net\/pachuca\/index.php\/wp-json\/wp\/v2\/media?parent=72904"}],"wp:term":[{"taxonomy":"product_brand","embeddable":true,"href":"https:\/\/soydeaqui.ddns.net\/pachuca\/index.php\/wp-json\/wp\/v2\/product_brand?post=72904"},{"taxonomy":"product_cat","embeddable":true,"href":"https:\/\/soydeaqui.ddns.net\/pachuca\/index.php\/wp-json\/wp\/v2\/product_cat?post=72904"},{"taxonomy":"product_tag","embeddable":true,"href":"https:\/\/soydeaqui.ddns.net\/pachuca\/index.php\/wp-json\/wp\/v2\/product_tag?post=72904"}],"curies":[{"name":"wp","href":"https:\/\/api.w.org\/{rel}","templated":true}]}}