{"id":72887,"date":"2026-03-19T13:01:09","date_gmt":"2026-03-19T13:01:09","guid":{"rendered":"https:\/\/soydeaqui.ddns.net\/pachuca\/index.php\/producto\/switch-gigabit-no-administrable-de-16-puertos-10-100-1000-mbps-para-rack\/"},"modified":"2026-03-19T13:01:17","modified_gmt":"2026-03-19T13:01:17","slug":"switch-gigabit-no-administrable-de-16-puertos-10-100-1000-mbps-para-rack","status":"publish","type":"product","link":"https:\/\/soydeaqui.ddns.net\/pachuca\/index.php\/producto\/switch-gigabit-no-administrable-de-16-puertos-10-100-1000-mbps-para-rack\/","title":{"rendered":"Switch Gigabit no administrable de 16 puertos 10\/100\/1000 Mbps para rack"},"content":{"rendered":"<div style='width: 100%; max-width: 1200px; margin: 0 auto; font-family: sans-serif; line-height: 1.6; color: inherit; background-color: transparent;'> <!-- Secci\u00f3n de descripci\u00f3n --> <\/p>\n<div style='margin-bottom: 30px;'>\n<h3 style='font-size: 22px; border-bottom: 2px solid currentColor; padding-bottom: 5px; margin-top: 0; color: inherit; opacity: 0.8;'>Tecnolog\u00eda de eficiencia energ\u00e9tica de TP-LINK<\/h3>\n<p>Este Switch Gigabit TL-SG1016 de nueva generaci\u00f3n cuenta con las \u00faltimas e innovadoras tecnolog\u00edas de eficiencia energ\u00e9tica que pueden ampliar en gran medida su capacidad de red con mucho menos consumo. \u00c9ste ajusta autom\u00e1ticamente el consumo de energ\u00eda de acuerdo con el estado del enlace para limitar la huella de carbono de su red. Tambi\u00e9n cumple con la DE RoHS de la UE&comma; que proh\u00edbe el uso de ciertos materiales peligrosos. Adem\u00e1s&comma; el 80% del material de embalaje puede ser reciclado.<\/p>\n<\/p><\/div>\n<p> <!-- Secci\u00f3n de puertos --> <\/p>\n<div style='display: flex; flex-wrap: wrap; gap: 30px; margin-bottom: 30px;'>\n<div style='flex: 1 1 300px; min-width: 280px;'>\n<h3 style='font-size: 22px; border-bottom: 2px solid currentColor; padding-bottom: 5px; margin-top: 0; color: inherit; opacity: 0.8;'>Puertos<\/h3>\n<ul style='padding-left: 20px; font-size: 15px; color: inherit;'>\n<li style='margin-bottom: 5px;'>16 Puertos 10\/100\/1000 Mbps<\/li>\n<li style='margin-bottom: 5px;'><strong>Throughput:<\/strong> 35.7 Mpps<\/li>\n<\/ul><\/div>\n<\/p><\/div>\n<p> <!-- Secci\u00f3n de caracter\u00edsticas --> <\/p>\n<div style='display: flex; flex-wrap: wrap; gap: 30px; margin-bottom: 30px;'>\n<div style='flex: 1 1 300px; min-width: 280px;'>\n<h3 style='font-size: 22px; border-bottom: 2px solid currentColor; padding-bottom: 5px; margin-top: 0; color: inherit; opacity: 0.8;'>Caracter\u00edsticas<\/h3>\n<ul style='padding-left: 20px; font-size: 15px; color: inherit;'>\n<li style='margin-bottom: 5px;'><strong>Innovadora tecnolog\u00eda de eficiencia energ\u00e9tica<\/strong> para ahorrar energ\u00eda hasta un 40%<\/li>\n<li style='margin-bottom: 5px;'><strong>100% de tasa de datos de filtrado<\/strong> elimina todos los paquetes de error<\/li>\n<li style='margin-bottom: 5px;'><strong>Compatible con IEEE 802.3x<\/strong> control de flujo para modo Full D\u00faplex y contrapresi\u00f3n para modo Medio-D\u00faplex<\/li>\n<li style='margin-bottom: 5px;'><strong>Conmutaci\u00f3n sin bloqueo hacia delante<\/strong> arquitectura y filtra paquetes a velocidad de cable para un m\u00e1ximo rendimiento<\/li>\n<li style='margin-bottom: 5px;'><strong>Capacidad de conmutaci\u00f3n:<\/strong> 32 Gbps<\/li>\n<li style='margin-bottom: 5px;'><strong>Auto-MDI\/MDIX<\/strong> elimina la necesidad de cables cruzados<\/li>\n<li style='margin-bottom: 5px;'><strong>Compatible con direcci\u00f3n MAC<\/strong> auto-aprendizaje y auto-envejecimiento<\/li>\n<li style='margin-bottom: 5px;'><strong>Soporte de puerto N-Way Auto-Negociaci\u00f3n<\/strong>&comma; de almacenamiento y reenv\u00edo<\/li>\n<li style='margin-bottom: 5px;'><strong>Dise\u00f1o de tama\u00f1o compacto<\/strong> para computadoras de escritorio&comma; montaje en bastidor<\/li>\n<li style='margin-bottom: 5px;'><strong>Dise\u00f1o Plug and Play<\/strong> facilita la instalaci\u00f3n<\/li>\n<\/ul><\/div>\n<\/p><\/div>\n<p> <!-- Secci\u00f3n de contenido incluido --> <\/p>\n<div style='display: flex; flex-wrap: wrap; gap: 30px; margin-bottom: 30px;'>\n<div style='flex: 1 1 300px; min-width: 280px;'>\n<h3 style='font-size: 22px; border-bottom: 2px solid currentColor; padding-bottom: 5px; margin-top: 0; color: inherit; opacity: 0.8;'>Incluye<\/h3>\n<ul style='padding-left: 20px; font-size: 15px; color: inherit;'>\n<li>Conmutador de 16 puertos Gigabit para montaje en rack<\/li>\n<li>Cable de alimentaci\u00f3n<\/li>\n<li>Gu\u00eda de instalaci\u00f3n<\/li>\n<li>Kits de montaje en rack<\/li>\n<li>Patas de goma<\/li>\n<\/ul><\/div>\n<\/p><\/div>\n<p> <!-- Secci\u00f3n de especificaciones f\u00edsicas y el\u00e9ctricas --> <\/p>\n<div style='display: flex; flex-wrap: wrap; gap: 30px; margin-bottom: 30px;'>\n<div style='flex: 1 1 300px; min-width: 280px;'>\n<h3 style='font-size: 22px; border-bottom: 2px solid currentColor; padding-bottom: 5px; margin-top: 0; color: inherit; opacity: 0.8;'>Caracter\u00edsticas F\u00edsicas y El\u00e9ctricas<\/h3>\n<ul style='padding-left: 20px; font-size: 15px; color: inherit;'>\n<li style='margin-bottom: 5px;'><strong>Temperatura de Funcionamiento:<\/strong> 0\u00b0C~40\u00b0C (32\u00b0F~104\u00b0F)<\/li>\n<li style='margin-bottom: 5px;'><strong>Temperatura de Almacenamiento:<\/strong> -40\u00b0C~70\u00b0C (-40\u00b0F~158\u00b0F)<\/li>\n<li style='margin-bottom: 5px;'><strong>Humedad de Funcionamiento:<\/strong> 10%~90% sin condensaci\u00f3n<\/li>\n<li style='margin-bottom: 5px;'><strong>Humedad de Almacenamiento:<\/strong> 5%~90% sin condensaci\u00f3n<\/li>\n<li style='margin-bottom: 5px;'><strong>Fuente de Alimentaci\u00f3n:<\/strong> 100-240VAC&comma; 50\/60Hz<\/li>\n<li style='margin-bottom: 5px;'><strong>Consumo de Energ\u00eda:<\/strong> M\u00e1ximo: 13.3W (220V\/50Hz)<\/li>\n<li style='margin-bottom: 5px;'><strong>Dimensiones (W X D X H):<\/strong> 17.3*7.1*1.7 pulgadas (440*180*44 mm)<\/li>\n<\/ul><\/div>\n<\/p><\/div>\n<\/p><\/div>\n","protected":false},"excerpt":{"rendered":"<p>Switch Gigabit no administrable de 16 puertos 10\/100\/1000 Mbps para rack<\/p>\n","protected":false},"featured_media":72886,"comment_status":"open","ping_status":"closed","template":"","meta":[],"product_brand":[],"product_cat":[1970],"product_tag":[664,1971,71],"class_list":{"0":"post-72887","1":"product","2":"type-product","3":"status-publish","4":"has-post-thumbnail","6":"product_cat-switches","7":"product_tag-networking","8":"product_tag-switches","9":"product_tag-tp-link","11":"first","12":"instock","13":"sale","14":"shipping-taxable","15":"purchasable","16":"product-type-simple"},"_links":{"self":[{"href":"https:\/\/soydeaqui.ddns.net\/pachuca\/index.php\/wp-json\/wp\/v2\/product\/72887","targetHints":{"allow":["GET"]}}],"collection":[{"href":"https:\/\/soydeaqui.ddns.net\/pachuca\/index.php\/wp-json\/wp\/v2\/product"}],"about":[{"href":"https:\/\/soydeaqui.ddns.net\/pachuca\/index.php\/wp-json\/wp\/v2\/types\/product"}],"replies":[{"embeddable":true,"href":"https:\/\/soydeaqui.ddns.net\/pachuca\/index.php\/wp-json\/wp\/v2\/comments?post=72887"}],"wp:featuredmedia":[{"embeddable":true,"href":"https:\/\/soydeaqui.ddns.net\/pachuca\/index.php\/wp-json\/wp\/v2\/media\/72886"}],"wp:attachment":[{"href":"https:\/\/soydeaqui.ddns.net\/pachuca\/index.php\/wp-json\/wp\/v2\/media?parent=72887"}],"wp:term":[{"taxonomy":"product_brand","embeddable":true,"href":"https:\/\/soydeaqui.ddns.net\/pachuca\/index.php\/wp-json\/wp\/v2\/product_brand?post=72887"},{"taxonomy":"product_cat","embeddable":true,"href":"https:\/\/soydeaqui.ddns.net\/pachuca\/index.php\/wp-json\/wp\/v2\/product_cat?post=72887"},{"taxonomy":"product_tag","embeddable":true,"href":"https:\/\/soydeaqui.ddns.net\/pachuca\/index.php\/wp-json\/wp\/v2\/product_tag?post=72887"}],"curies":[{"name":"wp","href":"https:\/\/api.w.org\/{rel}","templated":true}]}}