{"id":7287,"date":"2026-03-18T06:54:26","date_gmt":"2026-03-18T06:54:26","guid":{"rendered":"https:\/\/soydeaqui.ddns.net\/pachuca\/index.php\/producto\/zwave-dimmer-senal-inalambrica-z-wave-compatible-con-hub-hc7-c8-panel-de-alarma-l5210-l7000-total-connect-y-alarm-com\/"},"modified":"2026-03-18T06:54:32","modified_gmt":"2026-03-18T06:54:32","slug":"zwave-dimmer-senal-inalambrica-z-wave-compatible-con-hub-hc7-c8-panel-de-alarma-l5210-l7000-total-connect-y-alarm-com","status":"publish","type":"product","link":"https:\/\/soydeaqui.ddns.net\/pachuca\/index.php\/producto\/zwave-dimmer-senal-inalambrica-z-wave-compatible-con-hub-hc7-c8-panel-de-alarma-l5210-l7000-total-connect-y-alarm-com\/","title":{"rendered":"(ZWAVE) Dimmer, se\u00f1al inal\u00e1mbrica Z-WAVE, compatible con HUB HC7, C8, panel de alarma L5210, L7000, Total Connect. y Alarm.Com"},"content":{"rendered":"<div style='width: 100%; max-width: 1200px; margin: 0 auto; font-family: sans-serif; line-height: 1.6; color: inherit; background-color: transparent;'>\n<div style='display: flex; flex-wrap: wrap; gap: 30px; margin-bottom: 30px;'>\n<div style='flex: 1 1 300px; min-width: 280px;'>\n<h3 style='font-size: 22px; border-bottom: 2px solid currentColor; padding-bottom: 5px; margin-top: 0; color: inherit; opacity: 0.8;'>Caracter\u00edsticas del equipo<\/h3>\n<ul style='padding-left: 20px; font-size: 15px; color: inherit;'>\n<li style='margin-bottom: 5px;'>Equipo para controlar nivel de iluminacion 0 a 100%.<\/li>\n<li style='margin-bottom: 5px;'>Empotrar en pared.<\/li>\n<li style='margin-bottom: 5px;'>Para uso en interior.<\/li>\n<li style='margin-bottom: 5px;'>No incluye tapa (CW1WH).<\/li>\n<li style='margin-bottom: 5px;'>Color blanco.<\/li>\n<\/ul><\/div>\n<div style='flex: 1 1 300px; min-width: 280px;'>\n<h3 style='font-size: 22px; border-bottom: 2px solid currentColor; padding-bottom: 5px; margin-top: 0; color: inherit; opacity: 0.8;'>Caracter\u00edsticas El\u00e9ctricas<\/h3>\n<ul style='padding-left: 20px; font-size: 15px; color: inherit;'>\n<li style='margin-bottom: 5px;'><strong>Energ\u00eda:<\/strong> 120 VCA&comma; 60 Hz.<\/li>\n<li style='margin-bottom: 5px;'><strong>Se\u00f1al (Frecuencia):<\/strong> 908.42 MHz<\/li>\n<li style='margin-bottom: 5px;'><strong>Cargas m\u00e1ximas:<\/strong> 600 W&comma; Caja para 2 conexiones 500 W&comma;<\/li>\n<li style='margin-bottom: 5px;'>Caja para 3 conexiones 400 W s\u00f3lo las l\u00e1mparas incandescente 150 W CFL\/LED<\/li>\n<li style='margin-bottom: 5px;'><strong>Rango de temperatura de funcionamiento:<\/strong> 0-40\u00b0C.<\/li>\n<li style='margin-bottom: 5px;'><strong>Tecnologia inalambrica Zwave.<\/strong><\/li>\n<li style='margin-bottom: 5px;'><strong>Alcance:<\/strong> Hasta 20.5m en l\u00ednea de visi\u00f3n directa entre el control remoto inal\u00e1mbrico y el m\u00f3dulo receptor Z-Wave m\u00e1s cercano.<\/li>\n<\/ul><\/div>\n<div style='flex: 1 1 300px; min-width: 280px;'>\n<h3 style='font-size: 22px; border-bottom: 2px solid currentColor; padding-bottom: 5px; margin-top: 0; color: inherit; opacity: 0.8;'>Compatibilidad en Controladores HUB<\/h3>\n<ul style='padding-left: 20px; font-size: 15px; color: inherit;'>\n<li style='margin-bottom: 5px;'>Compatible con HUBITAT modelo <strong>HC7<\/strong>.<\/li>\n<li style='margin-bottom: 5px;'>Serie panel <strong>Lynx L700<\/strong> y sus elementos de Total Connect.<\/li>\n<li style='margin-bottom: 5px;'>Compatible con plataforma Alarm.com <strong>VISTA20P\/ALARM.COM<\/strong><\/li>\n<li style='margin-bottom: 5px;'>Y otros en el mercado.<\/li>\n<\/ul><\/div>\n<\/p><\/div>\n<div style='width: 100%; text-align: center; margin: 30px 0;'> <img style='width: 100%; max-width: 600px; height: auto; border: 1px solid rgba(150&comma;150&comma;150&comma;0.3); border-radius: 8px;' src='http:\/\/ftp3.syscom.mx\/usuarios\/yhermosillo\/Z-WAVE\/JASCO\/diagramaconexion45712esp.jpg' alt=''> <\/div>\n<div style='width: 100%; text-align: center; margin: 30px 0;'>\n<div style='position: relative; padding-bottom: 56.25%; height: 0; overflow: hidden; margin-bottom: 30px;'>   <\/div>\n<div style='position: relative; padding-bottom: 56.25%; height: 0; overflow: hidden; margin-bottom: 30px;'>   <\/div>\n<p> <img style='width: 100%; max-width: 600px; height: auto; border: 1px solid rgba(150&comma;150&comma;150&comma;0.3); border-radius: 8px;' src='http:\/\/ftp3.syscom.mx\/usuarios\/mbarrio\/jasco\/alc2.jpg' alt=''> <\/div>\n<\/p><\/div>\n","protected":false},"excerpt":{"rendered":"<p>(ZWAVE) Dimmer, se\u00f1al inal\u00e1mbrica Z-WAVE, compatible con HUB HC7, C8, panel de alarma L5210, L7000, Total Connect. y Alarm.Com<\/p>\n","protected":false},"featured_media":7286,"comment_status":"open","ping_status":"closed","template":"","meta":[],"product_brand":[],"product_cat":[407],"product_tag":[408,553,180],"class_list":{"0":"post-7287","1":"product","2":"type-product","3":"status-publish","4":"has-post-thumbnail","6":"product_cat-automatizacion-z-wave","7":"product_tag-automatizacion-z-wave","8":"product_tag-jasco","9":"product_tag-total-connect-honeywell","11":"first","12":"instock","13":"sale","14":"shipping-taxable","15":"purchasable","16":"product-type-simple"},"_links":{"self":[{"href":"https:\/\/soydeaqui.ddns.net\/pachuca\/index.php\/wp-json\/wp\/v2\/product\/7287","targetHints":{"allow":["GET"]}}],"collection":[{"href":"https:\/\/soydeaqui.ddns.net\/pachuca\/index.php\/wp-json\/wp\/v2\/product"}],"about":[{"href":"https:\/\/soydeaqui.ddns.net\/pachuca\/index.php\/wp-json\/wp\/v2\/types\/product"}],"replies":[{"embeddable":true,"href":"https:\/\/soydeaqui.ddns.net\/pachuca\/index.php\/wp-json\/wp\/v2\/comments?post=7287"}],"wp:featuredmedia":[{"embeddable":true,"href":"https:\/\/soydeaqui.ddns.net\/pachuca\/index.php\/wp-json\/wp\/v2\/media\/7286"}],"wp:attachment":[{"href":"https:\/\/soydeaqui.ddns.net\/pachuca\/index.php\/wp-json\/wp\/v2\/media?parent=7287"}],"wp:term":[{"taxonomy":"product_brand","embeddable":true,"href":"https:\/\/soydeaqui.ddns.net\/pachuca\/index.php\/wp-json\/wp\/v2\/product_brand?post=7287"},{"taxonomy":"product_cat","embeddable":true,"href":"https:\/\/soydeaqui.ddns.net\/pachuca\/index.php\/wp-json\/wp\/v2\/product_cat?post=7287"},{"taxonomy":"product_tag","embeddable":true,"href":"https:\/\/soydeaqui.ddns.net\/pachuca\/index.php\/wp-json\/wp\/v2\/product_tag?post=7287"}],"curies":[{"name":"wp","href":"https:\/\/api.w.org\/{rel}","templated":true}]}}