{"id":72864,"date":"2026-03-19T13:00:17","date_gmt":"2026-03-19T13:00:17","guid":{"rendered":"https:\/\/soydeaqui.ddns.net\/pachuca\/index.php\/producto\/switch-easy-smart-poe-16-puertos-10-100-1000mbps-8-puertos-poe-150w\/"},"modified":"2026-03-19T13:00:23","modified_gmt":"2026-03-19T13:00:23","slug":"switch-easy-smart-poe-16-puertos-10-100-1000mbps-8-puertos-poe-150w","status":"publish","type":"product","link":"https:\/\/soydeaqui.ddns.net\/pachuca\/index.php\/producto\/switch-easy-smart-poe-16-puertos-10-100-1000mbps-8-puertos-poe-150w\/","title":{"rendered":"Switch Easy Smart PoE+, 16 puertos 10\/100\/1000Mbps, 8 puertos PoE+, 150W"},"content":{"rendered":"<div style='width: 100%; max-width: 1200px; margin: 0 auto; font-family: sans-serif; line-height: 1.6; color: inherit; background-color: transparent;'> <!-- Imagen y descripci\u00f3n principal --> <\/p>\n<div style='display: flex; flex-wrap: wrap; gap: 30px; margin-bottom: 30px;'>\n<div style='flex: 1 1 589px; min-width: 280px;'> <img style='width: 100%; height: auto; border: 1px solid rgba(150&comma;150&comma;150&comma;0.3); border-radius: 8px;' src='https:\/\/ftp3.syscom.mx\/usuarios\/fotos\/TLSG1016PE\/141315-tl-sg1016pe(un)2.0-01_normal_1579598351405e.jpg' alt='Switch Easy Smart PoE+ TLSG1016PE'> <\/div>\n<div style='flex: 1 1 300px; min-width: 280px;'>\n<h3 style='font-size: 22px; border-bottom: 2px solid currentColor; padding-bottom: 5px; margin-top: 0; color: inherit; opacity: 0.8;'>Caracter\u00edsticas principales<\/h3>\n<ul style='padding-left: 20px; font-size: 15px; color: inherit;'>\n<li style='margin-bottom: 5px;'>16 puertos 10\/100\/1000Mbps RJ45<\/li>\n<li style='margin-bottom: 5px;'>Con 8 puertos PoE+&comma; los datos y la alimentaci\u00f3n se transmitir\u00e1n por un \u00fanico cable<\/li>\n<li style='margin-bottom: 5px;'>Suministro el\u00e9ctrico total v\u00eda PoE hasta 150W&comma; 30W por puerto<\/li>\n<li style='margin-bottom: 5px;'>Compatible con dispositivos IEEE 802.3af \/at&comma; ampliando las redes dom\u00e9sticas y de oficina<\/li>\n<li style='margin-bottom: 5px;'>Sencilla puesta a punto de la Red con conectividad plug-and-play<\/li>\n<li style='margin-bottom: 5px;'>Gesti\u00f3n centralizada de todos los switches Easy Smart con la Utilidad de Configuraci\u00f3n Easy Smart<\/li>\n<li style='margin-bottom: 5px;'><a style='color: inherit; text-decoration: none;' href='https:\/\/www.tp-link.com\/es\/solution\/poe\/'>Obtenga m\u00e1s informaci\u00f3n sobre la tecnolog\u00eda TP-Link PoE<\/a><\/li>\n<\/ul><\/div>\n<\/p><\/div>\n<p> <!-- Secciones de especificaciones --> <\/p>\n<div style='display: flex; flex-wrap: wrap; gap: 20px; margin-bottom: 30px;'>\n<div style='flex: 1 1 250px; border: 1px solid rgba(150&comma; 150&comma; 150&comma; 0.4); border-radius: 8px; overflow: hidden; display: flex; flex-direction: column;'>\n<div style='padding: 15px; border-bottom: 1px solid rgba(150&comma; 150&comma; 150&comma; 0.2); font-weight: bold; font-size: 18px; color: inherit;'>Caracter\u00edsticas principales<\/div>\n<div style='padding: 15px; color: inherit;'>\n<ul style='padding-left: 20px; margin: 0; font-size: 14px; list-style-type: disc;'>\n<li style='margin-bottom: 5px;'><strong>Est\u00e1ndar:<\/strong> compatible con 802.3af \/at<\/li>\n<li style='margin-bottom: 5px;'><strong>Puertos PoE:<\/strong> 8 puertos<\/li>\n<li style='margin-bottom: 5px;'><strong>Suministro PoE total:<\/strong> 150 W<\/li>\n<li style='margin-bottom: 5px;'><strong>Puertos RJ45:<\/strong> 16 puertos 10\/100\/1000 Mbps<\/li>\n<li style='margin-bottom: 5px;'><strong>Negociaci\u00f3n autom\u00e1tica:<\/strong> Auto MDI \/ MDIX<\/li>\n<li style='margin-bottom: 5px;'><strong>Capacidad de Conmutaci\u00f3n:<\/strong> 32 Gbps<\/li>\n<li style='margin-bottom: 5px;'><strong>Tasa de Reenv\u00edo de Paquetes:<\/strong> 23.8 Mpps<\/li>\n<li style='margin-bottom: 5px;'><strong>Tabla de Direcciones MAC:<\/strong> 8K<\/li>\n<li style='margin-bottom: 5px;'><strong>Jumbo Frame:<\/strong> 9 KB<\/li>\n<\/ul><\/div>\n<\/p><\/div>\n<div style='flex: 1 1 250px; border: 1px solid rgba(150&comma; 150&comma; 150&comma; 0.4); border-radius: 8px; overflow: hidden; display: flex; flex-direction: column;'>\n<div style='padding: 15px; border-bottom: 1px solid rgba(150&comma; 150&comma; 150&comma; 0.2); font-weight: bold; font-size: 18px; color: inherit;'>Caracter\u00edsticas F\u00edsicas y El\u00e9ctricas<\/div>\n<div style='padding: 15px; color: inherit;'>\n<ul style='padding-left: 20px; margin: 0; font-size: 14px; list-style-type: disc;'>\n<li style='margin-bottom: 5px;'><strong>Dimensiones:<\/strong> 294 x 180 x 44 mm<\/li>\n<li style='margin-bottom: 5px;'><strong>Montaje:<\/strong> Montaje en rack<\/li>\n<li style='margin-bottom: 5px;'><strong>Consumo de Potencia:<\/strong> 14.72 W con no PD conectado&comma; 131.42 W con 150 W PD conectado<\/li>\n<li style='margin-bottom: 5px;'><strong>Max Heat Dissipation:<\/strong> 50.22 BTU\/h (con no PD conectado)&comma; 448.41 BTU\/h (con 150 W PD conectado)<\/li>\n<li style='margin-bottom: 5px;'><strong>Temperatura de Funcionamiento:<\/strong> 0\u00b0C~40\u00b0C (32\u00b0F~104\u00b0F)<\/li>\n<li style='margin-bottom: 5px;'><strong>Temperatura de Almacenamiento:<\/strong> -40\u00b0C~70\u00b0C (-40\u00b0F~158\u00b0F)<\/li>\n<li style='margin-bottom: 5px;'><strong>Humedad de Funcionamiento:<\/strong> 10%~90% sin condensaci\u00f3n<\/li>\n<li style='margin-bottom: 5px;'><strong>Humedad de Almacenamiento:<\/strong> 5%~90% sin condensaci\u00f3n<\/li>\n<\/ul><\/div>\n<\/p><\/div>\n<div style='flex: 1 1 250px; border: 1px solid rgba(150&comma; 150&comma; 150&comma; 0.4); border-radius: 8px; overflow: hidden; display: flex; flex-direction: column;'>\n<div style='padding: 15px; border-bottom: 1px solid rgba(150&comma; 150&comma; 150&comma; 0.2); font-weight: bold; font-size: 18px; color: inherit;'>Contenido<\/div>\n<div style='padding: 15px; color: inherit;'>\n<ul style='padding-left: 20px; margin: 0; font-size: 14px; list-style-type: disc;'>\n<li style='margin-bottom: 5px;'>TL-SG1016PE<\/li>\n<li style='margin-bottom: 5px;'>Cable de alimentaci\u00f3n<\/li>\n<li style='margin-bottom: 5px;'>Gu\u00eda de instalaci\u00f3n<\/li>\n<li style='margin-bottom: 5px;'>Kit de montaje en bastidor<\/li>\n<li style='margin-bottom: 5px;'>Patas de goma<\/li>\n<\/ul><\/div>\n<\/p><\/div>\n<\/p><\/div>\n<p> <!-- Separador final --> <\/p>\n<hr style='border: 0; border-top: 1px solid rgba(150&comma; 150&comma; 150&comma; 0.3); margin: 30px 0;'> <\/div>\n","protected":false},"excerpt":{"rendered":"<p>Switch Easy Smart PoE+, 16 puertos 10\/100\/1000Mbps, 8 puertos PoE+, 150W<\/p>\n","protected":false},"featured_media":72863,"comment_status":"open","ping_status":"closed","template":"","meta":[],"product_brand":[],"product_cat":[1986],"product_tag":[664,1987,71],"class_list":{"0":"post-72864","1":"product","2":"type-product","3":"status-publish","4":"has-post-thumbnail","6":"product_cat-switches-poe","7":"product_tag-networking","8":"product_tag-switches-poe","9":"product_tag-tp-link","11":"first","12":"instock","13":"sale","14":"shipping-taxable","15":"purchasable","16":"product-type-simple"},"_links":{"self":[{"href":"https:\/\/soydeaqui.ddns.net\/pachuca\/index.php\/wp-json\/wp\/v2\/product\/72864","targetHints":{"allow":["GET"]}}],"collection":[{"href":"https:\/\/soydeaqui.ddns.net\/pachuca\/index.php\/wp-json\/wp\/v2\/product"}],"about":[{"href":"https:\/\/soydeaqui.ddns.net\/pachuca\/index.php\/wp-json\/wp\/v2\/types\/product"}],"replies":[{"embeddable":true,"href":"https:\/\/soydeaqui.ddns.net\/pachuca\/index.php\/wp-json\/wp\/v2\/comments?post=72864"}],"wp:featuredmedia":[{"embeddable":true,"href":"https:\/\/soydeaqui.ddns.net\/pachuca\/index.php\/wp-json\/wp\/v2\/media\/72863"}],"wp:attachment":[{"href":"https:\/\/soydeaqui.ddns.net\/pachuca\/index.php\/wp-json\/wp\/v2\/media?parent=72864"}],"wp:term":[{"taxonomy":"product_brand","embeddable":true,"href":"https:\/\/soydeaqui.ddns.net\/pachuca\/index.php\/wp-json\/wp\/v2\/product_brand?post=72864"},{"taxonomy":"product_cat","embeddable":true,"href":"https:\/\/soydeaqui.ddns.net\/pachuca\/index.php\/wp-json\/wp\/v2\/product_cat?post=72864"},{"taxonomy":"product_tag","embeddable":true,"href":"https:\/\/soydeaqui.ddns.net\/pachuca\/index.php\/wp-json\/wp\/v2\/product_tag?post=72864"}],"curies":[{"name":"wp","href":"https:\/\/api.w.org\/{rel}","templated":true}]}}