{"id":72857,"date":"2026-03-19T13:00:00","date_gmt":"2026-03-19T13:00:00","guid":{"rendered":"https:\/\/soydeaqui.ddns.net\/pachuca\/index.php\/producto\/smart-jetstream-switch-administrable-8-puertos-10-100-1000-mbps\/"},"modified":"2026-03-19T13:00:13","modified_gmt":"2026-03-19T13:00:13","slug":"smart-jetstream-switch-administrable-8-puertos-10-100-1000-mbps","status":"publish","type":"product","link":"https:\/\/soydeaqui.ddns.net\/pachuca\/index.php\/producto\/smart-jetstream-switch-administrable-8-puertos-10-100-1000-mbps\/","title":{"rendered":"Smart Jetstream Switch administrable 8 puertos 10\/100\/1000 Mbps"},"content":{"rendered":"<div style='width: 100%; max-width: 1200px; margin: 0 auto; font-family: sans-serif; line-height: 1.6; color: inherit; background-color: transparent;'>\n<div style='display: flex; flex-wrap: wrap; gap: 30px; margin-bottom: 30px;'>\n<div style='flex: 1 1 300px; min-width: 280px;'>\n<h3 style='font-size: 22px; border-bottom: 2px solid currentColor; padding-bottom: 5px; margin-top: 0; color: inherit; opacity: 0.8;'>Caracter\u00edsticas Generales<\/h3>\n<ul style='padding-left: 20px; font-size: 15px; color: inherit;'>\n<li style='margin-bottom: 5px;'>Switch administrable con 8 puertos RJ45 gigabits<\/li>\n<li style='margin-bottom: 5px;'>Alto rendimiento y calidad de servicio empresarial<\/li>\n<li style='margin-bottom: 5px;'>Estrategias de seguridad avanzadas<\/li>\n<li style='margin-bottom: 5px;'>M\u00faltiples caracter\u00edsticas de administraci\u00f3n de capa 2<\/li>\n<li style='margin-bottom: 5px;'>Interfaz de gesti\u00f3n web intuitiva<\/li>\n<li style='margin-bottom: 5px;'>Dise\u00f1ado para redes de peque\u00f1as y medianas empresas<\/li>\n<li style='margin-bottom: 5px;'>Permite gesti\u00f3n eficiente de la red<\/li>\n<\/ul><\/div>\n<div style='flex: 1 1 300px; min-width: 280px;'>\n<h3 style='font-size: 22px; border-bottom: 2px solid currentColor; padding-bottom: 5px; margin-top: 0; color: inherit; opacity: 0.8;'>Especificaciones de Puertos<\/h3>\n<ul style='padding-left: 20px; font-size: 15px; color: inherit;'>\n<li style='margin-bottom: 5px;'>8 Puertos 10\/100\/1000 Mbps<\/li>\n<li style='margin-bottom: 5px;'><strong>Throughput:<\/strong> 11.9 Mpps<\/li>\n<\/ul><\/div>\n<div style='flex: 1 1 300px; min-width: 280px;'>\n<h3 style='font-size: 22px; border-bottom: 2px solid currentColor; padding-bottom: 5px; margin-top: 0; color: inherit; opacity: 0.8;'>Caracter\u00edsticas Avanzadas<\/h3>\n<ul style='padding-left: 20px; font-size: 15px; color: inherit;'>\n<li style='margin-bottom: 5px;'>Conexiones Gigabit Ethernet en todos los puertos<\/li>\n<li style='margin-bottom: 5px;'>VLAN 802.1Q&comma; ACL&comma; Seguridad por Puerto y Control de Tormentas<\/li>\n<li style='margin-bottom: 5px;'>QoS L2 \/ L3 \/ L4 e IGMP snooping<\/li>\n<li style='margin-bottom: 5px;'>Modos de gesti\u00f3n: WEB&comma; CLI&comma; SNMP&comma; RMON<\/li>\n<li style='margin-bottom: 5px;'>Tecnolog\u00eda de eficiencia energ\u00e9tica con ahorro de hasta el 65%<\/li>\n<\/ul><\/div>\n<div style='flex: 1 1 300px; min-width: 280px;'>\n<h3 style='font-size: 22px; border-bottom: 2px solid currentColor; padding-bottom: 5px; margin-top: 0; color: inherit; opacity: 0.8;'>Contenido del Paquete<\/h3>\n<ul style='padding-left: 20px; font-size: 15px; color: inherit;'>\n<li style='margin-bottom: 5px;'>TL-SG2008<\/li>\n<li style='margin-bottom: 5px;'>Adaptador de Corriente<\/li>\n<li style='margin-bottom: 5px;'>Gu\u00eda de Instalaci\u00f3n R\u00e1pida<\/li>\n<li style='margin-bottom: 5px;'>CD de Recursos<\/li>\n<li style='margin-bottom: 5px;'>Pies de Goma<\/li>\n<\/ul><\/div>\n<div style='flex: 1 1 300px; min-width: 280px;'>\n<h3 style='font-size: 22px; border-bottom: 2px solid currentColor; padding-bottom: 5px; margin-top: 0; color: inherit; opacity: 0.8;'>Especificaciones F\u00edsicas y El\u00e9ctricas<\/h3>\n<ul style='padding-left: 20px; font-size: 15px; color: inherit;'>\n<li style='margin-bottom: 5px;'><strong>Temperatura de Funcionamiento:<\/strong> 0\u00b0C~40\u00b0C (32\u00b0F~104\u00b0F)<\/li>\n<li style='margin-bottom: 5px;'><strong>Temperatura de Almacenamiento:<\/strong> -40\u00b0C~70\u00b0C (-40\u00b0F~158\u00b0F)<\/li>\n<li style='margin-bottom: 5px;'><strong>Humedad de Funcionamiento:<\/strong> 10%~90% sin condensaci\u00f3n<\/li>\n<li style='margin-bottom: 5px;'><strong>Humedad de Almacenamiento:<\/strong> 5%~90% sin condensaci\u00f3n<\/li>\n<li style='margin-bottom: 5px;'><strong>Fuente de Alimentaci\u00f3n:<\/strong> 100~240VAC&comma; 50\/60Hz<\/li>\n<li style='margin-bottom: 5px;'><strong>Consumo de Energ\u00eda:<\/strong> M\u00e1ximo 6.42W (220V\/50 Hz)<\/li>\n<li style='margin-bottom: 5px;'><strong>Dimensiones:<\/strong> 209 x 126 x 26 mm (8.2 x 4.9 x 1.0 pulgadas)<\/li>\n<\/ul><\/div>\n<\/p><\/div>\n<\/p><\/div>\n","protected":false},"excerpt":{"rendered":"<p>Smart Jetstream Switch administrable 8 puertos 10\/100\/1000 Mbps<\/p>\n","protected":false},"featured_media":72856,"comment_status":"open","ping_status":"closed","template":"","meta":[],"product_brand":[],"product_cat":[1970],"product_tag":[664,1971,71],"class_list":{"0":"post-72857","1":"product","2":"type-product","3":"status-publish","4":"has-post-thumbnail","6":"product_cat-switches","7":"product_tag-networking","8":"product_tag-switches","9":"product_tag-tp-link","11":"first","12":"instock","13":"sale","14":"shipping-taxable","15":"purchasable","16":"product-type-simple"},"_links":{"self":[{"href":"https:\/\/soydeaqui.ddns.net\/pachuca\/index.php\/wp-json\/wp\/v2\/product\/72857","targetHints":{"allow":["GET"]}}],"collection":[{"href":"https:\/\/soydeaqui.ddns.net\/pachuca\/index.php\/wp-json\/wp\/v2\/product"}],"about":[{"href":"https:\/\/soydeaqui.ddns.net\/pachuca\/index.php\/wp-json\/wp\/v2\/types\/product"}],"replies":[{"embeddable":true,"href":"https:\/\/soydeaqui.ddns.net\/pachuca\/index.php\/wp-json\/wp\/v2\/comments?post=72857"}],"wp:featuredmedia":[{"embeddable":true,"href":"https:\/\/soydeaqui.ddns.net\/pachuca\/index.php\/wp-json\/wp\/v2\/media\/72856"}],"wp:attachment":[{"href":"https:\/\/soydeaqui.ddns.net\/pachuca\/index.php\/wp-json\/wp\/v2\/media?parent=72857"}],"wp:term":[{"taxonomy":"product_brand","embeddable":true,"href":"https:\/\/soydeaqui.ddns.net\/pachuca\/index.php\/wp-json\/wp\/v2\/product_brand?post=72857"},{"taxonomy":"product_cat","embeddable":true,"href":"https:\/\/soydeaqui.ddns.net\/pachuca\/index.php\/wp-json\/wp\/v2\/product_cat?post=72857"},{"taxonomy":"product_tag","embeddable":true,"href":"https:\/\/soydeaqui.ddns.net\/pachuca\/index.php\/wp-json\/wp\/v2\/product_tag?post=72857"}],"curies":[{"name":"wp","href":"https:\/\/api.w.org\/{rel}","templated":true}]}}