{"id":72849,"date":"2026-03-19T12:59:43","date_gmt":"2026-03-19T12:59:43","guid":{"rendered":"https:\/\/soydeaqui.ddns.net\/pachuca\/index.php\/producto\/ptp-550-hasta-1-36-gbps-5-150-5-950-ghz-802-11-ac-wave-2-mu-mimo-4-4x4-backhaul-conectorizado-c050055h004a\/"},"modified":"2026-03-19T12:59:45","modified_gmt":"2026-03-19T12:59:45","slug":"ptp-550-hasta-1-36-gbps-5-150-5-950-ghz-802-11-ac-wave-2-mu-mimo-4-4x4-backhaul-conectorizado-c050055h004a","status":"publish","type":"product","link":"https:\/\/soydeaqui.ddns.net\/pachuca\/index.php\/producto\/ptp-550-hasta-1-36-gbps-5-150-5-950-ghz-802-11-ac-wave-2-mu-mimo-4-4x4-backhaul-conectorizado-c050055h004a\/","title":{"rendered":"PTP-550  Hasta 1.36 GBps \/ 5.150 &#8211; 5.950 GHz \/ 802.11 AC Wave 2  MU-MIMO 4: 4&#215;4 \/ BackHaul Conectorizado &#8211; C050055H004A"},"content":{"rendered":"<div style='width: 100%; max-width: 1200px; margin: 0 auto; font-family: sans-serif; line-height: 1.6; color: inherit; background-color: transparent;'>\n<div style='display: flex; flex-wrap: wrap; gap: 30px; margin-bottom: 30px;'>\n<div style='flex: 1 1 300px; min-width: 280px;'>\n<div style='display: flex; flex-direction: column; align-items: center; text-align: center;'> <img style='width: 100%; max-width: 300px; height: auto; border: 1px solid rgba(150&comma;150&comma;150&comma;0.3); border-radius: 8px;' src='http:\/\/ftp3.syscom.mx\/usuarios\/hortega\/Cambium\/cambium-networks-logo.png' alt=''> <\/p>\n<h2 style='font-size: 22px; font-weight: bold; margin: 20px 0 10px; color: inherit; text-align: center; width: 100%;'>PTP550 Conectorizado<\/h2>\n<\/p><\/div>\n<\/p><\/div>\n<div style='flex: 1 1 300px; min-width: 280px;'>\n<div style='display: flex; flex-wrap: wrap; justify-content: center; gap: 10px; margin: 10px 0;'> <span style='flex: 1 1 120px; padding: 4px 13px; border: 1px solid rgba(150&comma;150&comma;150&comma;0.3); border-radius: 3px; font-size: 17px; text-align: center; line-height: 19px; color: inherit; background-color: rgba(235&comma;235&comma;235&comma;0.4);'> <span style='display: block; font-weight: bold; color: inherit;'>5.15 &#8211; 5.96<\/span> <span style='display: block; font-size: 14px; color: inherit;'>GHz<\/span> <\/span> <span style='flex: 1 1 120px; padding: 4px 13px; border: 1px solid rgba(150&comma;150&comma;150&comma;0.3); border-radius: 3px; font-size: 17px; text-align: center; line-height: 19px; color: inherit; background-color: rgba(235&comma;235&comma;235&comma;0.4);'> <span style='display: block; font-weight: bold; color: inherit;'>1.36<\/span> <span style='display: block; font-size: 14px; color: inherit;'>Gbps<\/span> <\/span> <span style='flex: 1 1 120px; padding: 4px 13px; border: 1px solid rgba(150&comma;150&comma;150&comma;0.3); border-radius: 3px; font-size: 17px; text-align: center; line-height: 19px; color: inherit; background-color: rgba(235&comma;235&comma;235&comma;0.4);'> <span style='display: block; font-weight: bold; color: inherit;'>Analizador de espectro<\/span> <span style='display: block; font-size: 14px; color: inherit;'>din\u00e1mico<\/span> <\/span> <span style='flex: 1 1 120px; padding: 4px 13px; border: 1px solid rgba(150&comma;150&comma;150&comma;0.3); border-radius: 3px; font-size: 17px; text-align: center; line-height: 19px; color: inherit; background-color: rgba(235&comma;235&comma;235&comma;0.4);'> <span style='display: block; font-weight: bold; color: inherit;'>2 x Conectores<\/span> <span style='display: block; font-size: 14px; color: inherit;'>N-Hembra<\/span> <\/span> <\/div>\n<\/p><\/div>\n<\/p><\/div>\n<div style='display: grid; grid-template-columns: repeat(auto-fill&comma; minmax(250px&comma; 1fr)); gap: 20px; margin-bottom: 30px;'>\n<div style='border: 1px solid rgba(150&comma;150&comma;150&comma;0.4); border-radius: 8px; overflow: hidden;'>\n<div style='padding: 15px; border-bottom: 1px solid rgba(150&comma;150&comma;150&comma;0.2); font-weight: bold; font-size: 18px; color: inherit;'>Frecuencia<\/div>\n<div style='padding: 15px; font-size: 14px; color: inherit;'>\n<p style='margin: 0;'>5.15 GHz hasta 5.96 GHz<\/p>\n<\/p><\/div>\n<\/p><\/div>\n<div style='border: 1px solid rgba(150&comma;150&comma;150&comma;0.4); border-radius: 8px; overflow: hidden;'>\n<div style='padding: 15px; border-bottom: 1px solid rgba(150&comma;150&comma;150&comma;0.2); font-weight: bold; font-size: 18px; color: inherit;'>Throughput<\/div>\n<div style='padding: 15px; font-size: 14px; color: inherit;'>\n<p style='margin: 0;'>Hasta 1.36 Gbps<\/p>\n<\/p><\/div>\n<\/p><\/div>\n<div style='border: 1px solid rgba(150&comma;150&comma;150&comma;0.4); border-radius: 8px; overflow: hidden;'>\n<div style='padding: 15px; border-bottom: 1px solid rgba(150&comma;150&comma;150&comma;0.2); font-weight: bold; font-size: 18px; color: inherit;'>Est\u00e1ndares de la industria<\/div>\n<div style='padding: 15px; font-size: 14px; color: inherit;'>\n<p style='margin: 0;'>Este producto est\u00e1 aprobado por la FCC<\/p>\n<\/p><\/div>\n<\/p><\/div>\n<div style='border: 1px solid rgba(150&comma;150&comma;150&comma;0.4); border-radius: 8px; overflow: hidden;'>\n<div style='padding: 15px; border-bottom: 1px solid rgba(150&comma;150&comma;150&comma;0.2); font-weight: bold; font-size: 18px; color: inherit;'>Banda RF<\/div>\n<div style='padding: 15px; font-size: 14px; color: inherit;'>\n<p style='margin: 0;'>Operaci\u00f3n en banda de 5.170 a 5.980 GHz<\/p>\n<p style='margin: 0;'>(las frecuencias y bandas permitidas est\u00e1n dictadas por las regulaciones de cada pa\u00eds)<\/p>\n<\/p><\/div>\n<\/p><\/div>\n<div style='border: 1px solid rgba(150&comma;150&comma;150&comma;0.4); border-radius: 8px; overflow: hidden;'>\n<div style='padding: 15px; border-bottom: 1px solid rgba(150&comma;150&comma;150&comma;0.2); font-weight: bold; font-size: 18px; color: inherit;'>Channel Bonding<\/div>\n<div style='padding: 15px; font-size: 14px; color: inherit;'>\n<p style='margin: 0;'>Cada canal puede tener una frecuencia y ancho de canal independiente que proporciona flexibilidad en la selecci\u00f3n de canales&comma; selecci\u00f3n de banda y requisitos de rendimiento de direcci\u00f3n. Utilizando dos canales de 80 MHz logra 1&comma;36 Gbps.<\/p>\n<\/p><\/div>\n<\/p><\/div>\n<div style='border: 1px solid rgba(150&comma;150&comma;150&comma;0.4); border-radius: 8px; overflow: hidden;'>\n<div style='padding: 15px; border-bottom: 1px solid rgba(150&comma;150&comma;150&comma;0.2); font-weight: bold; font-size: 18px; color: inherit;'>Selecci\u00f3n Din\u00e1mica de Canales (DSO)<\/div>\n<div style='padding: 15px; font-size: 14px; color: inherit;'>\n<p style='margin: 0;'>Con la selecci\u00f3n din\u00e1mica de canales&comma; los sistemas 550 optimizan constantemente el canal de operaci\u00f3n para maximizar la confiabilidad y el rendimiento del enlace. En respuesta al entorno de interferencia de radio&comma; PTP 550 buscar\u00e1 el espectro m\u00e1s claro y se mover\u00e1 a \u00e9l sin problemas. El cliente se beneficia del mejor rendimiento disponible con espectro limitado en los entornos m\u00e1s desafiantes.<\/p>\n<\/p><\/div>\n<\/p><\/div>\n<\/p><\/div>\n<div style='margin-bottom: 30px;'>\n<h3 style='font-size: 22px; border-bottom: 2px solid currentColor; padding-bottom: 5px; margin-top: 0; color: inherit; opacity: 0.8;'>Caracter\u00edsticas t\u00e9cnicas<\/h3>\n<p style='margin: 15px 0; font-size: 15px; color: inherit;'>Soluci\u00f3n punto a punto con ancho de banda de hasta 1.36 Gbps en la banda de 5 GHz<\/p>\n<p style='margin: 15px 0; font-size: 15px; color: inherit;'>Equipo PTP 550 Cambium Networks est\u00e1 dise\u00f1ado para construir canales de comunicaci\u00f3n troncales con un ancho de banda alto de hasta 1.4 Gbps.<\/p>\n<p style='margin: 15px 0; font-size: 15px; color: inherit;'>El equipo est\u00e1 basado en el chipset 802.11 AC wave 2 e implementa la tecnolog\u00eda Multi User MIMO 4: 4&#215;4 (MU-MIMO 4: 4&#215;4).<\/p>\n<p style='margin: 15px 0; font-size: 15px; color: inherit;'>PTP550 tiene un transmisor que opera en dos distintos canales de frecuencia 2x MIMO 2&#215;2&comma; anchos de canal de 20&comma;40 y 80 MHz.<\/p>\n<p style='margin: 15px 0; font-size: 15px; color: inherit;'>Su tecnolog\u00eda MU-MIMO permite la alimentaci\u00f3n de los dos canales en una \u00fanica antena y diferentes bandas de frecuencia&comma; por ejemplo 5.3 GHz y 5.6 (80 + 80 MHz) o en un ejemplo 5250-5350 MHz (20 + 80 MHz)&comma; sin necesidad de intervalo de guarda&comma; y multiplexar dos flujos espaciales MIMO 2&#215;2. Por lo tanto&comma; el rendimiento total de PTP550 est\u00e1 determinado por la agregaci\u00f3n de dos canales de frecuencia independientes MIMO 2&#215;2.<\/p>\n<\/p><\/div>\n<div style='display: grid; grid-template-columns: repeat(auto-fill&comma; minmax(250px&comma; 1fr)); gap: 20px; margin-bottom: 30px;'>\n<div style='border: 1px solid rgba(150&comma;150&comma;150&comma;0.4); border-radius: 8px; overflow: hidden;'>\n<div style='padding: 15px; border-bottom: 1px solid rgba(150&comma;150&comma;150&comma;0.2); font-weight: bold; font-size: 18px; color: inherit;'>Especificaciones t\u00e9cnicas<\/div>\n<div style='padding: 15px; font-size: 14px; color: inherit;'>\n<ul style='padding-left: 20px; margin: 0; font-size: 14px; list-style-type: disc;'>\n<li style='margin-bottom: 5px;'><strong>Banda de operaci\u00f3n:<\/strong> 5.15 &#8211; 5.96 GHz<\/li>\n<li style='margin-bottom: 5px;'><strong>Ancho de Canal:<\/strong> 2 x (20&comma; 40&comma; 80 MHz)<\/li>\n<li style='margin-bottom: 5px;'><strong>Eficiencia Espectral:<\/strong> 8.5 bps\/Hz<\/li>\n<li style='margin-bottom: 5px;'><strong>Selecci\u00f3n de Canal:<\/strong> Autom\u00e1tico&comma; a trav\u00e9s de DSO o modo manual<\/li>\n<li style='margin-bottom: 5px;'><strong>Potencia m\u00e1xima:<\/strong> Hasta 27 dBm<\/li>\n<li style='margin-bottom: 5px;'><strong>Protecci\u00f3n exterior:<\/strong> IP66 &#8211; IP67<\/li>\n<li style='margin-bottom: 5px;'><strong>Protocolo:<\/strong> IEEE 802.3<\/li>\n<li style='margin-bottom: 5px;'><strong>Latencia:<\/strong> 2.2 &#8211; 6 mseg<\/li>\n<li style='margin-bottom: 5px;'><strong>Tama\u00f1o de Frame:<\/strong> Hasta 1700 Bytes<\/li>\n<li style='margin-bottom: 5px;'><strong>Puertos:<\/strong> 1 x Gigabit Port 1: Data + PoE power (Entrada)&comma; 1 x SFP: mono-modo \/ multi-modo<\/li>\n<li style='margin-bottom: 5px;'><strong>Esquema TDD:<\/strong> 50\/50&comma; 25\/75&comma; 30\/70<\/li>\n<li style='margin-bottom: 5px;'><strong>Dimensiones:<\/strong> Ancho: 278mm (11.0\u201d)&comma; Altura: 185mm (7\u201d)&comma; Profundidad: 88mm (3.5\u201d)<\/li>\n<li style='margin-bottom: 5px;'><strong>Peso:<\/strong> 1.6 kg (3.5 lbs) incluido soporte<\/li>\n<li style='margin-bottom: 5px;'><strong>Alimentaci\u00f3n:<\/strong> AC power injector: 32\u00b0 a 104\u00b0 F (0\u00b0 a +40\u00b0 C)&comma; 35 W; 90-240 VAC&comma; 50\/60Hz<\/li>\n<li style='margin-bottom: 5px;'><strong>Consumo:<\/strong> 30 W m\u00e1ximo<\/li>\n<li style='margin-bottom: 5px;'><strong>Notas:<\/strong> Incluye PoE y Montaje<\/li>\n<\/ul><\/div>\n<\/p><\/div>\n<\/p><\/div>\n<div style='margin-bottom: 30px;'> <img style='width: 100%; height: auto; border: 1px solid rgba(150&comma;150&comma;150&comma;0.3); border-radius: 8px;' src='https:\/\/community.cambiumnetworks.com\/t5\/image\/serverpage\/image-id\/7874i036BB12BEEB9171C\/image-size\/large?v=1.0&#038;px=999' alt=''> <\/div>\n<div style='margin-bottom: 30px;'> <img style='width: 100%; height: auto; border: 1px solid rgba(150&comma;150&comma;150&comma;0.3); border-radius: 8px;' src='https:\/\/ftp3.syscom.mx\/usuarios\/hortega\/Cambium\/PTP550\/Tabla%20PTP550.png' alt=''> <\/div>\n<div style='margin-bottom: 30px;'>\n<div style='display: grid; grid-template-columns: repeat(2&comma; 1fr); gap: 20px;'>\n<div> <img style='width: 100%; height: auto; border: 1px solid rgba(150&comma;150&comma;150&comma;0.3); border-radius: 8px;' src='https:\/\/ftp3.syscom.mx\/usuarios\/hortega\/Cambium\/PTP550\/PTP5501.jpg' alt=''> <\/div>\n<div> <img style='width: 100%; height: auto; border: 1px solid rgba(150&comma;150&comma;150&comma;0.3); border-radius: 8px;' src='https:\/\/ftp3.syscom.mx\/usuarios\/hortega\/Cambium\/PTP550\/PTP5502.jpg' alt=''> <\/div>\n<div> <img style='width: 100%; height: auto; border: 1px solid rgba(150&comma;150&comma;150&comma;0.3); border-radius: 8px;' src='https:\/\/ftp3.syscom.mx\/usuarios\/hortega\/Cambium\/PTP550\/PTP5503.jpg' alt=''> <\/div>\n<div> <img style='width: 100%; height: auto; border: 1px solid rgba(150&comma;150&comma;150&comma;0.3); border-radius: 8px;' src='https:\/\/ftp3.syscom.mx\/usuarios\/hortega\/Cambium\/PTP550\/PTP5504.jpg' alt=''> <\/div>\n<div> <img style='width: 100%; height: auto; border: 1px solid rgba(150&comma;150&comma;150&comma;0.3); border-radius: 8px;' src='https:\/\/ftp3.syscom.mx\/usuarios\/hortega\/Cambium\/PTP550\/PTP5505.jpg' alt=''> <\/div>\n<\/p><\/div>\n<\/p><\/div>\n<div style='margin-bottom: 30px;'>\n<div style='display: flex; flex-direction: column; align-items: center; padding: 20px; border: 1px solid rgba(150&comma;150&comma;150&comma;0.3); border-radius: 8px;'>\n<h3 style='font-size: 22px; border-bottom: 2px solid currentColor; padding-bottom: 5px; margin-top: 0; color: inherit; opacity: 0.8;'>cnMaestro \u2122<\/h3>\n<p style='margin: 15px 0; text-align: center; font-size: 15px; color: inherit;'>Control de la red de extremo a extremo con el aprovisionamiento cero y configuraci\u00f3n del dispositivo<\/p>\n<p style='margin: 15px 0; font-size: 14px; color: inherit;'>cnMaestro \u2122 es una plataforma de software local o basada en la nube para el control seguro y completo de la red. El administrador de red inal\u00e1mbrica de cnMaestro simplifica la administraci\u00f3n de dispositivos al ofrecer una visibilidad completa de la red y un aprovisionamiento sin contacto. Vea y realice un conjunto completo de funciones de administraci\u00f3n de redes inal\u00e1mbricas en tiempo real. Optimice la disponibilidad del sistema&comma; maximice el rendimiento y satisfaga las necesidades emergentes de los clientes comerciales y residenciales&comma; SIN COSTO ALGUNO<\/p>\n<div style='display: flex; flex-wrap: wrap; gap: 15px; justify-content: center; margin-top: 20px;'> <a style='background-color: #51a4f5; color: #ffffff; font-weight: 400; transition: background-color 0.25s ease-out 0s&comma; color 0.25s ease-out 0s; border: 1px solid transparent; border-radius: 50px; padding: 10px 20px; text-decoration: none; display: inline-block;' href='https:\/\/cloud.cambiumnetworks.com\/app\/createaccount.html' rel='noopener'>Obtener una cuenta en la nube<\/a> <a style='background-color: #51a4f5; color: #ffffff; font-weight: 400; transition: background-color 0.25s ease-out 0s&comma; color 0.25s ease-out 0s; border: 1px solid transparent; border-radius: 50px; padding: 10px 20px; text-decoration: none; display: inline-block;' href='https:\/\/support.cambiumnetworks.com\/files\/cnmaestro\/' rel='noopener'>Descarga<\/a> <\/div>\n<\/p><\/div>\n<\/p><\/div>\n<div style='margin-bottom: 30px;'>\n<div style='position: relative; padding-bottom: 56.25%; height: 0; overflow: hidden;'>   <\/div>\n<\/p><\/div>\n<hr style='border: 0; border-top: 1px solid rgba(150&comma;150&comma;150&comma;0.3); margin: 30px 0;'> <\/div>\n","protected":false},"excerpt":{"rendered":"<p>PTP-550  Hasta 1.36 GBps \/ 5.150 &#8211; 5.950 GHz \/ 802.11 AC Wave 2  MU-MIMO 4: 4&#215;4 \/ BackHaul Conectorizado &#8211; C050055H004A<\/p>\n","protected":false},"featured_media":72848,"comment_status":"open","ping_status":"closed","template":"","meta":[],"product_brand":[],"product_cat":[1998],"product_tag":[1999,1316,1980],"class_list":{"0":"post-72849","1":"product","2":"type-product","3":"status-publish","4":"has-post-thumbnail","6":"product_cat-5-y-6-ghz","7":"product_tag-5-y-6-ghz","8":"product_tag-cambium-networks","9":"product_tag-enlaces-ptp-y-ptmp","11":"first","12":"outofstock","13":"sale","14":"shipping-taxable","15":"purchasable","16":"product-type-simple"},"_links":{"self":[{"href":"https:\/\/soydeaqui.ddns.net\/pachuca\/index.php\/wp-json\/wp\/v2\/product\/72849","targetHints":{"allow":["GET"]}}],"collection":[{"href":"https:\/\/soydeaqui.ddns.net\/pachuca\/index.php\/wp-json\/wp\/v2\/product"}],"about":[{"href":"https:\/\/soydeaqui.ddns.net\/pachuca\/index.php\/wp-json\/wp\/v2\/types\/product"}],"replies":[{"embeddable":true,"href":"https:\/\/soydeaqui.ddns.net\/pachuca\/index.php\/wp-json\/wp\/v2\/comments?post=72849"}],"wp:featuredmedia":[{"embeddable":true,"href":"https:\/\/soydeaqui.ddns.net\/pachuca\/index.php\/wp-json\/wp\/v2\/media\/72848"}],"wp:attachment":[{"href":"https:\/\/soydeaqui.ddns.net\/pachuca\/index.php\/wp-json\/wp\/v2\/media?parent=72849"}],"wp:term":[{"taxonomy":"product_brand","embeddable":true,"href":"https:\/\/soydeaqui.ddns.net\/pachuca\/index.php\/wp-json\/wp\/v2\/product_brand?post=72849"},{"taxonomy":"product_cat","embeddable":true,"href":"https:\/\/soydeaqui.ddns.net\/pachuca\/index.php\/wp-json\/wp\/v2\/product_cat?post=72849"},{"taxonomy":"product_tag","embeddable":true,"href":"https:\/\/soydeaqui.ddns.net\/pachuca\/index.php\/wp-json\/wp\/v2\/product_tag?post=72849"}],"curies":[{"name":"wp","href":"https:\/\/api.w.org\/{rel}","templated":true}]}}