{"id":72847,"date":"2026-03-19T12:59:38","date_gmt":"2026-03-19T12:59:38","guid":{"rendered":"https:\/\/soydeaqui.ddns.net\/pachuca\/index.php\/producto\/par-de-herrajes-para-sujecion-de-linea-de-vida-para-stz60g\/"},"modified":"2026-03-19T12:59:39","modified_gmt":"2026-03-19T12:59:39","slug":"par-de-herrajes-para-sujecion-de-linea-de-vida-para-stz60g","status":"publish","type":"product","link":"https:\/\/soydeaqui.ddns.net\/pachuca\/index.php\/producto\/par-de-herrajes-para-sujecion-de-linea-de-vida-para-stz60g\/","title":{"rendered":"Par de Herrajes para sujeci\u00f3n de l\u00ednea de vida para STZ60G."},"content":{"rendered":"<div style='width: 100%; max-width: 1200px; margin: 0 auto; font-family: sans-serif; line-height: 1.6; color: inherit; background-color: transparent;'>\n<div style='display: flex; flex-wrap: wrap; gap: 30px; margin-bottom: 30px;'>\n<div style='flex: 1 1 300px; min-width: 280px;'>\n<h3 style='font-size: 22px; border-bottom: 2px solid currentColor; padding-bottom: 5px; margin-top: 0; color: inherit; opacity: 0.8;'>Caracter\u00edsticas Funcionales<\/h3>\n<ul style='padding-left: 20px; font-size: 15px; color: inherit;'>\n<li style='margin-bottom: 5px;'>Compatible con tramos SYSCOM STZ60G.<\/li>\n<li style='margin-bottom: 5px;'>Se coloca un herraje en la parte inferior de la torre y otro en la parte superior.<\/li>\n<li style='margin-bottom: 5px;'>Se recomienda colocar una gu\u00eda (SGULV) cada 15 m. de distancia recorrida por el cable (No incluido).<\/li>\n<li style='margin-bottom: 5px;'>Se recomienda una instalaci\u00f3n con cable de retenida de 3\/8\u201d (SRET338. Se vende por separado).<\/li>\n<li style='margin-bottom: 5px;'>Dise\u00f1o totalmente met\u00e1lico (Acero).<\/li>\n<li style='margin-bottom: 5px;'>Galvanizado por inmersi\u00f3n en caliente.<\/li>\n<\/ul><\/div>\n<div style='flex: 1 1 300px; min-width: 280px;'>\n<h3 style='font-size: 22px; border-bottom: 2px solid currentColor; padding-bottom: 5px; margin-top: 0; color: inherit; opacity: 0.8;'>Caracter\u00edsticas F\u00edsicas<\/h3>\n<ul style='padding-left: 20px; font-size: 15px; color: inherit;'>\n<li style='margin-bottom: 5px;'>Aplicaci\u00f3n: Intemperie.<\/li>\n<li style='margin-bottom: 5px;'>Material: Acero galvanizado por inmersi\u00f3n en caliente.<\/li>\n<li style='margin-bottom: 5px;'>Peso: 4.25 Kg. Aprox.<\/li>\n<\/ul><\/div>\n<\/p><\/div>\n<div style='display: flex; flex-wrap: wrap; gap: 30px; margin-bottom: 30px;'>\n<div style='flex: 1 1 300px; min-width: 280px;'>\n<h3 style='font-size: 22px; border-bottom: 2px solid currentColor; padding-bottom: 5px; margin-top: 0; color: inherit; opacity: 0.8;'>Recomendaciones<\/h3>\n<ul style='padding-left: 20px; font-size: 15px; color: inherit;'>\n<li style='margin-bottom: 5px;'>Aseg\u00farese de que la instalaci\u00f3n sea realizada por un profesional capacitado.<\/li>\n<li style='margin-bottom: 5px;'>Peri\u00f3dicamente revise que la torniller\u00eda est\u00e9 correctamente ajustada.<\/li>\n<li style='margin-bottom: 5px;'>Programe un plan de mantenimiento para eliminar exceso de polvo y suciedad en el equipo.<\/li>\n<\/ul><\/div>\n<\/p><\/div>\n<div style='display: flex; flex-wrap: wrap; gap: 30px; margin-bottom: 30px;'>\n<div style='flex: 1 1 300px; min-width: 280px;'>\n<h3 style='font-size: 22px; border-bottom: 2px solid currentColor; padding-bottom: 5px; margin-top: 0; color: inherit; opacity: 0.8;'>Informaci\u00f3n Adicional<\/h3>\n<ul style='padding-left: 20px; font-size: 15px; color: inherit;'>\n<li style='margin-bottom: 5px;'>Producto Elaborado Bajo Normas ISO 9000<\/li>\n<\/ul><\/div>\n<\/p><\/div>\n<div style='margin-bottom: 30px; font-size: 14px; color: inherit;'>\n<p>Elimine riesgos al efectuar instalaciones en torres. El sistema de l\u00ednea de vida protege la integridad f\u00edsica del instalador al mismo tiempo que le otorga confianza y agilidad durante el proceso de instalaci\u00f3n del equipo.<\/p>\n<p>*Los colores de los productos pueden cambiar para mejoras t\u00e9cnicas. El peso declarado es de los equipos sin accesorios y sin embalaje.<\/p>\n<p>PARA CUALQUIER DUDA O COMENTARIO CONTACTE AL DEPARTAMENTO DE INGENIER\u00cdA.<\/p>\n<\/p><\/div>\n<hr style='border: 0; border-top: 1px solid rgba(150&comma; 150&comma; 150&comma; 0.3); margin: 30px 0;'> <\/div>\n","protected":false},"excerpt":{"rendered":"<p>Par de Herrajes para sujeci\u00f3n de l\u00ednea de vida para STZ60G.<\/p>\n","protected":false},"featured_media":72846,"comment_status":"open","ping_status":"closed","template":"","meta":[],"product_brand":[],"product_cat":[589],"product_tag":[590,733,246],"class_list":{"0":"post-72847","1":"product","2":"type-product","3":"status-publish","4":"has-post-thumbnail","6":"product_cat-accesorios-para-torres-arriostradas","7":"product_tag-accesorios-para-torres-arriostradas","8":"product_tag-syscom-towers","9":"product_tag-torres-y-mastiles","11":"first","12":"instock","13":"sale","14":"shipping-taxable","15":"purchasable","16":"product-type-simple"},"_links":{"self":[{"href":"https:\/\/soydeaqui.ddns.net\/pachuca\/index.php\/wp-json\/wp\/v2\/product\/72847","targetHints":{"allow":["GET"]}}],"collection":[{"href":"https:\/\/soydeaqui.ddns.net\/pachuca\/index.php\/wp-json\/wp\/v2\/product"}],"about":[{"href":"https:\/\/soydeaqui.ddns.net\/pachuca\/index.php\/wp-json\/wp\/v2\/types\/product"}],"replies":[{"embeddable":true,"href":"https:\/\/soydeaqui.ddns.net\/pachuca\/index.php\/wp-json\/wp\/v2\/comments?post=72847"}],"wp:featuredmedia":[{"embeddable":true,"href":"https:\/\/soydeaqui.ddns.net\/pachuca\/index.php\/wp-json\/wp\/v2\/media\/72846"}],"wp:attachment":[{"href":"https:\/\/soydeaqui.ddns.net\/pachuca\/index.php\/wp-json\/wp\/v2\/media?parent=72847"}],"wp:term":[{"taxonomy":"product_brand","embeddable":true,"href":"https:\/\/soydeaqui.ddns.net\/pachuca\/index.php\/wp-json\/wp\/v2\/product_brand?post=72847"},{"taxonomy":"product_cat","embeddable":true,"href":"https:\/\/soydeaqui.ddns.net\/pachuca\/index.php\/wp-json\/wp\/v2\/product_cat?post=72847"},{"taxonomy":"product_tag","embeddable":true,"href":"https:\/\/soydeaqui.ddns.net\/pachuca\/index.php\/wp-json\/wp\/v2\/product_tag?post=72847"}],"curies":[{"name":"wp","href":"https:\/\/api.w.org\/{rel}","templated":true}]}}