{"id":72845,"date":"2026-03-19T12:59:35","date_gmt":"2026-03-19T12:59:35","guid":{"rendered":"https:\/\/soydeaqui.ddns.net\/pachuca\/index.php\/producto\/antena-para-enlaces-carrier-class-frec-3-3-3-8-ghz-ganancia-25-dbi\/"},"modified":"2026-03-19T12:59:36","modified_gmt":"2026-03-19T12:59:36","slug":"antena-para-enlaces-carrier-class-frec-3-3-3-8-ghz-ganancia-25-dbi","status":"publish","type":"product","link":"https:\/\/soydeaqui.ddns.net\/pachuca\/index.php\/producto\/antena-para-enlaces-carrier-class-frec-3-3-3-8-ghz-ganancia-25-dbi\/","title":{"rendered":"Antena para enlaces Carrier Class, Frec. 3.3 &#8211; 3.8 GHz Ganancia 25 dBi"},"content":{"rendered":"<div style='width: 100%; max-width: 1200px; margin: 0 auto; font-family: sans-serif; line-height: 1.6; color: inherit; background-color: transparent;'> <!-- Imagen de garant\u00eda --> <\/p>\n<div style='margin-bottom: 20px;'> <img style='width: 100%; height: auto; border: 1px solid rgba(150&comma;150&comma;150&comma;0.3); border-radius: 8px;' src='http:\/\/ftp3.syscom.mx\/usuarios\/fotos\/TRA6927M3PB001\/85897-garantia_laird.jpg' alt=''> <\/div>\n<p> <!-- Descripci\u00f3n principal --> <\/p>\n<div style='margin-bottom: 30px;'>\n<p style='font-size: 15px; margin: 0 0 15px; color: inherit;'> Las Antenas de la serie HD de Laird est\u00e1n construidas para entregar un enlace de <strong style='color: inherit;'>ALTO DESEMPE\u00d1O<\/strong>. Las antenas cumplen con las especificaciones estrictas de la norma ETSI EN 302&comma;326-3 para antenas Punto a Punto clases DN1 hasta DN5. El dise\u00f1o especial del sistema de alimentaci\u00f3n&comma; proporciona polarizaci\u00f3n doble&comma; vertical en el primer puerto y horizontal en el segundo puerto&comma; haci\u00e9ndolo ideal para enlaces de Punto a Punto. <\/p>\n<p style='font-size: 15px; margin: 0 0 15px; color: inherit;'> <strong>*Ideal para equipos AF-3X y ROCKETM3.<\/strong> <\/p>\n<\/p><\/div>\n<p> <!-- Caracter\u00edsticas --> <\/p>\n<div style='margin-bottom: 30px;'>\n<h3 style='font-size: 22px; border-bottom: 2px solid currentColor; padding-bottom: 5px; margin-top: 0; margin-bottom: 15px; color: inherit; opacity: 0.8;'>Caracter\u00edsticas<\/h3>\n<ul style='padding-left: 20px; font-size: 15px; color: inherit; list-style-type: disc;'>\n<li style='margin-bottom: 5px;'><strong>Rango de Frecuencia:<\/strong> 3.3 \u2013 3.8 GHz<\/li>\n<li style='margin-bottom: 5px;'><strong>Doble Polaridad Simult\u00e1nea de Alto Desempe\u00f1o:<\/strong> (Vertical y Horizontal)<\/li>\n<li style='margin-bottom: 5px;'><strong>Di\u00e1metro:<\/strong> 648 mm<\/li>\n<li style='margin-bottom: 5px;'><strong>Peso:<\/strong> 8 kg<\/li>\n<li style='margin-bottom: 5px;'><strong>Ganancia:<\/strong> 25 dBi<\/li>\n<li style='margin-bottom: 5px;'><strong>Conectores:<\/strong> 2 conectores N-Hembra<\/li>\n<li style='margin-bottom: 5px;'><strong>Montaje:<\/strong> Incluye Montaje de Torre<\/li>\n<li style='margin-bottom: 5px;'><strong>Instalaci\u00f3n:<\/strong> Para Intemperie<\/li>\n<li style='margin-bottom: 5px;'><strong>Nota:<\/strong> Se recomienda realizar la instalaci\u00f3n directamente en la torre (No usar brazos laterales menores a 80 mm de di\u00e1metro exterior)<\/li>\n<\/ul><\/div>\n<p> <!-- Im\u00e1genes adicionales --> <\/p>\n<div style='display: flex; flex-wrap: wrap; gap: 20px; margin-bottom: 30px;'>\n<div style='flex: 1 1 300px; min-width: 280px;'> <img style='width: 100%; height: auto; border: 1px solid rgba(150&comma;150&comma;150&comma;0.3); border-radius: 8px;' src='http:\/\/ftp3.syscom.mx\/usuarios\/fotos\/HDDA5W32DP\/86091-hdda5w.jpg' alt=''> <\/div>\n<div style='flex: 1 1 300px; min-width: 280px;'> <img style='width: 100%; height: auto; border: 1px solid rgba(150&comma;150&comma;150&comma;0.3); border-radius: 8px;' src='https:\/\/ftp3.syscom.mx\/usuarios\/fotos\/HDDA3W29DP\/95032-hdda3w29dp.jpg' alt=''> <\/div>\n<\/p><\/div>\n<\/p><\/div>\n","protected":false},"excerpt":{"rendered":"<p>Antena para enlaces Carrier Class, Frec. 3.3 &#8211; 3.8 GHz Ganancia 25 dBi<\/p>\n","protected":false},"featured_media":72844,"comment_status":"open","ping_status":"closed","template":"","meta":[],"product_brand":[],"product_cat":[1918],"product_tag":[1404,1919,944],"class_list":{"0":"post-72845","1":"product","2":"type-product","3":"status-publish","4":"has-post-thumbnail","6":"product_cat-direccionales","7":"product_tag-antenas","8":"product_tag-direccionales","9":"product_tag-laird","11":"first","12":"instock","13":"sale","14":"shipping-taxable","15":"purchasable","16":"product-type-simple"},"_links":{"self":[{"href":"https:\/\/soydeaqui.ddns.net\/pachuca\/index.php\/wp-json\/wp\/v2\/product\/72845","targetHints":{"allow":["GET"]}}],"collection":[{"href":"https:\/\/soydeaqui.ddns.net\/pachuca\/index.php\/wp-json\/wp\/v2\/product"}],"about":[{"href":"https:\/\/soydeaqui.ddns.net\/pachuca\/index.php\/wp-json\/wp\/v2\/types\/product"}],"replies":[{"embeddable":true,"href":"https:\/\/soydeaqui.ddns.net\/pachuca\/index.php\/wp-json\/wp\/v2\/comments?post=72845"}],"wp:featuredmedia":[{"embeddable":true,"href":"https:\/\/soydeaqui.ddns.net\/pachuca\/index.php\/wp-json\/wp\/v2\/media\/72844"}],"wp:attachment":[{"href":"https:\/\/soydeaqui.ddns.net\/pachuca\/index.php\/wp-json\/wp\/v2\/media?parent=72845"}],"wp:term":[{"taxonomy":"product_brand","embeddable":true,"href":"https:\/\/soydeaqui.ddns.net\/pachuca\/index.php\/wp-json\/wp\/v2\/product_brand?post=72845"},{"taxonomy":"product_cat","embeddable":true,"href":"https:\/\/soydeaqui.ddns.net\/pachuca\/index.php\/wp-json\/wp\/v2\/product_cat?post=72845"},{"taxonomy":"product_tag","embeddable":true,"href":"https:\/\/soydeaqui.ddns.net\/pachuca\/index.php\/wp-json\/wp\/v2\/product_tag?post=72845"}],"curies":[{"name":"wp","href":"https:\/\/api.w.org\/{rel}","templated":true}]}}