{"id":72842,"date":"2026-03-19T12:59:29","date_gmt":"2026-03-19T12:59:29","guid":{"rendered":"https:\/\/soydeaqui.ddns.net\/pachuca\/index.php\/producto\/modulo-convertidor-de-sfp-a-ethernet-10-100-1000mbit-s\/"},"modified":"2026-03-19T12:59:30","modified_gmt":"2026-03-19T12:59:30","slug":"modulo-convertidor-de-sfp-a-ethernet-10-100-1000mbit-s","status":"publish","type":"product","link":"https:\/\/soydeaqui.ddns.net\/pachuca\/index.php\/producto\/modulo-convertidor-de-sfp-a-ethernet-10-100-1000mbit-s\/","title":{"rendered":"Modulo Convertidor de SFP a Ethernet 10\/100\/1000Mbit\/s"},"content":{"rendered":"<div style='width: 100%; max-width: 1200px; margin: 0 auto; font-family: sans-serif; line-height: 1.6; color: inherit; background-color: transparent;'> <!-- Secci\u00f3n de caracter\u00edsticas principales --> <\/p>\n<div style='display: flex; flex-wrap: wrap; gap: 30px; margin-bottom: 30px;'>\n<div style='flex: 1 1 300px; min-width: 280px;'>\n<h3 style='font-size: 22px; border-bottom: 2px solid currentColor; padding-bottom: 5px; margin-top: 0; color: inherit; opacity: 0.8;'>Caracter\u00edsticas Principales<\/h3>\n<ul style='padding-left: 20px; font-size: 15px; color: inherit;'>\n<li style='margin-bottom: 5px;'>Conforme al est\u00e1ndar IEEE 802.3ab \/ 802.3z Ethernet Gigabit<\/li>\n<li style='margin-bottom: 5px;'>1 Puerto 1000Mbps TP \/ LC Fibra<\/li>\n<li style='margin-bottom: 5px;'>Conector Duplex \/ Single LC<\/li>\n<li style='margin-bottom: 5px;'>Entradas y salidas PECL diferenciales<\/li>\n<li style='margin-bottom: 5px;'>Alimentaci\u00f3n \u00fanica de 3.3V<\/li>\n<li style='margin-bottom: 5px;'>Indicador de detecci\u00f3n de se\u00f1al TTL<\/li>\n<li style='margin-bottom: 5px;'>Dise\u00f1ado para instalaci\u00f3n en caliente (Hot Pluggable)<\/li>\n<li style='margin-bottom: 5px;'>Producto l\u00e1ser clase 1 conforme a EN 60825-1<\/li>\n<li style='margin-bottom: 5px;'>Instalaci\u00f3n Plug and Play<\/li>\n<li style='margin-bottom: 5px;'>Temperatura de operaci\u00f3n: 0 a 60\u00b0C<\/li>\n<\/ul><\/div>\n<\/p><\/div>\n<p> <!-- Secci\u00f3n de aplicaciones --> <\/p>\n<div style='display: flex; flex-wrap: wrap; gap: 30px; margin-bottom: 30px;'>\n<div style='flex: 1 1 300px; min-width: 280px;'>\n<h3 style='font-size: 22px; border-bottom: 2px solid currentColor; padding-bottom: 5px; margin-top: 0; color: inherit; opacity: 0.8;'>Aplicaciones<\/h3>\n<ul style='padding-left: 20px; font-size: 15px; color: inherit;'>\n<li style='margin-bottom: 5px;'>Instalaci\u00f3n en Switches y Convertidores de Medios PLANET con interfaz SFP<\/li>\n<li style='margin-bottom: 5px;'>Ampliaci\u00f3n de redes Ethernet hasta 120km (Monomodo&comma; LC)<\/li>\n<li style='margin-bottom: 5px;'>Conexi\u00f3n r\u00e1pida y f\u00e1cil de dispositivos industriales en entornos el\u00e9ctricamente hostiles<\/li>\n<li style='margin-bottom: 5px;'>Soluci\u00f3n para entornos con amplio rango de temperatura<\/li>\n<li style='margin-bottom: 5px;'>Interfaz SFP hot-pluggable y hot-swappable<\/li>\n<\/ul><\/div>\n<\/p><\/div>\n<p> <!-- Secci\u00f3n de especificaciones t\u00e9cnicas --> <\/p>\n<div style='display: flex; flex-wrap: wrap; gap: 20px; margin-bottom: 30px;'>\n<div style='flex: 1 1 250px; border: 1px solid rgba(150&comma; 150&comma; 150&comma; 0.4); border-radius: 8px; overflow: hidden; display: flex; flex-direction: column;'>\n<div style='padding: 15px; border-bottom: 1px solid rgba(150&comma; 150&comma; 150&comma; 0.2); font-weight: bold; font-size: 18px; color: inherit;'>Especificaciones T\u00e9cnicas<\/div>\n<div style='padding: 15px; color: inherit;'>\n<ul style='padding-left: 20px; margin: 0; font-size: 14px; list-style-type: disc;'>\n<li style='margin-bottom: 5px;'><strong>Distancia:<\/strong> 100m (Cobre)&comma; 550m (Multimodo&comma; LC)&comma; hasta 120km (Monomodo&comma; LC)<\/li>\n<li style='margin-bottom: 5px;'><strong>Conector:<\/strong> LC (D\u00faplex\/Single)<\/li>\n<li style='margin-bottom: 5px;'><strong>Velocidad:<\/strong> 1000Mbps<\/li>\n<li style='margin-bottom: 5px;'><strong>Modo Fibra:<\/strong> Multimodo y Monomodo<\/li>\n<li style='margin-bottom: 5px;'><strong>Temperatura Operaci\u00f3n:<\/strong> 0 a 60\u00b0C<\/li>\n<li style='margin-bottom: 5px;'><strong>Alimentaci\u00f3n:<\/strong> 3.3V<\/li>\n<li style='margin-bottom: 5px;'><strong>Indicador:<\/strong> Detecci\u00f3n de se\u00f1al TTL<\/li>\n<li style='margin-bottom: 5px;'><strong>Compatibilidad:<\/strong> IEEE 802.3ab \/ 802.3z<\/li>\n<li style='margin-bottom: 5px;'><strong>Clase L\u00e1ser:<\/strong> Clase 1 conforme a EN 60825-1<\/li>\n<\/ul><\/div>\n<\/p><\/div>\n<\/p><\/div>\n<p> <!-- Secci\u00f3n de modelos compatibles --> <\/p>\n<div style='display: flex; flex-wrap: wrap; gap: 20px; margin-bottom: 30px;'>\n<div style='flex: 1 1 250px; border: 1px solid rgba(150&comma; 150&comma; 150&comma; 0.4); border-radius: 8px; overflow: hidden; display: flex; flex-direction: column;'>\n<div style='padding: 15px; border-bottom: 1px solid rgba(150&comma; 150&comma; 150&comma; 0.2); font-weight: bold; font-size: 18px; color: inherit;'>Modelos Compatibles<\/div>\n<div style='padding: 15px; color: inherit;'>\n<ul style='padding-left: 20px; margin: 0; font-size: 14px; list-style-type: disc;'>\n<li style='margin-bottom: 5px;'><strong>MGB-GT:<\/strong> M\u00f3dulo 1000BASE-T<\/li>\n<li style='margin-bottom: 5px;'><strong>MGB-SX:<\/strong> 550m&comma; 850nm<\/li>\n<li style='margin-bottom: 5px;'><strong>MGB-LX:<\/strong> 20km&comma; 1310nm<\/li>\n<li style='margin-bottom: 5px;'><strong>MGB-L30:<\/strong> 30km&comma; 1310nm<\/li>\n<li style='margin-bottom: 5px;'><strong>MGB-L50:<\/strong> 50km&comma; 1550nm<\/li>\n<li style='margin-bottom: 5px;'><strong>MGB-L70:<\/strong> 70km&comma; 1550nm<\/li>\n<li style='margin-bottom: 5px;'><strong>MGB-L120:<\/strong> 120km&comma; 1550nm<\/li>\n<\/ul><\/div>\n<\/p><\/div>\n<\/p><\/div>\n<p> <!-- Separador --> <\/p>\n<hr style='border: 0; border-top: 1px solid rgba(150&comma; 150&comma; 150&comma; 0.3); margin: 30px 0;'> <\/div>\n","protected":false},"excerpt":{"rendered":"<p>Modulo Convertidor de SFP a Ethernet 10\/100\/1000Mbit\/s<\/p>\n","protected":false},"featured_media":72841,"comment_status":"open","ping_status":"closed","template":"","meta":[],"product_brand":[],"product_cat":[2000],"product_tag":[2001,664,2033],"class_list":{"0":"post-72842","1":"product","2":"type-product","3":"status-publish","4":"has-post-thumbnail","6":"product_cat-convertidores-de-medios","7":"product_tag-convertidores-de-medios","8":"product_tag-networking","9":"product_tag-planet","11":"first","12":"outofstock","13":"sale","14":"shipping-taxable","15":"purchasable","16":"product-type-simple"},"_links":{"self":[{"href":"https:\/\/soydeaqui.ddns.net\/pachuca\/index.php\/wp-json\/wp\/v2\/product\/72842","targetHints":{"allow":["GET"]}}],"collection":[{"href":"https:\/\/soydeaqui.ddns.net\/pachuca\/index.php\/wp-json\/wp\/v2\/product"}],"about":[{"href":"https:\/\/soydeaqui.ddns.net\/pachuca\/index.php\/wp-json\/wp\/v2\/types\/product"}],"replies":[{"embeddable":true,"href":"https:\/\/soydeaqui.ddns.net\/pachuca\/index.php\/wp-json\/wp\/v2\/comments?post=72842"}],"wp:featuredmedia":[{"embeddable":true,"href":"https:\/\/soydeaqui.ddns.net\/pachuca\/index.php\/wp-json\/wp\/v2\/media\/72841"}],"wp:attachment":[{"href":"https:\/\/soydeaqui.ddns.net\/pachuca\/index.php\/wp-json\/wp\/v2\/media?parent=72842"}],"wp:term":[{"taxonomy":"product_brand","embeddable":true,"href":"https:\/\/soydeaqui.ddns.net\/pachuca\/index.php\/wp-json\/wp\/v2\/product_brand?post=72842"},{"taxonomy":"product_cat","embeddable":true,"href":"https:\/\/soydeaqui.ddns.net\/pachuca\/index.php\/wp-json\/wp\/v2\/product_cat?post=72842"},{"taxonomy":"product_tag","embeddable":true,"href":"https:\/\/soydeaqui.ddns.net\/pachuca\/index.php\/wp-json\/wp\/v2\/product_tag?post=72842"}],"curies":[{"name":"wp","href":"https:\/\/api.w.org\/{rel}","templated":true}]}}