{"id":72838,"date":"2026-03-19T12:59:21","date_gmt":"2026-03-19T12:59:21","guid":{"rendered":"https:\/\/soydeaqui.ddns.net\/pachuca\/index.php\/producto\/kit-torre-autosoportada-ligera-tbx-de-19-5-m-de-altura-8-secciones-prearmadas\/"},"modified":"2026-03-19T12:59:23","modified_gmt":"2026-03-19T12:59:23","slug":"kit-torre-autosoportada-ligera-tbx-de-19-5-m-de-altura-8-secciones-prearmadas","status":"publish","type":"product","link":"https:\/\/soydeaqui.ddns.net\/pachuca\/index.php\/producto\/kit-torre-autosoportada-ligera-tbx-de-19-5-m-de-altura-8-secciones-prearmadas\/","title":{"rendered":"KIT Torre Autosoportada Ligera TBX de 19.5 m de altura, 8 Secciones Prearmadas."},"content":{"rendered":"<div style='width: 100%; max-width: 1200px; margin: 0 auto; font-family: sans-serif; line-height: 1.6; color: inherit; background-color: transparent;'> <!-- Secci\u00f3n de descripci\u00f3n --> <\/p>\n<div style='margin-bottom: 30px;'>\n<p style='margin: 0 0 15px 0; color: inherit;'>La L\u00ednea de Torres Ligeras BX Autosoportadas est\u00e1n dise\u00f1adas para uso en:<\/p>\n<ul style='padding-left: 20px; margin: 0 0 20px 0; color: inherit; font-size: 14px; line-height: 1.5;'>\n<li style='margin-bottom: 5px;'>Sistemas de Telecomunicaciones<\/li>\n<li style='margin-bottom: 5px;'>Redes Inal\u00e1mbricas<\/li>\n<li style='margin-bottom: 5px;'>Videovigilancia<\/li>\n<li style='margin-bottom: 5px;'>Enlaces punto a punto<\/li>\n<li style='margin-bottom: 5px;'>Radiodifusi\u00f3n<\/li>\n<li style='margin-bottom: 5px;'>Seguridad p\u00fablica o privada&comma; etc.<\/li>\n<\/ul>\n<p style='margin: 20px 0; color: inherit; font-size: 14px; line-height: 1.5;'>Mejoran la comunicaci\u00f3n al alcanzar objetivos librando obst\u00e1culos como edificios&comma; desniveles de suelo y copas de \u00e1rboles&comma; entre otras.<\/p>\n<\/p><\/div>\n<p> <!-- Secci\u00f3n de caracter\u00edsticas --> <\/p>\n<div style='display: flex; flex-wrap: wrap; gap: 30px; margin-bottom: 30px;'>\n<div style='flex: 1 1 300px; min-width: 280px;'>\n<h3 style='font-size: 22px; border-bottom: 2px solid currentColor; padding-bottom: 5px; margin-top: 0; color: inherit; opacity: 0.8;'>Caracter\u00edsticas<\/h3>\n<ul style='padding-left: 20px; font-size: 14px; color: inherit; line-height: 1.5;'>\n<li style='margin-bottom: 5px;'>Material: Acero Pre-Galvanizado<\/li>\n<li style='margin-bottom: 5px;'>Altura: 19.5 metros<\/li>\n<li style='margin-bottom: 5px;'>Incluye secciones 1 a 8<\/li>\n<\/ul><\/div>\n<\/p><\/div>\n<p> <!-- Secci\u00f3n de nota importante --> <\/p>\n<div style='margin-bottom: 30px;'>\n<p style='font-weight: bold; font-size: 14px; color: inherit; margin: 0 0 15px 0;'>**No incluye base&comma; \u00e9sta debe ser ordenada por Separado**<\/p>\n<\/p><\/div>\n<p> <!-- Secci\u00f3n de accesorios --> <\/p>\n<div style='margin-bottom: 30px;'>\n<h3 style='font-size: 22px; border-bottom: 2px solid currentColor; padding-bottom: 5px; margin-top: 0; margin-bottom: 15px; color: inherit; opacity: 0.8;'>Accesorios (No incluidos)<\/h3>\n<ul style='padding-left: 20px; font-size: 14px; color: inherit; line-height: 1.5;'>\n<li style='margin-bottom: 5px;'><strong>BXB7\/8:<\/strong> Base para Instalaci\u00f3n de Torre (Incluye Tres piezas&comma; una por cada pierna)<\/li>\n<li style='margin-bottom: 5px;'><strong>BXSM:<\/strong> Montaje Lateral para Antenas<\/li>\n<\/ul><\/div>\n<p> <!-- Secci\u00f3n de im\u00e1genes --> <\/p>\n<div style='display: flex; flex-wrap: wrap; gap: 30px; margin-bottom: 30px;'>\n<div style='flex: 1 1 300px; min-width: 280px;'>\n<p style='font-weight: bold; font-size: 15px; color: inherit; margin: 0 0 10px 0;'>Ilustraci\u00f3n de Secciones BX<\/p>\n<p> <img style='width: 100%; height: auto; border: 1px solid rgba(150&comma;150&comma;150&comma;0.3); border-radius: 8px;' src='http:\/\/ftp3.syscom.mx\/usuarios\/dcarreon\/TORRES\/ROHN\/BX%20TOWER\/TORRE.jpg' alt='LOGO ROHN'> <\/div>\n<div style='flex: 1 1 300px; min-width: 280px;'>\n<p style='font-weight: bold; font-size: 15px; color: inherit; margin: 0 0 10px 0;'>Secci\u00f3n Superior<\/p>\n<p> <img style='width: 100%; height: auto; border: 1px solid rgba(150&comma;150&comma;150&comma;0.3); border-radius: 8px;' src='http:\/\/ftp3.syscom.mx\/usuarios\/dcarreon\/TORRES\/ROHN\/IMAGENES\/SECCION%20SUPERIOR.png' alt=''> <\/div>\n<\/p><\/div>\n<p> <!-- Secci\u00f3n de im\u00e1genes adicionales --> <\/p>\n<div style='display: flex; flex-wrap: wrap; gap: 30px; margin-bottom: 30px;'>\n<div style='flex: 1 1 300px; min-width: 280px;'>\n<p style='font-weight: bold; font-size: 15px; color: inherit; margin: 0 0 10px 0;'>Equipo Instalado<\/p>\n<p> <img style='width: 100%; height: auto; border: 1px solid rgba(150&comma;150&comma;150&comma;0.3); border-radius: 8px;' src='http:\/\/ftp3.syscom.mx\/usuarios\/dcarreon\/TORRES\/ROHN\/IMAGENES\/DSCN6586.jpg' alt=''> <\/div>\n<div style='flex: 1 1 300px; min-width: 280px;'>\n<p style='font-weight: bold; font-size: 15px; color: inherit; margin: 0 0 10px 0;'>F\u00e1cil Almacenamiento y Movimiento<\/p>\n<p> <img style='width: 100%; height: auto; border: 1px solid rgba(150&comma;150&comma;150&comma;0.3); border-radius: 8px;' src='http:\/\/ftp3.syscom.mx\/usuarios\/dcarreon\/TORRES\/ROHN\/IMAGENES\/BX%20Stock.jpg' alt=''> <\/div>\n<div style='flex: 1 1 300px; min-width: 280px;'>\n<p style='font-weight: bold; font-size: 15px; color: inherit; margin: 0 0 10px 0;'>Instalador en Torre<\/p>\n<p> <img style='width: 100%; height: auto; border: 1px solid rgba(150&comma;150&comma;150&comma;0.3); border-radius: 8px;' src='http:\/\/ftp3.syscom.mx\/usuarios\/dcarreon\/TORRES\/ROHN\/IMAGENES\/up4.jpg' alt=''> <\/div>\n<\/p><\/div>\n<\/p><\/div>\n","protected":false},"excerpt":{"rendered":"<p>KIT Torre Autosoportada Ligera TBX de 19.5 m de altura, 8 Secciones Prearmadas.<\/p>\n","protected":false},"featured_media":72837,"comment_status":"open","ping_status":"closed","template":"","meta":[],"product_brand":[],"product_cat":[1713],"product_tag":[63,1714,246],"class_list":{"0":"post-72838","1":"product","2":"type-product","3":"status-publish","4":"has-post-thumbnail","6":"product_cat-torres-autosoportadas","7":"product_tag-syscom","8":"product_tag-torres-autosoportadas","9":"product_tag-torres-y-mastiles","11":"first","12":"outofstock","13":"sale","14":"shipping-taxable","15":"purchasable","16":"product-type-simple"},"_links":{"self":[{"href":"https:\/\/soydeaqui.ddns.net\/pachuca\/index.php\/wp-json\/wp\/v2\/product\/72838","targetHints":{"allow":["GET"]}}],"collection":[{"href":"https:\/\/soydeaqui.ddns.net\/pachuca\/index.php\/wp-json\/wp\/v2\/product"}],"about":[{"href":"https:\/\/soydeaqui.ddns.net\/pachuca\/index.php\/wp-json\/wp\/v2\/types\/product"}],"replies":[{"embeddable":true,"href":"https:\/\/soydeaqui.ddns.net\/pachuca\/index.php\/wp-json\/wp\/v2\/comments?post=72838"}],"wp:featuredmedia":[{"embeddable":true,"href":"https:\/\/soydeaqui.ddns.net\/pachuca\/index.php\/wp-json\/wp\/v2\/media\/72837"}],"wp:attachment":[{"href":"https:\/\/soydeaqui.ddns.net\/pachuca\/index.php\/wp-json\/wp\/v2\/media?parent=72838"}],"wp:term":[{"taxonomy":"product_brand","embeddable":true,"href":"https:\/\/soydeaqui.ddns.net\/pachuca\/index.php\/wp-json\/wp\/v2\/product_brand?post=72838"},{"taxonomy":"product_cat","embeddable":true,"href":"https:\/\/soydeaqui.ddns.net\/pachuca\/index.php\/wp-json\/wp\/v2\/product_cat?post=72838"},{"taxonomy":"product_tag","embeddable":true,"href":"https:\/\/soydeaqui.ddns.net\/pachuca\/index.php\/wp-json\/wp\/v2\/product_tag?post=72838"}],"curies":[{"name":"wp","href":"https:\/\/api.w.org\/{rel}","templated":true}]}}