{"id":72793,"date":"2026-03-19T12:57:30","date_gmt":"2026-03-19T12:57:30","guid":{"rendered":"https:\/\/soydeaqui.ddns.net\/pachuca\/index.php\/producto\/router-inalambrico-802-11n-2-4-ghz-pl-r190wusa-ww\/"},"modified":"2026-03-19T12:57:31","modified_gmt":"2026-03-19T12:57:31","slug":"router-inalambrico-802-11n-2-4-ghz-pl-r190wusa-ww","status":"publish","type":"product","link":"https:\/\/soydeaqui.ddns.net\/pachuca\/index.php\/producto\/router-inalambrico-802-11n-2-4-ghz-pl-r190wusa-ww\/","title":{"rendered":"Router inal\u00e1mbrico 802.11n 2.4 GHz &#8211; PL-R190WUSA- WW"},"content":{"rendered":"<div style='width: 100%; max-width: 1200px; margin: 0 auto; font-family: sans-serif; line-height: 1.6; color: inherit; background-color: transparent;'> <!-- Imagen de marca --> <\/p>\n<div style='text-align: center; margin: 30px 0;'> <img style='width: 251px; height: 39px; border: 1px solid rgba(150&comma;150&comma;150&comma;0.3); border-radius: 8px;' src='http:\/\/ftp3.syscom.mx\/usuarios\/hortega\/Cambium\/cambium-networks-logo.png' alt='Logo Cambium Networks'> <\/div>\n<p> <!-- T\u00edtulo principal --> <\/p>\n<div style='text-align: center; margin: 30px 0;'>\n<h2 style='font-size: 28px; color: inherit; margin: 0; padding-bottom: 10px; border-bottom: 2px solid currentColor; opacity: 0.8;'>cnPilot R190<\/h2>\n<\/p><\/div>\n<p> <!-- Especificaciones principales --> <\/p>\n<div style='text-align: center; margin: 30px 0;'> <span style='display: inline-block; margin: 5px 10px; padding: 5px 15px; background-color: rgba(150&comma;150&comma;150&comma;0.1); border-radius: 20px; font-size: 14px; color: inherit;'>2.4 GHz<\/span> <span style='display: inline-block; margin: 5px 10px; padding: 5px 15px; background-color: rgba(150&comma;150&comma;150&comma;0.1); border-radius: 20px; font-size: 14px; color: inherit;'>802.11n<\/span> <\/div>\n<p> <!-- Descripci\u00f3n general --> <\/p>\n<div style='margin: 30px 0;'>\n<p style='font-size: 16px; text-align: center; color: inherit; opacity: 0.9;'> Las caracter\u00edsticas del cnPilot R190 son ideales para peque\u00f1as empresas y hogares&comma; y resuelven totalmente las necesidades de Voz&comma; Internet <\/p>\n<\/p><\/div>\n<p> <!-- Secci\u00f3n de caracter\u00edsticas destacadas --> <\/p>\n<div style='display: flex; flex-wrap: wrap; gap: 30px; margin: 40px 0;'>\n<div style='flex: 1 1 300px; min-width: 280px;'>\n<div style='text-align: center; padding: 20px; border: 1px solid rgba(150&comma;150&comma;150&comma;0.3); border-radius: 8px; height: 100%; display: flex; flex-direction: column;'> <img style='width: 30px; height: auto; margin: 0 auto 15px;' src='data:image\/png;base64&comma;iVBORw0KGgoAAAANSUhEUgAAADoAAABACAYAAABLAmSPAAADp0lEQVRoBe1bS0wTURQ9nZm2FFr8VASCRj6iaNSFGoOfaCKYGBPdady6c2lculP3rnTnHhNNXLFzgVEJiQQxamL4GxC1UkRpKXSmrbmdMp2hw9QyM8yMMy9p+vq+99xz36fvvevL5XI5uCAwLsCYh8iVAypkgdmFDFK8vYlnfEBDLYtIlU8V0rpAp+IZPBlMYSouIJNVrWvLxO3VDA43cbh8pApbQkWD9amN0b6RFfS8TSFrbxI1Fb0jzODOxYjEcAnQ9zM8HvYlpUb27eTQHGUR9KubhFTQ4ghNqT8TWXz4ymMpLTLUUc\/h9oUwSHKF6VLhnsGUJPL14yF0dQSl306IxJNZPHiRQGwxi88\/BPSPp3G6LYCiEQMYiQmIJ8QBea494DiQRES0hsHNszWgyYlC\/0Q6\/60AOhoTxFwA3QecxaQkOIDd21h0NIjGOj2fKQX6OyXaNseIU7W8stPiBJYCLYs0qSoYzRSmWXaVd6ehk8krx0C4FEBl5f67qGuAKpaXcjQ+H14uV8SS\/PoIg1NtAc2+KwJKO6bVxViz1U3OvHGyumyPnulqqejM3iAuHbJ2nV3hc7jbu6glpiKvItOV16wLW2sMM7\/EjYBcJq24tdJqSWZwngfUYIVa3pzHqOUUGCyAx6jBCrW8OdcwuuENgxZFtJgnCwdUWuXK5bVEWQQ4Yw7lTAH6bCiFT9+KxzLlAK2Xf\/9KJH8ovV5+Jeme6VairbVlO1sDaK3TbyzhoHE86JdmLUoAnS3af4JVqpieZJzKTBdVXwceUH36s19tj1H7caJPItcwasryMjCZzl\/b6eMAOL8\/iHDQxlvAgYm0IVvAE81+hIPiZZFepXmmq0eDt7rCeqqbUtc1jHpATbEfCxv1GLVQ+aZ07TFqilotbNRj1ELlm9L1hjf1H2d5UwQyq9ENAX09tgL6OCm4ZoxWxOi1YyEnkaiQtSKg9O7VqcE1putOoH5WPJ\/hMzlHeUaoDadlmfsKPWlVMFobEoHSs90v8\/qv\/dQE2Ky0ybgoPz09p+fHCqDtshuwp0P2fMn5L4p6N81jck58WXawUZxvlUDrOewqPNEeiwl49DKJtOAs55fhaR6P3yxJ+ugueHmU+L18\/5PBvd4EaJxS8LNA01bjrtglCQyO5P1eFrNYSBXdrsiVhVyaKJQApURykiEnH6d6MtFMQ14eV4+G4Cucf6sCJbDkFfRqNI3xOQHkUmF3JzwC1FjLYk+Uzb\/GJi8mefgLhdr5Fy9jmngAAAAASUVORK5CYII=' alt=''> <\/p>\n<h3 style='font-size: 20px; margin: 15px 0 10px; color: inherit; opacity: 0.8; text-align: center;'>SOLUCI\u00d3N DE PROBLEMAS DE EXTREMO A EXTREMO<\/h3>\n<p style='color: inherit; opacity: 0.9; text-align: center;'> La vista \u00fanica del panel de control y las estad\u00edsticas enriquecidas aseguran la detecci\u00f3n r\u00e1pida de la causa ra\u00edz y la resoluci\u00f3n de problemas&comma; para simplificar las redes inal\u00e1mbricas dom\u00e9sticas. <\/p>\n<\/p><\/div>\n<\/p><\/div>\n<div style='flex: 1 1 300px; min-width: 280px;'>\n<div style='text-align: center; padding: 20px; border: 1px solid rgba(150&comma;150&comma;150&comma;0.3); border-radius: 8px; height: 100%; display: flex; flex-direction: column;'> <img style='width: 34px; height: auto; margin: 0 auto 15px;' src='data:image\/png;base64&comma;iVBORw0KGgoAAAANSUhEUgAAAEQAAABACAYAAACjgtGkAAAHc0lEQVR4Ae1bW2xURRj+d\/fstTd6BdoCtlLoLbQF2kKpFwQfJBoiGKMRjY8aE42JxgQfNTE+Gh80Gh+IEqMmGqM+qCk+KgUqQqFQaGm37XZ7777ZM3PmzOzO7E42TfM\/2D1z5pzv\/\/+cM3PO\/5+i0Wg0GaQiYFaPjAeGgAGIAIgAiICAkDQkRABEQEBIGhIiACIgICQNCREAEZC29P8B32Jc98612GkAAAAASUVORK5CYII=' alt=''> <\/p>\n<h3 style='font-size: 20px; margin: 15px 0 10px; color: inherit; opacity: 0.8; text-align: center;'>M\u00daLTIPLES SSIDS Y PROVEEDORES DE SERVICIOS SSIDS<\/h3>\n<p style='color: inherit; opacity: 0.9; text-align: center;'> Ofrezca SSID en toda la red&comma; desde el hogar hasta el trabajo y las ubicaciones p\u00fablicas&comma; para permitir el acceso de la comunidad. <\/p>\n<\/p><\/div>\n<\/p><\/div>\n<div style='flex: 1 1 300px; min-width: 280px;'>\n<div style='text-align: center; padding: 20px; border: 1px solid rgba(150&comma;150&comma;150&comma;0.3); border-radius: 8px; height: 100%; display: flex; flex-direction: column;'> <img style='width: 30px; height: auto; margin: 0 auto 15px;' src='data:image\/png;base64&comma;iVBORw0KGgoAAAANSUhEUgAAADoAAABACAYAAABLAmSPAAADp0lEQVRoBe1bS0wTURQ9nZm2FFr8VASCRj6iaNSFGoOfaCKYGBPdady6c2lculP3rnTnHhNNXLFzgVEJiQQxamL4GxC1UkRpKXSmrbmdMp2hw9QyM8yMMy9p+vq+99xz36fvvevL5XI5uCAwLsCYh8iVAypkgdmFDFK8vYlnfEBDLYtIlU8V0rpAp+IZPBlMYSouIJNVrWvLxO3VDA43cbh8pApbQkWD9amN0b6RFfS8TSFrbxI1Fb0jzODOxYjEcAnQ9zM8HvYlpUb27eTQHGUR9KubhFTQ4ghNqT8TWXz4ymMpLTLUUc\/h9oUwSHKF6VLhnsGUJPL14yF0dQSl306IxJNZPHiRQGwxi88\/BPSPp3G6LYCiEQMYiQmIJ8QBea494DiQRES0hsHNszWgyYlC\/0Q6\/60AOhoTxFwA3QecxaQkOIDd21h0NIjGOj2fKQX6OyXaNseIU7W8stPiBJYCLYs0qSoYzRSmWXaVd6ehk8krx0C4FEBl5f67qGuAKpaXcjQ+H14uV8SS\/PoIg1NtAc2+KwJKO6bVxViz1U3OvHGyumyPnulqqejM3iAuHbJ2nV3hc7jbu6glpiKvItOV16wLW2sMM7\/EjYBcJq24tdJqSWZwngfUYIVa3pzHqOUUGCyAx6jBCrW8OdcwuuENgxZFtJgnCwdUWuXK5bVEWQQ4Yw7lTAH6bCiFT9+KxzLlAK2Xf\/9KJH8ovV5+Jeme6VairbVlO1sDaK3TbyzhoHE86JdmLUoAnS3af4JVqpieZJzKTBdVXwceUH36s19tj1H7caJPItcwasryMjCZzl\/b6eMAOL8\/iHDQxlvAgYm0IVvAE81+hIPiZZFepXmmq0eDt7rCeqqbUtc1jHpATbEfCxv1GLVQ+aZ07TFqilotbNRj1ELlm9L1hjf1H2d5UwQyq9ENAX09tgL6OCm4ZoxWxOi1YyEnkaiQtSKg9O7VqcE1putOoH5WPJ\/hMzlHeUaoDadlmfsKPWlVMFobEoHSs90v8\/qv\/dQE2Ky0ybgoPz09p+fHCqDtshuwp0P2fMn5L4p6N81jck58WXawUZxvlUDrOewqPNEeiwl49DKJtOAs55fhaR6P3yxJ+ugueHmU+L18\/5PBvd4EaJxS8LNA01bjrtglCQyO5P1eFrNYSBXdrsiVhVyaKJQApURykiEnH6d6MtFMQ14eV4+G4Cucf6sCJbDkFfRqNI3xOQHkUmF3JzwC1FjLYk+Uzb\/GJi8mefgLhdr5Fy9jmngAAAAASUVORK5CYII=' alt=''> <\/p>\n<h3 style='font-size: 20px; margin: 15px 0 10px; color: inherit; opacity: 0.8; text-align: center;'>GESTI\u00d3N EN cn-MAESTRO O LOCAL<\/h3>\n<p style='color: inherit; opacity: 0.9; text-align: center;'> Gesti\u00f3n integral del ciclo de vida de la red Wi-Fi dom\u00e9stica para el control de inventario&comma; la incorporaci\u00f3n de dispositivos&comma; las operaciones diarias y el mantenimiento. <\/p>\n<\/p><\/div>\n<\/p><\/div>\n<div style='flex: 1 1 300px; min-width: 280px;'>\n<div style='text-align: center; padding: 20px; border: 1px solid rgba(150&comma;150&comma;150&comma;0.3); border-radius: 8px; height: 100%; display: flex; flex-direction: column;'> <img style='width: 34px; height: auto; margin: 0 auto 15px;' src='data:image\/png;base64&comma;iVBORw0KGgoAAAANSUhEUgAAAEIAAABGCAYAAAB4xUL+AAAB9UlEQVR4Ae2bTUrDQBhAv8TU1rbW36oLcWFBwTu4EaRrwTN4A6EXUNx4CxfuXOrGC4ju3SndCSpioVVCG2k7kXzWmCaU2MULlGYmmSTz8uZrZzKxPM\/zhEVsGPQJAMKYAAhA6KCAERiBEZqASTm\/5ibMfGt25KnR6ZWuLDriTCQ8UIJi9de2tFxPpjKWrM3HP\/FIQdzVXTm\/bfWqcbJXkoVCeiHo7KYpD89tqZQdqVWLsVGmd6WxLy3dAoAwvAEBCN30LHqffSA0DZqGbhoYgREYoQlghOZBjDA8Qjtdjy9tObpsKGylnCWn+zMqL5i4vv\/87nQF89Ncj+p0dTuF3esMLtWtLKPYPpBQI3IZSzaW9ebCpOWXi\/xe\/4fxiA83+hHN0rQ9UK9y0RZd00D1Vkq2HO7G79f7hzjYzqc6HnF81eiNR\/jnD\/ve2cxK9\/NzIVgaIoAAhG4cGIERGKEJYITmQYzACIzQBDBC8yBGYARGaAIYoXkQIzACIzQBjNA8iBEYgRGaAEZoHsQIjMAITQAjNA9ihOER+hA4yfyIIOPaxXswOTbrzI+IuBWhRiSZHzGXH5x7EHH+kW9enf37XY2w+RFMQTa3gmAJCN0qMQIjMEITwAjNI\/R\/hN5tuBTvfRpOvPc5nDBjvRc\/n+b2AAIQuqV+AcYabB7I0mrVAAAAAElFTkSuQmCC' alt=''> <\/p>\n<h3 style='font-size: 20px; margin: 15px 0 10px; color: inherit; opacity: 0.8; text-align: center;'>TODO EN UNO<\/h3>\n<p style='color: inherit; opacity: 0.9; text-align: center;'> Router-Punto de Acceso&comma; Repetidor&comma; gestionado desde cloud cnMaestro <\/p>\n<\/p><\/div>\n<\/p><\/div>\n<\/p><\/div>\n<p> <!-- Separador --> <\/p>\n<hr style='border: 0; border-top: 1px solid rgba(150&comma;150&comma;150&comma;0.3); margin: 40px 0;'> <!-- Caracter\u00edsticas principales --> <\/p>\n<div style='margin: 30px 0;'>\n<h3 style='font-size: 20px; border-bottom: 2px solid currentColor; padding-bottom: 5px; margin-top: 0; color: inherit; opacity: 0.8;'>Funciones principales<\/h3>\n<ul style='padding-left: 20px; font-size: 15px; color: inherit;'>\n<li style='margin-bottom: 5px;'><strong>Equipo todo-en-uno<\/strong>\n<ul style='padding-left: 20px; margin-top: 5px; margin-bottom: 5px;'>\n<li style='margin-bottom: 3px;'>Router<\/li>\n<li style='margin-bottom: 3px;'>Punto de acceso<\/li>\n<li style='margin-bottom: 3px;'>Gesti\u00f3n en cloud con cnMaestro<\/li>\n<\/ul>\n<\/li>\n<li style='margin-bottom: 5px;'><strong>Provisi\u00f3n autom\u00e1tica<\/strong><\/li>\n<li style='margin-bottom: 5px;'><strong>Monitorizaci\u00f3n extremo a extremo de la conexi\u00f3n a Internet<\/strong><\/li>\n<li style='margin-bottom: 5px;'><strong>Banda 2&comma;4 GHz 802.11n MIMO 2&#215;2<\/strong><\/li>\n<li style='margin-bottom: 5px;'><strong>Puesta en marcha r\u00e1pida y sencilla<\/strong><\/li>\n<li style='margin-bottom: 5px;'><strong>Configuraci\u00f3n tambi\u00e9n mediante interfaz web<\/strong><\/li>\n<li style='margin-bottom: 5px;'><strong>4 SSIDs por AP<\/strong><\/li>\n<li style='margin-bottom: 5px;'><strong>Aislamiento entre clientes inal\u00e1mbricos<\/strong><\/li>\n<\/ul><\/div>\n<p> <!-- Tabla de especificaciones --> <\/p>\n<div style='margin: 40px 0;'>\n<h3 style='font-size: 20px; border-bottom: 2px solid currentColor; padding-bottom: 5px; margin-top: 0; color: inherit; opacity: 0.8;'>Especificaciones<\/h3>\n<div style='display: flex; flex-wrap: wrap; gap: 20px; margin-top: 20px;'>\n<div style='flex: 1 1 250px; border: 1px solid rgba(150&comma; 150&comma; 150&comma; 0.4); border-radius: 8px; overflow: hidden;'>\n<div style='padding: 15px; border-bottom: 1px solid rgba(150&comma; 150&comma; 150&comma; 0.2); font-weight: bold; font-size: 16px; color: inherit;'>Conectividad<\/div>\n<div style='padding: 15px; color: inherit;'>\n<ul style='padding-left: 20px; margin: 0; font-size: 14px; list-style-type: disc;'>\n<li style='margin-bottom: 5px;'><strong>Wi-Fi:<\/strong> 802.11 b\/g\/n<\/li>\n<li style='margin-bottom: 5px;'><strong>Velocidades de datos soportadas:<\/strong> Velocidades 802.11n 54&comma;48&comma;36&comma;24&comma;18&comma;12&comma;11&comma;9&comma;6&comma;5.5&comma;2&comma;1 Mbps<\/li>\n<li style='margin-bottom: 5px;'><strong>Seguridad Wireless:<\/strong> WEP&comma;WPA-TKIP&comma; WPA-AES&comma; WPA2-TKIP&comma; WPA2-AES<\/li>\n<\/ul><\/div>\n<\/p><\/div>\n<div style='flex: 1 1 250px; border: 1px solid rgba(150&comma; 150&comma; 150&comma; 0.4); border-radius: 8px; overflow: hidden;'>\n<div style='padding: 15px; border-bottom: 1px solid rgba(150&comma; 150&comma; 150&comma; 0.2); font-weight: bold; font-size: 16px; color: inherit;'>Puertos<\/div>\n<div style='padding: 15px; color: inherit;'>\n<ul style='padding-left: 20px; margin: 0; font-size: 14px; list-style-type: disc;'>\n<li style='margin-bottom: 5px;'><strong>Puertos Ethernet:<\/strong>\n<ul style='padding-left: 20px; margin-top: 5px; margin-bottom: 5px;'>\n<li style='margin-bottom: 3px;'>1 RJ-45 for WAN port (Ethernet 100 Base-T)<\/li>\n<li style='margin-bottom: 3px;'>4 RJ-45 for LAN port (Ethernet 100 Base-T)<\/li>\n<\/ul>\n<\/li>\n<\/ul><\/div>\n<\/p><\/div>\n<div style='flex: 1 1 250px; border: 1px solid rgba(150&comma; 150&comma; 150&comma; 0.4); border-radius: 8px; overflow: hidden;'>\n<div style='padding: 15px; border-bottom: 1px solid rgba(150&comma; 150&comma; 150&comma; 0.2); font-weight: bold; font-size: 16px; color: inherit;'>Caracter\u00edsticas f\u00edsicas<\/div>\n<div style='padding: 15px; color: inherit;'>\n<ul style='padding-left: 20px; margin: 0; font-size: 14px; list-style-type: disc;'>\n<li style='margin-bottom: 5px;'><strong>Peso:<\/strong> 750 gr<\/li>\n<li style='margin-bottom: 5px;'><strong>Dimensiones:<\/strong> 18cm x 11cm x 3cm<\/li>\n<li style='margin-bottom: 5px;'><strong>Garant\u00eda:<\/strong> 1 a\u00f1o<\/li>\n<li style='margin-bottom: 5px;'><strong>Modo de alimentaci\u00f3n:<\/strong>\n<ul style='padding-left: 20px; margin-top: 5px; margin-bottom: 5px;'>\n<li style='margin-bottom: 3px;'>AC Input: 100~240V&comma; 50~60Hz (Incluido)<\/li>\n<li style='margin-bottom: 3px;'>DC Output: 12V&comma; 1.0A<\/li>\n<\/ul>\n<\/li>\n<\/ul><\/div>\n<\/p><\/div>\n<div style='flex: 1 1 250px; border: 1px solid rgba(150&comma; 150&comma; 150&comma; 0.4); border-radius: 8px; overflow: hidden;'>\n<div style='padding: 15px; border-bottom: 1px solid rgba(150&comma; 150&comma; 150&comma; 0.2); font-weight: bold; font-size: 16px; color: inherit;'>Caracter\u00edsticas inal\u00e1mbricas<\/div>\n<div style='padding: 15px; color: inherit;'>\n<ul style='padding-left: 20px; margin: 0; font-size: 14px; list-style-type: disc;'>\n<li style='margin-bottom: 5px;'><strong>4 SSID<\/strong><\/li>\n<li style='margin-bottom: 5px;'><strong>Static WEP(64\/128bit)<\/strong><\/li>\n<li style='margin-bottom: 5px;'><strong>Dynamic WEP(64\/128bit)<\/strong><\/li>\n<li style='margin-bottom: 5px;'><strong>AES\/TKIP<\/strong><\/li>\n<li style='margin-bottom: 5px;'><strong>MAC certification<\/strong><\/li>\n<li style='margin-bottom: 5px;'><strong>WEP certification<\/strong><\/li>\n<li style='margin-bottom: 5px;'><strong>WPA\/WPA2<\/strong><\/li>\n<li style='margin-bottom: 5px;'><strong>AP Isolation and MBSSID AP Isolation<\/strong><\/li>\n<li style='margin-bottom: 5px;'><strong>WMM<\/strong><\/li>\n<li style='margin-bottom: 5px;'><strong>WDS<\/strong><\/li>\n<li style='margin-bottom: 5px;'><strong>WPS<\/strong><\/li>\n<li style='margin-bottom: 5px;'><strong>MAC Filter(different from wired MAC Filter)<\/strong><\/li>\n<\/ul><\/div>\n<\/p><\/div>\n<\/p><\/div>\n<\/p><\/div>\n<p> <!-- cnMaestro --> <\/p>\n<div style='margin: 40px 0;'>\n<div style='display: flex; flex-wrap: wrap; gap: 30px; align-items: center;'>\n<div style='flex: 1 1 300px; min-width: 280px;'>\n<h3 style='font-size: 22px; margin: 0 0 15px; color: inherit; opacity: 0.8;'>cnMaestro \u2122<\/h3>\n<h4 style='font-size: 20px; margin: 0 0 15px; color: inherit; opacity: 0.8;'>Control de la red de extremo a extremo con el aprovisionamiento cero y configuraci\u00f3n del dispositivo<\/h4>\n<p style='font-size: 15px; color: inherit; opacity: 0.9;'> cnMaestro \u2122 es una plataforma de software local o basada en la nube para el control seguro y completo de la red. El administrador de red inal\u00e1mbrica de cnMaestro simplifica la administraci\u00f3n de dispositivos al ofrecer una visibilidad completa de la red y un aprovisionamiento sin contacto. Vea y realice un conjunto completo de funciones de administraci\u00f3n de redes inal\u00e1mbricas en tiempo real. Optimice la disponibilidad del sistema&comma; maximice el rendimiento y satisfaga las necesidades emergentes de los clientes comerciales y residenciales&comma; SIN COSTO ALGUNO <\/p>\n<div style='margin-top: 20px; text-align: center;'> <a style='display: inline-block; margin: 10px 5px; padding: 10px 20px; background-color: #51a4f5; color: #ffffff; text-decoration: none; border-radius: 50px; font-weight: 400;' href='https:\/\/cloud.cambiumnetworks.com\/app\/createaccount.html' rel='noopener'>Obtener una cuenta en la nube<\/a> <a style='display: inline-block; margin: 10px 5px; padding: 10px 20px; background-color: #51a4f5; color: #ffffff; text-decoration: none; border-radius: 50px; font-weight: 400;' href='https:\/\/support.cambiumnetworks.com\/files\/cnmaestro\/' rel='noopener'>Descarga<\/a> <\/div>\n<\/p><\/div>\n<div style='flex: 1 1 300px; min-width: 280px;'> <img style='width: 100%; height: auto; border: 1px solid rgba(150&comma;150&comma;150&comma;0.3); border-radius: 8px;' src='https:\/\/3fdumf3rqw5xx4mjgywguwz9-wpengine.netdna-ssl.com\/wp-content\/uploads\/2015\/08\/cnMaestro-screen_569x431.png' alt='Aprovisionamiento de cero toque&comma; cnMaestro&comma; configuraci\u00f3n de dispositivos'> <\/div>\n<\/p><\/div>\n<\/p><\/div>\n<\/p><\/div>\n","protected":false},"excerpt":{"rendered":"<p>Router inal\u00e1mbrico 802.11n 2.4 GHz &#8211; PL-R190WUSA- WW<\/p>\n","protected":false},"featured_media":72792,"comment_status":"open","ping_status":"closed","template":"","meta":[],"product_brand":[],"product_cat":[1794],"product_tag":[1316,1795,1479],"class_list":{"0":"post-72793","1":"product","2":"type-product","3":"status-publish","4":"has-post-thumbnail","6":"product_cat-puntos-de-acceso","7":"product_tag-cambium-networks","8":"product_tag-puntos-de-acceso","9":"product_tag-redes-wifi","11":"first","12":"outofstock","13":"sale","14":"shipping-taxable","15":"purchasable","16":"product-type-simple"},"_links":{"self":[{"href":"https:\/\/soydeaqui.ddns.net\/pachuca\/index.php\/wp-json\/wp\/v2\/product\/72793","targetHints":{"allow":["GET"]}}],"collection":[{"href":"https:\/\/soydeaqui.ddns.net\/pachuca\/index.php\/wp-json\/wp\/v2\/product"}],"about":[{"href":"https:\/\/soydeaqui.ddns.net\/pachuca\/index.php\/wp-json\/wp\/v2\/types\/product"}],"replies":[{"embeddable":true,"href":"https:\/\/soydeaqui.ddns.net\/pachuca\/index.php\/wp-json\/wp\/v2\/comments?post=72793"}],"wp:featuredmedia":[{"embeddable":true,"href":"https:\/\/soydeaqui.ddns.net\/pachuca\/index.php\/wp-json\/wp\/v2\/media\/72792"}],"wp:attachment":[{"href":"https:\/\/soydeaqui.ddns.net\/pachuca\/index.php\/wp-json\/wp\/v2\/media?parent=72793"}],"wp:term":[{"taxonomy":"product_brand","embeddable":true,"href":"https:\/\/soydeaqui.ddns.net\/pachuca\/index.php\/wp-json\/wp\/v2\/product_brand?post=72793"},{"taxonomy":"product_cat","embeddable":true,"href":"https:\/\/soydeaqui.ddns.net\/pachuca\/index.php\/wp-json\/wp\/v2\/product_cat?post=72793"},{"taxonomy":"product_tag","embeddable":true,"href":"https:\/\/soydeaqui.ddns.net\/pachuca\/index.php\/wp-json\/wp\/v2\/product_tag?post=72793"}],"curies":[{"name":"wp","href":"https:\/\/api.w.org\/{rel}","templated":true}]}}