{"id":72760,"date":"2026-03-19T12:56:23","date_gmt":"2026-03-19T12:56:23","guid":{"rendered":"https:\/\/soydeaqui.ddns.net\/pachuca\/index.php\/producto\/router-firewall-utm-sd-wan-controlador-wireless-awc-300000-sesiones-concurrentes-450-mbps\/"},"modified":"2026-03-19T12:56:31","modified_gmt":"2026-03-19T12:56:31","slug":"router-firewall-utm-sd-wan-controlador-wireless-awc-300000-sesiones-concurrentes-450-mbps","status":"publish","type":"product","link":"https:\/\/soydeaqui.ddns.net\/pachuca\/index.php\/producto\/router-firewall-utm-sd-wan-controlador-wireless-awc-300000-sesiones-concurrentes-450-mbps\/","title":{"rendered":"Router Firewall UTM, SD-WAN &#038; Controlador Wireless (AWC), 300000 Sesiones concurrentes 450 Mbps"},"content":{"rendered":"<div style='width: 100%; max-width: 1200px; margin: 0 auto; font-family: sans-serif; line-height: 1.6; color: inherit; background-color: transparent;'>\n<hr style='border: 0; border-top: 1px solid rgba(150&comma; 150&comma; 150&comma; 0.3); margin: 30px 0;'> <!-- Secci\u00f3n de caracter\u00edsticas --> <\/p>\n<div style='display: flex; flex-wrap: wrap; gap: 30px; margin-bottom: 30px;'>\n<div style='flex: 1 1 300px; min-width: 280px;'>\n<h3 style='font-size: 22px; border-bottom: 2px solid currentColor; padding-bottom: 5px; margin-top: 0; color: inherit; opacity: 0.8;'>Puertos<\/h3>\n<ul style='padding-left: 20px; font-size: 15px; color: inherit;'>\n<li style='margin-bottom: 5px;'>2 puertos WAN SFP Gigabit<\/li>\n<li style='margin-bottom: 5px;'>2 puertos 10\/100\/1000 Mbps RJ45 Combo<\/li>\n<li style='margin-bottom: 5px;'>8 puertos LAN 10\/100\/1000 Mbps<\/li>\n<\/ul><\/div>\n<div style='flex: 1 1 300px; min-width: 280px;'>\n<h3 style='font-size: 22px; border-bottom: 2px solid currentColor; padding-bottom: 5px; margin-top: 0; color: inherit; opacity: 0.8;'>Sistema Operativo<\/h3>\n<ul style='padding-left: 20px; font-size: 15px; color: inherit;'>\n<li style='margin-bottom: 5px;'>AlliedWare Plus\u2122<\/li>\n<\/ul><\/div>\n<div style='flex: 1 1 300px; min-width: 280px;'>\n<h3 style='font-size: 22px; border-bottom: 2px solid currentColor; padding-bottom: 5px; margin-top: 0; color: inherit; opacity: 0.8;'>Administraci\u00f3n<\/h3>\n<ul style='padding-left: 20px; font-size: 15px; color: inherit;'>\n<li style='margin-bottom: 5px;'>Interfaz de l\u00ednea de comandos (CLI)<\/li>\n<li style='margin-bottom: 5px;'>Interfaz gr\u00e1fica de usuario (GUI)<\/li>\n<li style='margin-bottom: 5px;'>SSH<\/li>\n<li style='margin-bottom: 5px;'>Monitoreo SNMP v2 &#038; v3<\/li>\n<\/ul><\/div>\n<div style='flex: 1 1 300px; min-width: 280px;'>\n<h3 style='font-size: 22px; border-bottom: 2px solid currentColor; padding-bottom: 5px; margin-top: 0; color: inherit; opacity: 0.8;'>Procesador y Memoria<\/h3>\n<ul style='padding-left: 20px; font-size: 15px; color: inherit;'>\n<li style='margin-bottom: 5px;'>1.5GHz quad-core<\/li>\n<li style='margin-bottom: 5px;'>2GB RAM<\/li>\n<li style='margin-bottom: 5px;'>4GB Flash<\/li>\n<\/ul><\/div>\n<\/p><\/div>\n<p> <!-- Secci\u00f3n de caracter\u00edsticas NGFW --> <\/p>\n<div style='margin-bottom: 30px;'>\n<h3 style='font-size: 22px; border-bottom: 2px solid currentColor; padding-bottom: 5px; margin-top: 0; color: inherit; opacity: 0.8;'>Caracter\u00edsticas NGFW<\/h3>\n<ul style='padding-left: 20px; font-size: 15px; color: inherit;'>\n<li style='margin-bottom: 5px;'>Deep Packet Inspection (DPI) Firewall<\/li>\n<li style='margin-bottom: 5px;'>Application and web control<\/li>\n<li style='margin-bottom: 5px;'>URL filtering<\/li>\n<li style='margin-bottom: 5px;'>IP reputation<\/li>\n<li style='margin-bottom: 5px;'>Malware protection<\/li>\n<li style='margin-bottom: 5px;'>Antivirus<\/li>\n<li style='margin-bottom: 5px;'>Site-to-site VPN (IPSec) 1000<\/li>\n<li style='margin-bottom: 5px;'>Client-to-site VPN (OpenVPN) 1000<\/li>\n<\/ul>\n<p style='font-size: 14px; color: inherit; margin-top: 15px;'>* Nota: Para la parte de NGFW requiere licenciamiento<\/p>\n<\/p><\/div>\n<p> <!-- Secci\u00f3n de licencias --> <\/p>\n<div style='margin-bottom: 30px;'> <img style='width: 100%; height: auto; border: 1px solid rgba(150&comma;150&comma;150&comma;0.3); border-radius: 8px;' src='https:\/\/ftp3.syscom.mx\/usuarios\/fotos\/ATAR4050S10\/96562-licence_ar4.png' alt=''> <\/p>\n<p style='font-size: 14px; color: inherit; margin-top: 15px;'>Las licencias AT-AR4-UTM-01 y AT-AR4-UTM-02 no se pueden usar al mismo tiempo en el mismo equipo.<\/p>\n<\/p><\/div>\n<p> <!-- Secci\u00f3n de controlador Wireless --> <\/p>\n<div style='margin-bottom: 30px;'>\n<h3 style='font-size: 22px; border-bottom: 2px solid currentColor; padding-bottom: 5px; margin-top: 0; color: inherit; opacity: 0.8;'>Controlador Wireless AWC<\/h3>\n<p style='font-size: 14px; color: inherit;'>Soluci\u00f3n altamente rentable para el control wireless SMB.<\/p>\n<p style='font-size: 14px; color: inherit;'>Administra hasta 5 access points (AP&#8217;s) de manera gratuita&comma; con un adicional de 20 disponible a trav\u00e9s de una licencia de software por separado.<\/p>\n<p style='font-size: 14px; color: inherit;'><a style='color: inherit; text-decoration: none; font-weight: 600;' href='https:\/\/www.syscom.mx\/principal\/searchcont?route=AT-RT-AWC5-1YR-ALLIED-TELESIS-199789&#038;autodetect=AT-RT-AWC5' target='_blank'>AT-RT-AWC5-1YR<\/a><\/p>\n<p style='font-size: 14px; color: inherit;'>Las redes inal\u00e1mbricas pueden tener SSID&comma; VLAN y Seguridad por separado.<\/p>\n<\/p><\/div>\n<p> <!-- Secci\u00f3n de caracter\u00edsticas f\u00edsicas y el\u00e9ctricas --> <\/p>\n<div style='margin-bottom: 30px;'>\n<h3 style='font-size: 22px; border-bottom: 2px solid currentColor; padding-bottom: 5px; margin-top: 0; color: inherit; opacity: 0.8;'>Caracter\u00edsticas F\u00edsicas y El\u00e9ctricas<\/h3>\n<ul style='padding-left: 20px; font-size: 15px; color: inherit;'>\n<li style='margin-bottom: 5px;'>Alimentaci\u00f3n: 90-260 VAC&comma; 47-63Hz<\/li>\n<li style='margin-bottom: 5px;'>Dimensiones: 1 U Rack&comma; 42.5 x 210 x 220 mm<\/li>\n<li style='margin-bottom: 5px;'>Peso: 1.7 kg<\/li>\n<li style='margin-bottom: 5px;'>Temperatura de Operaci\u00f3n: 0 a 45\u00b0 C<\/li>\n<\/ul><\/div>\n<p> <!-- Secci\u00f3n de garant\u00eda --> <\/p>\n<div style='margin-bottom: 30px;'>\n<h3 style='font-size: 22px; border-bottom: 2px solid currentColor; padding-bottom: 5px; margin-top: 0; color: inherit; opacity: 0.8;'>Garant\u00eda<\/h3>\n<ul style='padding-left: 20px; font-size: 15px; color: inherit;'>\n<li style='margin-bottom: 5px;'>1 a\u00f1o<\/li>\n<li style='margin-bottom: 5px;'><a style='color: inherit; text-decoration: none; font-weight: 600;' href='http:\/\/www.alliedtelesis.com\/support\/maintenance-and-warranty\/register' target='_blank'>http:\/\/www.alliedtelesis.com\/support\/maintenance-and-warranty\/register<\/a><\/li>\n<\/ul><\/div>\n<p> <!-- Secci\u00f3n de soluciones --> <\/p>\n<div style='margin-bottom: 30px;'>\n<hr style='border: 0; border-top: 1px solid rgba(150&comma; 150&comma; 150&comma; 0.3); margin: 30px 0;'>\n<h3 style='font-size: 20px; text-align: center; color: inherit; margin-bottom: 15px;'>Ejemplo de una soluci\u00f3n clave<\/h3>\n<p style='text-align: center; font-size: 14px; color: inherit;'>Protecci\u00f3n integrada y acceso remoto seguro. Esta soluci\u00f3n muestra un Firewall que proporciona una conectividad VPN IPSec de sitio a sitio entre oficinas corporativas y al mismo tiempo acceso seguro a los trabajadores remotos.<\/p>\n<p style='text-align: center; margin-top: 20px;'> <img style='width: 100%; max-width: 722px; height: auto; border: 1px solid rgba(150&comma;150&comma;150&comma;0.3); border-radius: 8px;' src='https:\/\/www.alliedtelesis.com\/sites\/default\/files\/images\/other\/paragraph-images\/utm-solution_ipsec.png' alt='UTM solution'> <\/p>\n<\/p><\/div>\n<p> <!-- Secci\u00f3n de soluci\u00f3n Wireless --> <\/p>\n<div style='margin-bottom: 30px;'>\n<hr style='border: 0; border-top: 1px solid rgba(150&comma; 150&comma; 150&comma; 0.3); margin: 30px 0;'>\n<h3 style='font-size: 20px; text-align: center; color: inherit; margin-bottom: 15px;'>Ejemplo de una soluci\u00f3n Wireless<\/h3>\n<p style='text-align: center; font-size: 14px; color: inherit;'>Allied Telesis AWC ofrece soluciones para los problemas m\u00e1s comunes de las redes inal\u00e1mbricas&comma; la cual la complejidad de la configuraci\u00f3n inicial degrada el rendimiento.<\/p>\n<p style='text-align: center; margin-top: 20px;'> <img style='width: 100%; max-width: 548px; height: auto; border: 1px solid rgba(150&comma;150&comma;150&comma;0.3); border-radius: 8px;' src='https:\/\/www.alliedtelesis.com\/sites\/default\/files\/images\/other\/paragraph-images\/utm_awc_diagram.png' alt=''> <\/p>\n<\/p><\/div>\n<p> <!-- Imagen final --> <\/p>\n<div style='margin-bottom: 30px;'>\n<hr style='border: 0; border-top: 1px solid rgba(150&comma; 150&comma; 150&comma; 0.3); margin: 30px 0;'>\n<p style='text-align: center; margin-top: 20px;'> <img style='width: 100%; max-width: 1200px; height: auto; border: 1px solid rgba(150&comma;150&comma;150&comma;0.3); border-radius: 8px;' src='https:\/\/www.alliedtelesis.com\/sites\/default\/files\/images\/other\/paragraph-images\/ar4050s-named.png' alt='AR4050S named'> <\/p>\n<hr style='border: 0; border-top: 1px solid rgba(150&comma; 150&comma; 150&comma; 0.3); margin: 30px 0;'> <\/div>\n<\/p><\/div>\n","protected":false},"excerpt":{"rendered":"<p>Router Firewall UTM, SD-WAN &#038; Controlador Wireless (AWC), 300000 Sesiones concurrentes 450 Mbps<\/p>\n","protected":false},"featured_media":72759,"comment_status":"open","ping_status":"closed","template":"","meta":[],"product_brand":[],"product_cat":[2036,2035,2034],"product_tag":[1995,2039,2038,664,2037],"class_list":{"0":"post-72760","1":"product","2":"type-product","3":"status-publish","4":"has-post-thumbnail","6":"product_cat-balanceadores","7":"product_cat-firewalls","8":"product_cat-routers","9":"product_tag-allied-telesis","10":"product_tag-balanceadores","11":"product_tag-firewalls","12":"product_tag-networking","13":"product_tag-routers","15":"first","16":"instock","17":"sale","18":"shipping-taxable","19":"purchasable","20":"product-type-simple"},"_links":{"self":[{"href":"https:\/\/soydeaqui.ddns.net\/pachuca\/index.php\/wp-json\/wp\/v2\/product\/72760","targetHints":{"allow":["GET"]}}],"collection":[{"href":"https:\/\/soydeaqui.ddns.net\/pachuca\/index.php\/wp-json\/wp\/v2\/product"}],"about":[{"href":"https:\/\/soydeaqui.ddns.net\/pachuca\/index.php\/wp-json\/wp\/v2\/types\/product"}],"replies":[{"embeddable":true,"href":"https:\/\/soydeaqui.ddns.net\/pachuca\/index.php\/wp-json\/wp\/v2\/comments?post=72760"}],"wp:featuredmedia":[{"embeddable":true,"href":"https:\/\/soydeaqui.ddns.net\/pachuca\/index.php\/wp-json\/wp\/v2\/media\/72759"}],"wp:attachment":[{"href":"https:\/\/soydeaqui.ddns.net\/pachuca\/index.php\/wp-json\/wp\/v2\/media?parent=72760"}],"wp:term":[{"taxonomy":"product_brand","embeddable":true,"href":"https:\/\/soydeaqui.ddns.net\/pachuca\/index.php\/wp-json\/wp\/v2\/product_brand?post=72760"},{"taxonomy":"product_cat","embeddable":true,"href":"https:\/\/soydeaqui.ddns.net\/pachuca\/index.php\/wp-json\/wp\/v2\/product_cat?post=72760"},{"taxonomy":"product_tag","embeddable":true,"href":"https:\/\/soydeaqui.ddns.net\/pachuca\/index.php\/wp-json\/wp\/v2\/product_tag?post=72760"}],"curies":[{"name":"wp","href":"https:\/\/api.w.org\/{rel}","templated":true}]}}