{"id":72754,"date":"2026-03-19T12:56:09","date_gmt":"2026-03-19T12:56:09","guid":{"rendered":"https:\/\/soydeaqui.ddns.net\/pachuca\/index.php\/producto\/router-inalambrico-wisp-2-4-ghz-300-mbps-2-antenas-externas-omnidireccional-5-dbi-4-puertos-lan-10-100-mbps-1-puerto-wan-10-100-mbps-control-de-ancho-de-banda\/"},"modified":"2026-03-19T12:56:19","modified_gmt":"2026-03-19T12:56:19","slug":"router-inalambrico-wisp-2-4-ghz-300-mbps-2-antenas-externas-omnidireccional-5-dbi-4-puertos-lan-10-100-mbps-1-puerto-wan-10-100-mbps-control-de-ancho-de-banda","status":"publish","type":"product","link":"https:\/\/soydeaqui.ddns.net\/pachuca\/index.php\/producto\/router-inalambrico-wisp-2-4-ghz-300-mbps-2-antenas-externas-omnidireccional-5-dbi-4-puertos-lan-10-100-mbps-1-puerto-wan-10-100-mbps-control-de-ancho-de-banda\/","title":{"rendered":"Router Inal\u00e1mbrico WISP, 2.4 GHz, 300 Mbps, 2 antenas externas omnidireccional 5 dBi, 4 Puertos LAN 10\/100 Mbps, 1 Puerto WAN 10\/100 Mbps, control de ancho de banda"},"content":{"rendered":"<div style='width: 100%; max-width: 1200px; margin: 0 auto; font-family: sans-serif; line-height: 1.6; color: inherit; background-color: transparent;'> <!-- Imagen principal --> <\/p>\n<div style='margin-bottom: 30px;'> <img style='width: 100%; height: auto; border: 1px solid rgba(150&comma;150&comma;150&comma;0.3); border-radius: 8px;' src='https:\/\/ftp3.syscom.mx\/usuarios\/fotos\/TLWR840N\/96518-tp-link.png' alt='Router Inal\u00e1mbrico TP-LINK TLWR840N'> <\/div>\n<p> <!-- Descripci\u00f3n principal --> <\/p>\n<div style='margin-bottom: 30px; font-size: 15px;'>\n<p>El 300Mbps Wireless N Router TL-WR840N es un dispositivo combinado con cable \/ inal\u00e1mbrico de conexi\u00f3n de red dise\u00f1ado espec\u00edficamente para las necesidades de peque\u00f1as empresas y oficinas dom\u00e9sticas de redes. El TL-WR840N crea un rendimiento inal\u00e1mbrico excepcional y avanzado&comma; lo que lo hace ideal para el streaming de video de alta definici\u00f3n&comma; VoIP y juegos en l\u00ednea. Adem\u00e1s&comma; Wi-Fi Protected Setup (WPS) en el exterior elegante y de modo&comma; asegura al WPA2 la prevenci\u00f3n de la red de intrusiones externas ideal para un escenario WISP.<\/p>\n<\/p><\/div>\n<p> <!-- Secci\u00f3n de contenido con grid --> <\/p>\n<div style='display: grid; grid-template-columns: repeat(auto-fit&comma; minmax(280px&comma; 1fr)); gap: 30px; margin-bottom: 30px;'>\n<div>\n<h3 style='font-size: 22px; border-bottom: 2px solid currentColor; padding-bottom: 5px; margin-top: 0; color: inherit; opacity: 0.8;'>Caracter\u00edsticas principales<\/h3>\n<ul style='padding-left: 20px; font-size: 15px; color: inherit;'>\n<li style='margin-bottom: 5px;'>Est\u00e1ndar WiFi 802.11 b\/g\/n<\/li>\n<li style='margin-bottom: 5px;'>Modos de operaci\u00f3n: Punto de Acceso&comma; Enrutador&comma; Repetidor y WISP<\/li>\n<li style='margin-bottom: 5px;'>Banda de operaci\u00f3n 2.4 GHz<\/li>\n<li style='margin-bottom: 5px;'>Transmisi\u00f3n inal\u00e1mbrica hasta 300 Mbps<\/li>\n<li style='margin-bottom: 5px;'>Hasta 4 SSID<\/li>\n<li style='margin-bottom: 5px;'>1 Puerto WAN<\/li>\n<li style='margin-bottom: 5px;'>4 puertos LAN<\/li>\n<li style='margin-bottom: 5px;'>2 antenas omnidireccionales<\/li>\n<li style='margin-bottom: 5px;'>Alimentaci\u00f3n: 9 Vcc \/ 0.6 A (fuente incluida)<\/li>\n<li style='margin-bottom: 5px;'>Dimensiones: 7.2 * 5.0 * 1.4 in (182*128*35mm)<\/li>\n<\/ul><\/div>\n<div>\n<h3 style='font-size: 22px; border-bottom: 2px solid currentColor; padding-bottom: 5px; margin-top: 0; color: inherit; opacity: 0.8;'>Beneficios<\/h3>\n<ul style='padding-left: 20px; font-size: 15px; color: inherit;'>\n<li style='margin-bottom: 5px;'>Calidad en el servicio<\/li>\n<li style='margin-bottom: 5px;'>Control de ancho de banda<\/li>\n<li style='margin-bottom: 5px;'>VPN Cliente: PPTP&comma; L2TP&comma; IPSec (ESP Head)<\/li>\n<li style='margin-bottom: 5px;'>Protecci\u00f3n DoS<\/li>\n<li style='margin-bottom: 5px;'>Firewall IP Address\/MAC Address<\/li>\n<li style='margin-bottom: 5px;'>Filtrado de contenido (URL\u00b4s)<\/li>\n<li style='margin-bottom: 5px;'>Port forwarding: Servidor virtual&comma; Port Triggering&comma; UPnP y DMZ<\/li>\n<\/ul><\/div>\n<div>\n<h3 style='font-size: 22px; border-bottom: 2px solid currentColor; padding-bottom: 5px; margin-top: 0; color: inherit; opacity: 0.8;'>Aplicaciones<\/h3>\n<ul style='padding-left: 20px; font-size: 15px; color: inherit;'>\n<li style='margin-bottom: 5px;'>WISP<\/li>\n<li style='margin-bottom: 5px;'>Casas<\/li>\n<li style='margin-bottom: 5px;'>Peque\u00f1os negocios<\/li>\n<li style='margin-bottom: 5px;'>Tiendas peque\u00f1as<\/li>\n<\/ul><\/div>\n<\/p><\/div>\n<p> <!-- Separador --> <\/p>\n<hr style='border: 0; border-top: 1px solid rgba(150&comma; 150&comma; 150&comma; 0.3); margin: 30px 0;'> <!-- Segunda imagen --> <\/p>\n<div style='margin-bottom: 30px;'> <img style='width: 100%; height: auto; border: 1px solid rgba(150&comma;150&comma;150&comma;0.3); border-radius: 8px;' src='https:\/\/ftp3.syscom.mx\/usuarios\/esanchez\/TPLINK\/ARCHERC20W\/image012.png' alt='Router Inal\u00e1mbrico TP-LINK TLWR840N - Detalle'> <\/div>\n<\/p><\/div>\n","protected":false},"excerpt":{"rendered":"<p>Router Inal\u00e1mbrico WISP, 2.4 GHz, 300 Mbps, 2 antenas externas omnidireccional 5 dBi, 4 Puertos LAN 10\/100 Mbps, 1 Puerto WAN 10\/100 Mbps, control de ancho de banda<\/p>\n","protected":false},"featured_media":72753,"comment_status":"open","ping_status":"closed","template":"","meta":[],"product_brand":[],"product_cat":[2036,2035,2034],"product_tag":[2039,2038,664,2037,71],"class_list":{"0":"post-72754","1":"product","2":"type-product","3":"status-publish","4":"has-post-thumbnail","6":"product_cat-balanceadores","7":"product_cat-firewalls","8":"product_cat-routers","9":"product_tag-balanceadores","10":"product_tag-firewalls","11":"product_tag-networking","12":"product_tag-routers","13":"product_tag-tp-link","15":"first","16":"instock","17":"sale","18":"shipping-taxable","19":"purchasable","20":"product-type-simple"},"_links":{"self":[{"href":"https:\/\/soydeaqui.ddns.net\/pachuca\/index.php\/wp-json\/wp\/v2\/product\/72754","targetHints":{"allow":["GET"]}}],"collection":[{"href":"https:\/\/soydeaqui.ddns.net\/pachuca\/index.php\/wp-json\/wp\/v2\/product"}],"about":[{"href":"https:\/\/soydeaqui.ddns.net\/pachuca\/index.php\/wp-json\/wp\/v2\/types\/product"}],"replies":[{"embeddable":true,"href":"https:\/\/soydeaqui.ddns.net\/pachuca\/index.php\/wp-json\/wp\/v2\/comments?post=72754"}],"wp:featuredmedia":[{"embeddable":true,"href":"https:\/\/soydeaqui.ddns.net\/pachuca\/index.php\/wp-json\/wp\/v2\/media\/72753"}],"wp:attachment":[{"href":"https:\/\/soydeaqui.ddns.net\/pachuca\/index.php\/wp-json\/wp\/v2\/media?parent=72754"}],"wp:term":[{"taxonomy":"product_brand","embeddable":true,"href":"https:\/\/soydeaqui.ddns.net\/pachuca\/index.php\/wp-json\/wp\/v2\/product_brand?post=72754"},{"taxonomy":"product_cat","embeddable":true,"href":"https:\/\/soydeaqui.ddns.net\/pachuca\/index.php\/wp-json\/wp\/v2\/product_cat?post=72754"},{"taxonomy":"product_tag","embeddable":true,"href":"https:\/\/soydeaqui.ddns.net\/pachuca\/index.php\/wp-json\/wp\/v2\/product_tag?post=72754"}],"curies":[{"name":"wp","href":"https:\/\/api.w.org\/{rel}","templated":true}]}}