{"id":72731,"date":"2026-03-19T12:55:15","date_gmt":"2026-03-19T12:55:15","guid":{"rendered":"https:\/\/soydeaqui.ddns.net\/pachuca\/index.php\/producto\/powerbox-pro-router-para-exterior-5-puertos-gigabit-poe-pasivo-o-802-3af-at\/"},"modified":"2026-03-19T12:55:23","modified_gmt":"2026-03-19T12:55:23","slug":"powerbox-pro-router-para-exterior-5-puertos-gigabit-poe-pasivo-o-802-3af-at","status":"publish","type":"product","link":"https:\/\/soydeaqui.ddns.net\/pachuca\/index.php\/producto\/powerbox-pro-router-para-exterior-5-puertos-gigabit-poe-pasivo-o-802-3af-at\/","title":{"rendered":"(PowerBox Pro) Router para exterior 5 puertos Gigabit, PoE Pasivo o 802.3af\/at"},"content":{"rendered":"<div style='width: 100%; max-width: 1200px; margin: 0 auto; font-family: sans-serif; line-height: 1.6; color: inherit; background-color: transparent;'>\n<h2 style='font-size: 24px; margin: 0 0 15px; padding: 0; color: inherit; font-weight: bold; border-bottom: 2px solid rgba(150&comma;150&comma;150&comma;0.3); padding-bottom: 5px; opacity: 0.8;'>PowerBox Pro<\/h2>\n<p style='font-size: 14px; color: inherit; opacity: 0.8; margin: 0 0 15px;'>El PowerBox Pro es un router de cinco puertos Gigabit Ethernet de salida&comma; para exterior con PoE en cuatro puertos. Dado que el dispositivo tiene una carcasa impermeable al aire libre&comma; se puede montar en una torre&comma; o en otros lugares al aire libre.<\/p>\n<p style='font-size: 14px; color: inherit; opacity: 0.8; margin: 0 0 15px;'>Tambi\u00e9n es compatible con PoE estandarizado 802.3at\/af y PoE pasivo de entrada\/salida. Los puertos Ethernet 2-5 pueden alimentar otros dispositivos capaces PoE con la misma tensi\u00f3n que se aplica a la unidad. Menos adaptadores de corriente y cables de qu\u00e9 preocuparse! Se puede alimentar dispositivos compatibles 802.3af\/at en modo B&comma; si se utiliza un voltaje de entrada de 48-57 Vcc.<\/p>\n<p style='font-size: 14px; color: inherit; opacity: 0.8; margin: 0 0 15px;'>El dispositivo tiene un puerto SFP para la adici\u00f3n de conectividad de fibra \u00f3ptica. Es asequible&comma; peque\u00f1o y f\u00e1cil de usar&comma; pero al mismo tiempo&comma; viene con un muy potente CPU de 800 MHz&comma; capaz de todas las configuraciones avanzadas que RouterOS apoya.<\/p>\n<p style='font-size: 14px; color: inherit; opacity: 0.8; margin: 0 0 15px;'>Nota Importante: Al usar la fuente de 48~56 V&comma; \u00fanicamente alimentar\u00e1 equipos 802.3af\/at<\/p>\n<p> <a style='display: block; margin: 30px 0;' href='http:\/\/soporte.syscom.mx\/networking#mikrotik'> <img style='width: 100%; max-width: 960px; height: auto; border: 1px solid rgba(150&comma;150&comma;150&comma;0.3); border-radius: 8px;' src='https:\/\/ftp3.syscom.mx\/usuarios\/raragon\/Imagenes_Generales\/Manuales_de_configuracion.jpg' alt='Manuales de configuraci\u00f3n'> <\/a> <\/p>\n<div style='display: flex; flex-wrap: wrap; gap: 30px; margin: 30px 0;'>\n<div style='flex: 1 1 300px; min-width: 280px;'>\n<h3 style='font-size: 20px; border-bottom: 2px solid currentColor; padding-bottom: 5px; margin-top: 0; color: inherit; opacity: 0.8;'>Caracter\u00edsticas Generales<\/h3>\n<ul style='padding-left: 20px; font-size: 15px; color: inherit;'>\n<li style='margin-bottom: 5px;'><strong>C\u00f3digo de Producto:<\/strong> RB960PGS-PB<\/li>\n<li style='margin-bottom: 5px;'><strong>Arquitectura:<\/strong> MIPS-BE<\/li>\n<li style='margin-bottom: 5px;'><strong>CPU:<\/strong> QCA9557<\/li>\n<li style='margin-bottom: 5px;'><strong>N\u00facleos del CPU:<\/strong> 1<\/li>\n<li style='margin-bottom: 5px;'><strong>Frecuencia del CPU:<\/strong> 800 MHz<\/li>\n<li style='margin-bottom: 5px;'><strong>Dimensiones:<\/strong> 125 x 52 x 225 mm<\/li>\n<li style='margin-bottom: 5px;'><strong>Nivel de Licencia:<\/strong> 4<\/li>\n<li style='margin-bottom: 5px;'><strong>Sistema Operativo:<\/strong> RouterOS<\/li>\n<li style='margin-bottom: 5px;'><strong>Memoria RAM:<\/strong> 128 MB<\/li>\n<li style='margin-bottom: 5px;'><strong>Almacenamiento:<\/strong> 16 MB FLASH<\/li>\n<li style='margin-bottom: 5px;'><strong>Temperatura de operaci\u00f3n:<\/strong> -40\u00b0C .. +70\u00b0C<\/li>\n<\/ul><\/div>\n<div style='flex: 1 1 300px; min-width: 280px;'>\n<h3 style='font-size: 20px; border-bottom: 2px solid currentColor; padding-bottom: 5px; margin-top: 0; color: inherit; opacity: 0.8;'>Alimentaci\u00f3n<\/h3>\n<ul style='padding-left: 20px; font-size: 15px; color: inherit;'>\n<li style='margin-bottom: 5px;'><strong>Consumo de energ\u00eda:<\/strong> 9W<\/li>\n<li style='margin-bottom: 5px;'><strong>Fuentes de alimentaci\u00f3n:<\/strong> 2 (DC jack&comma; PoE-IN)<\/li>\n<li style='margin-bottom: 5px;'><strong>Tipo de alimentaci\u00f3n PoE:<\/strong> PoE Pasivo<\/li>\n<li style='margin-bottom: 5px;'><strong>Voltaje entrada DC:<\/strong> 12-57 V DC<\/li>\n<li style='margin-bottom: 5px;'><strong>Voltaje entrada PoE:<\/strong> 12-57 V DC<\/li>\n<li style='margin-bottom: 5px;'><strong>Salida PoE:<\/strong> 802.3af\/at (requiere fuente 48-57 V DC)<\/li>\n<\/ul><\/div>\n<div style='flex: 1 1 300px; min-width: 280px;'>\n<h3 style='font-size: 20px; border-bottom: 2px solid currentColor; padding-bottom: 5px; margin-top: 0; color: inherit; opacity: 0.8;'>Conectividad<\/h3>\n<ul style='padding-left: 20px; font-size: 15px; color: inherit;'>\n<li style='margin-bottom: 5px;'><strong>Ethernet:<\/strong> 5 x 10\/100\/1000 Mbps<\/li>\n<li style='margin-bottom: 5px;'><strong>Puerto SFP:<\/strong> 1<\/li>\n<li style='margin-bottom: 5px;'><strong>Monitor de temperatura PCB:<\/strong> S\u00ed<\/li>\n<li style='margin-bottom: 5px;'><strong>Monitor de voltaje:<\/strong> S\u00ed<\/li>\n<\/ul><\/div>\n<\/p><\/div>\n<hr style='border: 0; border-top: 1px solid rgba(150&comma;150&comma;150&comma;0.3); margin: 30px 0;'>\n<div style='margin: 30px 0;'>\n<h3 style='font-size: 20px; border-bottom: 2px solid currentColor; padding-bottom: 5px; margin-top: 0; color: inherit; opacity: 0.8; margin-bottom: 20px;'>Resultados de pruebas Ethernet<\/h3>\n<div style='overflow-x: auto;'>\n<table style='width: 100%; border-collapse: collapse; margin-bottom: 20px; color: inherit;'>\n<thead>\n<tr style='background-color: rgba(150&comma;150&comma;150&comma;0.1);'>\n<th style='border: 1px solid rgba(150&comma;150&comma;150&comma;0.3); padding: 8px; text-align: left; font-weight: bold;' colspan='2'>RB960PGS-PB<\/th>\n<th style='border: 1px solid rgba(150&comma;150&comma;150&comma;0.3); padding: 8px; text-align: left; font-weight: bold;' colspan='6'>QCA9557 (800Mhz) 1G all port test<\/th>\n<\/tr>\n<tr style='background-color: rgba(150&comma;150&comma;150&comma;0.05);'>\n<th style='border: 1px solid rgba(150&comma;150&comma;150&comma;0.3); padding: 8px; text-align: left; font-weight: bold;' rowspan='2'>Modo<\/th>\n<th style='border: 1px solid rgba(150&comma;150&comma;150&comma;0.3); padding: 8px; text-align: left; font-weight: bold;' rowspan='2'>Configuraci\u00f3n<\/th>\n<th style='border: 1px solid rgba(150&comma;150&comma;150&comma;0.3); padding: 8px; text-align: left; font-weight: bold;' colspan='2'>1518 bytes<\/th>\n<th style='border: 1px solid rgba(150&comma;150&comma;150&comma;0.3); padding: 8px; text-align: left; font-weight: bold;' colspan='2'>512 bytes<\/th>\n<th style='border: 1px solid rgba(150&comma;150&comma;150&comma;0.3); padding: 8px; text-align: left; font-weight: bold;' colspan='2'>64 bytes<\/th>\n<\/tr>\n<tr style='background-color: rgba(150&comma;150&comma;150&comma;0.05);'>\n<th style='border: 1px solid rgba(150&comma;150&comma;150&comma;0.3); padding: 8px; text-align: left; font-weight: bold;'>kpps<\/th>\n<th style='border: 1px solid rgba(150&comma;150&comma;150&comma;0.3); padding: 8px; text-align: left; font-weight: bold;'>Mbps<\/th>\n<th style='border: 1px solid rgba(150&comma;150&comma;150&comma;0.3); padding: 8px; text-align: left; font-weight: bold;'>kpps<\/th>\n<th style='border: 1px solid rgba(150&comma;150&comma;150&comma;0.3); padding: 8px; text-align: left; font-weight: bold;'>Mbps<\/th>\n<th style='border: 1px solid rgba(150&comma;150&comma;150&comma;0.3); padding: 8px; text-align: left; font-weight: bold;'>kpps<\/th>\n<th style='border: 1px solid rgba(150&comma;150&comma;150&comma;0.3); padding: 8px; text-align: left; font-weight: bold;'>Mbps<\/th>\n<\/tr>\n<\/thead>\n<tbody>\n<tr>\n<td style='border: 1px solid rgba(150&comma;150&comma;150&comma;0.3); padding: 8px;'>Bridging<\/td>\n<td style='border: 1px solid rgba(150&comma;150&comma;150&comma;0.3); padding: 8px;'>none (fast path)<\/td>\n<td style='border: 1px solid rgba(150&comma;150&comma;150&comma;0.3); padding: 8px;'>161.9<\/td>\n<td style='border: 1px solid rgba(150&comma;150&comma;150&comma;0.3); padding: 8px;'>1&comma;966.1<\/td>\n<td style='border: 1px solid rgba(150&comma;150&comma;150&comma;0.3); padding: 8px;'>401.5<\/td>\n<td style='border: 1px solid rgba(150&comma;150&comma;150&comma;0.3); padding: 8px;'>1&comma;644.5<\/td>\n<td style='border: 1px solid rgba(150&comma;150&comma;150&comma;0.3); padding: 8px;'>542.3<\/td>\n<td style='border: 1px solid rgba(150&comma;150&comma;150&comma;0.3); padding: 8px;'>277.7<\/td>\n<\/tr>\n<tr style='background-color: rgba(150&comma;150&comma;150&comma;0.05);'>\n<td style='border: 1px solid rgba(150&comma;150&comma;150&comma;0.3); padding: 8px;'>Bridging<\/td>\n<td style='border: 1px solid rgba(150&comma;150&comma;150&comma;0.3); padding: 8px;'>25 bridge filter rules<\/td>\n<td style='border: 1px solid rgba(150&comma;150&comma;150&comma;0.3); padding: 8px;'>143.2<\/td>\n<td style='border: 1px solid rgba(150&comma;150&comma;150&comma;0.3); padding: 8px;'>1&comma;739.0<\/td>\n<td style='border: 1px solid rgba(150&comma;150&comma;150&comma;0.3); padding: 8px;'>145.5<\/td>\n<td style='border: 1px solid rgba(150&comma;150&comma;150&comma;0.3); padding: 8px;'>596.0<\/td>\n<td style='border: 1px solid rgba(150&comma;150&comma;150&comma;0.3); padding: 8px;'>146.2<\/td>\n<td style='border: 1px solid rgba(150&comma;150&comma;150&comma;0.3); padding: 8px;'>74.9<\/td>\n<\/tr>\n<tr>\n<td style='border: 1px solid rgba(150&comma;150&comma;150&comma;0.3); padding: 8px;'>Routing<\/td>\n<td style='border: 1px solid rgba(150&comma;150&comma;150&comma;0.3); padding: 8px;'>none (fast path)<\/td>\n<td style='border: 1px solid rgba(150&comma;150&comma;150&comma;0.3); padding: 8px;'>161.9<\/td>\n<td style='border: 1px solid rgba(150&comma;150&comma;150&comma;0.3); padding: 8px;'>1&comma;966.1<\/td>\n<td style='border: 1px solid rgba(150&comma;150&comma;150&comma;0.3); padding: 8px;'>396.3<\/td>\n<td style='border: 1px solid rgba(150&comma;150&comma;150&comma;0.3); padding: 8px;'>1&comma;623.2<\/td>\n<td style='border: 1px solid rgba(150&comma;150&comma;150&comma;0.3); padding: 8px;'>521.7<\/td>\n<td style='border: 1px solid rgba(150&comma;150&comma;150&comma;0.3); padding: 8px;'>267.1<\/td>\n<\/tr>\n<tr style='background-color: rgba(150&comma;150&comma;150&comma;0.05);'>\n<td style='border: 1px solid rgba(150&comma;150&comma;150&comma;0.3); padding: 8px;'>Routing<\/td>\n<td style='border: 1px solid rgba(150&comma;150&comma;150&comma;0.3); padding: 8px;'>25 simple queues<\/td>\n<td style='border: 1px solid rgba(150&comma;150&comma;150&comma;0.3); padding: 8px;'>161.9<\/td>\n<td style='border: 1px solid rgba(150&comma;150&comma;150&comma;0.3); padding: 8px;'>1&comma;966.1<\/td>\n<td style='border: 1px solid rgba(150&comma;150&comma;150&comma;0.3); padding: 8px;'>217.2<\/td>\n<td style='border: 1px solid rgba(150&comma;150&comma;150&comma;0.3); padding: 8px;'>889.7<\/td>\n<td style='border: 1px solid rgba(150&comma;150&comma;150&comma;0.3); padding: 8px;'>216.0<\/td>\n<td style='border: 1px solid rgba(150&comma;150&comma;150&comma;0.3); padding: 8px;'>110.6<\/td>\n<\/tr>\n<tr>\n<td style='border: 1px solid rgba(150&comma;150&comma;150&comma;0.3); padding: 8px;'>Routing<\/td>\n<td style='border: 1px solid rgba(150&comma;150&comma;150&comma;0.3); padding: 8px;'>25 ip filter rules<\/td>\n<td style='border: 1px solid rgba(150&comma;150&comma;150&comma;0.3); padding: 8px;'>74.6<\/td>\n<td style='border: 1px solid rgba(150&comma;150&comma;150&comma;0.3); padding: 8px;'>905.9<\/td>\n<td style='border: 1px solid rgba(150&comma;150&comma;150&comma;0.3); padding: 8px;'>78.0<\/td>\n<td style='border: 1px solid rgba(150&comma;150&comma;150&comma;0.3); padding: 8px;'>319.5<\/td>\n<td style='border: 1px solid rgba(150&comma;150&comma;150&comma;0.3); padding: 8px;'>76.5<\/td>\n<td style='border: 1px solid rgba(150&comma;150&comma;150&comma;0.3); padding: 8px;'>39.2<\/td>\n<\/tr>\n<\/tbody>\n<\/table><\/div>\n<ul style='padding-left: 20px; font-size: 13px; color: inherit; opacity: 0.8;'>\n<li style='margin-bottom: 5px;'>Todas las pruebas se realizaron con equipo especializado Xena Networks (XenaBay)&comma; seg\u00fan RFC2544 (Xena2544)<\/li>\n<li style='margin-bottom: 5px;'>El rendimiento m\u00e1ximo se determin\u00f3 con intentos de 30+ segundos con tolerancia de p\u00e9rdida de paquetes del 0.1% en tama\u00f1os de paquete de 64&comma; 512 y 1518 bytes<\/li>\n<li style='margin-bottom: 5px;'>Los valores en cursiva indican que se alcanz\u00f3 el rendimiento m\u00e1ximo sin saturar la CPU&comma; sino porque la configuraci\u00f3n del hardware lleg\u00f3 a su l\u00edmite<\/li>\n<li style='margin-bottom: 5px;'>Los resultados muestran el rendimiento m\u00e1ximo del dispositivo&comma; usando la configuraci\u00f3n de hardware y software mencionada&comma; configuraciones diferentes probablemente dar\u00e1n resultados menores<\/li>\n<\/ul><\/div>\n<hr style='border: 0; border-top: 1px solid rgba(150&comma;150&comma;150&comma;0.3); margin: 30px 0;'>\n<div style='margin: 30px 0;'>\n<h3 style='font-size: 20px; border-bottom: 2px solid currentColor; padding-bottom: 5px; margin-top: 0; color: inherit; opacity: 0.8; margin-bottom: 20px;'>Partes incluidas<\/h3>\n<div style='display: flex; flex-wrap: wrap; gap: 20px; justify-content: flex-start;'>\n<div style='flex: 1 1 200px; min-width: 150px; max-width: 300px;'> <a href='https:\/\/img.routerboard.com\/mimg\/part21391161421m.jpg' style='text-decoration: none; color: inherit;'> <img style='width: 100%; height: auto; border: 1px solid rgba(150&comma;150&comma;150&comma;0.3); border-radius: 8px; margin-bottom: 8px;' src='https:\/\/img.routerboard.com\/mimg\/part21391161421s.jpg' alt='24V 2.5A power adapter'> <span style='display: block; font-size: 14px; color: inherit;'>24V 2.5A power adapter<\/span> <\/a> <\/div>\n<div style='flex: 1 1 200px; min-width: 150px; max-width: 300px;'> <a href='https:\/\/img.routerboard.com\/mimg\/part91391160033m.jpg' style='text-decoration: none; color: inherit;'> <img style='width: 100%; height: auto; border: 1px solid rgba(150&comma;150&comma;150&comma;0.3); border-radius: 8px; margin-bottom: 8px;' src='https:\/\/img.routerboard.com\/mimg\/part91391160033s.jpg' alt='Plastic zip tie'> <span style='display: block; font-size: 14px; color: inherit;'>Plastic zip tie<\/span> <\/a> <\/div>\n<div style='flex: 1 1 200px; min-width: 150px; max-width: 300px;'> <a href='https:\/\/img.routerboard.com\/mimg\/part61391160745m.jpg' style='text-decoration: none; color: inherit;'> <img style='width: 100%; height: auto; border: 1px solid rgba(150&comma;150&comma;150&comma;0.3); border-radius: 8px; margin-bottom: 8px;' src='https:\/\/img.routerboard.com\/mimg\/part61391160745s.jpg' alt='DIN mount (K-27)'> <span style='display: block; font-size: 14px; color: inherit;'>DIN mount (K-27)<\/span> <\/a> <\/div>\n<div style='flex: 1 1 200px; min-width: 150px; max-width: 300px;'> <a href='https:\/\/img.routerboard.com\/mimg\/part41391160693m.jpg' style='text-decoration: none; color: inherit;'> <img style='width: 100%; height: auto; border: 1px solid rgba(150&comma;150&comma;150&comma;0.3); border-radius: 8px; margin-bottom: 8px;' src='https:\/\/img.routerboard.com\/mimg\/part41391160693s.jpg' alt='IEC cord'> <span style='display: block; font-size: 14px; color: inherit;'>IEC cord<\/span> <\/a> <\/div>\n<div style='flex: 1 1 200px; min-width: 150px; max-width: 300px;'> <a href='https:\/\/img.routerboard.com\/mimg\/part111391160732m.jpg' style='text-decoration: none; color: inherit;'> <img style='width: 100%; height: auto; border: 1px solid rgba(150&comma;150&comma;150&comma;0.3); border-radius: 8px; margin-bottom: 8px;' src='https:\/\/img.routerboard.com\/mimg\/part111391160732s.jpg' alt='Gigabit PoE injector'> <span style='display: block; font-size: 14px; color: inherit;'>Gigabit PoE injector<\/span> <\/a> <\/div>\n<div style='flex: 1 1 200px; min-width: 150px; max-width: 300px;'> <a href='https:\/\/img.routerboard.com\/mimg\/part81391162677m.jpg' style='text-decoration: none; color: inherit;'> <img style='width: 100%; height: auto; border: 1px solid rgba(150&comma;150&comma;150&comma;0.3); border-radius: 8px; margin-bottom: 8px;' src='https:\/\/img.routerboard.com\/mimg\/part81391162677s.jpg' alt='Metal rings (two)'> <span style='display: block; font-size: 14px; color: inherit;'>Metal rings (two)<\/span> <\/a> <\/div>\n<\/p><\/div>\n<\/p><\/div>\n<div style='margin: 30px 0;'> <a href='http:\/\/soporte.syscom.mx\/networking\/mikrotik\/mikrotik-caracteristicas-principales-de-routeros' style='font-weight: bold; color: inherit; text-decoration: none; border-bottom: 1px solid currentColor;'>Caracter\u00edsticas principales de RouterOS<\/a> <\/div>\n<div style='margin: 30px 0;'> <img style='width: 100%; max-width: 302px; height: auto; border: 1px solid rgba(150&comma;150&comma;150&comma;0.3); border-radius: 8px;' src='https:\/\/ftp3.syscom.mx\/usuarios\/fotos\/RB960PGSPB\/136198-garantia1.png' alt=''> <\/div>\n<\/p><\/div>\n","protected":false},"excerpt":{"rendered":"<p>(PowerBox Pro) Router para exterior 5 puertos Gigabit, PoE Pasivo o 802.3af\/at<\/p>\n","protected":false},"featured_media":72730,"comment_status":"open","ping_status":"closed","template":"","meta":[],"product_brand":[],"product_cat":[2036,2035,2034],"product_tag":[2039,2038,643,664,2037],"class_list":{"0":"post-72731","1":"product","2":"type-product","3":"status-publish","4":"has-post-thumbnail","6":"product_cat-balanceadores","7":"product_cat-firewalls","8":"product_cat-routers","9":"product_tag-balanceadores","10":"product_tag-firewalls","11":"product_tag-mikrotik","12":"product_tag-networking","13":"product_tag-routers","15":"first","16":"instock","17":"sale","18":"shipping-taxable","19":"purchasable","20":"product-type-simple"},"_links":{"self":[{"href":"https:\/\/soydeaqui.ddns.net\/pachuca\/index.php\/wp-json\/wp\/v2\/product\/72731","targetHints":{"allow":["GET"]}}],"collection":[{"href":"https:\/\/soydeaqui.ddns.net\/pachuca\/index.php\/wp-json\/wp\/v2\/product"}],"about":[{"href":"https:\/\/soydeaqui.ddns.net\/pachuca\/index.php\/wp-json\/wp\/v2\/types\/product"}],"replies":[{"embeddable":true,"href":"https:\/\/soydeaqui.ddns.net\/pachuca\/index.php\/wp-json\/wp\/v2\/comments?post=72731"}],"wp:featuredmedia":[{"embeddable":true,"href":"https:\/\/soydeaqui.ddns.net\/pachuca\/index.php\/wp-json\/wp\/v2\/media\/72730"}],"wp:attachment":[{"href":"https:\/\/soydeaqui.ddns.net\/pachuca\/index.php\/wp-json\/wp\/v2\/media?parent=72731"}],"wp:term":[{"taxonomy":"product_brand","embeddable":true,"href":"https:\/\/soydeaqui.ddns.net\/pachuca\/index.php\/wp-json\/wp\/v2\/product_brand?post=72731"},{"taxonomy":"product_cat","embeddable":true,"href":"https:\/\/soydeaqui.ddns.net\/pachuca\/index.php\/wp-json\/wp\/v2\/product_cat?post=72731"},{"taxonomy":"product_tag","embeddable":true,"href":"https:\/\/soydeaqui.ddns.net\/pachuca\/index.php\/wp-json\/wp\/v2\/product_tag?post=72731"}],"curies":[{"name":"wp","href":"https:\/\/api.w.org\/{rel}","templated":true}]}}