{"id":72711,"date":"2026-03-19T12:54:33","date_gmt":"2026-03-19T12:54:33","guid":{"rendered":"https:\/\/soydeaqui.ddns.net\/pachuca\/index.php\/producto\/taladro-120-vca-portabrocas-de-1-2-de-600-rpm-max-potencia-750-w\/"},"modified":"2026-03-19T12:54:39","modified_gmt":"2026-03-19T12:54:39","slug":"taladro-120-vca-portabrocas-de-1-2-de-600-rpm-max-potencia-750-w","status":"publish","type":"product","link":"https:\/\/soydeaqui.ddns.net\/pachuca\/index.php\/producto\/taladro-120-vca-portabrocas-de-1-2-de-600-rpm-max-potencia-750-w\/","title":{"rendered":"Taladro 120 Vca, Portabrocas de 1\/2&#8243; de 600 RPM Max. Potencia 750 W."},"content":{"rendered":"<div style='width: 100%; max-width: 1200px; margin: 0 auto; font-family: sans-serif; line-height: 1.6; color: inherit; background-color: transparent;'>\n<div style='display: flex; flex-wrap: wrap; gap: 30px; margin-bottom: 30px;'>\n<div style='flex: 1 1 300px; min-width: 280px;'>\n<h3 style='font-size: 22px; border-bottom: 2px solid currentColor; padding-bottom: 5px; margin-top: 0; color: inherit; opacity: 0.8;'>Acerca del Modelo<\/h3>\n<p style='font-size: 15px; color: inherit; margin-bottom: 15px;'>El Taladro de 1\/2&#8242; con Mango de Espada funciona con un motor de 8.5 amperes&comma; con un interruptor de adelante\/reversa y <strong style='color: inherit;'>0-600 RPM<\/strong> para rendimiento de mezcla \u00f3ptimo. La construcci\u00f3n de baleros tiene la ingenier\u00eda para un operaci\u00f3n suave y m\u00e1s duraci\u00f3n. Caracter\u00edsticas convenientes incluyen un c\u00f3modo mango forma D que gira 360\u00ba con 24 topes para operaci\u00f3n multi-posici\u00f3n. Tiene un dise\u00f1o balanceado con s\u00f3lo 6.2 lbs. y un mango ahulado para incrementar la comodidad del operador.<\/p>\n<\/p><\/div>\n<\/p><\/div>\n<div style='display: flex; flex-wrap: wrap; gap: 30px; margin-bottom: 30px;'>\n<div style='flex: 1 1 300px; min-width: 280px;'>\n<h3 style='font-size: 22px; border-bottom: 2px solid currentColor; padding-bottom: 5px; margin-top: 0; color: inherit; opacity: 0.8;'>Caracter\u00edsticas<\/h3>\n<ul style='padding-left: 20px; font-size: 15px; color: inherit;'>\n<li style='margin-bottom: 5px;'><strong style='color: inherit;'>Velocidad variable:<\/strong> 0 \u2013 600 RPM para mezclar y taladrar en una amplia variedad de materiales<\/li>\n<li style='margin-bottom: 5px;'><strong style='color: inherit;'>Palanca hacia el frente y reversa:<\/strong> para conveniencia del operador<\/li>\n<li style='margin-bottom: 5px;'><strong style='color: inherit;'>Dise\u00f1o bien balanceado:<\/strong> de s\u00f3lo 6.2 lbs. para reducir la fatiga del operador<\/li>\n<li style='margin-bottom: 5px;'><strong style='color: inherit;'>Mango D gira 360\u00b0:<\/strong> con 24 topes de detenci\u00f3n para una operaci\u00f3n con multi-posiciones<\/li>\n<li style='margin-bottom: 5px;'><strong style='color: inherit;'>Mango ahulado:<\/strong> para incrementar la comodidad del operador<\/li>\n<li style='margin-bottom: 5px;'><strong style='color: inherit;'>Construcci\u00f3n a base de baleros:<\/strong> para mayor durabilidad<\/li>\n<li style='margin-bottom: 5px;'><strong style='color: inherit;'>Portabrocas industrial de 1\/2&#8242;:<\/strong> de uso pesado dise\u00f1ado para retener la broca positivamente<\/li>\n<li style='margin-bottom: 5px;'><strong style='color: inherit;'>Almac\u00e9n a bordo:<\/strong> para la llave del portabrocas para cambios r\u00e1pidos y convenientes<\/li>\n<li style='margin-bottom: 5px;'><strong style='color: inherit;'>Potente motor de 8.5 amperes:<\/strong> dise\u00f1ado para un taladrado y mezclado con rendimiento mejorado<\/li>\n<li style='margin-bottom: 5px;'><strong style='color: inherit;'>Doble aislante:<\/strong><\/li>\n<\/ul><\/div>\n<div style='flex: 1 1 300px; min-width: 280px;'>\n<h3 style='font-size: 22px; border-bottom: 2px solid currentColor; padding-bottom: 5px; margin-top: 0; color: inherit; opacity: 0.8;'>Incluye<\/h3>\n<ul style='padding-left: 20px; font-size: 15px; color: inherit;'>\n<li style='margin-bottom: 5px;'>1- Portabrocas (193229-6)<\/li>\n<li style='margin-bottom: 5px;'>1- Llave de Portabrocas (763420-6)<\/li>\n<li style='margin-bottom: 5px;'>1- Mango Lateral (152492-0)<\/li>\n<\/ul><\/div>\n<div style='flex: 1 1 300px; min-width: 280px;'>\n<h3 style='font-size: 22px; border-bottom: 2px solid currentColor; padding-bottom: 5px; margin-top: 0; color: inherit; opacity: 0.8;'>Especificaciones<\/h3>\n<ul style='padding-left: 20px; font-size: 15px; color: inherit;'>\n<li style='margin-bottom: 5px;'><strong style='color: inherit;'>Capacidad (acero):<\/strong> 1\/2&#8242;<\/li>\n<li style='margin-bottom: 5px;'><strong style='color: inherit;'>Capacidad (madera):<\/strong> 1-1\/2&#8242;<\/li>\n<li style='margin-bottom: 5px;'><strong style='color: inherit;'>Velocidad Sin Carga (velocidad variable):<\/strong> 0 &#8211; 600 RPM<\/li>\n<li style='margin-bottom: 5px;'><strong style='color: inherit;'>Amperaje (amperios):<\/strong> 8.5 A<\/li>\n<li style='margin-bottom: 5px;'><strong style='color: inherit;'>Agarradera:<\/strong> Pala<\/li>\n<li style='margin-bottom: 5px;'><strong style='color: inherit;'>Tipo de Conexi\u00f3n:<\/strong> Cable 2m<\/li>\n<li style='margin-bottom: 5px;'><strong style='color: inherit;'>Peso del Env\u00edo:<\/strong> 3.35 Kg (7.4 lbs)<\/li>\n<li style='margin-bottom: 5px;'><strong style='color: inherit;'>Peso neto:<\/strong> 2.8 Kg (6.3 lbs)<\/li>\n<li style='margin-bottom: 5px;'><strong style='color: inherit;'>Potencia de entrada:<\/strong> 750 W<\/li>\n<li style='margin-bottom: 5px;'><strong style='color: inherit;'>Dimensiones (L x A x A):<\/strong> 340x83x401mm (13-3\/8&#8242; x 3-1\/4&#8242; x 15-3\/4&#8242;)<\/li>\n<li style='margin-bottom: 5px;'><strong style='color: inherit;'>Voltaje de entrada:<\/strong> 120 Vca 50\/60 Hz<\/li>\n<\/ul><\/div>\n<\/p><\/div>\n<div style='display: flex; flex-wrap: wrap; gap: 15px; margin-bottom: 30px; justify-content: center;'>\n<div style='flex: 1 1 230px; max-width: 230px;'> <img style='width: 100%; height: auto; border: 1px solid rgba(150&comma;150&comma;150&comma;0.3); border-radius: 8px;' src='https:\/\/ftp3.syscom.mx\/usuarios\/nortega\/makita\/imagenes\/makita.png' alt=''> <\/div>\n<div style='flex: 1 1 230px; max-width: 230px;'> <a href='http:\/\/ftp3.syscom.mx\/usuarios\/nortega\/makita\/imagenes\/ds4012v.png' rel='gallery1'> <img style='width: 100%; height: auto; border: 1px solid rgba(150&comma;150&comma;150&comma;0.3); border-radius: 8px;' src='http:\/\/ftp3.syscom.mx\/usuarios\/nortega\/makita\/imagenes\/ds4012v.png' alt='Frente'> <\/a> <\/div>\n<div style='flex: 1 1 230px; max-width: 230px;'> <a href='http:\/\/ftp3.syscom.mx\/usuarios\/nortega\/makita\/imagenes\/ds4012uso.jpg' rel='gallery1'> <img style='width: 100%; height: auto; border: 1px solid rgba(150&comma;150&comma;150&comma;0.3); border-radius: 8px;' src='http:\/\/ftp3.syscom.mx\/usuarios\/nortega\/makita\/imagenes\/ds4012uso.jpg' alt='Lateral'> <\/a> <\/div>\n<div style='flex: 1 1 230px; max-width: 230px;'> <a href='http:\/\/ftp3.syscom.mx\/usuarios\/nortega\/makita\/imagenes\/ds4012uso1.jpg' rel='gallery1'> <img style='width: 100%; height: auto; border: 1px solid rgba(150&comma;150&comma;150&comma;0.3); border-radius: 8px;' src='http:\/\/ftp3.syscom.mx\/usuarios\/nortega\/makita\/imagenes\/ds4012uso1.jpg' alt='Trasera'> <\/a> <\/div>\n<\/p><\/div>\n<hr style='border: 0; border-top: 1px solid rgba(150&comma; 150&comma; 150&comma; 0.3); margin: 30px 0;'> <\/div>\n","protected":false},"excerpt":{"rendered":"<p>Taladro 120 Vca, Portabrocas de 1\/2&#8243; de 600 RPM Max. Potencia 750 W.<\/p>\n","protected":false},"featured_media":72710,"comment_status":"open","ping_status":"closed","template":"","meta":[],"product_brand":[],"product_cat":[130],"product_tag":[25,131,252],"class_list":{"0":"post-72711","1":"product","2":"type-product","3":"status-publish","4":"has-post-thumbnail","6":"product_cat-herramientas-electricas","7":"product_tag-herramientas","8":"product_tag-herramientas-electricas","9":"product_tag-makita","11":"first","12":"instock","13":"sale","14":"shipping-taxable","15":"purchasable","16":"product-type-simple"},"_links":{"self":[{"href":"https:\/\/soydeaqui.ddns.net\/pachuca\/index.php\/wp-json\/wp\/v2\/product\/72711","targetHints":{"allow":["GET"]}}],"collection":[{"href":"https:\/\/soydeaqui.ddns.net\/pachuca\/index.php\/wp-json\/wp\/v2\/product"}],"about":[{"href":"https:\/\/soydeaqui.ddns.net\/pachuca\/index.php\/wp-json\/wp\/v2\/types\/product"}],"replies":[{"embeddable":true,"href":"https:\/\/soydeaqui.ddns.net\/pachuca\/index.php\/wp-json\/wp\/v2\/comments?post=72711"}],"wp:featuredmedia":[{"embeddable":true,"href":"https:\/\/soydeaqui.ddns.net\/pachuca\/index.php\/wp-json\/wp\/v2\/media\/72710"}],"wp:attachment":[{"href":"https:\/\/soydeaqui.ddns.net\/pachuca\/index.php\/wp-json\/wp\/v2\/media?parent=72711"}],"wp:term":[{"taxonomy":"product_brand","embeddable":true,"href":"https:\/\/soydeaqui.ddns.net\/pachuca\/index.php\/wp-json\/wp\/v2\/product_brand?post=72711"},{"taxonomy":"product_cat","embeddable":true,"href":"https:\/\/soydeaqui.ddns.net\/pachuca\/index.php\/wp-json\/wp\/v2\/product_cat?post=72711"},{"taxonomy":"product_tag","embeddable":true,"href":"https:\/\/soydeaqui.ddns.net\/pachuca\/index.php\/wp-json\/wp\/v2\/product_tag?post=72711"}],"curies":[{"name":"wp","href":"https:\/\/api.w.org\/{rel}","templated":true}]}}