{"id":72709,"date":"2026-03-19T12:54:29","date_gmt":"2026-03-19T12:54:29","guid":{"rendered":"https:\/\/soydeaqui.ddns.net\/pachuca\/index.php\/producto\/conector-de-fibra-ptica-pre-pulido-lightbow-lc-apc-simplex-monomodo-os1-os2-re-terminable-color-verde\/"},"modified":"2026-03-19T12:54:30","modified_gmt":"2026-03-19T12:54:30","slug":"conector-de-fibra-ptica-pre-pulido-lightbow-lc-apc-simplex-monomodo-os1-os2-re-terminable-color-verde","status":"publish","type":"product","link":"https:\/\/soydeaqui.ddns.net\/pachuca\/index.php\/producto\/conector-de-fibra-ptica-pre-pulido-lightbow-lc-apc-simplex-monomodo-os1-os2-re-terminable-color-verde\/","title":{"rendered":"Conector de Fibra ?ptica Pre-Pulido LightBow LC\/APC Simplex, Monomodo OS1\/OS2, Re-Terminable, Color Verde"},"content":{"rendered":"<div style='width: 100%; max-width: 1200px; margin: 0 auto; font-family: sans-serif; line-height: 1.6; color: inherit; background-color: transparent;'> <!-- Imagen principal --> <\/p>\n<div style='margin-bottom: 30px;'> <img style='width: 100%; height: auto; border: 1px solid rgba(150&comma;150&comma;150&comma;0.3); border-radius: 8px;' src='https:\/\/ftp3.syscom.mx\/usuarios\/fotos\/FC1LBLCA9GR\/96472-siemonarriba.jpg' alt=''> <\/div>\n<p> <!-- Descripci\u00f3n principal --> <\/p>\n<div style='margin-bottom: 30px; font-size: 15px;'>\n<p>En combinaci\u00f3n con la exclusiva herramienta de terminaci\u00f3n con patente de Siemon&comma; los conectores pre-pulidos LightBow se pueden implementar con gran velocidad de terminaci\u00f3n y con capacidad de ajustar o re-terminar. Disponibles en configuraciones LC y SC&comma; soportan versiones monomodo y multimodo de soluciones XGLO y LightSystem de Siemon.<\/p>\n<p> <\/p>\n<p>Parte de LightHouse\u2122 la soluci\u00f3n de fibra avanzada de Siemon&comma; LightBow\u2122 es el sistema de terminaci\u00f3n de Fibra \u00d3ptica con patente pendiente en su herramienta de terminaci\u00f3n y conectores pre-pulidos de empalme mec\u00e1nico&comma; reduce significativamente el tiempo de terminaci\u00f3n&comma; evita la contaminaci\u00f3n de la superficie de contacto&comma; elimina espacios de aire&comma; habilita una f\u00e1cil verificaci\u00f3n de las terminaciones a trav\u00e9s de una ventana VFL (Localizador Visual de Fallas) y ofrece la posibilidad de re-terminar el conector.<\/p>\n<p> <\/p>\n<p>La l\u00ednea de productos LightBow\u2122 es la sustituci\u00f3n de la l\u00ednea de productos XLR8\u2122.<\/p>\n<\/p><\/div>\n<p> <!-- Informaci\u00f3n t\u00e9cnica --> <\/p>\n<div style='margin-bottom: 30px;'>\n<h3 style='font-size: 22px; border-bottom: 2px solid currentColor; padding-bottom: 5px; margin-top: 0; color: inherit; opacity: 0.8;'>Informaci\u00f3n t\u00e9cnica<\/h3>\n<p> <!-- Herramienta necesaria --> <\/p>\n<div style='margin-bottom: 20px;'>\n<h4 style='font-size: 18px; margin-top: 0; color: inherit;'>Herramienta necesaria para abrir y cerrar los conectores<\/h4>\n<p style='margin: 0; font-size: 15px;'><a style='color: inherit; text-decoration: none; border-bottom: 1px dashed currentColor;' href='https:\/\/www.syscom.mx\/producto\/FT-LB-TOOL-SIEMON-89134.html'>FT-LB-TOOL<\/a><\/p>\n<\/p><\/div>\n<p> <!-- Rendimiento \u00f3ptico --> <\/p>\n<div style='margin-bottom: 20px;'>\n<h4 style='font-size: 18px; margin-top: 0; color: inherit;'>Rendimiento \u00f3ptico<\/h4>\n<p> <!-- P\u00e9rdida de inserci\u00f3n --> <\/p>\n<div style='margin-top: 15px;'> <strong style='font-size: 15px; color: inherit;'>P\u00e9rdida de inserci\u00f3n (t\u00edpico):<\/strong> <\/p>\n<ul style='padding-left: 20px; margin: 10px 0 10px 25px; font-size: 14px; color: inherit;'>\n<li style='margin-bottom: 5px;'>MM: 0.20dB<\/li>\n<li style='margin-bottom: 5px;'>SM: UPC 0.20dB<\/li>\n<li style='margin-bottom: 5px;'>SM: APC 0.30dB<\/li>\n<\/ul><\/div>\n<p> <!-- P\u00e9rdida de retorno --> <\/p>\n<div style='margin-top: 15px;'> <strong style='font-size: 15px; color: inherit;'>P\u00e9rdida de retorno (t\u00edpico):<\/strong> <\/p>\n<ul style='padding-left: 20px; margin: 10px 0 10px 25px; font-size: 14px; color: inherit;'>\n<li style='margin-bottom: 5px;'>MM: -37 dB<\/li>\n<li style='margin-bottom: 5px;'>SM: UPC -55dB<\/li>\n<li style='margin-bottom: 5px;'>SM: APC\n<ul style='margin-top: 8px;'>\n<li style='margin-bottom: 5px;'>60 DB para 1310 nm<\/li>\n<li style='margin-bottom: 5px;'>65dB Para 1550 nm<\/li>\n<\/ul>\n<\/li>\n<\/ul><\/div>\n<\/p><\/div>\n<\/p><\/div>\n<p> <!-- Video de terminaci\u00f3n --> <\/p>\n<div style='margin-bottom: 30px;'>\n<h3 style='font-size: 22px; border-bottom: 2px solid currentColor; padding-bottom: 5px; margin-top: 0; color: inherit; opacity: 0.8;'>Terminaci\u00f3n de Conectores Lightbow<\/h3>\n<div style='position: relative; padding-bottom: 56.25%; height: 0; overflow: hidden; margin-top: 15px;'>   <\/div>\n<\/p><\/div>\n<p> <!-- Imagen inferior --> <\/p>\n<div style='margin-bottom: 30px;'> <img style='width: 100%; height: auto; border: 1px solid rgba(150&comma;150&comma;150&comma;0.3); border-radius: 8px;' src='https:\/\/ftp3.syscom.mx\/usuarios\/fotos\/FC1LBLCA9GR\/96472-siemonabajo.png' alt=''> <\/div>\n<\/p><\/div>\n","protected":false},"excerpt":{"rendered":"<p>Conector de Fibra ?ptica Pre-Pulido LightBow LC\/APC Simplex, Monomodo OS1\/OS2, Re-Terminable, Color Verde<\/p>\n","protected":false},"featured_media":72708,"comment_status":"open","ping_status":"closed","template":"","meta":[],"product_brand":[],"product_cat":[615],"product_tag":[616,611,600],"class_list":{"0":"post-72709","1":"product","2":"type-product","3":"status-publish","4":"has-post-thumbnail","6":"product_cat-conectores","7":"product_tag-conectores","8":"product_tag-fibra-optica","9":"product_tag-siemon","11":"first","12":"outofstock","13":"sale","14":"shipping-taxable","15":"purchasable","16":"product-type-simple"},"_links":{"self":[{"href":"https:\/\/soydeaqui.ddns.net\/pachuca\/index.php\/wp-json\/wp\/v2\/product\/72709","targetHints":{"allow":["GET"]}}],"collection":[{"href":"https:\/\/soydeaqui.ddns.net\/pachuca\/index.php\/wp-json\/wp\/v2\/product"}],"about":[{"href":"https:\/\/soydeaqui.ddns.net\/pachuca\/index.php\/wp-json\/wp\/v2\/types\/product"}],"replies":[{"embeddable":true,"href":"https:\/\/soydeaqui.ddns.net\/pachuca\/index.php\/wp-json\/wp\/v2\/comments?post=72709"}],"wp:featuredmedia":[{"embeddable":true,"href":"https:\/\/soydeaqui.ddns.net\/pachuca\/index.php\/wp-json\/wp\/v2\/media\/72708"}],"wp:attachment":[{"href":"https:\/\/soydeaqui.ddns.net\/pachuca\/index.php\/wp-json\/wp\/v2\/media?parent=72709"}],"wp:term":[{"taxonomy":"product_brand","embeddable":true,"href":"https:\/\/soydeaqui.ddns.net\/pachuca\/index.php\/wp-json\/wp\/v2\/product_brand?post=72709"},{"taxonomy":"product_cat","embeddable":true,"href":"https:\/\/soydeaqui.ddns.net\/pachuca\/index.php\/wp-json\/wp\/v2\/product_cat?post=72709"},{"taxonomy":"product_tag","embeddable":true,"href":"https:\/\/soydeaqui.ddns.net\/pachuca\/index.php\/wp-json\/wp\/v2\/product_tag?post=72709"}],"curies":[{"name":"wp","href":"https:\/\/api.w.org\/{rel}","templated":true}]}}