{"id":72674,"date":"2026-03-19T12:53:08","date_gmt":"2026-03-19T12:53:08","guid":{"rendered":"https:\/\/soydeaqui.ddns.net\/pachuca\/index.php\/producto\/switchblade-x908-generacion-2-chassis-modular-capa-3-c-8-slots\/"},"modified":"2026-03-19T12:53:09","modified_gmt":"2026-03-19T12:53:09","slug":"switchblade-x908-generacion-2-chassis-modular-capa-3-c-8-slots","status":"publish","type":"product","link":"https:\/\/soydeaqui.ddns.net\/pachuca\/index.php\/producto\/switchblade-x908-generacion-2-chassis-modular-capa-3-c-8-slots\/","title":{"rendered":"SwitchBlade x908 Generaci\u00f3n 2, Chassis Modular Capa 3 C\/8 Slots"},"content":{"rendered":"<div style='width: 100%; max-width: 1200px; margin: 0 auto; font-family: sans-serif; line-height: 1.6; color: inherit; background-color: transparent;'>\n<div style='display: flex; flex-direction: column; gap: 30px;'>\n<div>\n<h3 style='font-size: 22px; border-bottom: 2px solid currentColor; padding-bottom: 5px; margin-top: 0; color: inherit; opacity: 0.8;'>Descripci\u00f3n general<\/h3>\n<p style='font-size: 15px; color: inherit; margin: 15px 0;'>Apoye las implementaciones actuales de IoT y de la industria inteligente hambrientas de ancho de banda&comma; con el conmutador modular Layer 3+ apilable de alta capacidad SwitchBlade x908 GEN2&comma; con 8 bah\u00edas de expansi\u00f3n de alta velocidad. Habilite grandes redes empresariales con un potente conjunto de funciones y una gesti\u00f3n integrada de dispositivos de red por cable e inal\u00e1mbrica.<\/p>\n<ul style='padding-left: 20px; font-size: 15px; color: inherit;'>\n<li style='margin-bottom: 10px;'>Escalable y flexible para satisfacer las demandas de la red tanto ahora como en el futuro<\/li>\n<li style='margin-bottom: 10px;'>Elimine los cuellos de botella con un tejido de 2.6 Terabit de alta capacidad&comma; o hasta 10 Terabits cuando se apilen con VCStackTM<\/li>\n<li style='margin-bottom: 10px;'>Crea columnas troncales resilientes y distribuidas que sean f\u00e1ciles de gestionar con el apilamiento de larga distancia<\/li>\n<li style='margin-bottom: 10px;'>Admite actualizaciones inal\u00e1mbricas y de red de alta velocidad a trav\u00e9s del cableado heredado&comma; con conectividad 2.5G y 5G<\/li>\n<li style='margin-bottom: 10px;'>Reduzca los costes y automatice la gesti\u00f3n de redes y dispositivos con el Marco de Gesti\u00f3n Aut\u00f3nomoTM (AMF)<\/li>\n<li style='margin-bottom: 10px;'>Gestiona hasta 250 puntos de acceso con el control de ondas aut\u00f3nomo (AWC) Lite&comma; que optimiza autom\u00e1ticamente la conectividad y el rendimiento inal\u00e1mbricos<\/li>\n<li style='margin-bottom: 10px;'>Vea la red gr\u00e1ficamente y simplifique la implementaci\u00f3n inal\u00e1mbrica con mapas de suelo y calor utilizando la interfaz gr\u00e1fica de usuario del dispositivo<\/li>\n<\/ul><\/div>\n<div>\n<h3 style='font-size: 22px; border-bottom: 2px solid currentColor; padding-bottom: 5px; margin-top: 0; color: inherit; opacity: 0.8;'>Caracter\u00edsticas principales<\/h3>\n<ul style='padding-left: 20px; font-size: 15px; color: inherit;'>\n<li style='margin-bottom: 10px;'>Ethernet energ\u00e9ticamente eficiente (EEE) para un bajo consumo de energ\u00eda<\/li>\n<li style='margin-bottom: 10px;'>Sistema operativo de clase empresarial AlliedWare PlusTM<\/li>\n<li style='margin-bottom: 10px;'>Active Fiber MonitoringTM (AFM) para conexiones troncales de fibra seguras<\/li>\n<li style='margin-bottom: 10px;'>EPSRingTM y G.8032 ERPS para redes de anillo resistentes de fallo r\u00e1pido<\/li>\n<li style='margin-bottom: 10px;'>M\u00f3dulos de expansi\u00f3n intercambiables en caliente (XEM) para puertos multigigabit\/10G\/40G\/100G adicionales<\/li>\n<li style='margin-bottom: 10px;'>Seguridad de control de acceso a los medios (MACSec) para enlaces Ethernet seguros punto a punto<\/li>\n<li style='margin-bottom: 10px;'>SDN l\u00edder en el mercado con OpenFlow v1.3 certificado por la industria<\/li>\n<li style='margin-bottom: 10px;'>Las grandes tablas de conmutaci\u00f3n y enrutamiento admiten m\u00faltiples servicios y dispositivos conectados<\/li>\n<li style='margin-bottom: 10px;'>Certificaci\u00f3n FIPS 140-2<\/li>\n<\/ul><\/div>\n<div>\n<h3 style='font-size: 22px; border-bottom: 2px solid currentColor; padding-bottom: 5px; margin-top: 0; color: inherit; opacity: 0.8;'>Certificaciones y cumplimiento<\/h3>\n<div style='display: flex; flex-direction: column; gap: 25px; margin-top: 20px;'>\n<div style='border: 1px solid rgba(150&comma; 150&comma; 150&comma; 0.4); border-radius: 8px; padding: 15px;'>\n<h4 style='font-size: 18px; margin: 0 0 10px; color: inherit;'>FIPS 140-2<\/h4>\n<p style='font-size: 14px; color: inherit; margin: 0;'>Creado por el gobierno de los Estados Unidos&comma; FIPS 140-2 es un est\u00e1ndar de seguridad utilizado para validar la fuerza y la integridad de los m\u00f3dulos de software criptogr\u00e1fico.<\/p>\n<\/p><\/div>\n<div style='border: 1px solid rgba(150&comma; 150&comma; 150&comma; 0.4); border-radius: 8px; padding: 15px;'>\n<h4 style='font-size: 18px; margin: 0 0 10px; color: inherit;'>Listo para IPv6<\/h4>\n<p style='font-size: 14px; color: inherit; margin: 0;'>Dirigida por el Foro IPv6&comma; la certificaci\u00f3n IPv6 Ready demuestra la conformidad con los est\u00e1ndares IPv6 y valida la interoperabilidad de los productos IPv6.<\/p>\n<\/p><\/div>\n<div style='border: 1px solid rgba(150&comma; 150&comma; 150&comma; 0.4); border-radius: 8px; padding: 15px;'>\n<h4 style='font-size: 18px; margin: 0 0 10px; color: inherit;'>JITC<\/h4>\n<p style='font-size: 14px; color: inherit; margin: 0;'>JITC es una organizaci\u00f3n de pruebas y evaluaci\u00f3n que certifica equipos de TI para su uso en redes seguras del Gobierno y el Departamento de Defensa de los Estados Unidos (tambi\u00e9n conocidas como DoDIN APL).<\/p>\n<\/p><\/div>\n<div style='border: 1px solid rgba(150&comma; 150&comma; 150&comma; 0.4); border-radius: 8px; padding: 15px;'>\n<h4 style='font-size: 18px; margin: 0 0 10px; color: inherit;'>Conformidad de OpenFlow<\/h4>\n<p style='font-size: 14px; color: inherit; margin: 0;'>OpenFlow Conformance es la m\u00e1xima garant\u00eda de la Open Networking Foundation que valida los productos que cumplen con la especificaci\u00f3n OpenFlow.<\/p>\n<\/p><\/div>\n<\/p><\/div>\n<\/p><\/div>\n<\/p><\/div>\n<\/p><\/div>\n","protected":false},"excerpt":{"rendered":"<p>SwitchBlade x908 Generaci\u00f3n 2, Chassis Modular Capa 3 C\/8 Slots<\/p>\n","protected":false},"featured_media":72673,"comment_status":"open","ping_status":"closed","template":"","meta":[],"product_brand":[],"product_cat":[1970],"product_tag":[1995,664,1971],"class_list":{"0":"post-72674","1":"product","2":"type-product","3":"status-publish","4":"has-post-thumbnail","6":"product_cat-switches","7":"product_tag-allied-telesis","8":"product_tag-networking","9":"product_tag-switches","11":"first","12":"outofstock","13":"sale","14":"shipping-taxable","15":"purchasable","16":"product-type-simple"},"_links":{"self":[{"href":"https:\/\/soydeaqui.ddns.net\/pachuca\/index.php\/wp-json\/wp\/v2\/product\/72674","targetHints":{"allow":["GET"]}}],"collection":[{"href":"https:\/\/soydeaqui.ddns.net\/pachuca\/index.php\/wp-json\/wp\/v2\/product"}],"about":[{"href":"https:\/\/soydeaqui.ddns.net\/pachuca\/index.php\/wp-json\/wp\/v2\/types\/product"}],"replies":[{"embeddable":true,"href":"https:\/\/soydeaqui.ddns.net\/pachuca\/index.php\/wp-json\/wp\/v2\/comments?post=72674"}],"wp:featuredmedia":[{"embeddable":true,"href":"https:\/\/soydeaqui.ddns.net\/pachuca\/index.php\/wp-json\/wp\/v2\/media\/72673"}],"wp:attachment":[{"href":"https:\/\/soydeaqui.ddns.net\/pachuca\/index.php\/wp-json\/wp\/v2\/media?parent=72674"}],"wp:term":[{"taxonomy":"product_brand","embeddable":true,"href":"https:\/\/soydeaqui.ddns.net\/pachuca\/index.php\/wp-json\/wp\/v2\/product_brand?post=72674"},{"taxonomy":"product_cat","embeddable":true,"href":"https:\/\/soydeaqui.ddns.net\/pachuca\/index.php\/wp-json\/wp\/v2\/product_cat?post=72674"},{"taxonomy":"product_tag","embeddable":true,"href":"https:\/\/soydeaqui.ddns.net\/pachuca\/index.php\/wp-json\/wp\/v2\/product_tag?post=72674"}],"curies":[{"name":"wp","href":"https:\/\/api.w.org\/{rel}","templated":true}]}}