{"id":72672,"date":"2026-03-19T12:53:04","date_gmt":"2026-03-19T12:53:04","guid":{"rendered":"https:\/\/soydeaqui.ddns.net\/pachuca\/index.php\/producto\/licencia-premium-para-sbx908-gen2\/"},"modified":"2026-03-19T12:53:05","modified_gmt":"2026-03-19T12:53:05","slug":"licencia-premium-para-sbx908-gen2","status":"publish","type":"product","link":"https:\/\/soydeaqui.ddns.net\/pachuca\/index.php\/producto\/licencia-premium-para-sbx908-gen2\/","title":{"rendered":"Licencia Premium para SBx908 Gen2"},"content":{"rendered":"<div style='width: 100%; max-width: 1200px; margin: 0 auto; font-family: sans-serif; line-height: 1.6; color: inherit; background-color: transparent;'> <!-- Secci\u00f3n de caracter\u00edsticas principales --> <\/p>\n<div style='display: flex; flex-wrap: wrap; gap: 30px; margin-bottom: 30px;'>\n<div style='flex: 1 1 300px; min-width: 280px;'>\n<h3 style='font-size: 22px; border-bottom: 2px solid currentColor; padding-bottom: 5px; margin-top: 0; color: inherit; opacity: 0.8;'>Caracter\u00edsticas Principales<\/h3>\n<ul style='padding-left: 20px; font-size: 15px; color: inherit;'>\n<li style='margin-bottom: 5px;'>Soporta OSPF1 con 16&comma;000 rutas<\/li>\n<li style='margin-bottom: 5px;'>BGP41 maneja hasta 5&comma;000 rutas<\/li>\n<li style='margin-bottom: 5px;'>PIMv4 SM&comma; DM&comma; SSM hasta 2&comma;000 entradas<\/li>\n<li style='margin-bottom: 5px;'>VLAN doble etiquetado (Q-in-Q)<\/li>\n<li style='margin-bottom: 5px;'>Soporte VRF Lite con 63 dominios<\/li>\n<\/ul><\/div>\n<\/p><\/div>\n<p> <!-- Secci\u00f3n de especificaciones t\u00e9cnicas --> <\/p>\n<div style='display: flex; flex-wrap: wrap; gap: 20px; margin-bottom: 30px;'>\n<div style='flex: 1 1 250px; border: 1px solid rgba(150&comma; 150&comma; 150&comma; 0.4); border-radius: 8px; overflow: hidden; display: flex; flex-direction: column;'>\n<div style='padding: 15px; border-bottom: 1px solid rgba(150&comma; 150&comma; 150&comma; 0.2); font-weight: bold; font-size: 18px; color: inherit;'>Especificaciones T\u00e9cnicas<\/div>\n<div style='padding: 15px; color: inherit;'>\n<ul style='padding-left: 20px; margin: 0; font-size: 14px; list-style-type: disc;'>\n<li style='margin-bottom: 5px;'><strong>Protocolos de enrutamiento:<\/strong> OSPFv3 (8&comma;000 rutas)&comma; BGP4+ (5&comma;000 rutas)<\/li>\n<li style='margin-bottom: 5px;'><strong>Multicast:<\/strong> MLDv1 y v2&comma; PIMv6-SM y SSM (1&comma;000 entradas)<\/li>\n<li style='margin-bottom: 5px;'><strong>Autenticaci\u00f3n:<\/strong> RADIUS Full&comma; TACACS+ Command Authorization<\/li>\n<li style='margin-bottom: 5px;'><strong>Seguridad:<\/strong> UDLD&comma; MACSec (802.1AE)&comma; Active Fiber Monitoring<\/li>\n<li style='margin-bottom: 5px;'><strong>Redundancia:<\/strong> G.8032 ring protection&comma; Ethernet CFM&comma; VXLAN<\/li>\n<\/ul><\/div>\n<\/p><\/div>\n<p> <!-- Secci\u00f3n de funcionalidades --> <\/p>\n<div style='flex: 1 1 250px; border: 1px solid rgba(150&comma; 150&comma; 150&comma; 0.4); border-radius: 8px; overflow: hidden; display: flex; flex-direction: column;'>\n<div style='padding: 15px; border-bottom: 1px solid rgba(150&comma; 150&comma; 150&comma; 0.2); font-weight: bold; font-size: 18px; color: inherit;'>Funcionalidades<\/div>\n<div style='padding: 15px; color: inherit;'>\n<ul style='padding-left: 20px; margin: 0; font-size: 14px; list-style-type: disc;'>\n<li style='margin-bottom: 5px;'>Soporte para VLAN Translation<\/li>\n<li style='margin-bottom: 5px;'>Soporte para RIPng (5&comma;000 rutas)<\/li>\n<li style='margin-bottom: 5px;'>Soporte para Multicast Source Discovery Protocol (MSDP)<\/li>\n<li style='margin-bottom: 5px;'>Soporte para Link Monitoring (Linkmon)<\/li>\n<li style='margin-bottom: 5px;'>Certificaci\u00f3n FIPS 140-2<\/li>\n<\/ul><\/div>\n<\/p><\/div>\n<p> <!-- Secci\u00f3n de gesti\u00f3n y administraci\u00f3n --> <\/p>\n<div style='flex: 1 1 250px; border: 1px solid rgba(150&comma; 150&comma; 150&comma; 0.4); border-radius: 8px; overflow: hidden; display: flex; flex-direction: column;'>\n<div style='padding: 15px; border-bottom: 1px solid rgba(150&comma; 150&comma; 150&comma; 0.2); font-weight: bold; font-size: 18px; color: inherit;'>Gesti\u00f3n y Administraci\u00f3n<\/div>\n<div style='padding: 15px; color: inherit;'>\n<ul style='padding-left: 20px; margin: 0; font-size: 14px; list-style-type: disc;'>\n<li style='margin-bottom: 5px;'>Soporte para sFlow para monitoreo de red<\/li>\n<li style='margin-bottom: 5px;'>Calidad de servicio (QoS) con clasificaci\u00f3n y priorizaci\u00f3n de tr\u00e1fico<\/li>\n<li style='margin-bottom: 5px;'>Gesti\u00f3n centralizada mediante Allied Telesis Autonomous Management Framework (AMF)<\/li>\n<li style='margin-bottom: 5px;'>Vista Manager mini integrado para gesti\u00f3n unificada de red<\/li>\n<li style='margin-bottom: 5px;'>Soporte para OpenFlow v1.3 para redes definidas por software (SDN)<\/li>\n<\/ul><\/div>\n<\/p><\/div>\n<\/p><\/div>\n<p> <!-- Separador --> <\/p>\n<hr style='border: 0; border-top: 1px solid rgba(150&comma; 150&comma; 150&comma; 0.3); margin: 30px 0;'> <!-- Secci\u00f3n de informaci\u00f3n adicional --> <\/p>\n<div style='display: flex; flex-wrap: wrap; gap: 30px;'>\n<div style='flex: 1 1 300px; min-width: 280px;'>\n<h3 style='font-size: 22px; border-bottom: 2px solid currentColor; padding-bottom: 5px; margin-top: 0; color: inherit; opacity: 0.8;'>Informaci\u00f3n Adicional<\/h3>\n<ul style='padding-left: 20px; font-size: 15px; color: inherit;'>\n<li style='margin-bottom: 5px;'><strong>Requisito:<\/strong> Se requiere una licencia por equipo<\/li>\n<li style='margin-bottom: 5px;'><strong>Aplicaci\u00f3n:<\/strong> Soluci\u00f3n ideal para redes empresariales&comma; Smart City e IoT<\/li>\n<li style='margin-bottom: 5px;'><strong>Resiliencia:<\/strong> Soporta VCStackTM hasta 4 unidades&comma; localmente o sobre fibra a distancia<\/li>\n<li style='margin-bottom: 5px;'><strong>Escalabilidad:<\/strong> M\u00f3dulos XEMs intercambiables en caliente para conexiones ascendentes de m\u00faltiples velocidades<\/li>\n<li style='margin-bottom: 5px;'><strong>Optimizaci\u00f3n:<\/strong> Soporta AWC-Channel Blanket y AWC-Smart Connect para operaci\u00f3n h\u00edbrida<\/li>\n<\/ul><\/div>\n<\/p><\/div>\n<\/p><\/div>\n","protected":false},"excerpt":{"rendered":"<p>Licencia Premium para SBx908 Gen2<\/p>\n","protected":false},"featured_media":32,"comment_status":"open","ping_status":"closed","template":"","meta":[],"product_brand":[],"product_cat":[1996],"product_tag":[1995,1997,664],"class_list":{"0":"post-72672","1":"product","2":"type-product","3":"status-publish","4":"has-post-thumbnail","6":"product_cat-licencias-suscripciones","7":"product_tag-allied-telesis","8":"product_tag-licencias-suscripciones","9":"product_tag-networking","11":"first","12":"outofstock","13":"sale","14":"shipping-taxable","15":"purchasable","16":"product-type-simple"},"_links":{"self":[{"href":"https:\/\/soydeaqui.ddns.net\/pachuca\/index.php\/wp-json\/wp\/v2\/product\/72672","targetHints":{"allow":["GET"]}}],"collection":[{"href":"https:\/\/soydeaqui.ddns.net\/pachuca\/index.php\/wp-json\/wp\/v2\/product"}],"about":[{"href":"https:\/\/soydeaqui.ddns.net\/pachuca\/index.php\/wp-json\/wp\/v2\/types\/product"}],"replies":[{"embeddable":true,"href":"https:\/\/soydeaqui.ddns.net\/pachuca\/index.php\/wp-json\/wp\/v2\/comments?post=72672"}],"wp:featuredmedia":[{"embeddable":true,"href":"https:\/\/soydeaqui.ddns.net\/pachuca\/index.php\/wp-json\/wp\/v2\/media\/32"}],"wp:attachment":[{"href":"https:\/\/soydeaqui.ddns.net\/pachuca\/index.php\/wp-json\/wp\/v2\/media?parent=72672"}],"wp:term":[{"taxonomy":"product_brand","embeddable":true,"href":"https:\/\/soydeaqui.ddns.net\/pachuca\/index.php\/wp-json\/wp\/v2\/product_brand?post=72672"},{"taxonomy":"product_cat","embeddable":true,"href":"https:\/\/soydeaqui.ddns.net\/pachuca\/index.php\/wp-json\/wp\/v2\/product_cat?post=72672"},{"taxonomy":"product_tag","embeddable":true,"href":"https:\/\/soydeaqui.ddns.net\/pachuca\/index.php\/wp-json\/wp\/v2\/product_tag?post=72672"}],"curies":[{"name":"wp","href":"https:\/\/api.w.org\/{rel}","templated":true}]}}