{"id":72660,"date":"2026-03-19T12:52:34","date_gmt":"2026-03-19T12:52:34","guid":{"rendered":"https:\/\/soydeaqui.ddns.net\/pachuca\/index.php\/producto\/disco-duro-blue-de-1-tb-7200-rpm-recomendado-para-pc-uso-8-5-1-anos-de-garantia\/"},"modified":"2026-03-19T12:52:44","modified_gmt":"2026-03-19T12:52:44","slug":"disco-duro-blue-de-1-tb-7200-rpm-recomendado-para-pc-uso-8-5-1-anos-de-garantia","status":"publish","type":"product","link":"https:\/\/soydeaqui.ddns.net\/pachuca\/index.php\/producto\/disco-duro-blue-de-1-tb-7200-rpm-recomendado-para-pc-uso-8-5-1-anos-de-garantia\/","title":{"rendered":"Disco duro Blue de 1 TB \/ 7200 RPM \/ Recomendado para PC \/ Uso 8-5 \/ 1 A\u00f1os de Garantia"},"content":{"rendered":"<div style='width: 100%; max-width: 1200px; margin: 0 auto; font-family: sans-serif; line-height: 1.6; color: inherit; background-color: transparent;'> <!-- Secci\u00f3n principal --> <\/p>\n<div style='margin-bottom: 30px;'>\n<p style='font-weight: bold; font-size: 18px; color: inherit; margin: 0 0 15px 0;'>EL MAYOR EST\u00c1NDAR EN ALMACENAMIENTO<\/p>\n<p style='margin: 0 0 20px 0; color: inherit;'><strong>Ampl\u00ede la capacidad de almacenamiento de su computadora<\/strong> con los discos WD Blue&comma; dise\u00f1ados especialmente para computadora de sobremesa y todo en uno con diversas capacidades de almacenamiento.<\/p>\n<p style='margin: 0 0 20px 0; color: inherit;'><strong>Conf\u00ede en WD<\/strong><br \/>Con una fiabilidad legendaria&comma; cada disco WD Blue est\u00e1 dise\u00f1ado&comma; probado y fabricado para ofrecer una duraci\u00f3n m\u00e1xima. Adem\u00e1s&comma; incluye una garant\u00eda limitada de 2 a\u00f1os.<\/p>\n<p style='margin: 0 0 20px 0; color: inherit;'><strong>TECNOLOG\u00cdA QUE AYUDA A PROTEGER SUS DATOS<\/strong><br \/>La tecnolog\u00eda de carga de rampa NoTouch coloca de modo seguro el cabezal de grabaci\u00f3n fuera de la superficie del disco para proteger sus datos.<\/p>\n<\/p><\/div>\n<p> <!-- Secci\u00f3n de especificaciones t\u00e9cnicas --> <\/p>\n<div style='display: flex; flex-wrap: wrap; gap: 30px; margin-bottom: 30px;'>\n<div style='flex: 1 1 300px; min-width: 280px;'>\n<h3 style='font-size: 22px; border-bottom: 2px solid currentColor; padding-bottom: 5px; margin-top: 0; margin-bottom: 15px; color: inherit; opacity: 0.8;'>ESPECIFICACIONES TECNICAS<\/h3>\n<ul style='padding-left: 20px; font-size: 15px; color: inherit; list-style-type: disc;'>\n<li style='margin-bottom: 5px;'><strong>Capacidad:<\/strong> 1 TB<\/li>\n<li style='margin-bottom: 5px;'><strong>Factor de forma:<\/strong> 3.5 pulgadas<\/li>\n<li style='margin-bottom: 5px;'><strong>Velocidad de Transferencia de datos:<\/strong><\/li>\n<ul style='padding-left: 30px; margin: 5px 0; list-style-type: circle;'>\n<li style='margin-bottom: 5px;'>B\u00fafer a host: 6Gb\/s<\/li>\n<li style='margin-bottom: 5px;'>Host a\/desde disco (sostenido): 150 MB\/s<\/li>\n<\/ul>\n<li style='margin-bottom: 5px;'><strong>Cache:<\/strong> 64 MB<\/li>\n<li style='margin-bottom: 5px;'><strong>Velocidad de rotaci\u00f3n:<\/strong> 7200 RPM<\/li>\n<li style='margin-bottom: 5px;'><strong>Interfaz:<\/strong> SATA III&comma; 6.0 Gb\/s<\/li>\n<li style='margin-bottom: 5px;'><strong>Aplicaci\u00f3n:<\/strong> Optimizado para equipo de computo (capacidad de trabajo 8 horas por 5 d\u00edas)<\/li>\n<\/ul><\/div>\n<p> <!-- Secci\u00f3n de caracter\u00edsticas f\u00edsicas y el\u00e9ctricas --> <\/p>\n<div style='flex: 1 1 300px; min-width: 280px;'>\n<h3 style='font-size: 22px; border-bottom: 2px solid currentColor; padding-bottom: 5px; margin-top: 0; margin-bottom: 15px; color: inherit; opacity: 0.8;'>CARACTERISTICAS FISICAS Y ELECTRICAS<\/h3>\n<ul style='padding-left: 20px; font-size: 15px; color: inherit; list-style-type: disc;'>\n<li style='margin-bottom: 5px;'><strong>Temperatura de Operaci\u00f3n:<\/strong><\/li>\n<ul style='padding-left: 30px; margin: 5px 0; list-style-type: circle;'>\n<li style='margin-bottom: 5px;'>En funcionamiento: 0 &#8211; 60 \u00baC<\/li>\n<li style='margin-bottom: 5px;'>Inactivo: -40 &#8211; 70 \u00baC<\/li>\n<\/ul>\n<li style='margin-bottom: 5px;'><strong>Consumo el\u00e9ctrico:<\/strong><\/li>\n<ul style='padding-left: 30px; margin: 5px 0; list-style-type: circle;'>\n<li style='margin-bottom: 5px;'>Lectura \/ escritura: 3.3W<\/li>\n<li style='margin-bottom: 5px;'>Inactivo: 2.5W<\/li>\n<li style='margin-bottom: 5px;'>Espera y suspensi\u00f3n: 0.4W<\/li>\n<\/ul>\n<li style='margin-bottom: 5px;'><strong>Dimensiones:<\/strong> 25.4 x 147 x 101.6mm<\/li>\n<li style='margin-bottom: 5px;'><strong>Peso:<\/strong> 450g<\/li>\n<li style='margin-bottom: 5px;'><strong>Garant\u00eda:<\/strong> 1 A\u00f1o. SYSCOM \u00fanico distribuidor autorizado para ofrecer garant\u00eda de discos duros SIN COMPLICACIONES<\/li>\n<\/ul><\/div>\n<\/p><\/div>\n<p> <!-- Imagen --> <\/p>\n<div style='margin-bottom: 30px;'> <img style='width: 100%; height: auto; border: 1px solid rgba(150&comma;150&comma;150&comma;0.3); border-radius: 8px;' src='https:\/\/ftp3.syscom.mx\/usuarios\/nortega\/WD\/imagenes\/blue\/DriveForward_Campaign_WDBlueHDD_Conversion_728x90_ESL.jpg' alt=''> <\/div>\n<\/p><\/div>\n","protected":false},"excerpt":{"rendered":"<p>Disco duro Blue de 1 TB \/ 7200 RPM \/ Recomendado para PC \/ Uso 8-5 \/ 1 A\u00f1os de Garantia<\/p>\n","protected":false},"featured_media":72659,"comment_status":"open","ping_status":"closed","template":"","meta":[],"product_brand":[],"product_cat":[2021],"product_tag":[1974,2022,2023],"class_list":{"0":"post-72660","1":"product","2":"type-product","3":"status-publish","4":"has-post-thumbnail","6":"product_cat-discos-duros-mecanicos-hdd","7":"product_tag-almacenamiento","8":"product_tag-discos-duros-mecanicos-hdd","9":"product_tag-western-digital-wd","11":"first","12":"outofstock","13":"sale","14":"shipping-taxable","15":"purchasable","16":"product-type-simple"},"_links":{"self":[{"href":"https:\/\/soydeaqui.ddns.net\/pachuca\/index.php\/wp-json\/wp\/v2\/product\/72660","targetHints":{"allow":["GET"]}}],"collection":[{"href":"https:\/\/soydeaqui.ddns.net\/pachuca\/index.php\/wp-json\/wp\/v2\/product"}],"about":[{"href":"https:\/\/soydeaqui.ddns.net\/pachuca\/index.php\/wp-json\/wp\/v2\/types\/product"}],"replies":[{"embeddable":true,"href":"https:\/\/soydeaqui.ddns.net\/pachuca\/index.php\/wp-json\/wp\/v2\/comments?post=72660"}],"wp:featuredmedia":[{"embeddable":true,"href":"https:\/\/soydeaqui.ddns.net\/pachuca\/index.php\/wp-json\/wp\/v2\/media\/72659"}],"wp:attachment":[{"href":"https:\/\/soydeaqui.ddns.net\/pachuca\/index.php\/wp-json\/wp\/v2\/media?parent=72660"}],"wp:term":[{"taxonomy":"product_brand","embeddable":true,"href":"https:\/\/soydeaqui.ddns.net\/pachuca\/index.php\/wp-json\/wp\/v2\/product_brand?post=72660"},{"taxonomy":"product_cat","embeddable":true,"href":"https:\/\/soydeaqui.ddns.net\/pachuca\/index.php\/wp-json\/wp\/v2\/product_cat?post=72660"},{"taxonomy":"product_tag","embeddable":true,"href":"https:\/\/soydeaqui.ddns.net\/pachuca\/index.php\/wp-json\/wp\/v2\/product_tag?post=72660"}],"curies":[{"name":"wp","href":"https:\/\/api.w.org\/{rel}","templated":true}]}}