{"id":72649,"date":"2026-03-19T12:52:07","date_gmt":"2026-03-19T12:52:07","guid":{"rendered":"https:\/\/soydeaqui.ddns.net\/pachuca\/index.php\/producto\/kit-divisor-y-extensor-hdmi-extender-splitter-divide-1-fuente-hdmi-a-8-pantallas-extiende-la-senal-hdmi-hasta-40-m-resolucion-1080p-60-hz-cat-6-6a-7-uso-24-7-salida-loop-en-el-tx-ir\/"},"modified":"2026-03-19T12:52:13","modified_gmt":"2026-03-19T12:52:13","slug":"kit-divisor-y-extensor-hdmi-extender-splitter-divide-1-fuente-hdmi-a-8-pantallas-extiende-la-senal-hdmi-hasta-40-m-resolucion-1080p-60-hz-cat-6-6a-7-uso-24-7-salida-loop-en-el-tx-ir","status":"publish","type":"product","link":"https:\/\/soydeaqui.ddns.net\/pachuca\/index.php\/producto\/kit-divisor-y-extensor-hdmi-extender-splitter-divide-1-fuente-hdmi-a-8-pantallas-extiende-la-senal-hdmi-hasta-40-m-resolucion-1080p-60-hz-cat-6-6a-7-uso-24-7-salida-loop-en-el-tx-ir\/","title":{"rendered":"Kit Divisor y Extensor HDMI (Extender Splitter)  \/ Divide 1 Fuente HDMI a 8 Pantallas \/ Extiende la se\u00f1al HDMI hasta 40 m \/ Resoluci\u00f3n 1080P @ 60 Hz \/ Cat 6\/6a\/7 \/ Uso 24\/7 \/ Salida Loop en el Tx \/ IR \/ Alimente solo el Tx (PoC)."},"content":{"rendered":"<div style='width: 100%; max-width: 1200px; margin: 0 auto; font-family: sans-serif; line-height: 1.6; color: inherit; background-color: transparent;'> <!-- Imagen 1 --> <\/p>\n<div style='margin-bottom: 30px;'> <img style='width: 100%; height: auto; border: 1px solid rgba(150&comma;150&comma;150&comma;0.3); border-radius: 8px;' src='https:\/\/ftp3.syscom.mx\/usuarios\/luis.vargas\/EpcomTitanium\/titaniumup.jpg' alt=''> <\/div>\n<p> <!-- Informaci\u00f3n principal --> <\/p>\n<div style='margin-bottom: 30px;'>\n<h1 style='text-align: center; font-size: 28px; margin: 0 0 10px; color: inherit;'><strong>TT718PRO<\/strong><\/h1>\n<h3 style='text-align: center; font-size: 18px; margin: 0 0 20px; color: inherit; opacity: 0.8;'>Kit de distribuidor y Extensor de 1 entrada HDMI a 8 salidas resoluci\u00f3n 1920&#215;1080 @ 60Hz sobre CAT6 a 40 metros.<\/h3>\n<p style='text-align: center; margin: 0 70px; font-size: 15px; color: inherit;'> EPCOM TITANIUM presenta su gama de extensores HDMI de alta tecnolog\u00eda&comma; y de f\u00e1cil interconexi\u00f3n en sistemas de seguridad profesional. El TT718PRO funciona con 8 receptores HDMI utilizando cable CAT6 \/ 6a \/ 7 para dividir y extender 1 fuente HDMI a 8 pantallas HDMI hasta 40 m \/ 131 pies. La resoluci\u00f3n admitida es de 1920&#215;1080 @ 60Hz&comma; soporta control IR&comma; si su equipo fuente cuenta con control remoto&comma; adem\u00e1s con tecnolog\u00eda EDID puede adaptar la imagen transmitida a las capacidades del monitor o pantalla&comma; gracias a la tecnolog\u00eda PoC solo el concentrador requiere de alimentaci\u00f3n&comma; es una soluci\u00f3n ideal para exhibici\u00f3n HDMI&comma; video conferencia y centro de espect\u00e1culos. <\/p>\n<\/p><\/div>\n<p> <!-- Caracter\u00edsticas --> <\/p>\n<div style='margin-bottom: 30px;'>\n<h3 style='text-align: center; font-size: 22px; border-bottom: 2px solid currentColor; padding-bottom: 5px; margin: 0 0 20px; color: inherit; opacity: 0.8;'><strong>Caracter\u00edsticas<\/strong><\/h3>\n<div style='display: flex; flex-wrap: wrap; gap: 20px;'> <!-- Caracter\u00edsticas 1 --> <\/p>\n<div style='flex: 1 1 300px; min-width: 280px;'>\n<div style='border-left: 5px double #439cc7; border-radius: 5px; padding: 0px 5px; margin-bottom: 25px; min-height: 220px;'>\n<ul style='padding-left: 20px; margin: 0; font-size: 14px; color: inherit; list-style-type: disc;'>\n<li style='margin-bottom: 5px;'>Distribuye y extiende 1 fuente HDMI a 8 pantallas HDMI a trav\u00e9s del cable de red simult\u00e1neamente.<\/li>\n<li style='margin-bottom: 5px;'><strong>El KIT<\/strong> contiene el concentrador + 8 receptores.<\/li>\n<li style='margin-bottom: 5px;'><strong>Compatible con cables de red<\/strong> CAT6\/6a\/7.<\/li>\n<li style='margin-bottom: 5px;'><strong>La distancia de transmisi\u00f3n es de hasta 40 m \/ 131 pies.<\/strong><\/li>\n<li style='margin-bottom: 5px;'><strong>Resoluci\u00f3n:<\/strong> 1080p <strong>@<\/strong>50\/60Hz<\/li>\n<li style='margin-bottom: 5px;'><strong>Salida de lazo (Loop) HDMI<\/strong> para visualizaci\u00f3n local o funci\u00f3n de supervisi\u00f3n en el TX.<\/li>\n<li style='margin-bottom: 5px;'><strong>Transmisi\u00f3n con latencia cero.<\/strong><\/li>\n<\/ul><\/div>\n<\/p><\/div>\n<p> <!-- Caracter\u00edsticas 2 --> <\/p>\n<div style='flex: 1 1 300px; min-width: 280px;'>\n<div style='border-left: 5px double #439cc7; border-radius: 5px; padding: 0px 5px; margin-bottom: 25px; min-height: 220px;'>\n<ul style='padding-left: 20px; margin: 0; font-size: 14px; color: inherit; list-style-type: disc;'>\n<li style='margin-bottom: 5px;'><strong>Alimentaci\u00f3n incluida de:<\/strong> 12 Vcc&comma; 3 A. (solo requiere alimentaci\u00f3n el Transmisor)<\/li>\n<li style='margin-bottom: 5px;'><strong>RX alimentados por TX<\/strong><\/li>\n<li style='margin-bottom: 5px;'><strong>Potencia de consumo:<\/strong> 24W<\/li>\n<li style='margin-bottom: 5px;'><strong>Dimensiones<\/strong><strong> TX:<\/strong> 276 (largo) \u00d7 95&comma;98 (ancho) \u00d7 23 (alto) mm;<strong> RX:<\/strong> 71&comma;6 (largo) \u00d7 66&comma;6 (ancho) \u00d7 22&comma;6 (alto) mm<\/li>\n<li style='margin-bottom: 5px;'><strong>Peso:<\/strong> TX 620 g ; RX: 80g X 8<\/li>\n<li style='margin-bottom: 5px;'><strong>Temperatura de operaci\u00f3n:<\/strong> 0~60\u00b0<\/li>\n<li style='margin-bottom: 5px;'><strong>Temperatura de almacenamiento:<\/strong> -30~70\u00b0C<\/li>\n<\/ul><\/div>\n<\/p><\/div>\n<p> <!-- Caracter\u00edsticas 3 --> <\/p>\n<div style='flex: 1 1 300px; min-width: 280px;'>\n<div style='border-left: 5px double #439cc7; border-radius: 5px; padding: 0px 5px; margin-bottom: 25px; min-height: 220px;'>\n<ul style='padding-left: 20px; margin: 0; font-size: 14px; color: inherit; list-style-type: disc;'>\n<li style='margin-bottom: 5px;'><strong>Cuenta con interruptor EDID<\/strong> para configurar el formato de se\u00f1al HDMI<\/li>\n<li style='margin-bottom: 5px;'><strong>Admite PoC&comma;<\/strong> solo se requiere alimentar el transmisor para suministrar energ\u00eda<\/li>\n<li style='margin-bottom: 5px;'><strong>Formato de audio:<\/strong> PCM DTS AC3<\/li>\n<li style='margin-bottom: 5px;'><strong>HDCP:<\/strong> 1.2<\/li>\n<li style='margin-bottom: 5px;'><strong>Funci\u00f3n de passback<\/strong> para control remoto IR 20~60Hz<\/li>\n<li style='margin-bottom: 5px;'><strong>1 A\u00f1o de Garant\u00eda<\/strong> por defectos de fabricaci\u00f3n<\/li>\n<li style='margin-bottom: 5px; color: #c0392b;'><strong>Receptor compatible TT372EDIDRX.<\/strong><\/li>\n<\/ul><\/div>\n<\/p><\/div>\n<\/p><\/div>\n<\/p><\/div>\n<p> <!-- Imagen 2 --> <\/p>\n<div style='margin-bottom: 30px;'> <img style='width: 100%; height: auto; border: 1px solid rgba(150&comma;150&comma;150&comma;0.3); border-radius: 8px;' src='http:\/\/ftp3.syscom.mx\/usuarios\/hallende\/EPCOM%20Titanium\/TT-718-PRO\/Poster%20TT718PRO%20%20Esp..jpg' alt=''> <\/div>\n<p> <!-- PDF Embed --> <\/p>\n<div style='margin-bottom: 30px;'>\n<div style='position: relative; padding-bottom: 56.25%; height: 0; overflow: hidden;'>   <\/div>\n<\/p><\/div>\n<\/p><\/div>\n","protected":false},"excerpt":{"rendered":"<p>Kit Divisor y Extensor HDMI (Extender Splitter)  \/ Divide 1 Fuente HDMI a 8 Pantallas \/ Extiende la se\u00f1al HDMI hasta 40 m \/ Resoluci\u00f3n 1080P @ 60 Hz \/ Cat 6\/6a\/7 \/ Uso 24\/7 \/ Salida Loop en el Tx \/ IR \/ Alimente solo el Tx (PoC).<\/p>\n","protected":false},"featured_media":72648,"comment_status":"open","ping_status":"closed","template":"","meta":[],"product_brand":[],"product_cat":[2073,2074,2077,2075,2072,2076],"product_tag":[417,2079,2080,2083,507,2081,2078,2082],"class_list":{"0":"post-72649","1":"product","2":"type-product","3":"status-publish","4":"has-post-thumbnail","6":"product_cat-convertidores","7":"product_cat-divisores","8":"product_cat-dvi","9":"product_cat-hdmi","10":"product_cat-kits-extensores","11":"product_cat-vga","12":"product_tag-accesorios-generales","13":"product_tag-convertidores","14":"product_tag-divisores","15":"product_tag-dvi","16":"product_tag-epcom-titanium","17":"product_tag-hdmi","18":"product_tag-kits-extensores","19":"product_tag-vga","21":"first","22":"outofstock","23":"sale","24":"shipping-taxable","25":"purchasable","26":"product-type-simple"},"_links":{"self":[{"href":"https:\/\/soydeaqui.ddns.net\/pachuca\/index.php\/wp-json\/wp\/v2\/product\/72649","targetHints":{"allow":["GET"]}}],"collection":[{"href":"https:\/\/soydeaqui.ddns.net\/pachuca\/index.php\/wp-json\/wp\/v2\/product"}],"about":[{"href":"https:\/\/soydeaqui.ddns.net\/pachuca\/index.php\/wp-json\/wp\/v2\/types\/product"}],"replies":[{"embeddable":true,"href":"https:\/\/soydeaqui.ddns.net\/pachuca\/index.php\/wp-json\/wp\/v2\/comments?post=72649"}],"wp:featuredmedia":[{"embeddable":true,"href":"https:\/\/soydeaqui.ddns.net\/pachuca\/index.php\/wp-json\/wp\/v2\/media\/72648"}],"wp:attachment":[{"href":"https:\/\/soydeaqui.ddns.net\/pachuca\/index.php\/wp-json\/wp\/v2\/media?parent=72649"}],"wp:term":[{"taxonomy":"product_brand","embeddable":true,"href":"https:\/\/soydeaqui.ddns.net\/pachuca\/index.php\/wp-json\/wp\/v2\/product_brand?post=72649"},{"taxonomy":"product_cat","embeddable":true,"href":"https:\/\/soydeaqui.ddns.net\/pachuca\/index.php\/wp-json\/wp\/v2\/product_cat?post=72649"},{"taxonomy":"product_tag","embeddable":true,"href":"https:\/\/soydeaqui.ddns.net\/pachuca\/index.php\/wp-json\/wp\/v2\/product_tag?post=72649"}],"curies":[{"name":"wp","href":"https:\/\/api.w.org\/{rel}","templated":true}]}}