{"id":72629,"date":"2026-03-19T12:51:23","date_gmt":"2026-03-19T12:51:23","guid":{"rendered":"https:\/\/soydeaqui.ddns.net\/pachuca\/index.php\/producto\/ldf-5-cpe-y-ptp-en-5ghz-802-11-a-n-antena-9-dbi\/"},"modified":"2026-03-19T12:51:34","modified_gmt":"2026-03-19T12:51:34","slug":"ldf-5-cpe-y-ptp-en-5ghz-802-11-a-n-antena-9-dbi","status":"publish","type":"product","link":"https:\/\/soydeaqui.ddns.net\/pachuca\/index.php\/producto\/ldf-5-cpe-y-ptp-en-5ghz-802-11-a-n-antena-9-dbi\/","title":{"rendered":"(LDF 5) CPE y PtP en 5GHz 802.11 a\/n Antena 9 dBi."},"content":{"rendered":"<div style='width: 100%; max-width: 1200px; margin: 0 auto; font-family: sans-serif; line-height: 1.6; color: inherit; background-color: transparent;'>\n<p style='margin: 0 0 16px; font-size: 14px; color: inherit; line-height: 1.35; text-align: justify;'>El LDF (Lite Dish Feed) es un sistema inal\u00e1mbrico para exteriores con una antena incorporada&comma; destinado a ser instalado en antenas de antena parab\u00f3lica offset de sat\u00e9lite. El plato actuar\u00e1 como un reflector&comma; amplificando la se\u00f1al.<\/p>\n<p style='margin: 0 0 16px; font-size: 14px; color: inherit; line-height: 1.35; text-align: justify;'>Esto significa que puede usar cualquier antena parab\u00f3lica de televisi\u00f3n por sat\u00e9lite disponible con un soporte de desplazamiento para desplegar r\u00e1pidamente potentes enlaces inal\u00e1mbricos de largo alcance. El soporte compensado es universal con un di\u00e1metro de 40 mm&comma; y el LDF se puede colocar f\u00e1cilmente dentro de \u00e9l. Dado que el LDF en s\u00ed es un paquete peque\u00f1o&comma; hace que el env\u00edo y la implementaci\u00f3n sean simples y de bajo costo.<\/p>\n<p style='margin: 0 0 16px; font-size: 14px; color: inherit; line-height: 1.35; text-align: justify;'>Usando un plato de hasta 100 cm de di\u00e1metro&comma; es posible obtener una amplificaci\u00f3n de antena de hasta 33dBi. El dispositivo viene preinstalado con RouterOS y est\u00e1 listo para usar.<\/p>\n<p> <!-- Secci\u00f3n de especificaciones --> <\/p>\n<div style='display: flex; flex-wrap: wrap; gap: 30px; margin-bottom: 30px;'>\n<div style='flex: 1 1 300px; min-width: 280px;'>\n<h3 style='font-size: 22px; border-bottom: 2px solid currentColor; padding-bottom: 5px; margin-top: 0; color: inherit; opacity: 0.8;'>Especificaciones<\/h3>\n<ul style='padding-left: 20px; font-size: 15px; color: inherit;'>\n<li style='margin-bottom: 5px;'><strong>C\u00f3digo de producto:<\/strong> RBLDF-5nD<\/li>\n<li style='margin-bottom: 5px;'><strong>Arquitectura:<\/strong> MIPSBE<\/li>\n<li style='margin-bottom: 5px;'><strong>CPU:<\/strong> AR9344<\/li>\n<li style='margin-bottom: 5px;'><strong>Recuento de n\u00facleos de CPU:<\/strong> 1<\/li>\n<li style='margin-bottom: 5px;'><strong>Frecuencia nominal de la CPU:<\/strong> 600 MHz<\/li>\n<li style='margin-bottom: 5px;'><strong>Dimensiones:<\/strong> 84x84x115 mm<\/li>\n<li style='margin-bottom: 5px;'><strong>Licencia de RouterOS:<\/strong> 3<\/li>\n<li style='margin-bottom: 5px;'><strong>Sistema operativo:<\/strong> <a href='https:\/\/help.mikrotik.com\/docs\/display\/ROS\/RouterOS' target='_blank' rel='noopener' style='color: inherit; text-decoration: underline; opacity: 0.8; transition: all 200ms ease-in-out;' onmouseover='this.style.opacity='1'' onmouseout='this.style.opacity='0.8''>RouterOS<\/a><\/li>\n<li style='margin-bottom: 5px;'><strong>Tama\u00f1o de la memoria RAM:<\/strong> 64 MB<\/li>\n<li style='margin-bottom: 5px;'><strong>Tama\u00f1o del almacenamiento:<\/strong> 16 MB<\/li>\n<li style='margin-bottom: 5px;'><strong>Tipo de almacenamiento:<\/strong> Flash<\/li>\n<li style='margin-bottom: 5px;'><strong>MTBF:<\/strong> Aproximadamente 100&#8217;000 horas a 25\u00b0C<\/li>\n<li style='margin-bottom: 5px;'><strong>Temperatura ambiente probada:<\/strong> -40 \u00b0C a 70 \u00b0C<\/li>\n<\/ul><\/div>\n<div style='flex: 1 1 300px; min-width: 280px;'>\n<h3 style='font-size: 22px; border-bottom: 2px solid currentColor; padding-bottom: 5px; margin-top: 0; color: inherit; opacity: 0.8;'>Alimentando<\/h3>\n<ul style='padding-left: 20px; font-size: 15px; color: inherit;'>\n<li style='margin-bottom: 5px;'><strong>N\u00famero de entradas de CC:<\/strong> 1 (PoE-IN)<\/li>\n<li style='margin-bottom: 5px;'><strong>Consumo m\u00e1ximo de energ\u00eda:<\/strong> 6 W<\/li>\n<li style='margin-bottom: 5px;'><strong>Tipo de refrigeraci\u00f3n:<\/strong> Pasivo<\/li>\n<li style='margin-bottom: 5px;'><strong>PoE en:<\/strong> PoE pasivo<\/li>\n<li style='margin-bottom: 5px;'><strong>PoE en voltaje de entrada:<\/strong> 10-30 V<\/li>\n<\/ul><\/div>\n<div style='flex: 1 1 300px; min-width: 280px;'>\n<h3 style='font-size: 22px; border-bottom: 2px solid currentColor; padding-bottom: 5px; margin-top: 0; color: inherit; opacity: 0.8;'>Especificaciones inal\u00e1mbricas<\/h3>\n<ul style='padding-left: 20px; font-size: 15px; color: inherit;'>\n<li style='margin-bottom: 5px;'><strong>Velocidad de datos inal\u00e1mbrica m\u00e1xima de 5 GHz:<\/strong> 300 Mbit\/s<\/li>\n<li style='margin-bottom: 15px;'><strong>N\u00famero de cadenas inal\u00e1mbricas de 5 GHz:<\/strong> 2<\/li>\n<li style='margin-bottom: 5px;'><strong>Est\u00e1ndares inal\u00e1mbricos de 5 GHz:<\/strong> 802.11a\/n<\/li>\n<li style='margin-bottom: 5px;'><strong>Ganancia de antena dBi para 5 GHz:<\/strong> 9<\/li>\n<li style='margin-bottom: 5px;'><strong>Modelo de chip inal\u00e1mbrico de 5 GHz:<\/strong> AR9344<\/li>\n<li style='margin-bottom: 5px;'><strong>Generaci\u00f3n inal\u00e1mbrica de 5 GHz:<\/strong> Wi-Fi 4<\/li>\n<\/ul><\/div>\n<div style='flex: 1 1 300px; min-width: 280px;'>\n<h3 style='font-size: 22px; border-bottom: 2px solid currentColor; padding-bottom: 5px; margin-top: 0; color: inherit; opacity: 0.8;'>Ethernet<\/h3>\n<ul style='padding-left: 20px; font-size: 15px; color: inherit;'>\n<li style='margin-bottom: 5px;'><strong>Puertos Ethernet 10\/100:<\/strong> 1<\/li>\n<\/ul><\/div>\n<div style='flex: 1 1 300px; min-width: 280px;'>\n<h3 style='font-size: 22px; border-bottom: 2px solid currentColor; padding-bottom: 5px; margin-top: 0; color: inherit; opacity: 0.8;'>Certificaci\u00f3n y aprobaciones<\/h3>\n<ul style='padding-left: 20px; font-size: 15px; color: inherit;'>\n<li style='margin-bottom: 5px;'><strong>Certificaci\u00f3n:<\/strong> CE&comma; FCC&comma; IC&comma; EAC&comma; ROHS<\/li>\n<li style='margin-bottom: 5px;'><strong>IP:<\/strong> IP54<\/li>\n<\/ul><\/div>\n<\/p><\/div>\n<p> <!-- Secci\u00f3n de rendimiento inal\u00e1mbrico --> <\/p>\n<div style='display: flex; flex-wrap: wrap; gap: 30px; margin-bottom: 30px;'>\n<div style='flex: 1 1 100%;'>\n<h3 style='font-size: 22px; border-bottom: 2px solid currentColor; padding-bottom: 5px; margin-top: 0; color: inherit; opacity: 0.8;'>Rendimiento inal\u00e1mbrico 5 GHz<\/h3>\n<div style='overflow-x: auto;'>\n<table style='width: 100%; border-collapse: collapse; color: inherit;'>\n<thead style='background-color: rgba(150&comma; 150&comma; 150&comma; 0.1);'>\n<tr>\n<th style='padding: 12px; text-align: left; border-bottom: 1px solid rgba(150&comma;150&comma;150&comma;0.3);'>Velocidad<\/th>\n<th style='padding: 12px; text-align: left; border-bottom: 1px solid rgba(150&comma;150&comma;150&comma;0.3);'>Transmitir (dBm)<\/th>\n<th style='padding: 12px; text-align: left; border-bottom: 1px solid rgba(150&comma;150&comma;150&comma;0.3);'>Recibir sensibilidad<\/th>\n<\/tr>\n<\/thead>\n<tbody>\n<tr style='background-color: rgba(150&comma; 150&comma; 150&comma; 0.05);'>\n<td style='padding: 12px; border-bottom: 1px solid rgba(150&comma;150&comma;150&comma;0.3);'>6MBit\/s<\/td>\n<td style='padding: 12px; border-bottom: 1px solid rgba(150&comma;150&comma;150&comma;0.3);'>25<\/td>\n<td style='padding: 12px; border-bottom: 1px solid rgba(150&comma;150&comma;150&comma;0.3);'>-96<\/td>\n<\/tr>\n<tr>\n<td style='padding: 12px; border-bottom: 1px solid rgba(150&comma;150&comma;150&comma;0.3);'>54MBit\/s<\/td>\n<td style='padding: 12px; border-bottom: 1px solid rgba(150&comma;150&comma;150&comma;0.3);'>20<\/td>\n<td style='padding: 12px; border-bottom: 1px solid rgba(150&comma;150&comma;150&comma;0.3);'>-80<\/td>\n<\/tr>\n<tr style='background-color: rgba(150&comma; 150&comma; 150&comma; 0.05);'>\n<td style='padding: 12px; border-bottom: 1px solid rgba(150&comma;150&comma;150&comma;0.3);'>MCS0<\/td>\n<td style='padding: 12px; border-bottom: 1px solid rgba(150&comma;150&comma;150&comma;0.3);'>25<\/td>\n<td style='padding: 12px; border-bottom: 1px solid rgba(150&comma;150&comma;150&comma;0.3);'>-96<\/td>\n<\/tr>\n<tr>\n<td style='padding: 12px; border-bottom: 1px solid rgba(150&comma;150&comma;150&comma;0.3);'>MCS7<\/td>\n<td style='padding: 12px; border-bottom: 1px solid rgba(150&comma;150&comma;150&comma;0.3);'>19<\/td>\n<td style='padding: 12px; border-bottom: 1px solid rgba(150&comma;150&comma;150&comma;0.3);'>-75<\/td>\n<\/tr>\n<\/tbody>\n<\/table><\/div>\n<\/p><\/div>\n<\/p><\/div>\n<p> <!-- Secci\u00f3n de piezas incluidas --> <\/p>\n<div style='display: flex; flex-wrap: wrap; gap: 30px; margin-bottom: 30px;'>\n<div style='flex: 1 1 100%;'>\n<h3 style='font-size: 22px; border-bottom: 2px solid currentColor; padding-bottom: 5px; margin-top: 0; color: inherit; opacity: 0.8;'>Piezas incluidas<\/h3>\n<div style='display: grid; grid-template-columns: repeat(auto-fill&comma; minmax(140px&comma; 1fr)); gap: 20px; margin-top: 15px;'>\n<div style='text-align: center;'> <a href='https:\/\/i.mt.lv\/cdn\/rb_images\/part171391162306m.jpg' target='_blank' style='color: inherit; text-decoration: none; opacity: 0.8; transition: all 200ms ease-in-out;' onmouseover='this.style.opacity='1'' onmouseout='this.style.opacity='0.8''> <img style='width: 100%; height: auto; border: 1px solid rgba(150&comma;150&comma;150&comma;0.3); border-radius: 8px; max-width: 140px;' src='https:\/\/i.mt.lv\/cdn\/rb_images\/part171391162306s.jpg' alt='Adaptador de corriente de 24 V y 0&comma;38 A'> <\/p>\n<div style='margin-top: 10px; font-size: 14px;'>Adaptador de corriente de 24 V y 0&comma;38 A<\/div>\n<p> <\/a> <\/div>\n<div style='text-align: center;'> <a href='https:\/\/i.mt.lv\/cdn\/rb_images\/part101391160012m.jpg' target='_blank' style='color: inherit; text-decoration: none; opacity: 0.8; transition: all 200ms ease-in-out;' onmouseover='this.style.opacity='1'' onmouseout='this.style.opacity='0.8''> <img style='width: 100%; height: auto; border: 1px solid rgba(150&comma;150&comma;150&comma;0.3); border-radius: 8px; max-width: 140px;' src='https:\/\/i.mt.lv\/cdn\/rb_images\/part101391160012s.jpg' alt='Inyector PoE'> <\/p>\n<div style='margin-top: 10px; font-size: 14px;'>Inyector PoE<\/div>\n<p> <\/a> <\/div>\n<\/p><\/div>\n<\/p><\/div>\n<\/p><\/div>\n<p> <!-- Nota sobre licencia --> <\/p>\n<div style='background-color: rgba(150&comma;150&comma;150&comma;0.05); padding: 20px; border-left: 4px solid rgba(150&comma;150&comma;150&comma;0.3); border-radius: 4px; margin-bottom: 30px;'>\n<p style='margin: 0; font-size: 14px; color: inherit; line-height: 1.4; font-style: italic;'>El dispositivo tiene un sistema operativo preinstalado y con licencia. No es necesaria una compra por separado y el producto est\u00e1 listo para usar. El dispositivo incluye actualizaciones de software gratuitas durante la vida \u00fatil del producto o un m\u00ednimo de 5 a\u00f1os a partir de la fecha de compra.<\/p>\n<\/p><\/div>\n<\/p><\/div>\n","protected":false},"excerpt":{"rendered":"<p>(LDF 5) CPE y PtP en 5GHz 802.11 a\/n Antena 9 dBi.<\/p>\n","protected":false},"featured_media":72628,"comment_status":"open","ping_status":"closed","template":"","meta":[],"product_brand":[],"product_cat":[1998],"product_tag":[1999,1980,643],"class_list":{"0":"post-72629","1":"product","2":"type-product","3":"status-publish","4":"has-post-thumbnail","6":"product_cat-5-y-6-ghz","7":"product_tag-5-y-6-ghz","8":"product_tag-enlaces-ptp-y-ptmp","9":"product_tag-mikrotik","11":"first","12":"outofstock","13":"sale","14":"shipping-taxable","15":"purchasable","16":"product-type-simple"},"_links":{"self":[{"href":"https:\/\/soydeaqui.ddns.net\/pachuca\/index.php\/wp-json\/wp\/v2\/product\/72629","targetHints":{"allow":["GET"]}}],"collection":[{"href":"https:\/\/soydeaqui.ddns.net\/pachuca\/index.php\/wp-json\/wp\/v2\/product"}],"about":[{"href":"https:\/\/soydeaqui.ddns.net\/pachuca\/index.php\/wp-json\/wp\/v2\/types\/product"}],"replies":[{"embeddable":true,"href":"https:\/\/soydeaqui.ddns.net\/pachuca\/index.php\/wp-json\/wp\/v2\/comments?post=72629"}],"wp:featuredmedia":[{"embeddable":true,"href":"https:\/\/soydeaqui.ddns.net\/pachuca\/index.php\/wp-json\/wp\/v2\/media\/72628"}],"wp:attachment":[{"href":"https:\/\/soydeaqui.ddns.net\/pachuca\/index.php\/wp-json\/wp\/v2\/media?parent=72629"}],"wp:term":[{"taxonomy":"product_brand","embeddable":true,"href":"https:\/\/soydeaqui.ddns.net\/pachuca\/index.php\/wp-json\/wp\/v2\/product_brand?post=72629"},{"taxonomy":"product_cat","embeddable":true,"href":"https:\/\/soydeaqui.ddns.net\/pachuca\/index.php\/wp-json\/wp\/v2\/product_cat?post=72629"},{"taxonomy":"product_tag","embeddable":true,"href":"https:\/\/soydeaqui.ddns.net\/pachuca\/index.php\/wp-json\/wp\/v2\/product_tag?post=72629"}],"curies":[{"name":"wp","href":"https:\/\/api.w.org\/{rel}","templated":true}]}}